{"id":5010,"date":"2024-08-03T17:44:33","date_gmt":"2024-08-03T17:44:33","guid":{"rendered":"https:\/\/www.hyflexpack.com\/?post_type=product&#038;p=5010"},"modified":"2024-08-03T17:44:34","modified_gmt":"2024-08-03T17:44:34","slug":"wholesale-film-roll-plastic-packing-film","status":"publish","type":"product","link":"https:\/\/www.hyflexpack.com\/es\/product\/wholesale-film-roll-plastic-packing-film\/","title":{"rendered":"Venta al por mayor Film en rollo Film de pl\u00e1stico para envasar miel de primera calidad"},"content":{"rendered":"<div class=\"wp-block-columns is-layout-flex wp-container-core-columns-is-layout-9d6595d7 wp-block-columns-is-layout-flex\">\n<div class=\"wp-block-column is-layout-flow wp-block-column-is-layout-flow\">\n<h3 class=\"wp-block-heading\">Caracter\u00edsticas del embalaje de pl\u00e1stico en rollo de pel\u00edcula de alta calidad<\/h3>\n\n\n\n<ul class=\"wp-block-list\">\n<li>Material de primera calidad: el envase de pl\u00e1stico en rollo utiliza material pl\u00e1stico seguro de calidad alimentaria para garantizar la pureza y seguridad de la miel.<\/li>\n\n\n\n<li>Efecto de impresi\u00f3n superior: la pel\u00edcula de envasado de miel admite impresi\u00f3n de alta definici\u00f3n con patrones claros y colores brillantes para mejorar el atractivo visual del producto.<\/li>\n\n\n\n<li>Protecci\u00f3n de alta resistencia: La resistencia superior a la humedad, el polvo y los desgarros garantiza que la miel permanezca intacta durante el transporte y el almacenamiento.<\/li>\n\n\n\n<li>Opciones respetuosas con el medio ambiente: Ofrece opciones de materiales reciclables para cumplir las normas medioambientales y reducir el impacto ambiental.<\/li>\n\n\n\n<li>Compatible con la automatizaci\u00f3n: La pel\u00edcula de envasado de miel es adecuada para su uso en equipos de envasado automatizados, lo que aumenta la eficacia del envasado y reduce los costes de mano de obra.<\/li>\n\n\n\n<li>Sellado de primera calidad: El f\u00e1cil termosellado garantiza el cierre herm\u00e9tico del envase, evitando fugas de miel y contaminaci\u00f3n.<\/li>\n\n\n\n<li>F\u00e1cil de usar: el dise\u00f1o de la pel\u00edcula en rollo facilita el cambio y uso r\u00e1pidos durante el proceso de envasado, lo que ahorra tiempo y aumenta la productividad.<\/li>\n<\/ul>\n<\/div>\n\n\n\n<div class=\"wp-block-column is-layout-flow wp-block-column-is-layout-flow\">\n<figure class=\"wp-block-image size-full\"><img fetchpriority=\"high\" decoding=\"async\" width=\"750\" height=\"750\" src=\"https:\/\/www.hyflexpack.com\/wp-content\/uploads\/2024\/08\/Wholesale-Film-Roll-for-honey-packaging-film-1.webp\" alt=\"Venta al por mayor Rollo de film para envasar miel \" class=\"wp-image-5021\" srcset=\"https:\/\/www.hyflexpack.com\/wp-content\/uploads\/2024\/08\/Wholesale-Film-Roll-for-honey-packaging-film-1.webp 750w, https:\/\/www.hyflexpack.com\/wp-content\/uploads\/2024\/08\/Wholesale-Film-Roll-for-honey-packaging-film-1-300x300.webp 300w, https:\/\/www.hyflexpack.com\/wp-content\/uploads\/2024\/08\/Wholesale-Film-Roll-for-honey-packaging-film-1-150x150.webp 150w, https:\/\/www.hyflexpack.com\/wp-content\/uploads\/2024\/08\/Wholesale-Film-Roll-for-honey-packaging-film-1-12x12.webp 12w, https:\/\/www.hyflexpack.com\/wp-content\/uploads\/2024\/08\/Wholesale-Film-Roll-for-honey-packaging-film-1-285x285.webp 285w, https:\/\/www.hyflexpack.com\/wp-content\/uploads\/2024\/08\/Wholesale-Film-Roll-for-honey-packaging-film-1-270x270.webp 270w, https:\/\/www.hyflexpack.com\/wp-content\/uploads\/2024\/08\/Wholesale-Film-Roll-for-honey-packaging-film-1-540x540.webp 540w, https:\/\/www.hyflexpack.com\/wp-content\/uploads\/2024\/08\/Wholesale-Film-Roll-for-honey-packaging-film-1-660x660.webp 660w\" sizes=\"(max-width: 750px) 100vw, 750px\" \/><\/figure>\n<\/div>\n<\/div>","protected":false},"excerpt":{"rendered":"<p>Descubra por qu\u00e9 nuestros envases de pl\u00e1stico en rollo son ideales para el envasado de miel de alta gama y aseg\u00farese de que su producto destaca en el mercado. Si tiene alguna pregunta, p\u00f3ngase en contacto con nosotros para obtener m\u00e1s informaci\u00f3n sobre nuestras soluciones de envasado flexible.<\/p>\n<h3>Ventajas del proveedor de envases de pl\u00e1stico en rollo<\/h3>\n<ul>\n<li><strong>Dise\u00f1o personalizado<\/strong>: Proporcionar soluciones de dise\u00f1o personalizadas, apoyar OEM \/ ODM, personalizado con diferentes especificaciones, tama\u00f1os, patrones de impresi\u00f3n, etc.<\/li>\n<li><strong>Garant\u00eda de calidad<\/strong>: Controlar el proceso de producci\u00f3n y disponer de materiales de alta calidad y equipos avanzados para garantizar la calidad del producto.<\/li>\n<li><strong>Entrega puntual<\/strong>: Optimizar el proceso de producci\u00f3n y mejorar la eficacia de la producci\u00f3n para garantizar la entrega a tiempo y satisfacer las necesidades urgentes de los clientes.<\/li>\n<li><strong>Asistencia t\u00e9cnica profesional<\/strong>: El experimentado equipo t\u00e9cnico proporciona asistencia t\u00e9cnica profesional y servicio de consultor\u00eda posventa las 24 horas del d\u00eda.<\/li>\n<li><strong>Muestra gratuita<\/strong>: Proporcionamos muestras gratuitas para que pueda evaluar los productos.<\/li>\n<\/ul>\n<p>Huiyang Packaging se compromete a proporcionar a los clientes pel\u00edculas de envasado de miel personalizadas y de alta calidad para ayudarles a mejorar la imagen de sus productos y mejorar su competitividad en el mercado.<\/p>\n<p>&nbsp;<\/p>","protected":false},"featured_media":5025,"comment_status":"open","ping_status":"closed","template":"","meta":[],"product_brand":[],"product_cat":[53],"product_tag":[],"class_list":{"0":"post-5010","1":"product","2":"type-product","3":"status-publish","4":"has-post-thumbnail","6":"product_cat-packaging-film-supplier","8":"first","9":"instock","10":"shipping-taxable","11":"product-type-simple"},"_links":{"self":[{"href":"https:\/\/www.hyflexpack.com\/es\/wp-json\/wp\/v2\/product\/5010","targetHints":{"allow":["GET"]}}],"collection":[{"href":"https:\/\/www.hyflexpack.com\/es\/wp-json\/wp\/v2\/product"}],"about":[{"href":"https:\/\/www.hyflexpack.com\/es\/wp-json\/wp\/v2\/types\/product"}],"replies":[{"embeddable":true,"href":"https:\/\/www.hyflexpack.com\/es\/wp-json\/wp\/v2\/comments?post=5010"}],"wp:featuredmedia":[{"embeddable":true,"href":"https:\/\/www.hyflexpack.com\/es\/wp-json\/wp\/v2\/media\/5025"}],"wp:attachment":[{"href":"https:\/\/www.hyflexpack.com\/es\/wp-json\/wp\/v2\/media?parent=5010"}],"wp:term":[{"taxonomy":"product_brand","embeddable":true,"href":"https:\/\/www.hyflexpack.com\/es\/wp-json\/wp\/v2\/product_brand?post=5010"},{"taxonomy":"product_cat","embeddable":true,"href":"https:\/\/www.hyflexpack.com\/es\/wp-json\/wp\/v2\/product_cat?post=5010"},{"taxonomy":"product_tag","embeddable":true,"href":"https:\/\/www.hyflexpack.com\/es\/wp-json\/wp\/v2\/product_tag?post=5010"}],"curies":[{"name":"wp","href":"https:\/\/api.w.org\/{rel}","templated":true}]}}