{"id":5009,"date":"2024-08-03T10:02:42","date_gmt":"2024-08-03T10:02:42","guid":{"rendered":"https:\/\/www.hyflexpack.com\/?post_type=product&#038;p=5009"},"modified":"2024-08-03T10:02:44","modified_gmt":"2024-08-03T10:02:44","slug":"custom-printed-rollstock-packaging-film","status":"publish","type":"product","link":"https:\/\/www.hyflexpack.com\/es\/product\/custom-printed-rollstock-packaging-film\/","title":{"rendered":"Film de embalaje en bobina impreso a medida y reciclable para envolver caramelos autom\u00e1ticamente"},"content":{"rendered":"<div class=\"wp-block-columns is-layout-flex wp-container-core-columns-is-layout-9d6595d7 wp-block-columns-is-layout-flex\">\n<div class=\"wp-block-column is-layout-flow wp-block-column-is-layout-flow\">\n<h3 class=\"wp-block-heading\">Features of High Quality Printed Rollstock Packaging Film<\/h3>\n\n\n\n<ul class=\"wp-block-list\">\n<li>Environmentally friendly materials: recyclable materials are used, in line with environmental standards, reducing environmental pollution and contributing to sustainable development.<\/li>\n\n\n\n<li>High-quality printing: Supports high-definition printing with up to 10 colors, making the packaging more exquisite and able to effectively attract consumers&#8217; attention and enhance the brand image.<\/li>\n\n\n\n<li>Automation compatibility: The rollstock packaging film is designed for automatic packaging equipment, ensuring efficient production and smooth operation, greatly improving packaging efficiency and production speed, and being easy to use.<\/li>\n\n\n\n<li>Superior protective performance: with moisture-proof and dust-proof functions, it effectively extends the shelf life of the confectionery and ensures the freshness and integrity of the product during transportation and storage.<\/li>\n\n\n\n<li>Excellent durability: with superior tear resistance, it ensures that the candies are not damaged during transport and storage, providing reliable protection.<\/li>\n<\/ul>\n<\/div>\n\n\n\n<div class=\"wp-block-column is-layout-flow wp-block-column-is-layout-flow\">\n<figure class=\"wp-block-image size-full\"><img fetchpriority=\"high\" decoding=\"async\" width=\"750\" height=\"750\" src=\"https:\/\/www.hyflexpack.com\/wp-content\/uploads\/2024\/08\/Custom-Printed-Rollstock-Packaging-Film-7.webp\" alt=\"Film de embalaje en bobina impreso a medida\" class=\"wp-image-5017\" srcset=\"https:\/\/www.hyflexpack.com\/wp-content\/uploads\/2024\/08\/Custom-Printed-Rollstock-Packaging-Film-7.webp 750w, https:\/\/www.hyflexpack.com\/wp-content\/uploads\/2024\/08\/Custom-Printed-Rollstock-Packaging-Film-7-300x300.webp 300w, https:\/\/www.hyflexpack.com\/wp-content\/uploads\/2024\/08\/Custom-Printed-Rollstock-Packaging-Film-7-150x150.webp 150w, https:\/\/www.hyflexpack.com\/wp-content\/uploads\/2024\/08\/Custom-Printed-Rollstock-Packaging-Film-7-12x12.webp 12w, https:\/\/www.hyflexpack.com\/wp-content\/uploads\/2024\/08\/Custom-Printed-Rollstock-Packaging-Film-7-285x285.webp 285w, https:\/\/www.hyflexpack.com\/wp-content\/uploads\/2024\/08\/Custom-Printed-Rollstock-Packaging-Film-7-270x270.webp 270w, https:\/\/www.hyflexpack.com\/wp-content\/uploads\/2024\/08\/Custom-Printed-Rollstock-Packaging-Film-7-540x540.webp 540w, https:\/\/www.hyflexpack.com\/wp-content\/uploads\/2024\/08\/Custom-Printed-Rollstock-Packaging-Film-7-660x660.webp 660w\" sizes=\"(max-width: 750px) 100vw, 750px\" \/><\/figure>\n<\/div>\n<\/div>\n\n\n\n<p><\/p>","protected":false},"excerpt":{"rendered":"<p>Explore our printed rollstock packaging film as automated confectionery packaging, ideal for enhancing brand competitiveness. Contact us today to learn more about how we can customize your exclusive packaging!<\/p>\n<h3>Advantages of Rollstock Packaging Film Supplier<\/h3>\n<ul>\n<li>Customized Service: Provide ODM and ODM service, customize the size, printing, and material according to customer\u2019s needs.<\/li>\n<li>Entrega r\u00e1pida: Proceso de producci\u00f3n y gesti\u00f3n de la cadena de suministro eficientes para garantizar la entrega puntual de los pedidos y satisfacer las necesidades urgentes de los clientes.<\/li>\n<li>Garant\u00eda de calidad: Un estricto sistema de control de calidad garantiza que cada producto cumpla los requisitos y normas de los clientes.<\/li>\n<li>Rentabilidad: Ofrecer precios competitivos y reducir los costes de compra de los clientes optimizando los procesos de producci\u00f3n y la gesti\u00f3n de costes.<\/li>\n<li>Muestra gratuita: Ofrecemos un servicio de muestras gratuitas para evaluar sus productos.<\/li>\n<\/ul>\n<p>Huiyang Packaging is committed to providing customers with high-quality customized rollstock packaging film to help them enhance their product image and market competitiveness.<\/p>","protected":false},"featured_media":5012,"comment_status":"open","ping_status":"closed","template":"","meta":[],"product_brand":[],"product_cat":[53],"product_tag":[],"class_list":{"0":"post-5009","1":"product","2":"type-product","3":"status-publish","4":"has-post-thumbnail","6":"product_cat-packaging-film-supplier","8":"first","9":"instock","10":"shipping-taxable","11":"product-type-simple"},"_links":{"self":[{"href":"https:\/\/www.hyflexpack.com\/es\/wp-json\/wp\/v2\/product\/5009","targetHints":{"allow":["GET"]}}],"collection":[{"href":"https:\/\/www.hyflexpack.com\/es\/wp-json\/wp\/v2\/product"}],"about":[{"href":"https:\/\/www.hyflexpack.com\/es\/wp-json\/wp\/v2\/types\/product"}],"replies":[{"embeddable":true,"href":"https:\/\/www.hyflexpack.com\/es\/wp-json\/wp\/v2\/comments?post=5009"}],"wp:featuredmedia":[{"embeddable":true,"href":"https:\/\/www.hyflexpack.com\/es\/wp-json\/wp\/v2\/media\/5012"}],"wp:attachment":[{"href":"https:\/\/www.hyflexpack.com\/es\/wp-json\/wp\/v2\/media?parent=5009"}],"wp:term":[{"taxonomy":"product_brand","embeddable":true,"href":"https:\/\/www.hyflexpack.com\/es\/wp-json\/wp\/v2\/product_brand?post=5009"},{"taxonomy":"product_cat","embeddable":true,"href":"https:\/\/www.hyflexpack.com\/es\/wp-json\/wp\/v2\/product_cat?post=5009"},{"taxonomy":"product_tag","embeddable":true,"href":"https:\/\/www.hyflexpack.com\/es\/wp-json\/wp\/v2\/product_tag?post=5009"}],"curies":[{"name":"wp","href":"https:\/\/api.w.org\/{rel}","templated":true}]}}