{"id":4999,"date":"2024-08-03T09:24:53","date_gmt":"2024-08-03T09:24:53","guid":{"rendered":"https:\/\/www.hyflexpack.com\/?post_type=product&#038;p=4999"},"modified":"2024-08-03T09:24:54","modified_gmt":"2024-08-03T09:24:54","slug":"plastic-film-roll-packaging","status":"publish","type":"product","link":"https:\/\/www.hyflexpack.com\/es\/product\/plastic-film-roll-packaging\/","title":{"rendered":"Film de pl\u00e1stico en rollo Envasado de caramelos Materiales de envasado autom\u00e1tico Film de envoltura"},"content":{"rendered":"<div class=\"wp-block-columns is-layout-flex wp-container-core-columns-is-layout-9d6595d7 wp-block-columns-is-layout-flex\">\n<div class=\"wp-block-column is-layout-flow wp-block-column-is-layout-flow\">\n<h3 class=\"wp-block-heading\">Caracter\u00edsticas de los envases en rollo de pel\u00edcula de pl\u00e1stico de alta calidad<\/h3>\n\n\n\n<ul class=\"wp-block-list\">\n<li>Material de primera calidad: utiliza material de pel\u00edcula de envasado de alta calidad para garantizar la seguridad alimentaria, no t\u00f3xico e inodoro. Resistente y duradero, adecuado para una variedad de necesidades de envasado de alimentos.<\/li>\n\n\n\n<li>Envasado eficiente: adecuado para equipos de envasado autom\u00e1tico para mejorar la eficiencia de la producci\u00f3n. El dise\u00f1o suave del rollo de pel\u00edcula garantiza que no se produzcan atascos durante el envasado a alta velocidad.<\/li>\n\n\n\n<li>Rendimiento de protecci\u00f3n superior: eficaz a prueba de humedad, a prueba de polvo, prolonga la vida \u00fatil de los dulces. Buena resistencia al desgarro para proteger la integridad de los dulces durante el transporte y el almacenamiento.<\/li>\n\n\n\n<li>Opciones respetuosas con el medio ambiente: admite el uso de materiales biodegradables y reciclables para cumplir los requisitos medioambientales. Tambi\u00e9n hay disponibles opciones de grosor de pel\u00edcula para reducir el desperdicio de material y disminuir la huella de carbono.<\/li>\n\n\n\n<li>C\u00f3modo de usar: los rollos de film de pl\u00e1stico son f\u00e1ciles de termosellar, lo que garantiza un cierre herm\u00e9tico y protege los caramelos de la humedad. Los rollos de film son f\u00e1ciles de almacenar y manipular, lo que ahorra espacio en el almac\u00e9n.<\/li>\n<\/ul>\n<\/div>\n\n\n\n<div class=\"wp-block-column is-layout-flow wp-block-column-is-layout-flow\">\n<figure class=\"wp-block-image size-full\"><img fetchpriority=\"high\" decoding=\"async\" width=\"750\" height=\"750\" src=\"https:\/\/www.hyflexpack.com\/wp-content\/uploads\/2024\/08\/Custom-Plastic-Film-Roll-Packaging-8.webp\" alt=\"Venta al por mayor Rollos de pel\u00edcula de pl\u00e1stico\" class=\"wp-image-5007\" srcset=\"https:\/\/www.hyflexpack.com\/wp-content\/uploads\/2024\/08\/Custom-Plastic-Film-Roll-Packaging-8.webp 750w, https:\/\/www.hyflexpack.com\/wp-content\/uploads\/2024\/08\/Custom-Plastic-Film-Roll-Packaging-8-300x300.webp 300w, https:\/\/www.hyflexpack.com\/wp-content\/uploads\/2024\/08\/Custom-Plastic-Film-Roll-Packaging-8-150x150.webp 150w, https:\/\/www.hyflexpack.com\/wp-content\/uploads\/2024\/08\/Custom-Plastic-Film-Roll-Packaging-8-12x12.webp 12w, https:\/\/www.hyflexpack.com\/wp-content\/uploads\/2024\/08\/Custom-Plastic-Film-Roll-Packaging-8-285x285.webp 285w, https:\/\/www.hyflexpack.com\/wp-content\/uploads\/2024\/08\/Custom-Plastic-Film-Roll-Packaging-8-270x270.webp 270w, https:\/\/www.hyflexpack.com\/wp-content\/uploads\/2024\/08\/Custom-Plastic-Film-Roll-Packaging-8-540x540.webp 540w, https:\/\/www.hyflexpack.com\/wp-content\/uploads\/2024\/08\/Custom-Plastic-Film-Roll-Packaging-8-660x660.webp 660w\" sizes=\"(max-width: 750px) 100vw, 750px\" \/><\/figure>\n<\/div>\n<\/div>\n\n\n\n<p><\/p>","protected":false},"excerpt":{"rendered":"<p>Nuestros envases en rollo de film pl\u00e1stico est\u00e1n fabricados con materiales seguros para uso alimentario, son adecuados para equipos de envasado autom\u00e1tico y ofrecen una amplia gama de especificaciones y bonitos dise\u00f1os para personalizarlos, por lo que son la mejor opci\u00f3n para mejorar su imagen de marca. P\u00f3ngase en contacto con nosotros hoy mismo para obtener m\u00e1s soluciones de envasado flexible.<\/p>\n<h3>Ventajas del proveedor de envases en rollo de pel\u00edcula de pl\u00e1stico<\/h3>\n<ul>\n<li><strong>Servicio personalizado<\/strong>: Proporcionar ODM y OEM, desde el tama\u00f1o, y el material para el dise\u00f1o de impresi\u00f3n, para satisfacer las necesidades personalizadas de los diferentes clientes.<\/li>\n<li><strong>Entrega r\u00e1pida<\/strong>: Proceso de producci\u00f3n y gesti\u00f3n de existencias eficaces para garantizar una producci\u00f3n r\u00e1pida y una entrega puntual de pedidos de gran volumen.<\/li>\n<li><strong>Apoyo profesional<\/strong>: Proporcionar dise\u00f1o profesional de envases y asistencia t\u00e9cnica para ayudar a los clientes a optimizar las soluciones de envasado y mejorar la competitividad de los productos.<\/li>\n<li><strong>Inspecci\u00f3n de calidad<\/strong>: Siga estrictamente las normas de calidad y los requisitos de seguridad alimentaria para garantizar que los productos cumplen los requisitos de la norma.<\/li>\n<\/ul>\n<p>Huiyang Packaging se compromete a proporcionar a los clientes envases de rollo de pel\u00edcula de pl\u00e1stico personalizados de alta calidad para ayudarles a mejorar la imagen de sus productos y su competitividad en el mercado.<\/p>","protected":false},"featured_media":5007,"comment_status":"open","ping_status":"closed","template":"","meta":[],"product_brand":[],"product_cat":[53],"product_tag":[],"class_list":{"0":"post-4999","1":"product","2":"type-product","3":"status-publish","4":"has-post-thumbnail","6":"product_cat-packaging-film-supplier","8":"first","9":"instock","10":"shipping-taxable","11":"product-type-simple"},"_links":{"self":[{"href":"https:\/\/www.hyflexpack.com\/es\/wp-json\/wp\/v2\/product\/4999","targetHints":{"allow":["GET"]}}],"collection":[{"href":"https:\/\/www.hyflexpack.com\/es\/wp-json\/wp\/v2\/product"}],"about":[{"href":"https:\/\/www.hyflexpack.com\/es\/wp-json\/wp\/v2\/types\/product"}],"replies":[{"embeddable":true,"href":"https:\/\/www.hyflexpack.com\/es\/wp-json\/wp\/v2\/comments?post=4999"}],"wp:featuredmedia":[{"embeddable":true,"href":"https:\/\/www.hyflexpack.com\/es\/wp-json\/wp\/v2\/media\/5007"}],"wp:attachment":[{"href":"https:\/\/www.hyflexpack.com\/es\/wp-json\/wp\/v2\/media?parent=4999"}],"wp:term":[{"taxonomy":"product_brand","embeddable":true,"href":"https:\/\/www.hyflexpack.com\/es\/wp-json\/wp\/v2\/product_brand?post=4999"},{"taxonomy":"product_cat","embeddable":true,"href":"https:\/\/www.hyflexpack.com\/es\/wp-json\/wp\/v2\/product_cat?post=4999"},{"taxonomy":"product_tag","embeddable":true,"href":"https:\/\/www.hyflexpack.com\/es\/wp-json\/wp\/v2\/product_tag?post=4999"}],"curies":[{"name":"wp","href":"https:\/\/api.w.org\/{rel}","templated":true}]}}