{"id":4952,"date":"2024-07-25T08:05:22","date_gmt":"2024-07-25T08:05:22","guid":{"rendered":"https:\/\/www.hyflexpack.com\/?post_type=product&#038;p=4952"},"modified":"2024-07-25T08:05:26","modified_gmt":"2024-07-25T08:05:26","slug":"wholesale-clear-film-packaging","status":"publish","type":"product","link":"https:\/\/www.hyflexpack.com\/es\/product\/wholesale-clear-film-packaging\/","title":{"rendered":"Venta al por mayor rollos de film transparente para bolsas de caramelos"},"content":{"rendered":"<div class=\"wp-block-columns is-layout-flex wp-container-core-columns-is-layout-9d6595d7 wp-block-columns-is-layout-flex\">\n<div class=\"wp-block-column is-layout-flow wp-block-column-is-layout-flow\">\n<h3 class=\"wp-block-heading\">Caracter\u00edsticas de los envases de film transparente de alta calidad<\/h3>\n\n\n\n<ul class=\"wp-block-list\">\n<li>Alta claridad: Hecho de material de pel\u00edcula transparente de alta calidad, proporciona una excelente claridad y muestra perfectamente el color y la forma del caramelo para atraer la atenci\u00f3n de los consumidores.<\/li>\n<\/ul>\n\n\n\n<p><\/p>\n\n\n\n<ul class=\"wp-block-list\">\n<li>Gran durabilidad: buena resistencia a la abrasi\u00f3n y al desgarro para garantizar la integridad del envase durante el transporte y el almacenamiento.<\/li>\n<\/ul>\n\n\n\n<p><\/p>\n\n\n\n<ul class=\"wp-block-list\">\n<li>Seguridad alimentaria: El cumplimiento de las normas de calidad alimentaria garantiza que el material de envasado es seguro e higi\u00e9nico para los productos de confiter\u00eda y protege la salud de los consumidores.<\/li>\n<\/ul>\n\n\n\n<p><\/p>\n\n\n\n<ul class=\"wp-block-list\">\n<li>Envasado autom\u00e1tico: Adecuado para equipos de envasado autom\u00e1tico para mejorar la eficiencia de la producci\u00f3n y garantizar la consistencia y estabilidad del envasado.<\/li>\n<\/ul>\n\n\n\n<p><\/p>\n\n\n\n<ul class=\"wp-block-list\">\n<li>Versatilidad: El envasado en film transparente es adecuado para todo tipo y forma de envases de caramelos, proporcionando soluciones de envasado flexibles y mejorando la presentaci\u00f3n del producto.<\/li>\n<\/ul>\n<\/div>\n\n\n\n<div class=\"wp-block-column is-layout-flow wp-block-column-is-layout-flow\">\n<figure class=\"wp-block-image size-full\"><img fetchpriority=\"high\" decoding=\"async\" width=\"750\" height=\"750\" src=\"https:\/\/www.hyflexpack.com\/wp-content\/uploads\/2024\/07\/Wholesale-Clear-Film-Packaging-8.webp\" alt=\"Venta al por mayor de envases de film transparente\" class=\"wp-image-4960\" srcset=\"https:\/\/www.hyflexpack.com\/wp-content\/uploads\/2024\/07\/Wholesale-Clear-Film-Packaging-8.webp 750w, https:\/\/www.hyflexpack.com\/wp-content\/uploads\/2024\/07\/Wholesale-Clear-Film-Packaging-8-300x300.webp 300w, https:\/\/www.hyflexpack.com\/wp-content\/uploads\/2024\/07\/Wholesale-Clear-Film-Packaging-8-150x150.webp 150w, https:\/\/www.hyflexpack.com\/wp-content\/uploads\/2024\/07\/Wholesale-Clear-Film-Packaging-8-12x12.webp 12w, https:\/\/www.hyflexpack.com\/wp-content\/uploads\/2024\/07\/Wholesale-Clear-Film-Packaging-8-285x285.webp 285w, https:\/\/www.hyflexpack.com\/wp-content\/uploads\/2024\/07\/Wholesale-Clear-Film-Packaging-8-270x270.webp 270w, https:\/\/www.hyflexpack.com\/wp-content\/uploads\/2024\/07\/Wholesale-Clear-Film-Packaging-8-540x540.webp 540w, https:\/\/www.hyflexpack.com\/wp-content\/uploads\/2024\/07\/Wholesale-Clear-Film-Packaging-8-660x660.webp 660w\" sizes=\"(max-width: 750px) 100vw, 750px\" \/><\/figure>\n<\/div>\n<\/div>","protected":false},"excerpt":{"rendered":"<p>Elija nuestros rollos de pel\u00edcula de pl\u00e1stico de alta transparencia para una presentaci\u00f3n y protecci\u00f3n \u00f3ptimas de sus caramelos. El suministro al por mayor es econ\u00f3mico para las necesidades de producci\u00f3n en masa. P\u00f3ngase en contacto con nosotros para obtener muestras y dise\u00f1os gratuitos.<\/p>\n<h3>Ventajas del proveedor de envases de film transparente<\/h3>\n<ul>\n<li><strong>Dise\u00f1o personalizado<\/strong>: Proporcionar soluciones de dise\u00f1o personalizadas, apoyar OEM \/ ODM, personalizado con diferentes especificaciones, tama\u00f1os, patrones de impresi\u00f3n, etc.<\/li>\n<li><strong>Garant\u00eda de calidad<\/strong>: Controlar el proceso de producci\u00f3n y disponer de materiales de alta calidad y equipos avanzados para garantizar la calidad del producto.<\/li>\n<li><strong>Entrega puntual<\/strong>: Optimizar el proceso de producci\u00f3n y mejorar la eficacia de la producci\u00f3n para garantizar la entrega a tiempo y satisfacer las necesidades urgentes de los clientes.<\/li>\n<li><strong>Asistencia t\u00e9cnica profesional<\/strong>: El experimentado equipo t\u00e9cnico proporciona asistencia t\u00e9cnica profesional y servicio de consultor\u00eda posventa las 24 horas del d\u00eda.<\/li>\n<li><strong>Muestra gratuita<\/strong>: Proporcionamos muestras gratuitas para que pueda evaluar los productos.<\/li>\n<\/ul>\n<p>Huiyang Packaging se compromete a proporcionar a los clientes envases de pel\u00edcula de pl\u00e1stico personalizados y de alta calidad para ayudarles a mejorar la imagen de sus productos y aumentar su competitividad en el mercado.<\/p>","protected":false},"featured_media":4959,"comment_status":"open","ping_status":"closed","template":"","meta":[],"product_brand":[],"product_cat":[53],"product_tag":[],"class_list":{"0":"post-4952","1":"product","2":"type-product","3":"status-publish","4":"has-post-thumbnail","6":"product_cat-packaging-film-supplier","8":"first","9":"instock","10":"shipping-taxable","11":"product-type-simple"},"_links":{"self":[{"href":"https:\/\/www.hyflexpack.com\/es\/wp-json\/wp\/v2\/product\/4952","targetHints":{"allow":["GET"]}}],"collection":[{"href":"https:\/\/www.hyflexpack.com\/es\/wp-json\/wp\/v2\/product"}],"about":[{"href":"https:\/\/www.hyflexpack.com\/es\/wp-json\/wp\/v2\/types\/product"}],"replies":[{"embeddable":true,"href":"https:\/\/www.hyflexpack.com\/es\/wp-json\/wp\/v2\/comments?post=4952"}],"wp:featuredmedia":[{"embeddable":true,"href":"https:\/\/www.hyflexpack.com\/es\/wp-json\/wp\/v2\/media\/4959"}],"wp:attachment":[{"href":"https:\/\/www.hyflexpack.com\/es\/wp-json\/wp\/v2\/media?parent=4952"}],"wp:term":[{"taxonomy":"product_brand","embeddable":true,"href":"https:\/\/www.hyflexpack.com\/es\/wp-json\/wp\/v2\/product_brand?post=4952"},{"taxonomy":"product_cat","embeddable":true,"href":"https:\/\/www.hyflexpack.com\/es\/wp-json\/wp\/v2\/product_cat?post=4952"},{"taxonomy":"product_tag","embeddable":true,"href":"https:\/\/www.hyflexpack.com\/es\/wp-json\/wp\/v2\/product_tag?post=4952"}],"curies":[{"name":"wp","href":"https:\/\/api.w.org\/{rel}","templated":true}]}}