{"id":4936,"date":"2024-07-25T06:32:13","date_gmt":"2024-07-25T06:32:13","guid":{"rendered":"https:\/\/www.hyflexpack.com\/?post_type=product&#038;p=4936"},"modified":"2024-07-25T06:32:15","modified_gmt":"2024-07-25T06:32:15","slug":"supply-automatic-packaging-film","status":"publish","type":"product","link":"https:\/\/www.hyflexpack.com\/es\/product\/supply-automatic-packaging-film\/","title":{"rendered":"Suministro autom\u00e1tico de pel\u00edcula de embalaje de aluminio de barrera de grado de alimentos para el envasado de alimentos dulces"},"content":{"rendered":"<div class=\"wp-block-columns is-layout-flex wp-container-core-columns-is-layout-9d6595d7 wp-block-columns-is-layout-flex\">\n<div class=\"wp-block-column is-layout-flow wp-block-column-is-layout-flow\">\n<h3 class=\"wp-block-heading\">Caracter\u00edsticas de la pel\u00edcula para envasado autom\u00e1tico de alta calidad<\/h3>\n\n\n\n<ul class=\"wp-block-list\">\n<li>Envasado autom\u00e1tico: este envase es adecuado para las m\u00e1quinas de envasado autom\u00e1tico para mejorar la eficiencia y aumentar la velocidad de producci\u00f3n.<\/li>\n<\/ul>\n\n\n\n<p><\/p>\n\n\n\n<ul class=\"wp-block-list\">\n<li>Capa de barrera de papel de aluminio: Una capa de papel de aluminio altamente eficiente proporciona un excelente rendimiento de barrera, evitando eficazmente que la humedad, el ox\u00edgeno y la luz afecten a los caramelos, manteni\u00e9ndolos frescos y sabrosos.<\/li>\n<\/ul>\n\n\n\n<p><\/p>\n\n\n\n<ul class=\"wp-block-list\">\n<li>Seguridad alimentaria: La pel\u00edcula de envasado autom\u00e1tico est\u00e1 fabricada con materiales de calidad alimentaria para garantizar la seguridad del envasado y la higiene de los caramelos, lo que cumple las normas internacionales de seguridad alimentaria y protege la salud de los consumidores.<\/li>\n<\/ul>\n\n\n\n<p><\/p>\n\n\n\n<ul class=\"wp-block-list\">\n<li>Duradero: La estructura compuesta multicapa proporciona una excelente durabilidad y resistencia al desgarro, garantizando la integridad del envase durante el transporte y el almacenamiento.<\/li>\n<\/ul>\n\n\n\n<p><\/p>\n\n\n\n<ul class=\"wp-block-list\">\n<li>Opciones ecol\u00f3gicas: Ofrezca opciones de materiales reciclables y ecol\u00f3gicos para cumplir las normas de envasado verde, reducir el impacto en el medio ambiente y responder a la tendencia medioambiental.<\/li>\n<\/ul>\n<\/div>\n\n\n\n<div class=\"wp-block-column is-layout-flow wp-block-column-is-layout-flow\">\n<figure class=\"wp-block-image size-full\"><img fetchpriority=\"high\" decoding=\"async\" width=\"750\" height=\"750\" src=\"https:\/\/www.hyflexpack.com\/wp-content\/uploads\/2024\/07\/Supply-Automatic-Packaging-Film-3.webp\" alt=\"Suministro autom\u00e1tico de film de envasado\" class=\"wp-image-4939\" srcset=\"https:\/\/www.hyflexpack.com\/wp-content\/uploads\/2024\/07\/Supply-Automatic-Packaging-Film-3.webp 750w, https:\/\/www.hyflexpack.com\/wp-content\/uploads\/2024\/07\/Supply-Automatic-Packaging-Film-3-300x300.webp 300w, https:\/\/www.hyflexpack.com\/wp-content\/uploads\/2024\/07\/Supply-Automatic-Packaging-Film-3-150x150.webp 150w, https:\/\/www.hyflexpack.com\/wp-content\/uploads\/2024\/07\/Supply-Automatic-Packaging-Film-3-12x12.webp 12w, https:\/\/www.hyflexpack.com\/wp-content\/uploads\/2024\/07\/Supply-Automatic-Packaging-Film-3-285x285.webp 285w, https:\/\/www.hyflexpack.com\/wp-content\/uploads\/2024\/07\/Supply-Automatic-Packaging-Film-3-270x270.webp 270w, https:\/\/www.hyflexpack.com\/wp-content\/uploads\/2024\/07\/Supply-Automatic-Packaging-Film-3-540x540.webp 540w, https:\/\/www.hyflexpack.com\/wp-content\/uploads\/2024\/07\/Supply-Automatic-Packaging-Film-3-660x660.webp 660w\" sizes=\"(max-width: 750px) 100vw, 750px\" \/><\/figure>\n<\/div>\n<\/div>","protected":false},"excerpt":{"rendered":"<p>Descubra nuestros films de envasado autom\u00e1tico con eficaces propiedades barrera para garantizar caramelos frescos y seguros, adecuados para equipos automatizados y compatibles con una personalizaci\u00f3n flexible. P\u00f3ngase en contacto con nosotros para obtener m\u00e1s informaci\u00f3n sobre personalizaci\u00f3n y venta al por mayor, \u00a1y consiga un dise\u00f1o gratuito!<\/p>\n<h3>Ventajas del fabricante autom\u00e1tico de film de embalaje<\/h3>\n<ul>\n<li><strong>Dise\u00f1o personalizado<\/strong>: Proporcionamos un servicio de pel\u00edcula de embalaje autom\u00e1tico de dise\u00f1o personalizado, que incluye la personalizaci\u00f3n del material, el tama\u00f1o y el patr\u00f3n de impresi\u00f3n para satisfacer las necesidades de los clientes, y admitimos OEM y ODM.<\/li>\n<li><strong>Fabricaci\u00f3n<\/strong>: Con equipos y tecnolog\u00eda avanzados, somos capaces de producir pedidos con alta eficiencia y calidad y entregar a tiempo.<\/li>\n<li><strong>Inspecci\u00f3n de calidad<\/strong>: Cumplimos estrictamente las normas de calidad y los requisitos de seguridad alimentaria para garantizar que nuestros productos cumplen las normas.<\/li>\n<li><strong>Equipo de asistencia t\u00e9cnica<\/strong>: Nuestro equipo cuenta con una amplia experiencia en el sector y conocimientos profesionales para ofrecer asistencia t\u00e9cnica y servicios de consultor\u00eda las 24 horas del d\u00eda a nuestros clientes.<\/li>\n<li><strong>Muestras gratuitas<\/strong>: Ofrecemos muestras gratuitas para que pueda evaluar nuestros productos.<\/li>\n<\/ul>\n<p>Huiyang Packaging se compromete a proporcionar a los clientes l\u00e1minas de envasado autom\u00e1tico personalizadas y de alta calidad para ayudarles a mejorar la imagen de sus productos y aumentar su competitividad en el mercado.<\/p>","protected":false},"featured_media":4940,"comment_status":"open","ping_status":"closed","template":"","meta":[],"product_brand":[],"product_cat":[53],"product_tag":[],"class_list":{"0":"post-4936","1":"product","2":"type-product","3":"status-publish","4":"has-post-thumbnail","6":"product_cat-packaging-film-supplier","8":"first","9":"instock","10":"shipping-taxable","11":"product-type-simple"},"_links":{"self":[{"href":"https:\/\/www.hyflexpack.com\/es\/wp-json\/wp\/v2\/product\/4936","targetHints":{"allow":["GET"]}}],"collection":[{"href":"https:\/\/www.hyflexpack.com\/es\/wp-json\/wp\/v2\/product"}],"about":[{"href":"https:\/\/www.hyflexpack.com\/es\/wp-json\/wp\/v2\/types\/product"}],"replies":[{"embeddable":true,"href":"https:\/\/www.hyflexpack.com\/es\/wp-json\/wp\/v2\/comments?post=4936"}],"wp:featuredmedia":[{"embeddable":true,"href":"https:\/\/www.hyflexpack.com\/es\/wp-json\/wp\/v2\/media\/4940"}],"wp:attachment":[{"href":"https:\/\/www.hyflexpack.com\/es\/wp-json\/wp\/v2\/media?parent=4936"}],"wp:term":[{"taxonomy":"product_brand","embeddable":true,"href":"https:\/\/www.hyflexpack.com\/es\/wp-json\/wp\/v2\/product_brand?post=4936"},{"taxonomy":"product_cat","embeddable":true,"href":"https:\/\/www.hyflexpack.com\/es\/wp-json\/wp\/v2\/product_cat?post=4936"},{"taxonomy":"product_tag","embeddable":true,"href":"https:\/\/www.hyflexpack.com\/es\/wp-json\/wp\/v2\/product_tag?post=4936"}],"curies":[{"name":"wp","href":"https:\/\/api.w.org\/{rel}","templated":true}]}}