{"id":4926,"date":"2024-07-25T04:08:39","date_gmt":"2024-07-25T04:08:39","guid":{"rendered":"https:\/\/www.hyflexpack.com\/?post_type=product&#038;p=4926"},"modified":"2024-07-25T04:08:41","modified_gmt":"2024-07-25T04:08:41","slug":"bopp-film-packaging","status":"publish","type":"product","link":"https:\/\/www.hyflexpack.com\/es\/product\/bopp-film-packaging\/","title":{"rendered":"Rollos de pl\u00e1stico BOPP para el envasado de caramelos a granel"},"content":{"rendered":"<div class=\"wp-block-columns is-layout-flex wp-container-core-columns-is-layout-9d6595d7 wp-block-columns-is-layout-flex\">\n<div class=\"wp-block-column is-layout-flow wp-block-column-is-layout-flow\">\n<h3 class=\"wp-block-heading\">Caracter\u00edsticas del envasado en film de alta calidad<\/h3>\n\n\n\n<ul class=\"wp-block-list\">\n<li>Material BOPP de alta calidad: adopta material BOPP (polipropileno biorientado) de alta calidad, que proporciona una excelente durabilidad y transparencia, garantizando la frescura y calidad de los caramelos.<\/li>\n<\/ul>\n\n\n\n<p><\/p>\n\n\n\n<ul class=\"wp-block-list\">\n<li>Rendimiento de barrera superior: La pel\u00edcula de BOPP proporciona excelentes propiedades de barrera para evitar que la humedad, el ox\u00edgeno y la luz afecten al caramelo.<\/li>\n<\/ul>\n\n\n\n<p><\/p>\n\n\n\n<ul class=\"wp-block-list\">\n<li>Soporte para pedidos a granel: El envasado en film para confiter\u00eda est\u00e1 dise\u00f1ado para pedidos a granel, satisfaciendo las necesidades de envasado a gran escala de mayoristas y fabricantes con una soluci\u00f3n asequible.<\/li>\n<\/ul>\n\n\n\n<p><\/p>\n\n\n\n<ul class=\"wp-block-list\">\n<li>Duradero: La alta resistencia a la abrasi\u00f3n y al desgarro garantiza la integridad del envase durante el transporte y el almacenamiento.<\/li>\n<\/ul>\n\n\n\n<p><\/p>\n\n\n\n<ul class=\"wp-block-list\">\n<li>Adaptabilidad flexible: Adecuado para una amplia gama de tipos de golosinas, ofrece opciones de envasado flexibles para mejorar la presentaci\u00f3n del producto y su atractivo en el mercado.<\/li>\n<\/ul>\n\n\n\n<p><\/p>\n\n\n\n<ul class=\"wp-block-list\">\n<li>Opciones ecol\u00f3gicas: admite opciones de material BOPP reciclable para cumplir las normas medioambientales y reducir el impacto ambiental.<\/li>\n<\/ul>\n<\/div>\n\n\n\n<div class=\"wp-block-column is-layout-flow wp-block-column-is-layout-flow\">\n<figure class=\"wp-block-image size-full\"><img fetchpriority=\"high\" decoding=\"async\" width=\"750\" height=\"750\" src=\"https:\/\/www.hyflexpack.com\/wp-content\/uploads\/2024\/07\/Film-Packaging-manufacturer-3.webp\" alt=\"Fabricante de envases de pel\u00edcula\" class=\"wp-image-4929\" srcset=\"https:\/\/www.hyflexpack.com\/wp-content\/uploads\/2024\/07\/Film-Packaging-manufacturer-3.webp 750w, https:\/\/www.hyflexpack.com\/wp-content\/uploads\/2024\/07\/Film-Packaging-manufacturer-3-300x300.webp 300w, https:\/\/www.hyflexpack.com\/wp-content\/uploads\/2024\/07\/Film-Packaging-manufacturer-3-150x150.webp 150w, https:\/\/www.hyflexpack.com\/wp-content\/uploads\/2024\/07\/Film-Packaging-manufacturer-3-12x12.webp 12w, https:\/\/www.hyflexpack.com\/wp-content\/uploads\/2024\/07\/Film-Packaging-manufacturer-3-285x285.webp 285w, https:\/\/www.hyflexpack.com\/wp-content\/uploads\/2024\/07\/Film-Packaging-manufacturer-3-270x270.webp 270w, https:\/\/www.hyflexpack.com\/wp-content\/uploads\/2024\/07\/Film-Packaging-manufacturer-3-540x540.webp 540w, https:\/\/www.hyflexpack.com\/wp-content\/uploads\/2024\/07\/Film-Packaging-manufacturer-3-660x660.webp 660w\" sizes=\"(max-width: 750px) 100vw, 750px\" \/><\/figure>\n<\/div>\n<\/div>","protected":false},"excerpt":{"rendered":"<p>Elija nuestros rollos de pl\u00e1stico BOPP para envasado de alimentos para mejorar la calidad del envasado de sus caramelos. Adecuados para una amplia gama de tipos de caramelos y compatibles con opciones ecol\u00f3gicas para garantizar la seguridad y la protecci\u00f3n del medio ambiente. P\u00f3ngase en contacto con nosotros hoy mismo para obtener m\u00e1s informaci\u00f3n sobre pedidos al por mayor y servicios personalizados para que sus caramelos brillen en el mercado.<\/p>\n<h3>Ventajas del proveedor de envases de pel\u00edcula<\/h3>\n<ul>\n<li><strong>Dise\u00f1o personalizado<\/strong>: Proporcionamos un servicio de envasado en film de dise\u00f1o personalizado, que incluye la personalizaci\u00f3n del material, el tama\u00f1o y el patr\u00f3n de impresi\u00f3n para satisfacer las necesidades de los clientes, y admitimos OEM y ODM.<\/li>\n<li><strong>Fabricaci\u00f3n<\/strong>: Con equipos y tecnolog\u00eda avanzados, podemos completar los pedidos con alta eficiencia y alta calidad, y entregar a tiempo.<\/li>\n<li><strong>Inspecci\u00f3n de calidad<\/strong>: Siga estrictamente las normas de calidad y los requisitos de seguridad alimentaria para garantizar que los productos cumplen las normas.<\/li>\n<li><strong>Equipo de asistencia t\u00e9cnica<\/strong>: Nuestro equipo cuenta con una gran experiencia en el sector y conocimientos profesionales, y puede proporcionar asistencia t\u00e9cnica y servicio de consultor\u00eda las 24 horas del d\u00eda a nuestros clientes.<\/li>\n<li><strong>Muestra gratuita<\/strong>: Proporcionamos muestras gratuitas para que pueda evaluar los productos.<\/li>\n<\/ul>\n<p>Huiyang Packaging se compromete a proporcionar a los clientes envases de pel\u00edcula personalizados y de alta calidad para ayudarles a mejorar la imagen de sus productos y aumentar su competitividad en el mercado.<\/p>","protected":false},"featured_media":4932,"comment_status":"open","ping_status":"closed","template":"","meta":[],"product_brand":[],"product_cat":[53],"product_tag":[],"class_list":{"0":"post-4926","1":"product","2":"type-product","3":"status-publish","4":"has-post-thumbnail","6":"product_cat-packaging-film-supplier","8":"first","9":"instock","10":"shipping-taxable","11":"product-type-simple"},"_links":{"self":[{"href":"https:\/\/www.hyflexpack.com\/es\/wp-json\/wp\/v2\/product\/4926","targetHints":{"allow":["GET"]}}],"collection":[{"href":"https:\/\/www.hyflexpack.com\/es\/wp-json\/wp\/v2\/product"}],"about":[{"href":"https:\/\/www.hyflexpack.com\/es\/wp-json\/wp\/v2\/types\/product"}],"replies":[{"embeddable":true,"href":"https:\/\/www.hyflexpack.com\/es\/wp-json\/wp\/v2\/comments?post=4926"}],"wp:featuredmedia":[{"embeddable":true,"href":"https:\/\/www.hyflexpack.com\/es\/wp-json\/wp\/v2\/media\/4932"}],"wp:attachment":[{"href":"https:\/\/www.hyflexpack.com\/es\/wp-json\/wp\/v2\/media?parent=4926"}],"wp:term":[{"taxonomy":"product_brand","embeddable":true,"href":"https:\/\/www.hyflexpack.com\/es\/wp-json\/wp\/v2\/product_brand?post=4926"},{"taxonomy":"product_cat","embeddable":true,"href":"https:\/\/www.hyflexpack.com\/es\/wp-json\/wp\/v2\/product_cat?post=4926"},{"taxonomy":"product_tag","embeddable":true,"href":"https:\/\/www.hyflexpack.com\/es\/wp-json\/wp\/v2\/product_tag?post=4926"}],"curies":[{"name":"wp","href":"https:\/\/api.w.org\/{rel}","templated":true}]}}