{"id":4899,"date":"2024-07-24T16:12:53","date_gmt":"2024-07-24T16:12:53","guid":{"rendered":"https:\/\/www.hyflexpack.com\/?post_type=product&#038;p=4899"},"modified":"2025-10-23T08:53:47","modified_gmt":"2025-10-23T08:53:47","slug":"factory-custom-cookie-bag","status":"publish","type":"product","link":"https:\/\/www.hyflexpack.com\/es\/product\/factory-custom-cookie-bag\/","title":{"rendered":"F\u00e1brica de galletas de encargo bolsas de embalaje de az\u00facar moreno con leche bolsa de galletas de chocolate"},"content":{"rendered":"<div class=\"wp-block-columns is-layout-flex wp-container-core-columns-is-layout-9d6595d7 wp-block-columns-is-layout-flex\">\n<div class=\"wp-block-column is-layout-flow wp-block-column-is-layout-flow\">\n<h3 class=\"wp-block-heading\">Caracter\u00edsticas y ventajas del envasado en bolsas con forma de galleta<\/h3>\n\n\n\n<ul class=\"wp-block-list\">\n<li><strong>Materiales seguros para uso alimentario<\/strong>: En la fabricaci\u00f3n de las bolsas para galletas se utiliza material alimentario de calidad superior para garantizar la seguridad y la calidad de las galletas de chocolate con leche y az\u00facar moreno.<\/li>\n\n\n\n<li><strong>Impresi\u00f3n de alta calidad<\/strong>: Se emplea impresi\u00f3n de alta calidad mediante alta resoluci\u00f3n avanzada con colores fieles a la realidad y un dise\u00f1o llamativo para conseguir un gran atractivo de la marca en la tienda.<\/li>\n\n\n\n<li><strong>Dise\u00f1o completo Opciones personalizadas<\/strong> - la colocaci\u00f3n del logotipo, el color y el dise\u00f1o- son exactamente acordes con su marca.<\/li>\n\n\n\n<li><strong>Protecci\u00f3n superior de la frescura<\/strong>: La construcci\u00f3n multicapa del compuesto proporciona una excelente resistencia a la humedad y al viento, manteniendo las galletas frescas y sabrosas durante m\u00e1s tiempo.<\/li>\n\n\n\n<li><strong>Opciones ecol\u00f3gicas<\/strong>: Existen materiales biodegradables o reciclables con el objetivo de minimizar los residuos y garantizar la sostenibilidad medioambiental.<\/li>\n\n\n\n<li><strong>Funci\u00f3n de apertura f\u00e1cil<\/strong>: El envase de las bolsas de galletas de chocolate con leche lleva incorporada una abertura f\u00e1cil de rasgar para facilitar el acceso a los consumidores y a\u00f1adir un plus de experiencia.<\/li>\n\n\n\n<li><strong>Bolsa de forma \u00fanica<\/strong>: Dise\u00f1ado con una forma poco com\u00fan para captar la atenci\u00f3n de los consumidores, adecuado para galletas de sabor especial como el chocolate con leche y az\u00facar moreno.<\/li>\n\n\n\n<li><strong>Duradero, resellable<\/strong>: Hecho de material duradero y con una cremallera resellable opcional, se mantiene fresco despu\u00e9s de la apertura, y listo para llevar.<\/li>\n<\/ul>\n<\/div>\n\n\n\n<div class=\"wp-block-column is-layout-flow wp-block-column-is-layout-flow\">\n<figure class=\"wp-block-image size-full\"><img fetchpriority=\"high\" decoding=\"async\" width=\"750\" height=\"750\" src=\"https:\/\/www.hyflexpack.com\/wp-content\/uploads\/2024\/07\/Factory-Custom-Cookie-Bag-1.webp\" alt=\"Bolsa para galletas personalizada de f\u00e1brica\" class=\"wp-image-4900\" srcset=\"https:\/\/www.hyflexpack.com\/wp-content\/uploads\/2024\/07\/Factory-Custom-Cookie-Bag-1.webp 750w, https:\/\/www.hyflexpack.com\/wp-content\/uploads\/2024\/07\/Factory-Custom-Cookie-Bag-1-300x300.webp 300w, https:\/\/www.hyflexpack.com\/wp-content\/uploads\/2024\/07\/Factory-Custom-Cookie-Bag-1-150x150.webp 150w, https:\/\/www.hyflexpack.com\/wp-content\/uploads\/2024\/07\/Factory-Custom-Cookie-Bag-1-12x12.webp 12w, https:\/\/www.hyflexpack.com\/wp-content\/uploads\/2024\/07\/Factory-Custom-Cookie-Bag-1-285x285.webp 285w, https:\/\/www.hyflexpack.com\/wp-content\/uploads\/2024\/07\/Factory-Custom-Cookie-Bag-1-270x270.webp 270w, https:\/\/www.hyflexpack.com\/wp-content\/uploads\/2024\/07\/Factory-Custom-Cookie-Bag-1-540x540.webp 540w, https:\/\/www.hyflexpack.com\/wp-content\/uploads\/2024\/07\/Factory-Custom-Cookie-Bag-1-660x660.webp 660w\" sizes=\"(max-width: 750px) 100vw, 750px\" \/><\/figure>\n<\/div>\n<\/div>","protected":false},"excerpt":{"rendered":"<p>Mejore la calidad de sus envases para aperitivos, \u00a1elija nuestros envases para galletas cremosas! P\u00f3ngase en contacto con nosotros hoy mismo para obtener un dise\u00f1o y muestras gratuitas.<\/p>\n<h3>Ventajas del proveedor de bolsas para galletas<\/h3>\n<ul>\n<li><strong>Dise\u00f1o personalizado<\/strong>: Proporcionamos un servicio personalizado de bolsa de galletas de dibujos animados, incluyendo el material, el tama\u00f1o y la personalizaci\u00f3n del patr\u00f3n de impresi\u00f3n para satisfacer las necesidades de los clientes, y apoyamos OEM y ODM.<\/li>\n<li><strong>Fabricaci\u00f3n<\/strong>: Con equipos y tecnolog\u00eda avanzados, podemos completar los pedidos con alta eficiencia y alta calidad, y entregar a tiempo.<\/li>\n<li><strong>Inspecci\u00f3n de calidad<\/strong>: Siga estrictamente las normas de calidad y los requisitos de seguridad alimentaria para garantizar que los productos cumplen las normas.<\/li>\n<li><strong>Equipo de asistencia t\u00e9cnica<\/strong>: Nuestro equipo cuenta con una gran experiencia en el sector y conocimientos profesionales, y puede proporcionar asistencia t\u00e9cnica y servicio de consultor\u00eda las 24 horas del d\u00eda a nuestros clientes.<\/li>\n<li><strong>Muestra gratuita<\/strong>: Proporcionamos muestras gratuitas para que pueda evaluar los productos.<\/li>\n<\/ul>\n<p>Huiyang Packaging se compromete a proporcionar a los clientes envases para bolsas de galletas personalizados y de alta calidad para ayudarles a mejorar la imagen de sus productos y aumentar su competitividad en el mercado.<\/p>","protected":false},"featured_media":4901,"comment_status":"open","ping_status":"closed","template":"","meta":[],"product_brand":[],"product_cat":[57],"product_tag":[],"class_list":{"0":"post-4899","1":"product","2":"type-product","3":"status-publish","4":"has-post-thumbnail","6":"product_cat-snack-packaging-bags-wholesale","8":"first","9":"instock","10":"shipping-taxable","11":"product-type-simple"},"_links":{"self":[{"href":"https:\/\/www.hyflexpack.com\/es\/wp-json\/wp\/v2\/product\/4899","targetHints":{"allow":["GET"]}}],"collection":[{"href":"https:\/\/www.hyflexpack.com\/es\/wp-json\/wp\/v2\/product"}],"about":[{"href":"https:\/\/www.hyflexpack.com\/es\/wp-json\/wp\/v2\/types\/product"}],"replies":[{"embeddable":true,"href":"https:\/\/www.hyflexpack.com\/es\/wp-json\/wp\/v2\/comments?post=4899"}],"wp:featuredmedia":[{"embeddable":true,"href":"https:\/\/www.hyflexpack.com\/es\/wp-json\/wp\/v2\/media\/4901"}],"wp:attachment":[{"href":"https:\/\/www.hyflexpack.com\/es\/wp-json\/wp\/v2\/media?parent=4899"}],"wp:term":[{"taxonomy":"product_brand","embeddable":true,"href":"https:\/\/www.hyflexpack.com\/es\/wp-json\/wp\/v2\/product_brand?post=4899"},{"taxonomy":"product_cat","embeddable":true,"href":"https:\/\/www.hyflexpack.com\/es\/wp-json\/wp\/v2\/product_cat?post=4899"},{"taxonomy":"product_tag","embeddable":true,"href":"https:\/\/www.hyflexpack.com\/es\/wp-json\/wp\/v2\/product_tag?post=4899"}],"curies":[{"name":"wp","href":"https:\/\/api.w.org\/{rel}","templated":true}]}}