{"id":4893,"date":"2024-07-24T15:53:37","date_gmt":"2024-07-24T15:53:37","guid":{"rendered":"https:\/\/www.hyflexpack.com\/?post_type=product&#038;p=4893"},"modified":"2025-10-23T06:37:46","modified_gmt":"2025-10-23T06:37:46","slug":"china-wholesale-cookie-bags-packaging","status":"publish","type":"product","link":"https:\/\/www.hyflexpack.com\/es\/product\/china-wholesale-cookie-bags-packaging\/","title":{"rendered":"China al por mayor de galletas bolsas de embalaje en forma de animales de galletas con cremallera de pie Bolsas"},"content":{"rendered":"<div class=\"wp-block-columns is-layout-flex wp-container-core-columns-is-layout-9d6595d7 wp-block-columns-is-layout-flex\">\n<div class=\"wp-block-column is-layout-flow wp-block-column-is-layout-flow\">\n<h3 class=\"wp-block-heading\">Caracter\u00edsticas del envasado en bolsas de alta calidad para galletas<\/h3>\n\n\n\n<ul class=\"wp-block-list\">\n<li><strong>Dise\u00f1o especial en forma de animal para las galletas<\/strong>: El dise\u00f1o de las bolsas de galletas con formas especiales de animales atrae al consumidor, dirigi\u00e9ndose principalmente al mercado infantil y familiar.<\/li>\n\n\n\n<li><strong>Cierre de cremallera<\/strong>: El dise\u00f1o incluye un pr\u00e1ctico cierre de cremallera que facilita abrir y cerrar la bolsa varias veces sin comprometer la frescura de las galletas del interior.<\/li>\n\n\n\n<li><strong>Estructura permanente<\/strong>: El dise\u00f1o de pie de la bolsa para galletas permite que se mantenga firme en la estanter\u00eda para una mejor exposici\u00f3n del producto y aprovechamiento del espacio en la estanter\u00eda.<\/li>\n\n\n\n<li><strong>Material de alta calidad<\/strong>Material: el material seguro y apto para uso alimentario con el que se fabricar\u00e1n las bolsas para galletas garantizar\u00e1 la frescura y la seguridad de las galletas y, por tanto, ofrecer\u00e1 una garant\u00eda a los consumidores.<\/li>\n\n\n\n<li><strong>Variedad de usos<\/strong>: Puede aplicarse al envasado de todo tipo de galletas, incluidas, entre otras, las galletas con forma de animal, las galletas con otras formas y los aperitivos.<\/li>\n\n\n\n<li><strong>Protecci\u00f3n del medio ambiente<\/strong>: Ofrezca opciones de material biodegradable o reciclable.<\/li>\n<\/ul>\n<\/div>\n\n\n\n<div class=\"wp-block-column is-layout-flow wp-block-column-is-layout-flow\">\n<figure class=\"wp-block-image size-full\"><img fetchpriority=\"high\" decoding=\"async\" width=\"750\" height=\"750\" src=\"https:\/\/www.hyflexpack.com\/wp-content\/uploads\/2024\/07\/China-Wholesale-Cookie-Bags-2.webp\" alt=\"Bolsas para galletas al por mayor en China\" class=\"wp-image-4895\" srcset=\"https:\/\/www.hyflexpack.com\/wp-content\/uploads\/2024\/07\/China-Wholesale-Cookie-Bags-2.webp 750w, https:\/\/www.hyflexpack.com\/wp-content\/uploads\/2024\/07\/China-Wholesale-Cookie-Bags-2-300x300.webp 300w, https:\/\/www.hyflexpack.com\/wp-content\/uploads\/2024\/07\/China-Wholesale-Cookie-Bags-2-150x150.webp 150w, https:\/\/www.hyflexpack.com\/wp-content\/uploads\/2024\/07\/China-Wholesale-Cookie-Bags-2-12x12.webp 12w, https:\/\/www.hyflexpack.com\/wp-content\/uploads\/2024\/07\/China-Wholesale-Cookie-Bags-2-285x285.webp 285w, https:\/\/www.hyflexpack.com\/wp-content\/uploads\/2024\/07\/China-Wholesale-Cookie-Bags-2-270x270.webp 270w, https:\/\/www.hyflexpack.com\/wp-content\/uploads\/2024\/07\/China-Wholesale-Cookie-Bags-2-540x540.webp 540w, https:\/\/www.hyflexpack.com\/wp-content\/uploads\/2024\/07\/China-Wholesale-Cookie-Bags-2-660x660.webp 660w\" sizes=\"(max-width: 750px) 100vw, 750px\" \/><\/figure>\n<\/div>\n<\/div>","protected":false},"excerpt":{"rendered":"<p>Estas bolsas para galletas est\u00e1n dise\u00f1adas con formas de animales \u00fanicas para atraer la atenci\u00f3n de ni\u00f1os y clientes familiares. P\u00f3ngase en contacto con nosotros para obtener m\u00e1s soluciones personalizadas, as\u00ed como dise\u00f1os y muestras gratuitas.<\/p>\n<h3>Ventajas del proveedor de bolsas de galletas personalizadas<\/h3>\n<ul>\n<li><strong>Dise\u00f1o personalizado<\/strong>: Proporcionar soluciones de dise\u00f1o personalizadas, apoyar OEM \/ ODM, personalizado con diferentes especificaciones, tama\u00f1os, patrones de impresi\u00f3n, etc.<\/li>\n<li><strong>Garant\u00eda de calidad<\/strong>: Controlar el proceso de producci\u00f3n y disponer de materiales de alta calidad y equipos avanzados para garantizar la calidad del producto.<\/li>\n<li><strong>Entrega puntual<\/strong>: Optimizar el proceso de producci\u00f3n y mejorar la eficacia de la producci\u00f3n para garantizar la entrega a tiempo y satisfacer las necesidades urgentes de los clientes.<\/li>\n<li><strong>Asistencia t\u00e9cnica profesional<\/strong>: El experimentado equipo t\u00e9cnico proporciona asistencia t\u00e9cnica profesional y servicio de consultor\u00eda posventa las 24 horas del d\u00eda.<\/li>\n<li><strong>Muestra gratuita<\/strong>: Proporcionar servicio de muestra gratis para que usted pueda evaluar las bolsas de embalaje flexible.<\/li>\n<\/ul>\n<p><a href=\"https:\/\/www.hyflexpack.com\/es\/\"><strong>Envasado Huiyang<\/strong><\/a> se compromete a proporcionar a los clientes <strong>envasado en bolsas personalizadas para galletas<\/strong> Ayudar a los clientes a mejorar la imagen de sus productos y su competitividad en el mercado.<\/p>","protected":false},"featured_media":4896,"comment_status":"open","ping_status":"closed","template":"","meta":[],"product_brand":[],"product_cat":[57],"product_tag":[],"class_list":{"0":"post-4893","1":"product","2":"type-product","3":"status-publish","4":"has-post-thumbnail","6":"product_cat-snack-packaging-bags-wholesale","8":"first","9":"instock","10":"shipping-taxable","11":"product-type-simple"},"_links":{"self":[{"href":"https:\/\/www.hyflexpack.com\/es\/wp-json\/wp\/v2\/product\/4893","targetHints":{"allow":["GET"]}}],"collection":[{"href":"https:\/\/www.hyflexpack.com\/es\/wp-json\/wp\/v2\/product"}],"about":[{"href":"https:\/\/www.hyflexpack.com\/es\/wp-json\/wp\/v2\/types\/product"}],"replies":[{"embeddable":true,"href":"https:\/\/www.hyflexpack.com\/es\/wp-json\/wp\/v2\/comments?post=4893"}],"wp:featuredmedia":[{"embeddable":true,"href":"https:\/\/www.hyflexpack.com\/es\/wp-json\/wp\/v2\/media\/4896"}],"wp:attachment":[{"href":"https:\/\/www.hyflexpack.com\/es\/wp-json\/wp\/v2\/media?parent=4893"}],"wp:term":[{"taxonomy":"product_brand","embeddable":true,"href":"https:\/\/www.hyflexpack.com\/es\/wp-json\/wp\/v2\/product_brand?post=4893"},{"taxonomy":"product_cat","embeddable":true,"href":"https:\/\/www.hyflexpack.com\/es\/wp-json\/wp\/v2\/product_cat?post=4893"},{"taxonomy":"product_tag","embeddable":true,"href":"https:\/\/www.hyflexpack.com\/es\/wp-json\/wp\/v2\/product_tag?post=4893"}],"curies":[{"name":"wp","href":"https:\/\/api.w.org\/{rel}","templated":true}]}}