{"id":4881,"date":"2024-07-24T15:32:39","date_gmt":"2024-07-24T15:32:39","guid":{"rendered":"https:\/\/www.hyflexpack.com\/?post_type=product&#038;p=4881"},"modified":"2024-07-24T15:32:40","modified_gmt":"2024-07-24T15:32:40","slug":"cartoon-cookies-bag-wholesale","status":"publish","type":"product","link":"https:\/\/www.hyflexpack.com\/es\/product\/cartoon-cookies-bag-wholesale\/","title":{"rendered":"Cartoon Cookies Bolsa al por mayor de galletas de oso Easy Tear Stand-Up Pouch Packaging"},"content":{"rendered":"<div class=\"wp-block-columns is-layout-flex wp-container-core-columns-is-layout-9d6595d7 wp-block-columns-is-layout-flex\">\n<div class=\"wp-block-column is-layout-flow wp-block-column-is-layout-flow\">\n<h3 class=\"wp-block-heading\">Caracter\u00edsticas de la bolsa de galletas de dibujos animados de alta calidad<\/h3>\n\n\n\n<ul class=\"wp-block-list\">\n<li>Dise\u00f1o de dibujos animados: Un simp\u00e1tico dibujo de dibujos animados de un oso atrae la atenci\u00f3n de los ni\u00f1os y los clientes familiares y aumenta la diversi\u00f3n y el atractivo del producto.<\/li>\n<\/ul>\n\n\n\n<p><\/p>\n\n\n\n<ul class=\"wp-block-list\">\n<li>Dise\u00f1o de f\u00e1cil apertura: El dise\u00f1o \u00fanico de apertura f\u00e1cil de rasgar hace que sea conveniente para los consumidores abrir el paquete f\u00e1cilmente y mejora la experiencia del usuario.<\/li>\n<\/ul>\n\n\n\n<p><\/p>\n\n\n\n<ul class=\"wp-block-list\">\n<li>Estructura de pie: El dise\u00f1o de bolsa de pie no solo facilita la exposici\u00f3n en estanter\u00edas, sino que tambi\u00e9n ahorra espacio de almacenamiento y garantiza la mejor exposici\u00f3n del producto.<\/li>\n<\/ul>\n\n\n\n<p><\/p>\n\n\n\n<ul class=\"wp-block-list\">\n<li>Materiales de alta calidad: las bolsas para galletas est\u00e1n fabricadas con materiales alimentarios de alta calidad para garantizar la frescura y seguridad de las galletas y proporcionar una protecci\u00f3n superior.<\/li>\n\n\n\n<li><\/li>\n<\/ul>\n\n\n\n<p><\/p>\n\n\n\n<ul class=\"wp-block-list\">\n<li>Opciones ecol\u00f3gicas: apoyar el uso de materiales biodegradables o reciclables, respondiendo a la tendencia medioambiental y satisfaciendo la demanda de consumo verde.<\/li>\n<\/ul>\n<\/div>\n\n\n\n<div class=\"wp-block-column is-layout-flow wp-block-column-is-layout-flow\">\n<figure class=\"wp-block-image size-full\"><img fetchpriority=\"high\" decoding=\"async\" width=\"750\" height=\"750\" src=\"https:\/\/www.hyflexpack.com\/wp-content\/uploads\/2024\/07\/Cookie-Bags-Wholesale-1.webp\" alt=\"Bolsas de galletas al por mayor\" class=\"wp-image-4882\" srcset=\"https:\/\/www.hyflexpack.com\/wp-content\/uploads\/2024\/07\/Cookie-Bags-Wholesale-1.webp 750w, https:\/\/www.hyflexpack.com\/wp-content\/uploads\/2024\/07\/Cookie-Bags-Wholesale-1-300x300.webp 300w, https:\/\/www.hyflexpack.com\/wp-content\/uploads\/2024\/07\/Cookie-Bags-Wholesale-1-150x150.webp 150w, https:\/\/www.hyflexpack.com\/wp-content\/uploads\/2024\/07\/Cookie-Bags-Wholesale-1-12x12.webp 12w, https:\/\/www.hyflexpack.com\/wp-content\/uploads\/2024\/07\/Cookie-Bags-Wholesale-1-285x285.webp 285w, https:\/\/www.hyflexpack.com\/wp-content\/uploads\/2024\/07\/Cookie-Bags-Wholesale-1-270x270.webp 270w, https:\/\/www.hyflexpack.com\/wp-content\/uploads\/2024\/07\/Cookie-Bags-Wholesale-1-540x540.webp 540w, https:\/\/www.hyflexpack.com\/wp-content\/uploads\/2024\/07\/Cookie-Bags-Wholesale-1-660x660.webp 660w\" sizes=\"(max-width: 750px) 100vw, 750px\" \/><\/figure>\n<\/div>\n<\/div>","protected":false},"excerpt":{"rendered":"<p>Elija nuestros envases al por mayor de bolsas de galletas con ositos de dibujos animados para mejorar la imagen de su marca de aperitivos. Disponibles en grandes cantidades con precios competitivos, p\u00f3ngase en contacto con nosotros hoy mismo para obtener m\u00e1s opciones de personalizaci\u00f3n y venta al por mayor para que sus productos destaquen en el mercado.<\/p>\n<h3>Ventajas del proveedor de bolsas para galletas de dibujos animados<\/h3>\n<ul>\n<li><strong>Dise\u00f1o personalizado<\/strong>: Proporcionamos un servicio personalizado de bolsa de galletas de dibujos animados, incluyendo el material, el tama\u00f1o y la personalizaci\u00f3n del patr\u00f3n de impresi\u00f3n para satisfacer las necesidades de los clientes, y apoyamos OEM y ODM.<\/li>\n<li><strong>Fabricaci\u00f3n<\/strong>: Con equipos y tecnolog\u00eda avanzados, podemos completar los pedidos con alta eficiencia y alta calidad, y entregar a tiempo.<\/li>\n<li><strong>Inspecci\u00f3n de calidad<\/strong>: Siga estrictamente las normas de calidad y los requisitos de seguridad alimentaria para garantizar que los productos cumplen las normas.<\/li>\n<li><strong>Equipo de asistencia t\u00e9cnica<\/strong>: Nuestro equipo cuenta con una gran experiencia en el sector y conocimientos profesionales, y puede proporcionar asistencia t\u00e9cnica y servicio de consultor\u00eda las 24 horas del d\u00eda a nuestros clientes.<\/li>\n<li><strong>Muestra gratuita<\/strong>: Proporcionamos muestras gratuitas para que pueda evaluar los productos.<\/li>\n<\/ul>\n<p>Huiyang Packaging se compromete a proporcionar a los clientes bolsas de galletas personalizadas y de alta calidad para ayudarles a mejorar la imagen de sus productos y aumentar su competitividad en el mercado.<\/p>","protected":false},"featured_media":4887,"comment_status":"open","ping_status":"closed","template":"","meta":[],"product_brand":[],"product_cat":[51],"product_tag":[],"class_list":{"0":"post-4881","1":"product","2":"type-product","3":"status-publish","4":"has-post-thumbnail","6":"product_cat-custom-food-packaging-bags","8":"first","9":"instock","10":"shipping-taxable","11":"product-type-simple"},"_links":{"self":[{"href":"https:\/\/www.hyflexpack.com\/es\/wp-json\/wp\/v2\/product\/4881","targetHints":{"allow":["GET"]}}],"collection":[{"href":"https:\/\/www.hyflexpack.com\/es\/wp-json\/wp\/v2\/product"}],"about":[{"href":"https:\/\/www.hyflexpack.com\/es\/wp-json\/wp\/v2\/types\/product"}],"replies":[{"embeddable":true,"href":"https:\/\/www.hyflexpack.com\/es\/wp-json\/wp\/v2\/comments?post=4881"}],"wp:featuredmedia":[{"embeddable":true,"href":"https:\/\/www.hyflexpack.com\/es\/wp-json\/wp\/v2\/media\/4887"}],"wp:attachment":[{"href":"https:\/\/www.hyflexpack.com\/es\/wp-json\/wp\/v2\/media?parent=4881"}],"wp:term":[{"taxonomy":"product_brand","embeddable":true,"href":"https:\/\/www.hyflexpack.com\/es\/wp-json\/wp\/v2\/product_brand?post=4881"},{"taxonomy":"product_cat","embeddable":true,"href":"https:\/\/www.hyflexpack.com\/es\/wp-json\/wp\/v2\/product_cat?post=4881"},{"taxonomy":"product_tag","embeddable":true,"href":"https:\/\/www.hyflexpack.com\/es\/wp-json\/wp\/v2\/product_tag?post=4881"}],"curies":[{"name":"wp","href":"https:\/\/api.w.org\/{rel}","templated":true}]}}