{"id":4846,"date":"2024-07-20T02:40:34","date_gmt":"2024-07-20T02:40:34","guid":{"rendered":"https:\/\/www.hyflexpack.com\/?post_type=product&#038;p=4846"},"modified":"2025-10-23T08:54:09","modified_gmt":"2025-10-23T08:54:09","slug":"factory-wholesale-snack-packs-for-biscuit","status":"publish","type":"product","link":"https:\/\/www.hyflexpack.com\/es\/product\/factory-wholesale-snack-packs-for-biscuit\/","title":{"rendered":"F\u00e1brica al por mayor Snack Packs para galletas Agujero para colgar Easy Tear Stand-Up Pouches"},"content":{"rendered":"<div class=\"wp-block-columns is-layout-flex wp-container-core-columns-is-layout-9d6595d7 wp-block-columns-is-layout-flex\">\n<div class=\"wp-block-column is-layout-flow wp-block-column-is-layout-flow\">\n<h3 class=\"wp-block-heading\"><strong>Caracter\u00edsticas de alta calidad <\/strong>Snack Packs para Biscuit<\/h3>\n\n\n\n<ul class=\"wp-block-list\">\n<li>Suministro al por mayor: suministramos grandes cantidades de bolsas de snacks para galletas para satisfacer las necesidades de minoristas y distribuidores.<\/li>\n<\/ul>\n\n\n\n<p><\/p>\n\n\n\n<ul class=\"wp-block-list\">\n<li>Dise\u00f1o con agujeros para colgar: Cada bolsa est\u00e1 dise\u00f1ada con agujeros para colgar para facilitar su exposici\u00f3n en los estantes de las tiendas y mejorar la visibilidad del producto.<\/li>\n<\/ul>\n\n\n\n<p><\/p>\n\n\n\n<ul class=\"wp-block-list\">\n<li>Dise\u00f1o de f\u00e1cil apertura: Las bolsas est\u00e1n equipadas con una abertura de f\u00e1cil apertura para que los consumidores puedan abrir f\u00e1cilmente el envase y disfrutar de los aperitivos.<\/li>\n<\/ul>\n\n\n\n<p><\/p>\n\n\n\n<ul class=\"wp-block-list\">\n<li>Dise\u00f1o de bolsa vertical: La estructura de bolsa vertical garantiza que el envase se mantenga estable y en posici\u00f3n vertical en la estanter\u00eda, mejorando el efecto de exposici\u00f3n.<\/li>\n<\/ul>\n\n\n\n<p><\/p>\n\n\n\n<ul class=\"wp-block-list\">\n<li>Sellado para mayor frescura: los paquetes de aperitivos est\u00e1n equipados con una funci\u00f3n de sellado de alta calidad, que impide eficazmente la entrada de aire y humedad y mantiene las galletas frescas y crujientes.<\/li>\n<\/ul>\n\n\n\n<p><\/p>\n\n\n\n<ul class=\"wp-block-list\">\n<li>Materiales de alta calidad y respetuosos con el medio ambiente: Se utilizan materiales duraderos y de calidad alimentaria para garantizar la seguridad y la calidad del producto. Al mismo tiempo, satisface las necesidades de protecci\u00f3n medioambiental de los consumidores modernos.<\/li>\n<\/ul>\n<\/div>\n\n\n\n<div class=\"wp-block-column is-layout-flow wp-block-column-is-layout-flow\">\n<figure class=\"wp-block-image size-full\"><img fetchpriority=\"high\" decoding=\"async\" width=\"750\" height=\"750\" src=\"https:\/\/www.hyflexpack.com\/wp-content\/uploads\/2024\/07\/Factory-Wholesale-Snack-Packs-2.webp\" alt=\"Snack Packs al por mayor de f\u00e1brica\" class=\"wp-image-4848\" srcset=\"https:\/\/www.hyflexpack.com\/wp-content\/uploads\/2024\/07\/Factory-Wholesale-Snack-Packs-2.webp 750w, https:\/\/www.hyflexpack.com\/wp-content\/uploads\/2024\/07\/Factory-Wholesale-Snack-Packs-2-300x300.webp 300w, https:\/\/www.hyflexpack.com\/wp-content\/uploads\/2024\/07\/Factory-Wholesale-Snack-Packs-2-150x150.webp 150w, https:\/\/www.hyflexpack.com\/wp-content\/uploads\/2024\/07\/Factory-Wholesale-Snack-Packs-2-12x12.webp 12w, https:\/\/www.hyflexpack.com\/wp-content\/uploads\/2024\/07\/Factory-Wholesale-Snack-Packs-2-285x285.webp 285w, https:\/\/www.hyflexpack.com\/wp-content\/uploads\/2024\/07\/Factory-Wholesale-Snack-Packs-2-270x270.webp 270w, https:\/\/www.hyflexpack.com\/wp-content\/uploads\/2024\/07\/Factory-Wholesale-Snack-Packs-2-540x540.webp 540w, https:\/\/www.hyflexpack.com\/wp-content\/uploads\/2024\/07\/Factory-Wholesale-Snack-Packs-2-660x660.webp 660w\" sizes=\"(max-width: 750px) 100vw, 750px\" \/><\/figure>\n<\/div>\n<\/div>","protected":false},"excerpt":{"rendered":"<p>Descubra nuestros envases de galletas al por mayor para la soluci\u00f3n perfecta. P\u00f3ngase en contacto con nosotros hoy mismo para obtener m\u00e1s informaci\u00f3n y soluciones personalizadas para que sus productos destaquen en el mercado.<\/p>\n<h3>Ventajas de los envases de aperitivos para galletas<strong>\u00a0<\/strong>Proveedor<\/h3>\n<ul>\n<li><strong>Dise\u00f1o a medida<\/strong>: Proporcionar soluciones de dise\u00f1o personalizadas para satisfacer diferentes especificaciones, tama\u00f1os y requisitos de impresi\u00f3n de hasta 10 colores seg\u00fan las necesidades del cliente, apoyar la personalizaci\u00f3n OEM y ODM.<\/li>\n<li><strong>Garant\u00eda de calidad<\/strong>: Controlar estrictamente el proceso de producci\u00f3n, utilizando materias primas de alta calidad y equipos de producci\u00f3n avanzados para garantizar una calidad de producto estable y fiable.<\/li>\n<li><strong>Asistencia t\u00e9cnica profesional<\/strong>: Con nuestro experimentado equipo t\u00e9cnico, proporcionamos soporte t\u00e9cnico profesional y servicio postventa para garantizar que las necesidades de los clientes se responden y resuelven con prontitud.<\/li>\n<li><strong>Muestra gratuita<\/strong>: Proporcionar servicio de muestra gratuita para que pueda evaluar los productos.<\/li>\n<\/ul>\n<p>Huiyang Packaging se dedica a ofrecer envases de snacks personalizados y de alta calidad para una galleta que mejora la imagen del producto e impulsa la competitividad de nuestros clientes en el mercado.<\/p>","protected":false},"featured_media":4849,"comment_status":"open","ping_status":"closed","template":"","meta":[],"product_brand":[],"product_cat":[57],"product_tag":[],"class_list":{"0":"post-4846","1":"product","2":"type-product","3":"status-publish","4":"has-post-thumbnail","6":"product_cat-snack-packaging-bags-wholesale","8":"first","9":"instock","10":"shipping-taxable","11":"product-type-simple"},"_links":{"self":[{"href":"https:\/\/www.hyflexpack.com\/es\/wp-json\/wp\/v2\/product\/4846","targetHints":{"allow":["GET"]}}],"collection":[{"href":"https:\/\/www.hyflexpack.com\/es\/wp-json\/wp\/v2\/product"}],"about":[{"href":"https:\/\/www.hyflexpack.com\/es\/wp-json\/wp\/v2\/types\/product"}],"replies":[{"embeddable":true,"href":"https:\/\/www.hyflexpack.com\/es\/wp-json\/wp\/v2\/comments?post=4846"}],"wp:featuredmedia":[{"embeddable":true,"href":"https:\/\/www.hyflexpack.com\/es\/wp-json\/wp\/v2\/media\/4849"}],"wp:attachment":[{"href":"https:\/\/www.hyflexpack.com\/es\/wp-json\/wp\/v2\/media?parent=4846"}],"wp:term":[{"taxonomy":"product_brand","embeddable":true,"href":"https:\/\/www.hyflexpack.com\/es\/wp-json\/wp\/v2\/product_brand?post=4846"},{"taxonomy":"product_cat","embeddable":true,"href":"https:\/\/www.hyflexpack.com\/es\/wp-json\/wp\/v2\/product_cat?post=4846"},{"taxonomy":"product_tag","embeddable":true,"href":"https:\/\/www.hyflexpack.com\/es\/wp-json\/wp\/v2\/product_tag?post=4846"}],"curies":[{"name":"wp","href":"https:\/\/api.w.org\/{rel}","templated":true}]}}