{"id":4837,"date":"2024-07-20T02:02:26","date_gmt":"2024-07-20T02:02:26","guid":{"rendered":"https:\/\/www.hyflexpack.com\/?post_type=product&#038;p=4837"},"modified":"2025-10-23T08:36:58","modified_gmt":"2025-10-23T08:36:58","slug":"custom-creative-biscuit-packaging-design","status":"publish","type":"product","link":"https:\/\/www.hyflexpack.com\/es\/product\/custom-creative-biscuit-packaging-design\/","title":{"rendered":"Dise\u00f1o creativo personalizado de envases de galletas Aspecto de bolsas precintables de pie"},"content":{"rendered":"<div class=\"wp-block-columns is-layout-flex wp-container-core-columns-is-layout-9d6595d7 wp-block-columns-is-layout-flex\">\n<div class=\"wp-block-column is-layout-flow wp-block-column-is-layout-flow\">\n<h3 class=\"wp-block-heading\">Caracter\u00edsticas del envasado de galletas de alta calidad<\/h3>\n\n\n\n<ul class=\"wp-block-list\">\n<li>Dise\u00f1o creativo: Un dise\u00f1o de patr\u00f3n \u00fanico y llamativo hace que la bolsa de envasado de galletas sea m\u00e1s v\u00edvida, aumenta el atractivo visual y atrae a m\u00e1s consumidores.<\/li>\n<\/ul>\n\n\n\n<p><\/p>\n\n\n\n<ul class=\"wp-block-list\">\n<li>Envasado sellado: Con una funci\u00f3n de sellado de alta calidad, impide eficazmente la entrada de aire y humedad, garantizando que las galletas se mantengan frescas y crujientes durante mucho tiempo.<\/li>\n<\/ul>\n\n\n\n<p><\/p>\n\n\n\n<ul class=\"wp-block-list\">\n<li>Dise\u00f1o de bolsa de pie: El dise\u00f1o de la bolsa de pie no s\u00f3lo es conveniente para la exhibici\u00f3n y mejora el efecto de exhibici\u00f3n en el estante, sino tambi\u00e9n conveniente para los consumidores para almacenar y tomar, mejorando la experiencia del usuario.<\/li>\n<\/ul>\n\n\n\n<p><\/p>\n\n\n\n<ul class=\"wp-block-list\">\n<li>Materiales respetuosos con el medio ambiente: El envase de las galletas utiliza materiales reciclables respetuosos con el medio ambiente para reducir el impacto ambiental y satisfacer las necesidades de desarrollo sostenible de los consumidores modernos.<\/li>\n<\/ul>\n\n\n\n<p><\/p>\n\n\n\n<ul class=\"wp-block-list\">\n<li>Gran durabilidad: El material de envasado es resistente y duradero para evitar da\u00f1os durante el transporte y el almacenamiento, lo que garantiza que el producto llegue sano y salvo a los consumidores.<\/li>\n<\/ul>\n<\/div>\n\n\n\n<div class=\"wp-block-column is-layout-flow wp-block-column-is-layout-flow\">\n<figure class=\"wp-block-image size-full\"><img fetchpriority=\"high\" decoding=\"async\" width=\"750\" height=\"750\" src=\"https:\/\/www.hyflexpack.com\/wp-content\/uploads\/2024\/07\/Custom-Creative-Biscuit-Packaging-Design-7.webp\" alt=\"Dise\u00f1o personalizado de envases para galletas\" class=\"wp-image-4842\" srcset=\"https:\/\/www.hyflexpack.com\/wp-content\/uploads\/2024\/07\/Custom-Creative-Biscuit-Packaging-Design-7.webp 750w, https:\/\/www.hyflexpack.com\/wp-content\/uploads\/2024\/07\/Custom-Creative-Biscuit-Packaging-Design-7-300x300.webp 300w, https:\/\/www.hyflexpack.com\/wp-content\/uploads\/2024\/07\/Custom-Creative-Biscuit-Packaging-Design-7-150x150.webp 150w, https:\/\/www.hyflexpack.com\/wp-content\/uploads\/2024\/07\/Custom-Creative-Biscuit-Packaging-Design-7-12x12.webp 12w, https:\/\/www.hyflexpack.com\/wp-content\/uploads\/2024\/07\/Custom-Creative-Biscuit-Packaging-Design-7-285x285.webp 285w, https:\/\/www.hyflexpack.com\/wp-content\/uploads\/2024\/07\/Custom-Creative-Biscuit-Packaging-Design-7-270x270.webp 270w, https:\/\/www.hyflexpack.com\/wp-content\/uploads\/2024\/07\/Custom-Creative-Biscuit-Packaging-Design-7-540x540.webp 540w, https:\/\/www.hyflexpack.com\/wp-content\/uploads\/2024\/07\/Custom-Creative-Biscuit-Packaging-Design-7-660x660.webp 660w\" sizes=\"(max-width: 750px) 100vw, 750px\" \/><\/figure>\n<\/div>\n<\/div>","protected":false},"excerpt":{"rendered":"<p>Descubra nuestras soluciones creativas personalizadas de envasado de galletas para que sus productos destaquen en el mercado y atraigan a m\u00e1s consumidores. P\u00f3ngase en contacto con nosotros para obtener m\u00e1s informaci\u00f3n y soluciones personalizadas.<\/p>\n<h3>Ventajas del proveedor de envases de galletas<\/h3>\n<ul>\n<li><strong>Dise\u00f1o a medida<\/strong>: Proporcionar soluciones de dise\u00f1o personalizadas para satisfacer diferentes especificaciones, tama\u00f1os y requisitos de impresi\u00f3n de hasta 10 colores seg\u00fan las necesidades del cliente, apoyar la personalizaci\u00f3n OEM y ODM.<\/li>\n<li><strong>Garant\u00eda de calidad<\/strong>: Controlar estrictamente el proceso de producci\u00f3n, utilizando materias primas de alta calidad y equipos de producci\u00f3n avanzados para garantizar una calidad de producto estable y fiable.<\/li>\n<li><strong>Asistencia t\u00e9cnica profesional<\/strong>: Con nuestro experimentado equipo t\u00e9cnico, proporcionamos soporte t\u00e9cnico profesional y servicio postventa para garantizar que las necesidades de los clientes se responden y resuelven con prontitud.<\/li>\n<li><strong>Muestra gratuita<\/strong>: Proporcionar servicio de muestra gratuita para que pueda evaluar los productos.<\/li>\n<\/ul>\n<p>Huiyang Packaging se dedica a ofrecer soluciones de envasado de galletas personalizadas y de alta calidad que mejoran la imagen del producto e impulsan la competitividad de nuestros clientes en el mercado.<\/p>","protected":false},"featured_media":4838,"comment_status":"open","ping_status":"closed","template":"","meta":[],"product_brand":[],"product_cat":[57],"product_tag":[],"class_list":{"0":"post-4837","1":"product","2":"type-product","3":"status-publish","4":"has-post-thumbnail","6":"product_cat-snack-packaging-bags-wholesale","8":"first","9":"instock","10":"shipping-taxable","11":"product-type-simple"},"_links":{"self":[{"href":"https:\/\/www.hyflexpack.com\/es\/wp-json\/wp\/v2\/product\/4837","targetHints":{"allow":["GET"]}}],"collection":[{"href":"https:\/\/www.hyflexpack.com\/es\/wp-json\/wp\/v2\/product"}],"about":[{"href":"https:\/\/www.hyflexpack.com\/es\/wp-json\/wp\/v2\/types\/product"}],"replies":[{"embeddable":true,"href":"https:\/\/www.hyflexpack.com\/es\/wp-json\/wp\/v2\/comments?post=4837"}],"wp:featuredmedia":[{"embeddable":true,"href":"https:\/\/www.hyflexpack.com\/es\/wp-json\/wp\/v2\/media\/4838"}],"wp:attachment":[{"href":"https:\/\/www.hyflexpack.com\/es\/wp-json\/wp\/v2\/media?parent=4837"}],"wp:term":[{"taxonomy":"product_brand","embeddable":true,"href":"https:\/\/www.hyflexpack.com\/es\/wp-json\/wp\/v2\/product_brand?post=4837"},{"taxonomy":"product_cat","embeddable":true,"href":"https:\/\/www.hyflexpack.com\/es\/wp-json\/wp\/v2\/product_cat?post=4837"},{"taxonomy":"product_tag","embeddable":true,"href":"https:\/\/www.hyflexpack.com\/es\/wp-json\/wp\/v2\/product_tag?post=4837"}],"curies":[{"name":"wp","href":"https:\/\/api.w.org\/{rel}","templated":true}]}}