{"id":4746,"date":"2024-07-12T06:38:39","date_gmt":"2024-07-12T06:38:39","guid":{"rendered":"https:\/\/www.hyflexpack.com\/?post_type=product&#038;p=4746"},"modified":"2025-05-17T07:35:32","modified_gmt":"2025-05-17T07:35:32","slug":"custom-bottle-labels","status":"publish","type":"product","link":"https:\/\/www.hyflexpack.com\/es\/product\/custom-bottle-labels\/","title":{"rendered":"Etiquetas personalizadas para botellas Impresi\u00f3n personalizada para diferentes tama\u00f1os de etiquetas para botellas de agua"},"content":{"rendered":"<div class=\"wp-block-columns is-layout-flex wp-container-core-columns-is-layout-9d6595d7 wp-block-columns-is-layout-flex\">\n<div class=\"wp-block-column is-layout-flow wp-block-column-is-layout-flow\">\n<h3 class=\"wp-block-heading\">Caracter\u00edsticas de la etiqueta para botellas de alta calidad<\/h3>\n\n\n\n<ul class=\"wp-block-list\">\n<li>Impresi\u00f3n personalizada: Las etiquetas para botellas est\u00e1n disponibles en una gran variedad de opciones de personalizaci\u00f3n, incluidos el color y las superficies exteriores, para satisfacer las necesidades de dise\u00f1o de los distintos clientes.<\/li>\n<\/ul>\n\n\n\n<p><\/p>\n\n\n\n<ul class=\"wp-block-list\">\n<li>Aptas para todos los tama\u00f1os: Las etiquetas se pueden hacer para adaptarse a diferentes tama\u00f1os de botellas de agua, ya sea una peque\u00f1a botella de viaje o una gran botella deportiva.<\/li>\n<\/ul>\n\n\n\n<p><\/p>\n\n\n\n<ul class=\"wp-block-list\">\n<li>Impermeable y duradera: Fabricada con materiales de alta calidad, la etiqueta permanece clara e intacta en entornos h\u00famedos.<\/li>\n<\/ul>\n\n\n\n<p><\/p>\n\n\n\n<ul class=\"wp-block-list\">\n<li>F\u00e1cil de colocar: El dise\u00f1o del soporte adhesivo hace que la etiqueta sea f\u00e1cil de colocar y retirar, sin dejar restos de pegamento.<\/li>\n<\/ul>\n<\/div>\n\n\n\n<div class=\"wp-block-column is-layout-flow wp-block-column-is-layout-flow\">\n<figure class=\"wp-block-image size-full is-resized\"><img fetchpriority=\"high\" decoding=\"async\" width=\"750\" height=\"750\" src=\"https:\/\/www.hyflexpack.com\/wp-content\/uploads\/2024\/07\/Custom-Bottle-Labels-1.webp\" alt=\"Etiquetas personalizadas para botellas\" class=\"wp-image-4747\" style=\"width:354px;height:auto\" srcset=\"https:\/\/www.hyflexpack.com\/wp-content\/uploads\/2024\/07\/Custom-Bottle-Labels-1.webp 750w, https:\/\/www.hyflexpack.com\/wp-content\/uploads\/2024\/07\/Custom-Bottle-Labels-1-300x300.webp 300w, https:\/\/www.hyflexpack.com\/wp-content\/uploads\/2024\/07\/Custom-Bottle-Labels-1-150x150.webp 150w, https:\/\/www.hyflexpack.com\/wp-content\/uploads\/2024\/07\/Custom-Bottle-Labels-1-12x12.webp 12w, https:\/\/www.hyflexpack.com\/wp-content\/uploads\/2024\/07\/Custom-Bottle-Labels-1-285x285.webp 285w, https:\/\/www.hyflexpack.com\/wp-content\/uploads\/2024\/07\/Custom-Bottle-Labels-1-270x270.webp 270w, https:\/\/www.hyflexpack.com\/wp-content\/uploads\/2024\/07\/Custom-Bottle-Labels-1-540x540.webp 540w, https:\/\/www.hyflexpack.com\/wp-content\/uploads\/2024\/07\/Custom-Bottle-Labels-1-660x660.webp 660w\" sizes=\"(max-width: 750px) 100vw, 750px\" \/><\/figure>\n<\/div>\n<\/div>","protected":false},"excerpt":{"rendered":"<p>Etiquetas impresas personalizadas para botellas de agua de todos los tama\u00f1os. Las etiquetas son impermeables y duraderas y est\u00e1n fabricadas con materiales de alta calidad para garantizar que permanezcan claras y bonitas en cualquier entorno. Ya sea para hacer deporte, viajar o para el uso diario, estas etiquetas son ideales para ti.<\/p>\n<h3>Ventajas del proveedor de etiquetas para botellas<\/h3>\n<ul>\n<li><strong>Dise\u00f1o a medida<\/strong>: Proporcionar soluciones de dise\u00f1o personalizadas para satisfacer diferentes especificaciones, tama\u00f1os y requisitos de impresi\u00f3n de hasta 10 colores seg\u00fan las necesidades del cliente, apoyar la personalizaci\u00f3n OEM y ODM.<\/li>\n<li><strong>Garant\u00eda de calidad<\/strong>: Controlar estrictamente el proceso de producci\u00f3n, utilizando materias primas de alta calidad y equipos de producci\u00f3n avanzados para garantizar una calidad de producto estable y fiable.<\/li>\n<li><strong>Asistencia t\u00e9cnica profesional<\/strong>: Con el equipo t\u00e9cnico experimentado, proporcionamos soporte t\u00e9cnico profesional y servicio post-venta para asegurar que las necesidades de los clientes son r\u00e1pidamente respondidas y resueltas.<\/li>\n<li><strong>Muestra gratuita<\/strong>: Proporcionamos muestras gratuitas para que pueda evaluar los productos.<\/li>\n<\/ul>\n<p>Huiyang Packaging se dedica a ofrecer etiquetas para botellas personalizadas de alta calidad que mejoran la imagen del producto e impulsan la competitividad de nuestros clientes en el mercado.<\/p>","protected":false},"featured_media":4749,"comment_status":"open","ping_status":"closed","template":"","meta":[],"product_brand":[],"product_cat":[53,90],"product_tag":[],"class_list":{"0":"post-4746","1":"product","2":"type-product","3":"status-publish","4":"has-post-thumbnail","6":"product_cat-packaging-film-supplier","7":"product_cat-custom-bottle-label","9":"first","10":"instock","11":"shipping-taxable","12":"product-type-simple"},"_links":{"self":[{"href":"https:\/\/www.hyflexpack.com\/es\/wp-json\/wp\/v2\/product\/4746","targetHints":{"allow":["GET"]}}],"collection":[{"href":"https:\/\/www.hyflexpack.com\/es\/wp-json\/wp\/v2\/product"}],"about":[{"href":"https:\/\/www.hyflexpack.com\/es\/wp-json\/wp\/v2\/types\/product"}],"replies":[{"embeddable":true,"href":"https:\/\/www.hyflexpack.com\/es\/wp-json\/wp\/v2\/comments?post=4746"}],"wp:featuredmedia":[{"embeddable":true,"href":"https:\/\/www.hyflexpack.com\/es\/wp-json\/wp\/v2\/media\/4749"}],"wp:attachment":[{"href":"https:\/\/www.hyflexpack.com\/es\/wp-json\/wp\/v2\/media?parent=4746"}],"wp:term":[{"taxonomy":"product_brand","embeddable":true,"href":"https:\/\/www.hyflexpack.com\/es\/wp-json\/wp\/v2\/product_brand?post=4746"},{"taxonomy":"product_cat","embeddable":true,"href":"https:\/\/www.hyflexpack.com\/es\/wp-json\/wp\/v2\/product_cat?post=4746"},{"taxonomy":"product_tag","embeddable":true,"href":"https:\/\/www.hyflexpack.com\/es\/wp-json\/wp\/v2\/product_tag?post=4746"}],"curies":[{"name":"wp","href":"https:\/\/api.w.org\/{rel}","templated":true}]}}