{"id":4741,"date":"2024-07-12T04:04:14","date_gmt":"2024-07-12T04:04:14","guid":{"rendered":"https:\/\/www.hyflexpack.com\/?post_type=product&#038;p=4741"},"modified":"2024-07-12T04:04:16","modified_gmt":"2024-07-12T04:04:16","slug":"supply-bulk-cup-sealing-film","status":"publish","type":"product","link":"https:\/\/www.hyflexpack.com\/es\/product\/supply-bulk-cup-sealing-film\/","title":{"rendered":"Supply Bulk Cup Sealing Film PP Plastic Milk Tea Cup Sealer Film"},"content":{"rendered":"<div class=\"wp-block-columns is-layout-flex wp-container-core-columns-is-layout-9d6595d7 wp-block-columns-is-layout-flex\">\n<div class=\"wp-block-column is-layout-flow wp-block-column-is-layout-flow\">\n<h3 class=\"wp-block-heading\">Caracter\u00edsticas de la pel\u00edcula de sellado de vasos de alta calidad<\/h3>\n\n\n\n<ul class=\"wp-block-list\">\n<li>Material de alta calidad: La pel\u00edcula de sellado de la taza est\u00e1 hecha de material pl\u00e1stico PP de alta calidad para garantizar la seguridad y la higiene de los alimentos.<\/li>\n<\/ul>\n\n\n\n<p><\/p>\n\n\n\n<ul class=\"wp-block-list\">\n<li>Buen sellado: sella eficazmente el vaso o recipiente, evita las fugas de alimentos y la entrada de ox\u00edgeno, y prolonga la frescura de los alimentos.<\/li>\n<\/ul>\n\n\n\n<p><\/p>\n\n\n\n<ul class=\"wp-block-list\">\n<li>F\u00e1cil de usar: f\u00e1cil de dise\u00f1ar, f\u00e1cil de manejar, adecuada para entornos de producci\u00f3n r\u00e1pida y envasado eficaz.<\/li>\n<\/ul>\n\n\n\n<p><\/p>\n\n\n\n<ul class=\"wp-block-list\">\n<li>Amplia aplicabilidad: Adecuado para sellar todo tipo de t\u00e9 con leche, bebidas y otras bebidas de taza, para garantizar la frescura y la calidad de los productos.<\/li>\n<\/ul>\n\n\n\n<p><\/p>\n\n\n\n<ul class=\"wp-block-list\">\n<li>F\u00e1cil de emparejar con la m\u00e1quina: El producto est\u00e1 dise\u00f1ado para facilitar su uso con selladoras autom\u00e1ticas, lo que garantiza un proceso de producci\u00f3n eficiente.<\/li>\n<\/ul>\n<\/div>\n\n\n\n<div class=\"wp-block-column is-layout-flow wp-block-column-is-layout-flow\">\n<figure class=\"wp-block-image size-full\"><img fetchpriority=\"high\" decoding=\"async\" width=\"750\" height=\"750\" src=\"https:\/\/www.hyflexpack.com\/wp-content\/uploads\/2024\/07\/Supply-Bulk-Cup-Sealing-Film-4.webp\" alt=\"Film de sellado de vasos a granel\" class=\"wp-image-4745\" srcset=\"https:\/\/www.hyflexpack.com\/wp-content\/uploads\/2024\/07\/Supply-Bulk-Cup-Sealing-Film-4.webp 750w, https:\/\/www.hyflexpack.com\/wp-content\/uploads\/2024\/07\/Supply-Bulk-Cup-Sealing-Film-4-300x300.webp 300w, https:\/\/www.hyflexpack.com\/wp-content\/uploads\/2024\/07\/Supply-Bulk-Cup-Sealing-Film-4-150x150.webp 150w, https:\/\/www.hyflexpack.com\/wp-content\/uploads\/2024\/07\/Supply-Bulk-Cup-Sealing-Film-4-12x12.webp 12w, https:\/\/www.hyflexpack.com\/wp-content\/uploads\/2024\/07\/Supply-Bulk-Cup-Sealing-Film-4-285x285.webp 285w, https:\/\/www.hyflexpack.com\/wp-content\/uploads\/2024\/07\/Supply-Bulk-Cup-Sealing-Film-4-270x270.webp 270w, https:\/\/www.hyflexpack.com\/wp-content\/uploads\/2024\/07\/Supply-Bulk-Cup-Sealing-Film-4-540x540.webp 540w, https:\/\/www.hyflexpack.com\/wp-content\/uploads\/2024\/07\/Supply-Bulk-Cup-Sealing-Film-4-660x660.webp 660w\" sizes=\"(max-width: 750px) 100vw, 750px\" \/><\/figure>\n<\/div>\n<\/div>","protected":false},"excerpt":{"rendered":"<p>La pel\u00edcula de sellado de vasos es adecuada para vasos de papel y el sellado de vasos de PP es adecuado para m\u00e1quinas de sellado de vasos manuales, semiautom\u00e1ticas y autom\u00e1ticas. Las dos bandas de luz en ambos lados de la pel\u00edcula de sellado de vasos pueden ayudar al sensor electro-\u00f3ptico a localizar con precisi\u00f3n la posici\u00f3n, y la propiedad de sellado es excelente, lo que es adecuado para la industria farmac\u00e9utica, de bebidas, alimentos y otras industrias.<\/p>\n<h3>Ventajas del proveedor de pel\u00edculas de sellado para vasos<\/h3>\n<ul>\n<li><strong>Dise\u00f1o personalizado<\/strong>: Proporcionar soluciones de dise\u00f1o personalizadas para satisfacer diferentes especificaciones, tama\u00f1os y requisitos de impresi\u00f3n de hasta 10 colores seg\u00fan las necesidades del cliente, apoyar la personalizaci\u00f3n OEM y ODM.<\/li>\n<li><strong>Garant\u00eda de calidad<\/strong>: Controlar estrictamente el proceso de producci\u00f3n, utilizando materias primas de alta calidad y equipos de producci\u00f3n avanzados para garantizar una calidad de producto estable y fiable.<\/li>\n<li><strong>Asistencia t\u00e9cnica profesional<\/strong>: Con un equipo t\u00e9cnico experimentado, proporcionamos soporte t\u00e9cnico profesional y servicio post-venta para asegurar que las necesidades de los clientes son r\u00e1pidamente respondidas y resueltas.<\/li>\n<li><strong>Muestra gratuita<\/strong>: Proporcionamos muestras gratuitas para que pueda evaluar los productos.<\/li>\n<\/ul>\n<p>Huiyang Packaging se compromete a proporcionar a los clientes pel\u00edculas de sellado de vasos personalizadas y de alta calidad para ayudarles a mejorar la imagen de sus productos y aumentar su competitividad en el mercado.<\/p>","protected":false},"featured_media":4744,"comment_status":"open","ping_status":"closed","template":"","meta":[],"product_brand":[],"product_cat":[53],"product_tag":[],"class_list":{"0":"post-4741","1":"product","2":"type-product","3":"status-publish","4":"has-post-thumbnail","6":"product_cat-packaging-film-supplier","8":"first","9":"instock","10":"shipping-taxable","11":"product-type-simple"},"_links":{"self":[{"href":"https:\/\/www.hyflexpack.com\/es\/wp-json\/wp\/v2\/product\/4741","targetHints":{"allow":["GET"]}}],"collection":[{"href":"https:\/\/www.hyflexpack.com\/es\/wp-json\/wp\/v2\/product"}],"about":[{"href":"https:\/\/www.hyflexpack.com\/es\/wp-json\/wp\/v2\/types\/product"}],"replies":[{"embeddable":true,"href":"https:\/\/www.hyflexpack.com\/es\/wp-json\/wp\/v2\/comments?post=4741"}],"wp:featuredmedia":[{"embeddable":true,"href":"https:\/\/www.hyflexpack.com\/es\/wp-json\/wp\/v2\/media\/4744"}],"wp:attachment":[{"href":"https:\/\/www.hyflexpack.com\/es\/wp-json\/wp\/v2\/media?parent=4741"}],"wp:term":[{"taxonomy":"product_brand","embeddable":true,"href":"https:\/\/www.hyflexpack.com\/es\/wp-json\/wp\/v2\/product_brand?post=4741"},{"taxonomy":"product_cat","embeddable":true,"href":"https:\/\/www.hyflexpack.com\/es\/wp-json\/wp\/v2\/product_cat?post=4741"},{"taxonomy":"product_tag","embeddable":true,"href":"https:\/\/www.hyflexpack.com\/es\/wp-json\/wp\/v2\/product_tag?post=4741"}],"curies":[{"name":"wp","href":"https:\/\/api.w.org\/{rel}","templated":true}]}}