{"id":4738,"date":"2024-07-12T03:31:03","date_gmt":"2024-07-12T03:31:03","guid":{"rendered":"https:\/\/www.hyflexpack.com\/?post_type=product&#038;p=4738"},"modified":"2025-05-17T04:10:09","modified_gmt":"2025-05-17T04:10:09","slug":"printing-custom-twist-film","status":"publish","type":"product","link":"https:\/\/www.hyflexpack.com\/es\/product\/printing-custom-twist-film\/","title":{"rendered":"Impresi\u00f3n Personalizada Twist Film para Caramelos Grado Alimenticio PET\/PVC Material Envoltura Twistable Film Venta al por mayor"},"content":{"rendered":"<div class=\"wp-block-columns is-layout-flex wp-container-core-columns-is-layout-9d6595d7 wp-block-columns-is-layout-flex\">\n<div class=\"wp-block-column is-layout-flow wp-block-column-is-layout-flow\">\n<h3 class=\"wp-block-heading\">Caracter\u00edsticas de la pel\u00edcula de torsi\u00f3n personalizada de alta calidad<\/h3>\n\n\n\n<ul class=\"wp-block-list\">\n<li><strong>Material de calidad alimentaria<\/strong>: Nuestro film retorcido personalizado utiliza material PET\/PVC de alta calidad para garantizar la seguridad y la no toxicidad, de acuerdo con las normas de calidad alimentaria.<\/li>\n<\/ul>\n\n\n\n<p><\/p>\n\n\n\n<ul class=\"wp-block-list\">\n<li><strong>Buen efecto de impresi\u00f3n<\/strong>: Admite impresi\u00f3n personalizada, colores brillantes y patrones claros, lo que puede aumentar el valor de mercado del producto.<\/li>\n<\/ul>\n\n\n\n<p><\/p>\n\n\n\n<ul class=\"wp-block-list\">\n<li><strong>Gran durabilidad<\/strong>: Tiene buena resistencia al desgarro y a la abrasi\u00f3n, lo que puede garantizar que el envase no se rompa durante el transporte y el almacenamiento.<\/li>\n<\/ul>\n\n\n\n<p><\/p>\n\n\n\n<ul class=\"wp-block-list\">\n<li><strong>F\u00e1cil de girar<\/strong>: El material es una pel\u00edcula flexible y retorcible que puede utilizarse para envasar alimentos y caramelos de diversas formas.<\/li>\n<\/ul>\n\n\n\n<p><\/p>\n\n\n\n<ul class=\"wp-block-list\">\n<li><strong>Respetuoso con el medio ambiente y reciclable<\/strong>El material es respetuoso con el medio ambiente y reciclable, en l\u00ednea con el concepto verde de la nueva protecci\u00f3n medioambiental.<\/li>\n<\/ul>\n<\/div>\n\n\n\n<div class=\"wp-block-column is-layout-flow wp-block-column-is-layout-flow\">\n<figure class=\"wp-block-image size-full\"><img fetchpriority=\"high\" decoding=\"async\" width=\"750\" height=\"750\" src=\"https:\/\/www.hyflexpack.com\/wp-content\/uploads\/2024\/07\/Printing-Custom-Twist-Film-1.webp\" alt=\"Impresi\u00f3n de pel\u00edcula retorcida personalizada\" class=\"wp-image-4739\" srcset=\"https:\/\/www.hyflexpack.com\/wp-content\/uploads\/2024\/07\/Printing-Custom-Twist-Film-1.webp 750w, https:\/\/www.hyflexpack.com\/wp-content\/uploads\/2024\/07\/Printing-Custom-Twist-Film-1-300x300.webp 300w, https:\/\/www.hyflexpack.com\/wp-content\/uploads\/2024\/07\/Printing-Custom-Twist-Film-1-150x150.webp 150w, https:\/\/www.hyflexpack.com\/wp-content\/uploads\/2024\/07\/Printing-Custom-Twist-Film-1-12x12.webp 12w, https:\/\/www.hyflexpack.com\/wp-content\/uploads\/2024\/07\/Printing-Custom-Twist-Film-1-285x285.webp 285w, https:\/\/www.hyflexpack.com\/wp-content\/uploads\/2024\/07\/Printing-Custom-Twist-Film-1-270x270.webp 270w, https:\/\/www.hyflexpack.com\/wp-content\/uploads\/2024\/07\/Printing-Custom-Twist-Film-1-540x540.webp 540w, https:\/\/www.hyflexpack.com\/wp-content\/uploads\/2024\/07\/Printing-Custom-Twist-Film-1-660x660.webp 660w\" sizes=\"(max-width: 750px) 100vw, 750px\" \/><\/figure>\n<\/div>\n<\/div>","protected":false},"excerpt":{"rendered":"<p>Este film retorcido de calidad alimentaria impreso a medida est\u00e1 dise\u00f1ado para productos que requieren un sellado giratorio o por torsi\u00f3n, como los envoltorios de caramelos, con una excelente retenci\u00f3n de la forma y facilidad de manipulaci\u00f3n, lo que lo hace ideal para envases retorcidos. Le invitamos a recibir muestras gratuitas.<\/p>\n<h3>Ventajas del proveedor de Twist Film<\/h3>\n<ul>\n<li><strong>Dise\u00f1o personalizado<\/strong>: Proporcionar soluciones de dise\u00f1o personalizado de acuerdo a las necesidades de los clientes, cumplir con diferentes especificaciones, tama\u00f1os, y la impresi\u00f3n de hasta 10 colores, y <strong>admite OEM y ODM<\/strong> personalizaci\u00f3n.<\/li>\n<li><strong>Entrega r\u00e1pida<\/strong>: Con una capacidad de producci\u00f3n eficiente y un sistema de gesti\u00f3n de la cadena de suministro, podemos responder a los pedidos de los clientes a tiempo para garantizar la entrega puntual de los productos.<\/li>\n<li><strong>Apoyo integral<\/strong>: Un equipo t\u00e9cnico profesional y un equipo de servicio posventa ofrecen asesoramiento preventa y asistencia posventa integrales para proporcionar asistencia t\u00e9cnica y soluciones a los clientes.<\/li>\n<li><strong>Muestra gratuita<\/strong>: Proporcionamos un servicio de muestras gratuitas para que pueda evaluar los productos.<\/li>\n<\/ul>\n<p><a href=\"https:\/\/www.hyflexpack.com\/es\/\"><strong>Envasado Huiyang<\/strong><\/a> se compromete a proporcionar a sus clientes pel\u00edculas retorcidas personalizadas de alta calidad para ayudarles a mejorar la imagen de sus productos y su competitividad en el mercado.<\/p>","protected":false},"featured_media":4740,"comment_status":"open","ping_status":"closed","template":"","meta":[],"product_brand":[],"product_cat":[53,89],"product_tag":[],"class_list":{"0":"post-4738","1":"product","2":"type-product","3":"status-publish","4":"has-post-thumbnail","6":"product_cat-packaging-film-supplier","7":"product_cat-custom-twist-film","9":"first","10":"instock","11":"shipping-taxable","12":"product-type-simple"},"_links":{"self":[{"href":"https:\/\/www.hyflexpack.com\/es\/wp-json\/wp\/v2\/product\/4738","targetHints":{"allow":["GET"]}}],"collection":[{"href":"https:\/\/www.hyflexpack.com\/es\/wp-json\/wp\/v2\/product"}],"about":[{"href":"https:\/\/www.hyflexpack.com\/es\/wp-json\/wp\/v2\/types\/product"}],"replies":[{"embeddable":true,"href":"https:\/\/www.hyflexpack.com\/es\/wp-json\/wp\/v2\/comments?post=4738"}],"wp:featuredmedia":[{"embeddable":true,"href":"https:\/\/www.hyflexpack.com\/es\/wp-json\/wp\/v2\/media\/4740"}],"wp:attachment":[{"href":"https:\/\/www.hyflexpack.com\/es\/wp-json\/wp\/v2\/media?parent=4738"}],"wp:term":[{"taxonomy":"product_brand","embeddable":true,"href":"https:\/\/www.hyflexpack.com\/es\/wp-json\/wp\/v2\/product_brand?post=4738"},{"taxonomy":"product_cat","embeddable":true,"href":"https:\/\/www.hyflexpack.com\/es\/wp-json\/wp\/v2\/product_cat?post=4738"},{"taxonomy":"product_tag","embeddable":true,"href":"https:\/\/www.hyflexpack.com\/es\/wp-json\/wp\/v2\/product_tag?post=4738"}],"curies":[{"name":"wp","href":"https:\/\/api.w.org\/{rel}","templated":true}]}}