{"id":4714,"date":"2024-07-04T08:55:16","date_gmt":"2024-07-04T08:55:16","guid":{"rendered":"https:\/\/www.hyflexpack.com\/?post_type=product&#038;p=4714"},"modified":"2025-05-14T16:53:07","modified_gmt":"2025-05-14T16:53:07","slug":"china-factory-dried-fruit-pack","status":"publish","type":"product","link":"https:\/\/www.hyflexpack.com\/es\/product\/china-factory-dried-fruit-pack\/","title":{"rendered":"China F\u00e1brica de frutas secas para el envasado de alimentos laminados de barrera de sellado de pie bolsas"},"content":{"rendered":"<div class=\"wp-block-columns is-layout-flex wp-container-core-columns-is-layout-9d6595d7 wp-block-columns-is-layout-flex\">\n<div class=\"wp-block-column is-layout-flow wp-block-column-is-layout-flow\">\n<h3 class=\"wp-block-heading\">Caracter\u00edsticas de los paquetes de fruta deshidratada de alta calidad<\/h3>\n\n\n\n<ul class=\"wp-block-list\">\n<li>Materiales de alta calidad: los paquetes de frutos secos de China Direct est\u00e1n fabricados con materiales de calidad alimentaria para garantizar la seguridad y frescura de los frutos secos.<\/li>\n<\/ul>\n\n\n\n<p><\/p>\n\n\n\n<ul class=\"wp-block-list\">\n<li>Estructura de barrera multicapa: Una estructura laminada especial impide eficazmente la penetraci\u00f3n de la humedad, el ox\u00edgeno y la luz, prolongando la vida \u00fatil.<\/li>\n<\/ul>\n\n\n\n<p><\/p>\n\n\n\n<ul class=\"wp-block-list\">\n<li>Dise\u00f1o de sellado: Las resistentes tiras de sellado garantizan la integridad del producto durante el transporte y el almacenamiento.<\/li>\n<\/ul>\n\n\n\n<p><\/p>\n\n\n\n<ul class=\"wp-block-list\">\n<li>Dise\u00f1o de pie: Un dise\u00f1o de fondo engrosado asegura que la bolsa pueda mantenerse de pie firmemente y mejorar la exhibici\u00f3n en el estante.<\/li>\n<\/ul>\n\n\n\n<p><\/p>\n\n\n\n<ul class=\"wp-block-list\">\n<li>Dise\u00f1o f\u00e1cil de rasgar: Dise\u00f1o \u00fanico f\u00e1cil de rasgar, f\u00e1cil de usar, sin necesidad de tijeras.<\/li>\n<\/ul>\n\n\n\n<p><\/p>\n\n\n\n<ul class=\"wp-block-list\">\n<li>Respetuoso con el medio ambiente: el material es reciclable y cumple las normas medioambientales, lo que reduce la contaminaci\u00f3n ambiental.<\/li>\n<\/ul>\n<\/div>\n\n\n\n<div class=\"wp-block-column is-layout-flow wp-block-column-is-layout-flow\">\n<figure class=\"wp-block-image size-full\"><img fetchpriority=\"high\" decoding=\"async\" width=\"750\" height=\"750\" src=\"https:\/\/www.hyflexpack.com\/wp-content\/uploads\/2024\/07\/China-Factory-Dried-Fruit-Pack-2.webp\" alt=\"China Factory Paquete de fruta deshidratada\" class=\"wp-image-4716\" srcset=\"https:\/\/www.hyflexpack.com\/wp-content\/uploads\/2024\/07\/China-Factory-Dried-Fruit-Pack-2.webp 750w, https:\/\/www.hyflexpack.com\/wp-content\/uploads\/2024\/07\/China-Factory-Dried-Fruit-Pack-2-300x300.webp 300w, https:\/\/www.hyflexpack.com\/wp-content\/uploads\/2024\/07\/China-Factory-Dried-Fruit-Pack-2-150x150.webp 150w, https:\/\/www.hyflexpack.com\/wp-content\/uploads\/2024\/07\/China-Factory-Dried-Fruit-Pack-2-12x12.webp 12w, https:\/\/www.hyflexpack.com\/wp-content\/uploads\/2024\/07\/China-Factory-Dried-Fruit-Pack-2-285x285.webp 285w, https:\/\/www.hyflexpack.com\/wp-content\/uploads\/2024\/07\/China-Factory-Dried-Fruit-Pack-2-270x270.webp 270w, https:\/\/www.hyflexpack.com\/wp-content\/uploads\/2024\/07\/China-Factory-Dried-Fruit-Pack-2-540x540.webp 540w, https:\/\/www.hyflexpack.com\/wp-content\/uploads\/2024\/07\/China-Factory-Dried-Fruit-Pack-2-660x660.webp 660w\" sizes=\"(max-width: 750px) 100vw, 750px\" \/><\/figure>\n<\/div>\n<\/div>","protected":false},"excerpt":{"rendered":"<p>Elija una soluci\u00f3n de envasado de frutos secos de alta calidad para que sus productos destaquen en el mercado. Los materiales ecol\u00f3gicos hacen que su marca sea m\u00e1s responsable. Cons\u00faltenos ahora para obtener muestras y dise\u00f1os gratuitos.<\/p>\n<h3>Ventajas del proveedor de paquetes de fruta deshidratada<\/h3>\n<ul>\n<li><strong>Dise\u00f1o personalizado<\/strong>: Proporcionar soluciones de dise\u00f1o personalizadas, apoyar OEM \/ ODM, personalizado con diferentes especificaciones, tama\u00f1os, patrones de impresi\u00f3n, etc.<\/li>\n<li><strong>Garant\u00eda de calidad<\/strong>: Controlar el proceso de producci\u00f3n y disponer de materiales de alta calidad y equipos avanzados para garantizar la calidad del producto.<\/li>\n<li><strong>Entrega puntual<\/strong>: Optimizar el proceso de producci\u00f3n y mejorar la eficacia de la producci\u00f3n para garantizar la entrega a tiempo y satisfacer las necesidades urgentes de los clientes.<\/li>\n<li><strong>Asistencia t\u00e9cnica profesional<\/strong>: El experimentado equipo t\u00e9cnico proporciona asistencia t\u00e9cnica profesional y servicio de consultor\u00eda posventa las 24 horas del d\u00eda.<\/li>\n<li><strong>Muestra gratuita<\/strong>: Proporcionamos muestras gratuitas para que pueda evaluar los productos.<\/li>\n<\/ul>\n<p>Huiyang Packaging se compromete a ofrecer a sus clientes envases de frutos secos de alta calidad y personalizados para ayudarles a mejorar la imagen de sus productos y a aumentar su competitividad en el mercado.<\/p>","protected":false},"featured_media":4716,"comment_status":"open","ping_status":"closed","template":"","meta":[],"product_brand":[],"product_cat":[51,87],"product_tag":[],"class_list":{"0":"post-4714","1":"product","2":"type-product","3":"status-publish","4":"has-post-thumbnail","6":"product_cat-custom-food-packaging-bags","7":"product_cat-dried-fruit-packaging-bags-wholesale","9":"first","10":"instock","11":"shipping-taxable","12":"product-type-simple"},"_links":{"self":[{"href":"https:\/\/www.hyflexpack.com\/es\/wp-json\/wp\/v2\/product\/4714","targetHints":{"allow":["GET"]}}],"collection":[{"href":"https:\/\/www.hyflexpack.com\/es\/wp-json\/wp\/v2\/product"}],"about":[{"href":"https:\/\/www.hyflexpack.com\/es\/wp-json\/wp\/v2\/types\/product"}],"replies":[{"embeddable":true,"href":"https:\/\/www.hyflexpack.com\/es\/wp-json\/wp\/v2\/comments?post=4714"}],"wp:featuredmedia":[{"embeddable":true,"href":"https:\/\/www.hyflexpack.com\/es\/wp-json\/wp\/v2\/media\/4716"}],"wp:attachment":[{"href":"https:\/\/www.hyflexpack.com\/es\/wp-json\/wp\/v2\/media?parent=4714"}],"wp:term":[{"taxonomy":"product_brand","embeddable":true,"href":"https:\/\/www.hyflexpack.com\/es\/wp-json\/wp\/v2\/product_brand?post=4714"},{"taxonomy":"product_cat","embeddable":true,"href":"https:\/\/www.hyflexpack.com\/es\/wp-json\/wp\/v2\/product_cat?post=4714"},{"taxonomy":"product_tag","embeddable":true,"href":"https:\/\/www.hyflexpack.com\/es\/wp-json\/wp\/v2\/product_tag?post=4714"}],"curies":[{"name":"wp","href":"https:\/\/api.w.org\/{rel}","templated":true}]}}