{"id":4709,"date":"2024-07-04T08:18:37","date_gmt":"2024-07-04T08:18:37","guid":{"rendered":"https:\/\/www.hyflexpack.com\/?post_type=product&#038;p=4709"},"modified":"2025-11-04T09:09:43","modified_gmt":"2025-11-04T09:09:43","slug":"custom-dried-fruit-bags","status":"publish","type":"product","link":"https:\/\/www.hyflexpack.com\/es\/product\/custom-dried-fruit-bags\/","title":{"rendered":"Bolsas personalizadas para frutos secos Envasado de alimentos de caqui con euroagujeros Bolsas de pie"},"content":{"rendered":"<div class=\"wp-block-columns is-layout-flex wp-container-core-columns-is-layout-9d6595d7 wp-block-columns-is-layout-flex\">\n<div class=\"wp-block-column is-layout-flow wp-block-column-is-layout-flow\">\n<h3 class=\"wp-block-heading\">Features of High Quality Dried Fruit Bags<\/h3>\n\n\n\n<ul class=\"wp-block-list\">\n<li>High quality material: the customized dried fruit bags are made of food-grade material to ensure the safety of persimmons and the health of consumption.<\/li>\n<\/ul>\n\n\n\n<p><\/p>\n\n\n\n<ul class=\"wp-block-list\">\n<li>Easy-tear opening design: unique easy-tear opening design, easy to use, no scissors required.<\/li>\n<\/ul>\n\n\n\n<p><\/p>\n\n\n\n<ul class=\"wp-block-list\">\n<li>Dise\u00f1o de pie: Un dise\u00f1o de fondo engrosado asegura que la bolsa pueda mantenerse de pie firmemente y mejorar la exhibici\u00f3n en el estante.<\/li>\n<\/ul>\n\n\n\n<p><\/p>\n\n\n\n<ul class=\"wp-block-list\">\n<li>European-style hanging holes: Equipped with European-style hanging holes, convenient for supermarket display and enhance brand exposure.<\/li>\n<\/ul>\n\n\n\n<p><\/p>\n\n\n\n<ul class=\"wp-block-list\">\n<li>Moisture and oxidation resistance: Multi-layer structure effectively prevents moisture and oxygen penetration, extending the shelf life of dried fruits.<\/li>\n<\/ul>\n\n\n\n<p><\/p>\n\n\n\n<ul class=\"wp-block-list\">\n<li>Respetuoso con el medio ambiente: el material es reciclable y cumple las normas medioambientales, lo que reduce la contaminaci\u00f3n ambiental.<\/li>\n<\/ul>\n<\/div>\n\n\n\n<div class=\"wp-block-column is-layout-flow wp-block-column-is-layout-flow\">\n<figure class=\"wp-block-image size-full\"><img fetchpriority=\"high\" decoding=\"async\" width=\"750\" height=\"750\" src=\"https:\/\/www.hyflexpack.com\/wp-content\/uploads\/2024\/07\/Custom-Dried-Fruit-Bags-2.webp\" alt=\"Bolsas personalizadas para frutos secos\" class=\"wp-image-4711\" srcset=\"https:\/\/www.hyflexpack.com\/wp-content\/uploads\/2024\/07\/Custom-Dried-Fruit-Bags-2.webp 750w, https:\/\/www.hyflexpack.com\/wp-content\/uploads\/2024\/07\/Custom-Dried-Fruit-Bags-2-300x300.webp 300w, https:\/\/www.hyflexpack.com\/wp-content\/uploads\/2024\/07\/Custom-Dried-Fruit-Bags-2-150x150.webp 150w, https:\/\/www.hyflexpack.com\/wp-content\/uploads\/2024\/07\/Custom-Dried-Fruit-Bags-2-12x12.webp 12w, https:\/\/www.hyflexpack.com\/wp-content\/uploads\/2024\/07\/Custom-Dried-Fruit-Bags-2-285x285.webp 285w, https:\/\/www.hyflexpack.com\/wp-content\/uploads\/2024\/07\/Custom-Dried-Fruit-Bags-2-270x270.webp 270w, https:\/\/www.hyflexpack.com\/wp-content\/uploads\/2024\/07\/Custom-Dried-Fruit-Bags-2-540x540.webp 540w, https:\/\/www.hyflexpack.com\/wp-content\/uploads\/2024\/07\/Custom-Dried-Fruit-Bags-2-660x660.webp 660w\" sizes=\"(max-width: 750px) 100vw, 750px\" \/><\/figure>\n<\/div>\n<\/div>","protected":false},"excerpt":{"rendered":"<p>Choose our dried fruit bags are made of high-quality food-grade materials, providing you with the perfect packaging solution for your persimmon cakes and other kinds of dried fruit foods! Make your products stand out in the market! Ask our team today!<\/p>\n<h3>Advantages of Dried Fruit Bags Supplier<\/h3>\n<ul>\n<li><strong>Dise\u00f1o personalizado<\/strong>: We provide customized design dried fruit bags service, including material, size, and printing pattern customization to meet customers\u2019 branding needs, and support OEM and ODM.<\/li>\n<li><strong>Fabricaci\u00f3n<\/strong>: With advanced equipment and technology, we can complete the order production with high efficiency and high quality and can deliver on time.<\/li>\n<li><strong>Inspecci\u00f3n de calidad<\/strong>: Siga estrictamente las normas de calidad y los requisitos de seguridad alimentaria para garantizar que los productos cumplen las normas.<\/li>\n<li><strong>Atenci\u00f3n al cliente<\/strong>: Proporcione una respuesta r\u00e1pida y un servicio de atenci\u00f3n al cliente considerado las 24 horas del d\u00eda.<\/li>\n<li><strong>Muestra gratuita<\/strong>: Proporcionamos muestras gratuitas para que pueda evaluar los productos.<\/li>\n<\/ul>\n<p>Huiyang Packaging is committed to providing customers with high-quality and customized dried fruit bags to help customers improve their product image and enhance market competitivenes<\/p>","protected":false},"featured_media":4711,"comment_status":"open","ping_status":"closed","template":"","meta":[],"product_brand":[],"product_cat":[51,87],"product_tag":[],"class_list":{"0":"post-4709","1":"product","2":"type-product","3":"status-publish","4":"has-post-thumbnail","6":"product_cat-custom-food-packaging-bags","7":"product_cat-dried-fruit-packaging-bags-wholesale","9":"first","10":"instock","11":"shipping-taxable","12":"product-type-simple"},"_links":{"self":[{"href":"https:\/\/www.hyflexpack.com\/es\/wp-json\/wp\/v2\/product\/4709","targetHints":{"allow":["GET"]}}],"collection":[{"href":"https:\/\/www.hyflexpack.com\/es\/wp-json\/wp\/v2\/product"}],"about":[{"href":"https:\/\/www.hyflexpack.com\/es\/wp-json\/wp\/v2\/types\/product"}],"replies":[{"embeddable":true,"href":"https:\/\/www.hyflexpack.com\/es\/wp-json\/wp\/v2\/comments?post=4709"}],"wp:featuredmedia":[{"embeddable":true,"href":"https:\/\/www.hyflexpack.com\/es\/wp-json\/wp\/v2\/media\/4711"}],"wp:attachment":[{"href":"https:\/\/www.hyflexpack.com\/es\/wp-json\/wp\/v2\/media?parent=4709"}],"wp:term":[{"taxonomy":"product_brand","embeddable":true,"href":"https:\/\/www.hyflexpack.com\/es\/wp-json\/wp\/v2\/product_brand?post=4709"},{"taxonomy":"product_cat","embeddable":true,"href":"https:\/\/www.hyflexpack.com\/es\/wp-json\/wp\/v2\/product_cat?post=4709"},{"taxonomy":"product_tag","embeddable":true,"href":"https:\/\/www.hyflexpack.com\/es\/wp-json\/wp\/v2\/product_tag?post=4709"}],"curies":[{"name":"wp","href":"https:\/\/api.w.org\/{rel}","templated":true}]}}