{"id":4684,"date":"2024-07-04T06:36:37","date_gmt":"2024-07-04T06:36:37","guid":{"rendered":"https:\/\/www.hyflexpack.com\/?post_type=product&#038;p=4684"},"modified":"2024-07-04T06:36:40","modified_gmt":"2024-07-04T06:36:40","slug":"custom-printed-face-mask-packaging","status":"publish","type":"product","link":"https:\/\/www.hyflexpack.com\/es\/product\/custom-printed-face-mask-packaging\/","title":{"rendered":"Envasado impreso personalizado de mascarillas para bolsas de mascarillas cosm\u00e9ticas"},"content":{"rendered":"<div class=\"wp-block-columns is-layout-flex wp-container-core-columns-is-layout-9d6595d7 wp-block-columns-is-layout-flex\">\n<div class=\"wp-block-column is-layout-flow wp-block-column-is-layout-flow\">\n<h3 class=\"wp-block-heading\">Caracter\u00edsticas del envase de mascarilla facial de alta calidad<\/h3>\n\n\n\n<ul class=\"wp-block-list\">\n<li>Materiales de alta calidad: el embalaje de las mascarillas faciales est\u00e1 fabricado con materiales respetuosos con el medio ambiente y duraderos para garantizar que las mascarillas no sufran da\u00f1os durante el transporte y el almacenamiento. Los materiales de barrera de film de poli\u00e9ster tambi\u00e9n pueden personalizarse, ofreciendo materiales transparentes recubiertos de EVOH y PVDC que permiten ver los art\u00edculos a la vez que mantienen una barrera protectora. Nuestros embalajes personalizados para mascarillas seguro que satisfacen las necesidades de todos sus productos de mascarillas.<\/li>\n<\/ul>\n\n\n\n<p><\/p>\n\n\n\n<ul class=\"wp-block-list\">\n<li>Sellado superior: Un dise\u00f1o especial de sellado garantiza la frescura de la mascarilla y la no p\u00e9rdida de principios activos.<\/li>\n<\/ul>\n\n\n\n<p><\/p>\n\n\n\n<ul class=\"wp-block-list\">\n<li>Impresi\u00f3n fina: La tecnolog\u00eda de impresi\u00f3n de alta definici\u00f3n se utiliza para mostrar el logotipo de la marca y la informaci\u00f3n del producto para mejorar la imagen de marca.<\/li>\n<\/ul>\n\n\n\n<p><\/p>\n\n\n\n<ul class=\"wp-block-list\">\n<li>Dise\u00f1o f\u00e1cil de usar: c\u00f3modo dise\u00f1o de apertura f\u00e1cil de rasgar, c\u00f3modo de usar para los consumidores.<\/li>\n<\/ul>\n\n\n\n<p><\/p>\n\n\n\n<ul class=\"wp-block-list\">\n<li>Seguro y no t\u00f3xico: el material cumple las normas internacionales de seguridad para garantizar un uso seguro.<\/li>\n<\/ul>\n<\/div>\n\n\n\n<div class=\"wp-block-column is-layout-flow wp-block-column-is-layout-flow\">\n<figure class=\"wp-block-image size-full\"><img fetchpriority=\"high\" decoding=\"async\" width=\"750\" height=\"750\" src=\"https:\/\/www.hyflexpack.com\/wp-content\/uploads\/2024\/07\/Custom-Printed-Face-Mask-Packaging-1.webp\" alt=\"Envasado de mascarillas con impresi\u00f3n personalizada\" class=\"wp-image-4685\" srcset=\"https:\/\/www.hyflexpack.com\/wp-content\/uploads\/2024\/07\/Custom-Printed-Face-Mask-Packaging-1.webp 750w, https:\/\/www.hyflexpack.com\/wp-content\/uploads\/2024\/07\/Custom-Printed-Face-Mask-Packaging-1-300x300.webp 300w, https:\/\/www.hyflexpack.com\/wp-content\/uploads\/2024\/07\/Custom-Printed-Face-Mask-Packaging-1-150x150.webp 150w, https:\/\/www.hyflexpack.com\/wp-content\/uploads\/2024\/07\/Custom-Printed-Face-Mask-Packaging-1-12x12.webp 12w, https:\/\/www.hyflexpack.com\/wp-content\/uploads\/2024\/07\/Custom-Printed-Face-Mask-Packaging-1-285x285.webp 285w, https:\/\/www.hyflexpack.com\/wp-content\/uploads\/2024\/07\/Custom-Printed-Face-Mask-Packaging-1-270x270.webp 270w, https:\/\/www.hyflexpack.com\/wp-content\/uploads\/2024\/07\/Custom-Printed-Face-Mask-Packaging-1-540x540.webp 540w, https:\/\/www.hyflexpack.com\/wp-content\/uploads\/2024\/07\/Custom-Printed-Face-Mask-Packaging-1-660x660.webp 660w\" sizes=\"(max-width: 750px) 100vw, 750px\" \/><\/figure>\n<\/div>\n<\/div>","protected":false},"excerpt":{"rendered":"<p>Explore nuestros envases de mascarillas cosm\u00e9ticas, una forma de envasado elegante y moderna. Mejorar su imagen de marca empieza por el envase. Cree una personalidad de marca para usted. Ofrecemos una amplia gama de opciones de personalizaci\u00f3n, no dude en solicitar presupuesto y muestras gratuitas.<\/p>\n<h3>Ventajas del proveedor de envases de mascarillas faciales<\/h3>\n<ul>\n<li><strong>Dise\u00f1o personalizado<\/strong>: Proporcionar soluciones de dise\u00f1o personalizadas, apoyar OEM \/ ODM, personalizado con diferentes especificaciones, tama\u00f1os, patrones de impresi\u00f3n, etc.<\/li>\n<li><strong>Garant\u00eda de calidad<\/strong>: Controlar el proceso de producci\u00f3n y disponer de materiales de alta calidad y equipos avanzados para garantizar la calidad del producto.<\/li>\n<li><strong>Entrega puntual<\/strong>: Optimizar el proceso de producci\u00f3n y mejorar la eficacia de la producci\u00f3n para garantizar la entrega a tiempo y satisfacer las necesidades urgentes de los clientes.<\/li>\n<li><strong>Asistencia t\u00e9cnica profesional<\/strong>: El experimentado equipo t\u00e9cnico proporciona asistencia t\u00e9cnica profesional y servicio de consultor\u00eda posventa las 24 horas del d\u00eda.<\/li>\n<li><strong>Muestra gratuita<\/strong>: Proporcionamos muestras gratuitas para que pueda evaluar los productos.<\/li>\n<\/ul>\n<p>Huiyang Packaging se compromete a proporcionar a los clientes envases de mascarillas personalizados y de alta calidad para ayudarles a mejorar la imagen de sus productos y aumentar su competitividad en el mercado.<\/p>","protected":false},"featured_media":4693,"comment_status":"open","ping_status":"closed","template":"","meta":[],"product_brand":[],"product_cat":[52],"product_tag":[],"class_list":{"0":"post-4684","1":"product","2":"type-product","3":"status-publish","4":"has-post-thumbnail","6":"product_cat-custom-daily-chemical-packaging","8":"first","9":"instock","10":"shipping-taxable","11":"product-type-simple"},"_links":{"self":[{"href":"https:\/\/www.hyflexpack.com\/es\/wp-json\/wp\/v2\/product\/4684","targetHints":{"allow":["GET"]}}],"collection":[{"href":"https:\/\/www.hyflexpack.com\/es\/wp-json\/wp\/v2\/product"}],"about":[{"href":"https:\/\/www.hyflexpack.com\/es\/wp-json\/wp\/v2\/types\/product"}],"replies":[{"embeddable":true,"href":"https:\/\/www.hyflexpack.com\/es\/wp-json\/wp\/v2\/comments?post=4684"}],"wp:featuredmedia":[{"embeddable":true,"href":"https:\/\/www.hyflexpack.com\/es\/wp-json\/wp\/v2\/media\/4693"}],"wp:attachment":[{"href":"https:\/\/www.hyflexpack.com\/es\/wp-json\/wp\/v2\/media?parent=4684"}],"wp:term":[{"taxonomy":"product_brand","embeddable":true,"href":"https:\/\/www.hyflexpack.com\/es\/wp-json\/wp\/v2\/product_brand?post=4684"},{"taxonomy":"product_cat","embeddable":true,"href":"https:\/\/www.hyflexpack.com\/es\/wp-json\/wp\/v2\/product_cat?post=4684"},{"taxonomy":"product_tag","embeddable":true,"href":"https:\/\/www.hyflexpack.com\/es\/wp-json\/wp\/v2\/product_tag?post=4684"}],"curies":[{"name":"wp","href":"https:\/\/api.w.org\/{rel}","templated":true}]}}