{"id":4647,"date":"2024-06-28T02:00:27","date_gmt":"2024-06-28T02:00:27","guid":{"rendered":"https:\/\/www.hyflexpack.com\/?post_type=product&#038;p=4647"},"modified":"2025-11-04T09:10:23","modified_gmt":"2025-11-04T09:10:23","slug":"china-supply-dried-fruit-packaging-bags","status":"publish","type":"product","link":"https:\/\/www.hyflexpack.com\/es\/product\/china-supply-dried-fruit-packaging-bags\/","title":{"rendered":"China Supply Bolsas de Embalaje para Fruta Seca Bolsas Laminadas Bolsas Reciclables con Cremallera de Pie"},"content":{"rendered":"<div class=\"wp-block-columns is-layout-flex wp-container-core-columns-is-layout-9d6595d7 wp-block-columns-is-layout-flex\">\n<div class=\"wp-block-column is-layout-flow wp-block-column-is-layout-flow\">\n<h3 class=\"wp-block-heading\">Caracter\u00edsticas de las bolsas de envasado de frutos secos de alta calidad<\/h3>\n\n\n\n<ul class=\"wp-block-list\">\n<li>Ecol\u00f3gicas y reciclables: estas bolsas para envasar frutos secos est\u00e1n fabricadas con materiales reciclables, que cumplen las normas medioambientales y ayudan a reducir el impacto sobre el medio ambiente.<\/li>\n\n\n\n<li>Gran capacidad de sellado: equipada con un dise\u00f1o de cremallera para garantizar la frescura de los alimentos dentro de la bolsa y evitar la humedad y la contaminaci\u00f3n.<\/li>\n\n\n\n<li>Dise\u00f1o autoportante: el dise\u00f1o autoportante de la parte inferior hace que la bolsa sea m\u00e1s estable al exponerla, f\u00e1cil de exponer y almacenar, y mejora el efecto visual del producto.<\/li>\n\n\n\n<li>Material compuesto multicapa: Adoptando material compuesto multicapa, tiene un excelente rendimiento a prueba de humedad, aislamiento de ox\u00edgeno y a prueba de rayos UV, lo que garantiza la conservaci\u00f3n a largo plazo de los productos.<\/li>\n\n\n\n<li>Ventana transparente: Algunos estilos est\u00e1n dise\u00f1ados con ventanas transparentes, lo que resulta c\u00f3modo para que los consumidores vean los productos dentro de la bolsa y aumenta el deseo de compra.<\/li>\n\n\n\n<li>Personalizaci\u00f3n diversificada: El servicio personalizado con diferentes tama\u00f1os, patrones y colores se puede proporcionar de acuerdo con las necesidades del cliente para satisfacer los requisitos individuales de varias marcas.<\/li>\n<\/ul>\n<\/div>\n\n\n\n<div class=\"wp-block-column is-layout-flow wp-block-column-is-layout-flow\">\n<figure class=\"wp-block-image size-full\"><img fetchpriority=\"high\" decoding=\"async\" width=\"750\" height=\"750\" src=\"https:\/\/www.hyflexpack.com\/wp-content\/uploads\/2024\/06\/China-Supply-Dried-Fruit-Packaging-Bags-2.webp\" alt=\"China Supply Bolsas de Embalaje para Fruta Deshidratada\" class=\"wp-image-4649\" srcset=\"https:\/\/www.hyflexpack.com\/wp-content\/uploads\/2024\/06\/China-Supply-Dried-Fruit-Packaging-Bags-2.webp 750w, https:\/\/www.hyflexpack.com\/wp-content\/uploads\/2024\/06\/China-Supply-Dried-Fruit-Packaging-Bags-2-300x300.webp 300w, https:\/\/www.hyflexpack.com\/wp-content\/uploads\/2024\/06\/China-Supply-Dried-Fruit-Packaging-Bags-2-150x150.webp 150w, https:\/\/www.hyflexpack.com\/wp-content\/uploads\/2024\/06\/China-Supply-Dried-Fruit-Packaging-Bags-2-12x12.webp 12w, https:\/\/www.hyflexpack.com\/wp-content\/uploads\/2024\/06\/China-Supply-Dried-Fruit-Packaging-Bags-2-285x285.webp 285w, https:\/\/www.hyflexpack.com\/wp-content\/uploads\/2024\/06\/China-Supply-Dried-Fruit-Packaging-Bags-2-270x270.webp 270w, https:\/\/www.hyflexpack.com\/wp-content\/uploads\/2024\/06\/China-Supply-Dried-Fruit-Packaging-Bags-2-540x540.webp 540w, https:\/\/www.hyflexpack.com\/wp-content\/uploads\/2024\/06\/China-Supply-Dried-Fruit-Packaging-Bags-2-660x660.webp 660w\" sizes=\"(max-width: 750px) 100vw, 750px\" \/><\/figure>\n<\/div>\n<\/div>","protected":false},"excerpt":{"rendered":"<p>Proporcionar la mejor soluci\u00f3n de envasado de frutos secos para sus productos de frutos secos. Le ayudamos a mejorar la influencia de marca de sus productos. Ya sea para exposici\u00f3n o almacenamiento, nuestras bolsas son su mejor opci\u00f3n.<\/p>\n<h3>Ventajas del proveedor de bolsas de envasado de frutos secos<\/h3>\n<ul>\n<li><strong>Dise\u00f1o personalizado<\/strong>: Proporcionar soluciones de dise\u00f1o personalizadas, apoyar OEM \/ ODM, personalizado con diferentes especificaciones, tama\u00f1os, patrones de impresi\u00f3n, etc.<\/li>\n<li><strong>Garant\u00eda de calidad<\/strong>: Controlar el proceso de producci\u00f3n y disponer de materiales de alta calidad y equipos avanzados para garantizar la calidad del producto.<\/li>\n<li><strong>Entrega puntual<\/strong>: Optimizar el proceso de producci\u00f3n y mejorar la eficacia de la producci\u00f3n para garantizar la entrega a tiempo y satisfacer las necesidades urgentes de los clientes.<\/li>\n<li><strong>Asistencia t\u00e9cnica profesional<\/strong>: El experimentado equipo t\u00e9cnico proporciona asistencia t\u00e9cnica profesional y servicio de consultor\u00eda posventa las 24 horas del d\u00eda.<\/li>\n<li><strong>Muestra gratuita<\/strong>: Proporcionamos muestras gratuitas para que pueda evaluar los productos.<\/li>\n<\/ul>\n<p>Huiyang Packaging se compromete a proporcionar a los clientes bolsas de envasado de frutos secos de alta calidad y personalizadas para ayudar a los clientes a mejorar la imagen de sus productos y mejorar la competitividad en el mercado.<\/p>","protected":false},"featured_media":4648,"comment_status":"open","ping_status":"closed","template":"","meta":[],"product_brand":[],"product_cat":[51,87],"product_tag":[],"class_list":{"0":"post-4647","1":"product","2":"type-product","3":"status-publish","4":"has-post-thumbnail","6":"product_cat-custom-food-packaging-bags","7":"product_cat-dried-fruit-packaging-bags-wholesale","9":"first","10":"instock","11":"shipping-taxable","12":"product-type-simple"},"_links":{"self":[{"href":"https:\/\/www.hyflexpack.com\/es\/wp-json\/wp\/v2\/product\/4647","targetHints":{"allow":["GET"]}}],"collection":[{"href":"https:\/\/www.hyflexpack.com\/es\/wp-json\/wp\/v2\/product"}],"about":[{"href":"https:\/\/www.hyflexpack.com\/es\/wp-json\/wp\/v2\/types\/product"}],"replies":[{"embeddable":true,"href":"https:\/\/www.hyflexpack.com\/es\/wp-json\/wp\/v2\/comments?post=4647"}],"wp:featuredmedia":[{"embeddable":true,"href":"https:\/\/www.hyflexpack.com\/es\/wp-json\/wp\/v2\/media\/4648"}],"wp:attachment":[{"href":"https:\/\/www.hyflexpack.com\/es\/wp-json\/wp\/v2\/media?parent=4647"}],"wp:term":[{"taxonomy":"product_brand","embeddable":true,"href":"https:\/\/www.hyflexpack.com\/es\/wp-json\/wp\/v2\/product_brand?post=4647"},{"taxonomy":"product_cat","embeddable":true,"href":"https:\/\/www.hyflexpack.com\/es\/wp-json\/wp\/v2\/product_cat?post=4647"},{"taxonomy":"product_tag","embeddable":true,"href":"https:\/\/www.hyflexpack.com\/es\/wp-json\/wp\/v2\/product_tag?post=4647"}],"curies":[{"name":"wp","href":"https:\/\/api.w.org\/{rel}","templated":true}]}}