{"id":4646,"date":"2024-06-27T16:40:45","date_gmt":"2024-06-27T16:40:45","guid":{"rendered":"https:\/\/www.hyflexpack.com\/?post_type=product&#038;p=4646"},"modified":"2025-11-04T09:10:35","modified_gmt":"2025-11-04T09:10:35","slug":"custom-zipper-fruit-bag","status":"publish","type":"product","link":"https:\/\/www.hyflexpack.com\/es\/product\/custom-zipper-fruit-bag\/","title":{"rendered":"Bolsa de fruta con cremallera personalizada con orificios de ventilaci\u00f3n para el envasado de fruta fresca"},"content":{"rendered":"<div class=\"wp-block-columns is-layout-flex wp-container-core-columns-is-layout-9d6595d7 wp-block-columns-is-layout-flex\">\n<div class=\"wp-block-column is-layout-flow wp-block-column-is-layout-flow\">\n<h3 class=\"wp-block-heading\">Caracter\u00edsticas de la bolsa de fruta Ziplock de alta calidad<\/h3>\n\n\n\n<ul class=\"wp-block-list\">\n<li>Cierre de cremallera: Equipado con una c\u00f3moda cremallera, f\u00e1cil de abrir y volver a cerrar para garantizar la frescura de las frutas.<\/li>\n<\/ul>\n\n\n\n<p><\/p>\n\n\n\n<ul class=\"wp-block-list\">\n<li>Dise\u00f1o con orificios de ventilaci\u00f3n: La bolsa de fruta est\u00e1 equipada con orificios de ventilaci\u00f3n para ayudar a mantener las frutas ventiladas y frescas, evitando la acumulaci\u00f3n de humedad.<\/li>\n<\/ul>\n\n\n\n<p><\/p>\n\n\n\n<ul class=\"wp-block-list\">\n<li>Gran transparencia: El dise\u00f1o transparente facilita mostrar la calidad y frescura de las frutas.<\/li>\n<\/ul>\n\n\n\n<p><\/p>\n\n\n\n<ul class=\"wp-block-list\">\n<li>Material duradero: Hecho de material pl\u00e1stico de alta calidad, duradero y a prueba de humedad para garantizar que la fruta se mantenga fresca durante mucho tiempo.<\/li>\n<\/ul>\n\n\n\n<p><\/p>\n\n\n\n<ul class=\"wp-block-list\">\n<li>Dise\u00f1o autoportante: la bolsa puede sostenerse por s\u00ed sola, lo que resulta pr\u00e1ctico para exponerla en estanter\u00edas y almacenarla, y mejora el efecto de exposici\u00f3n del producto.<\/li>\n<\/ul>\n\n\n\n<p><\/p>\n\n\n\n<ul class=\"wp-block-list\">\n<li>M\u00faltiples opciones de tama\u00f1o: Proporcione m\u00faltiples tama\u00f1os para satisfacer diferentes necesidades de envasado.<\/li>\n<\/ul>\n\n\n\n<p><\/p>\n\n\n\n<ul class=\"wp-block-list\">\n<li>Seguridad medioambiental: material de calidad alimentaria, seguro y no t\u00f3xico, respetuoso con el medio ambiente y reciclable.<\/li>\n<\/ul>\n<\/div>\n\n\n\n<div class=\"wp-block-column is-layout-flow wp-block-column-is-layout-flow\">\n<figure class=\"wp-block-image size-full\"><img fetchpriority=\"high\" decoding=\"async\" width=\"750\" height=\"750\" src=\"https:\/\/www.hyflexpack.com\/wp-content\/uploads\/2024\/06\/Fruit-Bags-Wholesale-1.webp\" alt=\"Bolsa de fruta personalizada\" class=\"wp-image-4640\" srcset=\"https:\/\/www.hyflexpack.com\/wp-content\/uploads\/2024\/06\/Fruit-Bags-Wholesale-1.webp 750w, https:\/\/www.hyflexpack.com\/wp-content\/uploads\/2024\/06\/Fruit-Bags-Wholesale-1-300x300.webp 300w, https:\/\/www.hyflexpack.com\/wp-content\/uploads\/2024\/06\/Fruit-Bags-Wholesale-1-150x150.webp 150w, https:\/\/www.hyflexpack.com\/wp-content\/uploads\/2024\/06\/Fruit-Bags-Wholesale-1-12x12.webp 12w, https:\/\/www.hyflexpack.com\/wp-content\/uploads\/2024\/06\/Fruit-Bags-Wholesale-1-285x285.webp 285w, https:\/\/www.hyflexpack.com\/wp-content\/uploads\/2024\/06\/Fruit-Bags-Wholesale-1-270x270.webp 270w, https:\/\/www.hyflexpack.com\/wp-content\/uploads\/2024\/06\/Fruit-Bags-Wholesale-1-540x540.webp 540w, https:\/\/www.hyflexpack.com\/wp-content\/uploads\/2024\/06\/Fruit-Bags-Wholesale-1-660x660.webp 660w\" sizes=\"(max-width: 750px) 100vw, 750px\" \/><\/figure>\n<\/div>\n<\/div>","protected":false},"excerpt":{"rendered":"<p>Descubra esta bolsa de envasado de fruta fabricada en material transparente y de alta calidad, con orificios de ventilaci\u00f3n dise\u00f1ados para garantizar que las frutas se mantengan frescas durante mucho tiempo. Cons\u00faltenos para obtener muestras gratuitas.<\/p>\n<h3>Ventajas del proveedor de bolsas ziploc para fruta<\/h3>\n<ul>\n<li><strong>Dise\u00f1o personalizado<\/strong>: Proporcionamos un servicio de dise\u00f1o personalizado de bolsas de pl\u00e1stico para frutas, incluyendo el material, el tama\u00f1o y la personalizaci\u00f3n del patr\u00f3n de impresi\u00f3n para satisfacer las necesidades del cliente, y apoyamos OEM y ODM.<\/li>\n<li><strong>Fabricaci\u00f3n<\/strong>: Con equipos y tecnolog\u00eda avanzados, podemos completar la producci\u00f3n de la orden con alta eficiencia y alta calidad, y puede entregar a tiempo.<\/li>\n<li><strong>Inspecci\u00f3n de calidad<\/strong>: Seguir estrictamente las normas de calidad y los requisitos de seguridad alimentaria para la producci\u00f3n, a fin de garantizar que los productos cumplen las normas.<\/li>\n<li><strong>Atenci\u00f3n al cliente<\/strong>: 24 horas para ofrecer una respuesta r\u00e1pida y un esmerado servicio de atenci\u00f3n al cliente.<\/li>\n<li><strong>Muestra gratuita<\/strong>\uff1a Proporcionar servicio de muestra gratuita para que pueda evaluar los productos.<\/li>\n<\/ul>\n<p>Huiyang Packaging se compromete a proporcionar a sus clientes bolsas de fruta personalizadas de alta calidad para ayudarles a mejorar la imagen de sus productos y aumentar su competitividad en el mercado.<\/p>","protected":false},"featured_media":4640,"comment_status":"open","ping_status":"closed","template":"","meta":[],"product_brand":[],"product_cat":[51,106],"product_tag":[],"class_list":{"0":"post-4646","1":"product","2":"type-product","3":"status-publish","4":"has-post-thumbnail","6":"product_cat-custom-food-packaging-bags","7":"product_cat-vegetable-packaging-bags-wholesale","9":"first","10":"instock","11":"shipping-taxable","12":"product-type-simple"},"_links":{"self":[{"href":"https:\/\/www.hyflexpack.com\/es\/wp-json\/wp\/v2\/product\/4646","targetHints":{"allow":["GET"]}}],"collection":[{"href":"https:\/\/www.hyflexpack.com\/es\/wp-json\/wp\/v2\/product"}],"about":[{"href":"https:\/\/www.hyflexpack.com\/es\/wp-json\/wp\/v2\/types\/product"}],"replies":[{"embeddable":true,"href":"https:\/\/www.hyflexpack.com\/es\/wp-json\/wp\/v2\/comments?post=4646"}],"wp:featuredmedia":[{"embeddable":true,"href":"https:\/\/www.hyflexpack.com\/es\/wp-json\/wp\/v2\/media\/4640"}],"wp:attachment":[{"href":"https:\/\/www.hyflexpack.com\/es\/wp-json\/wp\/v2\/media?parent=4646"}],"wp:term":[{"taxonomy":"product_brand","embeddable":true,"href":"https:\/\/www.hyflexpack.com\/es\/wp-json\/wp\/v2\/product_brand?post=4646"},{"taxonomy":"product_cat","embeddable":true,"href":"https:\/\/www.hyflexpack.com\/es\/wp-json\/wp\/v2\/product_cat?post=4646"},{"taxonomy":"product_tag","embeddable":true,"href":"https:\/\/www.hyflexpack.com\/es\/wp-json\/wp\/v2\/product_tag?post=4646"}],"curies":[{"name":"wp","href":"https:\/\/api.w.org\/{rel}","templated":true}]}}