{"id":4629,"date":"2024-06-27T03:36:20","date_gmt":"2024-06-27T03:36:20","guid":{"rendered":"https:\/\/www.hyflexpack.com\/?post_type=product&#038;p=4629"},"modified":"2025-11-04T09:11:03","modified_gmt":"2025-11-04T09:11:03","slug":"custom-fruit-packaging-bag","status":"publish","type":"product","link":"https:\/\/www.hyflexpack.com\/es\/product\/custom-fruit-packaging-bag\/","title":{"rendered":"Bolsa para envasar fruta con asas y orificios de ventilaci\u00f3n"},"content":{"rendered":"<div class=\"wp-block-columns is-layout-flex wp-container-core-columns-is-layout-9d6595d7 wp-block-columns-is-layout-flex\">\n<div class=\"wp-block-column is-layout-flow wp-block-column-is-layout-flow\">\n<h3 class=\"wp-block-heading\">Caracter\u00edsticas de la bolsa para envasado de fruta de alta calidad<\/h3>\n\n\n\n<ul class=\"wp-block-list\">\n<li>C\u00f3modo dise\u00f1o con cremallera: Una bolsa de envasado de fruta con una cremallera f\u00e1cil de abrir y volver a cerrar, garantiza la frescura y seguridad de los alimentos.<\/li>\n<\/ul>\n\n\n\n<p><\/p>\n\n\n\n<ul class=\"wp-block-list\">\n<li>Dise\u00f1o de pie: La bolsa puede sostenerse por s\u00ed misma, exhibirse f\u00e1cilmente y almacenarse en el estante, mejorando el efecto de exhibici\u00f3n del producto.<\/li>\n<\/ul>\n\n\n\n<p><\/p>\n\n\n\n<ul class=\"wp-block-list\">\n<li>Asa de mano: Dise\u00f1ado con una c\u00f3moda asa de mano, f\u00e1cil de llevar para los consumidores.<\/li>\n<\/ul>\n\n\n\n<p><\/p>\n\n\n\n<ul class=\"wp-block-list\">\n<li>Dise\u00f1o con orificios de ventilaci\u00f3n: La bolsa tiene orificios de ventilaci\u00f3n para ayudar a mantener la fruta ventilada y fresca y evitar la acumulaci\u00f3n de humedad.<\/li>\n<\/ul>\n\n\n\n<p><\/p>\n\n\n\n<ul class=\"wp-block-list\">\n<li>M\u00faltiples opciones de tama\u00f1o: Proporcione una variedad de tama\u00f1os para satisfacer diferentes necesidades de envasado.<\/li>\n<\/ul>\n\n\n\n<p><\/p>\n\n\n\n<ul class=\"wp-block-list\">\n<li>Materiales de alta calidad: Fabricada con materiales de alta calidad para garantizar la durabilidad y la resistencia a la humedad de la bolsa.<\/li>\n<\/ul>\n<\/div>\n\n\n\n<div class=\"wp-block-column is-layout-flow wp-block-column-is-layout-flow\">\n<figure class=\"wp-block-image size-full\"><img fetchpriority=\"high\" decoding=\"async\" width=\"750\" height=\"750\" src=\"https:\/\/www.hyflexpack.com\/wp-content\/uploads\/2024\/06\/Custom-Fruit-Packaging-Bag-6.webp\" alt=\"Bolsas personalizadas para envasar fruta\" class=\"wp-image-4634\" srcset=\"https:\/\/www.hyflexpack.com\/wp-content\/uploads\/2024\/06\/Custom-Fruit-Packaging-Bag-6.webp 750w, https:\/\/www.hyflexpack.com\/wp-content\/uploads\/2024\/06\/Custom-Fruit-Packaging-Bag-6-300x300.webp 300w, https:\/\/www.hyflexpack.com\/wp-content\/uploads\/2024\/06\/Custom-Fruit-Packaging-Bag-6-150x150.webp 150w, https:\/\/www.hyflexpack.com\/wp-content\/uploads\/2024\/06\/Custom-Fruit-Packaging-Bag-6-12x12.webp 12w, https:\/\/www.hyflexpack.com\/wp-content\/uploads\/2024\/06\/Custom-Fruit-Packaging-Bag-6-285x285.webp 285w, https:\/\/www.hyflexpack.com\/wp-content\/uploads\/2024\/06\/Custom-Fruit-Packaging-Bag-6-270x270.webp 270w, https:\/\/www.hyflexpack.com\/wp-content\/uploads\/2024\/06\/Custom-Fruit-Packaging-Bag-6-540x540.webp 540w, https:\/\/www.hyflexpack.com\/wp-content\/uploads\/2024\/06\/Custom-Fruit-Packaging-Bag-6-660x660.webp 660w\" sizes=\"(max-width: 750px) 100vw, 750px\" \/><\/figure>\n<\/div>\n<\/div>","protected":false},"excerpt":{"rendered":"<p>Esta bolsa de envasado de fruta adopta un dise\u00f1o de cremallera, afirmando la frescura de la fruta, la estructura vertical es conveniente para mostrar, para adaptarse a diferentes necesidades, y materiales de alta calidad para garantizar la durabilidad y resistencia a la humedad, que es la soluci\u00f3n ideal para el envasado de verduras y frutas. P\u00f3ngase en contacto con nosotros para solicitar un presupuesto.<\/p>\n<h3>Ventajas del proveedor de bolsas para envasado de fruta<\/h3>\n<ul>\n<li><strong>Dise\u00f1o personalizado<\/strong>: Proporcionamos un servicio de dise\u00f1o personalizado de bolsas de embalaje de frutas, incluyendo el material, el tama\u00f1o y la personalizaci\u00f3n del patr\u00f3n de impresi\u00f3n para satisfacer las necesidades de los clientes, y apoyamos OEM y ODM.<\/li>\n<li><strong>Fabricaci\u00f3n<\/strong>: Con equipos y tecnolog\u00eda avanzados, podemos completar la producci\u00f3n de pedidos con alta eficiencia y alta calidad, y entregar a tiempo.<\/li>\n<li><strong>Inspecci\u00f3n de calidad<\/strong>: Siga estrictamente las normas de calidad y los requisitos de seguridad alimentaria para garantizar que los productos cumplen las normas.<\/li>\n<li><strong>Equipo de asistencia t\u00e9cnica<\/strong>: Nuestro equipo cuenta con una gran experiencia en el sector y conocimientos profesionales, y puede proporcionar asistencia t\u00e9cnica y servicio de consultor\u00eda las 24 horas del d\u00eda a nuestros clientes.<\/li>\n<li><strong>Muestra gratuita<\/strong>: Proporcionamos muestras gratuitas para que pueda evaluar los productos.<\/li>\n<\/ul>\n<p>Huiyang Packaging se compromete a proporcionar a los clientes bolsas de envasado de condimentos de frutas de alta calidad y personalizadas para ayudar a los clientes a mejorar la imagen de sus productos y mejorar la competitividad en el mercado.<\/p>","protected":false},"featured_media":4630,"comment_status":"open","ping_status":"closed","template":"","meta":[],"product_brand":[],"product_cat":[51,106],"product_tag":[],"class_list":{"0":"post-4629","1":"product","2":"type-product","3":"status-publish","4":"has-post-thumbnail","6":"product_cat-custom-food-packaging-bags","7":"product_cat-vegetable-packaging-bags-wholesale","9":"first","10":"instock","11":"shipping-taxable","12":"product-type-simple"},"_links":{"self":[{"href":"https:\/\/www.hyflexpack.com\/es\/wp-json\/wp\/v2\/product\/4629","targetHints":{"allow":["GET"]}}],"collection":[{"href":"https:\/\/www.hyflexpack.com\/es\/wp-json\/wp\/v2\/product"}],"about":[{"href":"https:\/\/www.hyflexpack.com\/es\/wp-json\/wp\/v2\/types\/product"}],"replies":[{"embeddable":true,"href":"https:\/\/www.hyflexpack.com\/es\/wp-json\/wp\/v2\/comments?post=4629"}],"wp:featuredmedia":[{"embeddable":true,"href":"https:\/\/www.hyflexpack.com\/es\/wp-json\/wp\/v2\/media\/4630"}],"wp:attachment":[{"href":"https:\/\/www.hyflexpack.com\/es\/wp-json\/wp\/v2\/media?parent=4629"}],"wp:term":[{"taxonomy":"product_brand","embeddable":true,"href":"https:\/\/www.hyflexpack.com\/es\/wp-json\/wp\/v2\/product_brand?post=4629"},{"taxonomy":"product_cat","embeddable":true,"href":"https:\/\/www.hyflexpack.com\/es\/wp-json\/wp\/v2\/product_cat?post=4629"},{"taxonomy":"product_tag","embeddable":true,"href":"https:\/\/www.hyflexpack.com\/es\/wp-json\/wp\/v2\/product_tag?post=4629"}],"curies":[{"name":"wp","href":"https:\/\/api.w.org\/{rel}","templated":true}]}}