{"id":4609,"date":"2024-06-22T07:00:07","date_gmt":"2024-06-22T07:00:07","guid":{"rendered":"https:\/\/www.hyflexpack.com\/?post_type=product&#038;p=4609"},"modified":"2024-06-22T07:00:09","modified_gmt":"2024-06-22T07:00:09","slug":"factory-price-liquid-pouch","status":"publish","type":"product","link":"https:\/\/www.hyflexpack.com\/es\/product\/factory-price-liquid-pouch\/","title":{"rendered":"Precio de f\u00e1brica l\u00edquido bolsa 1L pico detergente para la ropa de impresi\u00f3n de envases Stand-Up bolsa"},"content":{"rendered":"<div class=\"wp-block-columns is-layout-flex wp-container-core-columns-is-layout-9d6595d7 wp-block-columns-is-layout-flex\">\n<div class=\"wp-block-column is-layout-flow wp-block-column-is-layout-flow\">\n<h2 class=\"wp-block-heading\">Caracter\u00edsticas de la bolsa para l\u00edquidos de alta calidad<\/h2>\n\n\n\n<p><\/p>\n\n\n\n<ul class=\"wp-block-list\">\n<li>Capacidad de 1 litro: Amplia capacidad adecuada para almacenar 1 litro de detergente l\u00edquido para ropa, proporcionando comodidad y valor para los consumidores.<\/li>\n<\/ul>\n\n\n\n<p><\/p>\n\n\n\n<ul class=\"wp-block-list\">\n<li>Impresi\u00f3n: Las opciones de impresi\u00f3n personalizables est\u00e1n disponibles para la marca, la informaci\u00f3n del producto y dise\u00f1os atractivos, mejorando el atractivo de los estantes.<\/li>\n<\/ul>\n\n\n\n<p><\/p>\n\n\n\n<ul class=\"wp-block-list\">\n<li>Dise\u00f1o de boquilla: Cuenta con un c\u00f3modo pico para verter f\u00e1cilmente y dispensar con precisi\u00f3n, minimizando los derrames y garantizando la comodidad del usuario.<\/li>\n<\/ul>\n\n\n\n<p><\/p>\n\n\n\n<ul class=\"wp-block-list\">\n<li>Envasado vertical: El innovador dise\u00f1o vertical permite que la bolsa permanezca estable y en posici\u00f3n vertical en los estantes, maximizando la visibilidad en el punto de venta.<\/li>\n<\/ul>\n\n\n\n<p><\/p>\n\n\n\n<ul class=\"wp-block-list\">\n<li>Protecci\u00f3n de barrera: Proporciona excelentes propiedades de barrera contra la humedad, el ox\u00edgeno y la luz, preservando la calidad y frescura del detergente.<\/li>\n<\/ul>\n\n\n\n<p><\/p>\n\n\n\n<ul class=\"wp-block-list\">\n<li>Respetuoso con el medio ambiente: La bolsa para l\u00edquidos est\u00e1 fabricada con materiales que favorecen la sostenibilidad medioambiental, como opciones reciclables o biodegradables.<\/li>\n<\/ul>\n\n\n\n<p><\/p>\n\n\n\n<ul class=\"wp-block-list\">\n<li>Uso vers\u00e1til: Adecuado no s\u00f3lo para detergente l\u00edquido para ropa, sino tambi\u00e9n para otros productos l\u00edquidos como soluciones de limpieza o bebidas.<\/li>\n<\/ul>\n<\/div>\n\n\n\n<div class=\"wp-block-column is-layout-flow wp-block-column-is-layout-flow\">\n<figure class=\"wp-block-image size-full\"><img fetchpriority=\"high\" decoding=\"async\" width=\"750\" height=\"750\" src=\"https:\/\/www.hyflexpack.com\/wp-content\/uploads\/2024\/06\/Factory-Price-Liquid-Pouch-7.webp\" alt=\"Precio de f\u00e1brica Bolsa para l\u00edquidos\" class=\"wp-image-4616\" srcset=\"https:\/\/www.hyflexpack.com\/wp-content\/uploads\/2024\/06\/Factory-Price-Liquid-Pouch-7.webp 750w, https:\/\/www.hyflexpack.com\/wp-content\/uploads\/2024\/06\/Factory-Price-Liquid-Pouch-7-300x300.webp 300w, https:\/\/www.hyflexpack.com\/wp-content\/uploads\/2024\/06\/Factory-Price-Liquid-Pouch-7-150x150.webp 150w, https:\/\/www.hyflexpack.com\/wp-content\/uploads\/2024\/06\/Factory-Price-Liquid-Pouch-7-12x12.webp 12w, https:\/\/www.hyflexpack.com\/wp-content\/uploads\/2024\/06\/Factory-Price-Liquid-Pouch-7-285x285.webp 285w, https:\/\/www.hyflexpack.com\/wp-content\/uploads\/2024\/06\/Factory-Price-Liquid-Pouch-7-270x270.webp 270w, https:\/\/www.hyflexpack.com\/wp-content\/uploads\/2024\/06\/Factory-Price-Liquid-Pouch-7-540x540.webp 540w, https:\/\/www.hyflexpack.com\/wp-content\/uploads\/2024\/06\/Factory-Price-Liquid-Pouch-7-660x660.webp 660w\" sizes=\"(max-width: 750px) 100vw, 750px\" \/><\/figure>\n<\/div>\n<\/div>","protected":false},"excerpt":{"rendered":"<p>Nuestra bolsa para detergente l\u00edquido de 1 litro se ha convertido en la opci\u00f3n ideal para las marcas que buscan una soluci\u00f3n de envasado eficaz y respetuosa con el medio ambiente que mejore el atractivo del producto y la comodidad del consumidor. No dude en consultarnos.<\/p>\n<h3>Ventajas del proveedor de bolsas para l\u00edquidos<\/h3>\n<ul>\n<li><strong>Dise\u00f1o personalizado<\/strong>: Ofrecemos un servicio de dise\u00f1o personalizado de bolsas para l\u00edquidos, que incluye la personalizaci\u00f3n del material, el tama\u00f1o y el patr\u00f3n de impresi\u00f3n para satisfacer las necesidades de los clientes, y admitimos OEM y ODM.<\/li>\n<li><strong>Fabricaci\u00f3n<\/strong>: Con equipos y tecnolog\u00eda avanzados, podemos completar los pedidos con alta eficiencia y alta calidad, y entregar a tiempo.<\/li>\n<li><strong>Inspecci\u00f3n de calidad<\/strong>: Siga estrictamente las normas de calidad y los requisitos de seguridad alimentaria para garantizar que los productos cumplen las normas.<\/li>\n<li><strong>Equipo de asistencia t\u00e9cnica<\/strong>: Nuestro equipo cuenta con una gran experiencia en el sector y conocimientos profesionales, y puede proporcionar asistencia t\u00e9cnica y servicio de consultor\u00eda las 24 horas del d\u00eda a nuestros clientes.<\/li>\n<li><strong>Muestra gratuita<\/strong>: Proporcionamos muestras gratuitas para que pueda evaluar los productos.<\/li>\n<\/ul>\n<p>Huiyang Packaging se compromete a proporcionar a los clientes bolsas de envasado de detergente para ropa de alta calidad y personalizadas para ayudar a los clientes a mejorar la imagen de sus productos y mejorar la competitividad en el mercado.<\/p>\n<p>&nbsp;<\/p>","protected":false},"featured_media":4610,"comment_status":"open","ping_status":"closed","template":"","meta":[],"product_brand":[],"product_cat":[52],"product_tag":[],"class_list":{"0":"post-4609","1":"product","2":"type-product","3":"status-publish","4":"has-post-thumbnail","6":"product_cat-custom-daily-chemical-packaging","8":"first","9":"instock","10":"shipping-taxable","11":"product-type-simple"},"_links":{"self":[{"href":"https:\/\/www.hyflexpack.com\/es\/wp-json\/wp\/v2\/product\/4609","targetHints":{"allow":["GET"]}}],"collection":[{"href":"https:\/\/www.hyflexpack.com\/es\/wp-json\/wp\/v2\/product"}],"about":[{"href":"https:\/\/www.hyflexpack.com\/es\/wp-json\/wp\/v2\/types\/product"}],"replies":[{"embeddable":true,"href":"https:\/\/www.hyflexpack.com\/es\/wp-json\/wp\/v2\/comments?post=4609"}],"wp:featuredmedia":[{"embeddable":true,"href":"https:\/\/www.hyflexpack.com\/es\/wp-json\/wp\/v2\/media\/4610"}],"wp:attachment":[{"href":"https:\/\/www.hyflexpack.com\/es\/wp-json\/wp\/v2\/media?parent=4609"}],"wp:term":[{"taxonomy":"product_brand","embeddable":true,"href":"https:\/\/www.hyflexpack.com\/es\/wp-json\/wp\/v2\/product_brand?post=4609"},{"taxonomy":"product_cat","embeddable":true,"href":"https:\/\/www.hyflexpack.com\/es\/wp-json\/wp\/v2\/product_cat?post=4609"},{"taxonomy":"product_tag","embeddable":true,"href":"https:\/\/www.hyflexpack.com\/es\/wp-json\/wp\/v2\/product_tag?post=4609"}],"curies":[{"name":"wp","href":"https:\/\/api.w.org\/{rel}","templated":true}]}}