{"id":4579,"date":"2024-06-21T16:24:35","date_gmt":"2024-06-21T16:24:35","guid":{"rendered":"https:\/\/www.hyflexpack.com\/?post_type=product&#038;p=4579"},"modified":"2024-06-21T16:24:37","modified_gmt":"2024-06-21T16:24:37","slug":"best-condiment-packaging-wholesale","status":"publish","type":"product","link":"https:\/\/www.hyflexpack.com\/es\/product\/best-condiment-packaging-wholesale\/","title":{"rendered":"Envasado de Condimentos al por mayor Cerveza Batido Cremallera Stand Up Bolsas de Barrera"},"content":{"rendered":"<div class=\"wp-block-columns is-layout-flex wp-container-core-columns-is-layout-9d6595d7 wp-block-columns-is-layout-flex\">\n<div class=\"wp-block-column is-layout-flow wp-block-column-is-layout-flow\">\n<h3 class=\"wp-block-heading\">Caracter\u00edsticas de los envases de condimentos de alta calidad<\/h3>\n\n\n\n<ul class=\"wp-block-list\">\n<li>Protecci\u00f3n de barrera de primera calidad: envases para condimentos Fabricados con material de barrera de primera calidad para garantizar una frescura prolongada y protecci\u00f3n contra la humedad y el viento.<\/li>\n<\/ul>\n\n\n\n<p><\/p>\n\n\n\n<ul class=\"wp-block-list\">\n<li>C\u00f3modo dise\u00f1o de pie: Innovador dise\u00f1o de bolsa de pie con cierre de cremallera que permite un f\u00e1cil almacenamiento, vertido y resellado para mayor comodidad.<\/li>\n<\/ul>\n\n\n\n<p><\/p>\n\n\n\n<ul class=\"wp-block-list\">\n<li>Sellado excepcional: Proporciona un sellado excelente para mantener la integridad y frescura del producto, conservando condimentos como la masa de cerveza seguros y sabrosos.<\/li>\n<\/ul>\n\n\n\n<p><\/p>\n\n\n\n<ul class=\"wp-block-list\">\n<li>Impresi\u00f3n personalizable: Permite opciones de impresi\u00f3n personalizadas para mostrar logotipos de marcas, informaci\u00f3n de productos y dise\u00f1os atractivos para mejorar el atractivo en los estantes.<\/li>\n<\/ul>\n\n\n\n<p><\/p>\n\n\n\n<ul class=\"wp-block-list\">\n<li>Respetuoso con el medio ambiente: Fabricado con materiales ecol\u00f3gicos para respaldar las opciones de envasado sostenible a la vez que se cumplen las normas medioambientales.<\/li>\n<\/ul>\n<\/div>\n\n\n\n<div class=\"wp-block-column is-layout-flow wp-block-column-is-layout-flow\">\n<figure class=\"wp-block-image size-full\"><img fetchpriority=\"high\" decoding=\"async\" width=\"750\" height=\"750\" src=\"https:\/\/www.hyflexpack.com\/wp-content\/uploads\/2024\/06\/Condiment-Packaging-Wholesale-2.webp\" alt=\"Envasado de condimentos al por mayor\" class=\"wp-image-4581\" srcset=\"https:\/\/www.hyflexpack.com\/wp-content\/uploads\/2024\/06\/Condiment-Packaging-Wholesale-2.webp 750w, https:\/\/www.hyflexpack.com\/wp-content\/uploads\/2024\/06\/Condiment-Packaging-Wholesale-2-300x300.webp 300w, https:\/\/www.hyflexpack.com\/wp-content\/uploads\/2024\/06\/Condiment-Packaging-Wholesale-2-150x150.webp 150w, https:\/\/www.hyflexpack.com\/wp-content\/uploads\/2024\/06\/Condiment-Packaging-Wholesale-2-12x12.webp 12w, https:\/\/www.hyflexpack.com\/wp-content\/uploads\/2024\/06\/Condiment-Packaging-Wholesale-2-285x285.webp 285w, https:\/\/www.hyflexpack.com\/wp-content\/uploads\/2024\/06\/Condiment-Packaging-Wholesale-2-270x270.webp 270w, https:\/\/www.hyflexpack.com\/wp-content\/uploads\/2024\/06\/Condiment-Packaging-Wholesale-2-540x540.webp 540w, https:\/\/www.hyflexpack.com\/wp-content\/uploads\/2024\/06\/Condiment-Packaging-Wholesale-2-660x660.webp 660w\" sizes=\"(max-width: 750px) 100vw, 750px\" \/><\/figure>\n<\/div>\n<\/div>","protected":false},"excerpt":{"rendered":"<p>Descubra nuestras bolsas barrera stand-up de alta calidad para el envasado de condimentos, que combinan un dise\u00f1o innovador y un rendimiento superior de sellado contra la humedad para preservar la frescura de su producto y a\u00f1adir valor a su imagen de marca, \u00a1p\u00f3ngase en contacto con nosotros hoy mismo!<\/p>\n<h3>Ventajas del proveedor de envases para condimentos<\/h3>\n<ul>\n<li><strong>Dise\u00f1o personalizado<\/strong>: Ofrecemos un servicio de dise\u00f1o personalizado de bolsas de envasado de condimentos, incluyendo el material, el tama\u00f1o y la personalizaci\u00f3n del patr\u00f3n de impresi\u00f3n para satisfacer las necesidades de los clientes, y apoyamos OEM y ODM.<\/li>\n<li><strong>Fabricaci\u00f3n<\/strong>: Con equipos y tecnolog\u00eda avanzados, podemos completar la producci\u00f3n de pedidos con alta eficiencia y alta calidad, y entregar a tiempo.<\/li>\n<li><strong>Inspecci\u00f3n de calidad<\/strong>: Siga estrictamente las normas de calidad y los requisitos de seguridad alimentaria para garantizar que los productos cumplen las normas.<\/li>\n<li><strong>Equipo de asistencia t\u00e9cnica<\/strong>: Nuestro equipo cuenta con una gran experiencia en el sector y conocimientos profesionales, y puede proporcionar asistencia t\u00e9cnica y servicio de consultor\u00eda las 24 horas del d\u00eda a nuestros clientes.<\/li>\n<li><strong>Muestra gratuita<\/strong>: Proporcionamos muestras gratuitas para que pueda evaluar los productos.<\/li>\n<\/ul>\n<p>Huiyang Packaging se compromete a proporcionar a los clientes bolsas de envasado de condimentos de alta calidad y personalizadas para ayudar a los clientes a mejorar la imagen de sus productos y mejorar la competitividad en el mercado.<\/p>","protected":false},"featured_media":4585,"comment_status":"open","ping_status":"closed","template":"","meta":[],"product_brand":[],"product_cat":[51],"product_tag":[],"class_list":{"0":"post-4579","1":"product","2":"type-product","3":"status-publish","4":"has-post-thumbnail","6":"product_cat-custom-food-packaging-bags","8":"first","9":"instock","10":"shipping-taxable","11":"product-type-simple"},"_links":{"self":[{"href":"https:\/\/www.hyflexpack.com\/es\/wp-json\/wp\/v2\/product\/4579","targetHints":{"allow":["GET"]}}],"collection":[{"href":"https:\/\/www.hyflexpack.com\/es\/wp-json\/wp\/v2\/product"}],"about":[{"href":"https:\/\/www.hyflexpack.com\/es\/wp-json\/wp\/v2\/types\/product"}],"replies":[{"embeddable":true,"href":"https:\/\/www.hyflexpack.com\/es\/wp-json\/wp\/v2\/comments?post=4579"}],"wp:featuredmedia":[{"embeddable":true,"href":"https:\/\/www.hyflexpack.com\/es\/wp-json\/wp\/v2\/media\/4585"}],"wp:attachment":[{"href":"https:\/\/www.hyflexpack.com\/es\/wp-json\/wp\/v2\/media?parent=4579"}],"wp:term":[{"taxonomy":"product_brand","embeddable":true,"href":"https:\/\/www.hyflexpack.com\/es\/wp-json\/wp\/v2\/product_brand?post=4579"},{"taxonomy":"product_cat","embeddable":true,"href":"https:\/\/www.hyflexpack.com\/es\/wp-json\/wp\/v2\/product_cat?post=4579"},{"taxonomy":"product_tag","embeddable":true,"href":"https:\/\/www.hyflexpack.com\/es\/wp-json\/wp\/v2\/product_tag?post=4579"}],"curies":[{"name":"wp","href":"https:\/\/api.w.org\/{rel}","templated":true}]}}