{"id":4555,"date":"2024-06-19T07:22:40","date_gmt":"2024-06-19T07:22:40","guid":{"rendered":"https:\/\/www.hyflexpack.com\/?post_type=product&#038;p=4555"},"modified":"2025-10-23T08:55:39","modified_gmt":"2025-10-23T08:55:39","slug":"oem-odm-sauce-packaging-bag","status":"publish","type":"product","link":"https:\/\/www.hyflexpack.com\/es\/product\/oem-odm-sauce-packaging-bag\/","title":{"rendered":"OEM\/ODM Bolsas para Salsas,Bolsas para condimentos,Bolsas de pl\u00e1stico para alimentos"},"content":{"rendered":"<div class=\"wp-block-columns is-layout-flex wp-container-core-columns-is-layout-9d6595d7 wp-block-columns-is-layout-flex\">\n<div class=\"wp-block-column is-layout-flow wp-block-column-is-layout-flow\">\n<h3 class=\"wp-block-heading\">Caracter\u00edsticas de la bolsa para envasar salsa de alta calidad<\/h3>\n\n\n\n<ul class=\"wp-block-list\">\n<li><strong>Material de calidad alimentaria<\/strong>: El material utilizado para el envasado de salsas es de alta calidad alimentaria, con alta barrera y resistencia a altas temperaturas -la m\u00e1xima puede ser de hasta 135 grados- para garantizar la seguridad y la higiene, cumpliendo la norma internacional de envasado de alimentos.<\/li>\n<\/ul>\n\n\n\n<p><\/p>\n\n\n\n<ul class=\"wp-block-list\">\n<li><strong>Dise\u00f1o a prueba de fugas<\/strong>: Dise\u00f1o \u00fanico a prueba de fugas, que mantiene la salsa en el interior y permite un transporte y almacenamiento seguros.<\/li>\n<\/ul>\n\n\n\n<p><\/p>\n\n\n\n<ul class=\"wp-block-list\">\n<li><strong>Tecnolog\u00eda de conservaci\u00f3n<\/strong>: La avanzada tecnolog\u00eda de sellado prolonga la vida \u00fatil de la salsa manteniendo su sabor y aroma frescos.<\/li>\n<\/ul>\n\n\n\n<p><\/p>\n\n\n\n<ul class=\"wp-block-list\">\n<li><strong>M\u00faltiples opciones de capacidad<\/strong>: Las m\u00faltiples opciones de capacidad pueden adaptarse a las necesidades de cada uno, desde el uso dom\u00e9stico hasta el comercial.<\/li>\n<\/ul>\n\n\n\n<p><\/p>\n\n\n\n<ul class=\"wp-block-list\">\n<li><strong>F\u00e1cil de usar<\/strong>: Envase para salsas provisto de un rasg\u00f3n que facilita su uso para cocinar r\u00e1pida y c\u00f3modamente en casa o en un servicio de catering.<\/li>\n<\/ul>\n<\/div>\n\n\n\n<div class=\"wp-block-column is-layout-flow wp-block-column-is-layout-flow\">\n<figure class=\"wp-block-image size-full\"><img fetchpriority=\"high\" decoding=\"async\" width=\"750\" height=\"750\" src=\"https:\/\/www.hyflexpack.com\/wp-content\/uploads\/2024\/06\/OEMODM-Sauce-Packaging-Bag-1.webp\" alt=\"OEMODM Bolsa para el envasado de salsas\" class=\"wp-image-4556\" srcset=\"https:\/\/www.hyflexpack.com\/wp-content\/uploads\/2024\/06\/OEMODM-Sauce-Packaging-Bag-1.webp 750w, https:\/\/www.hyflexpack.com\/wp-content\/uploads\/2024\/06\/OEMODM-Sauce-Packaging-Bag-1-300x300.webp 300w, https:\/\/www.hyflexpack.com\/wp-content\/uploads\/2024\/06\/OEMODM-Sauce-Packaging-Bag-1-150x150.webp 150w, https:\/\/www.hyflexpack.com\/wp-content\/uploads\/2024\/06\/OEMODM-Sauce-Packaging-Bag-1-12x12.webp 12w, https:\/\/www.hyflexpack.com\/wp-content\/uploads\/2024\/06\/OEMODM-Sauce-Packaging-Bag-1-285x285.webp 285w, https:\/\/www.hyflexpack.com\/wp-content\/uploads\/2024\/06\/OEMODM-Sauce-Packaging-Bag-1-270x270.webp 270w, https:\/\/www.hyflexpack.com\/wp-content\/uploads\/2024\/06\/OEMODM-Sauce-Packaging-Bag-1-540x540.webp 540w, https:\/\/www.hyflexpack.com\/wp-content\/uploads\/2024\/06\/OEMODM-Sauce-Packaging-Bag-1-660x660.webp 660w\" sizes=\"(max-width: 750px) 100vw, 750px\" \/><\/figure>\n<\/div>\n<\/div>\n\n\n\n<h2 class=\"wp-block-heading\">Estructura de envasado de salsas y condimentos<\/h2>\n\n\n\n<p><\/p>\n\n\n\n<p><strong>Estructura de doble capa<\/strong><\/p>\n\n\n\n<ul class=\"wp-block-list\">\n<li>PET\/PE: adecuado para el envasado ordinario de salsas, con buena transparencia y resistencia a la humedad.<\/li>\n\n\n\n<li>BOPP\/PE: adecuado para salsas ligeras, menor coste.<\/li>\n<\/ul>\n\n\n\n<p><strong>Estructura de tres capas<\/strong><\/p>\n\n\n\n<ul class=\"wp-block-list\">\n<li>PET\/AL\/PE: Adecuado para salsas ligeras y sensibles al ox\u00edgeno, como salsas de chile y mermeladas, proporcionando excelentes propiedades de barrera.<\/li>\n\n\n\n<li>PET\/PA\/PE: Adecuado para envasar salsas que requieren resistencia a la perforaci\u00f3n, por ejemplo, salsas con gr\u00e1nulos, proporcionando una excelente resistencia a la perforaci\u00f3n.<\/li>\n\n\n\n<li>BOPP\/CPP\/PE: Para salsas rellenas en caliente, con cierto grado de resistencia al calor.<\/li>\n<\/ul>\n\n\n\n<p><strong>Estructura de cuatro capas<\/strong><\/p>\n\n\n\n<ul class=\"wp-block-list\">\n<li>PET\/AL\/PA\/PE: Muy utilizado en el envasado de salsas de alta calidad, con un rendimiento de barrera y una resistencia \u00f3ptimos, adecuado para la conservaci\u00f3n a largo plazo.<\/li>\n<\/ul>\n\n\n\n<p><\/p>\n\n\n\n<div class=\"wp-block-columns is-layout-flex wp-container-core-columns-is-layout-9d6595d7 wp-block-columns-is-layout-flex\">\n<div class=\"wp-block-column is-layout-flow wp-block-column-is-layout-flow\" style=\"flex-basis:100%\">\n<h2 class=\"wp-block-heading has-text-align-left\">3 soluciones comunes de envasado de salsas y condimentos<\/h2>\n<\/div>\n<\/div>\n\n\n\n<p>Las soluciones de envasado de salsas y condimentos incluyen bolsas con boquilla para verter y volver a cerrar con precisi\u00f3n, sobres de un solo uso para controlar las porciones y aumentar la comodidad, y tarros o botellas con cierre dise\u00f1ados para conservar la frescura y garantizar un almacenamiento eficaz.<\/p>\n\n\n\n<div class=\"wp-block-columns is-layout-flex wp-container-core-columns-is-layout-9d6595d7 wp-block-columns-is-layout-flex\">\n<div class=\"wp-block-column is-layout-flow wp-block-column-is-layout-flow\">\n<figure class=\"wp-block-image size-full\"><img decoding=\"async\" width=\"750\" height=\"750\" src=\"https:\/\/www.hyflexpack.com\/wp-content\/uploads\/2024\/10\/Food-Packaging-Supplies-\uff082\uff09.webp\" alt=\"Envasado de salsas a medida al por mayor\" class=\"wp-image-5550\" srcset=\"https:\/\/www.hyflexpack.com\/wp-content\/uploads\/2024\/10\/Food-Packaging-Supplies-\uff082\uff09.webp 750w, https:\/\/www.hyflexpack.com\/wp-content\/uploads\/2024\/10\/Food-Packaging-Supplies-\uff082\uff09-300x300.webp 300w, https:\/\/www.hyflexpack.com\/wp-content\/uploads\/2024\/10\/Food-Packaging-Supplies-\uff082\uff09-150x150.webp 150w, https:\/\/www.hyflexpack.com\/wp-content\/uploads\/2024\/10\/Food-Packaging-Supplies-\uff082\uff09-12x12.webp 12w, https:\/\/www.hyflexpack.com\/wp-content\/uploads\/2024\/10\/Food-Packaging-Supplies-\uff082\uff09-285x285.webp 285w, https:\/\/www.hyflexpack.com\/wp-content\/uploads\/2024\/10\/Food-Packaging-Supplies-\uff082\uff09-270x270.webp 270w, https:\/\/www.hyflexpack.com\/wp-content\/uploads\/2024\/10\/Food-Packaging-Supplies-\uff082\uff09-540x540.webp 540w, https:\/\/www.hyflexpack.com\/wp-content\/uploads\/2024\/10\/Food-Packaging-Supplies-\uff082\uff09-660x660.webp 660w\" sizes=\"(max-width: 750px) 100vw, 750px\" \/><\/figure>\n\n\n\n<h4 class=\"wp-block-heading has-text-align-center\">Bolsa Stand Up<\/h4>\n\n\n\n<p>Muy utilizado para el ketchup, los ali\u00f1os para ensaladas y los aceites de cocina para minimizar los derrames.<\/p>\n<\/div>\n\n\n\n<div class=\"wp-block-column is-layout-flow wp-block-column-is-layout-flow\">\n<figure class=\"wp-block-image size-full\"><img decoding=\"async\" width=\"750\" height=\"750\" src=\"https:\/\/www.hyflexpack.com\/wp-content\/uploads\/2024\/06\/Wholesale-Retort-Pouches-2.webp\" alt=\"Bolsas Retort al por mayor\" class=\"wp-image-4601\" srcset=\"https:\/\/www.hyflexpack.com\/wp-content\/uploads\/2024\/06\/Wholesale-Retort-Pouches-2.webp 750w, https:\/\/www.hyflexpack.com\/wp-content\/uploads\/2024\/06\/Wholesale-Retort-Pouches-2-300x300.webp 300w, https:\/\/www.hyflexpack.com\/wp-content\/uploads\/2024\/06\/Wholesale-Retort-Pouches-2-150x150.webp 150w, https:\/\/www.hyflexpack.com\/wp-content\/uploads\/2024\/06\/Wholesale-Retort-Pouches-2-12x12.webp 12w, https:\/\/www.hyflexpack.com\/wp-content\/uploads\/2024\/06\/Wholesale-Retort-Pouches-2-285x285.webp 285w, https:\/\/www.hyflexpack.com\/wp-content\/uploads\/2024\/06\/Wholesale-Retort-Pouches-2-270x270.webp 270w, https:\/\/www.hyflexpack.com\/wp-content\/uploads\/2024\/06\/Wholesale-Retort-Pouches-2-540x540.webp 540w, https:\/\/www.hyflexpack.com\/wp-content\/uploads\/2024\/06\/Wholesale-Retort-Pouches-2-660x660.webp 660w\" sizes=\"(max-width: 750px) 100vw, 750px\" \/><\/figure>\n\n\n\n<h4 class=\"wp-block-heading has-text-align-center\">Bolsa de cierre trilateral<\/h4>\n\n\n\n<p>Ideal para mayonesa, mostaza o salsa picante de un solo uso para acompa\u00f1ar las comidas. Compacto e higi\u00e9nico, proporciona porciones de tama\u00f1o controlado.<\/p>\n<\/div>\n\n\n\n<div class=\"wp-block-column is-layout-flow wp-block-column-is-layout-flow\">\n<figure class=\"wp-block-image size-full\"><img loading=\"lazy\" decoding=\"async\" width=\"750\" height=\"750\" src=\"https:\/\/www.hyflexpack.com\/wp-content\/uploads\/2024\/06\/Condiment-Packaging-Wholesale-9.webp\" alt=\"Envasado de condimentos al por mayor\" class=\"wp-image-4587\" srcset=\"https:\/\/www.hyflexpack.com\/wp-content\/uploads\/2024\/06\/Condiment-Packaging-Wholesale-9.webp 750w, https:\/\/www.hyflexpack.com\/wp-content\/uploads\/2024\/06\/Condiment-Packaging-Wholesale-9-300x300.webp 300w, https:\/\/www.hyflexpack.com\/wp-content\/uploads\/2024\/06\/Condiment-Packaging-Wholesale-9-150x150.webp 150w, https:\/\/www.hyflexpack.com\/wp-content\/uploads\/2024\/06\/Condiment-Packaging-Wholesale-9-12x12.webp 12w, https:\/\/www.hyflexpack.com\/wp-content\/uploads\/2024\/06\/Condiment-Packaging-Wholesale-9-285x285.webp 285w, https:\/\/www.hyflexpack.com\/wp-content\/uploads\/2024\/06\/Condiment-Packaging-Wholesale-9-270x270.webp 270w, https:\/\/www.hyflexpack.com\/wp-content\/uploads\/2024\/06\/Condiment-Packaging-Wholesale-9-540x540.webp 540w, https:\/\/www.hyflexpack.com\/wp-content\/uploads\/2024\/06\/Condiment-Packaging-Wholesale-9-660x660.webp 660w\" sizes=\"(max-width: 750px) 100vw, 750px\" \/><\/figure>\n\n\n\n<h4 class=\"wp-block-heading has-text-align-center\">Bolsa Stand Up<\/h4>\n\n\n\n<p>Para salsas de alta gama, como pesto, salsa de curry o salsas gourmet para mojar, para el almacenamiento de condimentos a granel en cafeter\u00edas.<\/p>\n<\/div>\n<\/div>\n\n\n\n<p><\/p>","protected":false},"excerpt":{"rendered":"<div class=\"flex-shrink-0 flex flex-col relative items-end\">\n<div>\n<div class=\"pt-0\">\n<div class=\"gizmo-bot-avatar flex h-8 w-8 items-center justify-center overflow-hidden rounded-full\">\n<div class=\"relative p-1 rounded-sm flex items-center justify-center bg-token-main-surface-primary text-token-text-primary h-8 w-8\">Nuestras bolsas personalizadas para salsas y bolsas stand-up de calidad alimentaria ofrecen soluciones innovadoras para el envasado de salsas, proporcionando comodidad y frescura. Como empresa l\u00edder en el envasado de condimentos, estamos especializados en la creaci\u00f3n de envases personalizados para satisfacer sus necesidades exclusivas.<\/div>\n<\/div>\n<\/div>\n<\/div>\n<\/div>\n<p>Cons\u00faltenos para obtener muestras gratuitas.<\/p>\n<h3>Ventajas del proveedor de envases para salsas<\/h3>\n<ul>\n<li><strong>Dise\u00f1o personalizado<\/strong>: Ofrecemos servicio de dise\u00f1o personalizado de bolsas para envasado de salsas, incluyendo la personalizaci\u00f3n del material, el tama\u00f1o y el patr\u00f3n de impresi\u00f3n para satisfacer las necesidades de los clientes, y <strong>admite OEM y ODM<\/strong>.<\/li>\n<li><strong>Fabricaci\u00f3n<\/strong>: Con equipos y tecnolog\u00eda avanzados, podemos completar la producci\u00f3n de pedidos con alta eficiencia y alta calidad, y entregar a tiempo.<\/li>\n<li><strong>Inspecci\u00f3n de calidad<\/strong>: Siga estrictamente las normas de calidad y los requisitos de seguridad alimentaria para garantizar que los productos cumplen las normas.<\/li>\n<li><strong>Equipo de asistencia t\u00e9cnica<\/strong>: Nuestro equipo cuenta con una gran experiencia en el sector y conocimientos profesionales, y puede proporcionar asistencia t\u00e9cnica y servicio de consultor\u00eda las 24 horas del d\u00eda a nuestros clientes.<\/li>\n<li><strong>Muestra gratuita<\/strong>: Proporcionamos muestras gratuitas para que pueda evaluar los productos.<\/li>\n<\/ul>\n<p><a href=\"https:\/\/www.hyflexpack.com\/es\/\"><strong>Envasado Huiyang<\/strong><\/a> se compromete a ofrecer a sus clientes envases para salsas y condimentos de alta calidad y personalizados para ayudarles a mejorar la imagen de sus productos y aumentar su competitividad en el mercado.<\/p>","protected":false},"featured_media":4559,"comment_status":"open","ping_status":"closed","template":"","meta":[],"product_brand":[],"product_cat":[66],"product_tag":[],"class_list":{"0":"post-4555","1":"product","2":"type-product","3":"status-publish","4":"has-post-thumbnail","6":"product_cat-condiment-packaging-custom","8":"first","9":"instock","10":"shipping-taxable","11":"product-type-simple"},"_links":{"self":[{"href":"https:\/\/www.hyflexpack.com\/es\/wp-json\/wp\/v2\/product\/4555","targetHints":{"allow":["GET"]}}],"collection":[{"href":"https:\/\/www.hyflexpack.com\/es\/wp-json\/wp\/v2\/product"}],"about":[{"href":"https:\/\/www.hyflexpack.com\/es\/wp-json\/wp\/v2\/types\/product"}],"replies":[{"embeddable":true,"href":"https:\/\/www.hyflexpack.com\/es\/wp-json\/wp\/v2\/comments?post=4555"}],"wp:featuredmedia":[{"embeddable":true,"href":"https:\/\/www.hyflexpack.com\/es\/wp-json\/wp\/v2\/media\/4559"}],"wp:attachment":[{"href":"https:\/\/www.hyflexpack.com\/es\/wp-json\/wp\/v2\/media?parent=4555"}],"wp:term":[{"taxonomy":"product_brand","embeddable":true,"href":"https:\/\/www.hyflexpack.com\/es\/wp-json\/wp\/v2\/product_brand?post=4555"},{"taxonomy":"product_cat","embeddable":true,"href":"https:\/\/www.hyflexpack.com\/es\/wp-json\/wp\/v2\/product_cat?post=4555"},{"taxonomy":"product_tag","embeddable":true,"href":"https:\/\/www.hyflexpack.com\/es\/wp-json\/wp\/v2\/product_tag?post=4555"}],"curies":[{"name":"wp","href":"https:\/\/api.w.org\/{rel}","templated":true}]}}