{"id":4495,"date":"2024-06-14T08:38:35","date_gmt":"2024-06-14T08:38:35","guid":{"rendered":"https:\/\/www.hyflexpack.com\/?post_type=product&#038;p=4495"},"modified":"2024-06-14T08:38:38","modified_gmt":"2024-06-14T08:38:38","slug":"custom-pet-food-packaging","status":"publish","type":"product","link":"https:\/\/www.hyflexpack.com\/es\/product\/custom-pet-food-packaging\/","title":{"rendered":"Soluciones personalizadas de envasado de alimentos para mascotas Agujero para colgar con cremallera Bolsa de pie f\u00e1cil de rasgar"},"content":{"rendered":"<div class=\"wp-block-columns is-layout-flex wp-container-core-columns-is-layout-9d6595d7 wp-block-columns-is-layout-flex\">\n<div class=\"wp-block-column is-layout-flow wp-block-column-is-layout-flow\">\n<h3 class=\"wp-block-heading\">Caracter\u00edsticas del envasado de alimentos para mascotas de alta calidad<\/h3>\n\n\n\n<ul class=\"wp-block-list\">\n<li>Material de primera calidad: Para garantizar la frescura y seguridad de los alimentos para mascotas se utilizan materiales de alta barrera para alimentos, como PET, PE, papel de aluminio, etc. Estos materiales tienen una excelente resistencia a la humedad y la oxidaci\u00f3n, lo que prolonga eficazmente la vida \u00fatil de los productos y protege la salud de las mascotas.<\/li>\n\n\n\n<li>Dise\u00f1o con orificio para colgar: El envase de comida para mascotas est\u00e1 dise\u00f1ado con un agujero para colgar, que es f\u00e1cil de colgar y mostrar en la tienda, mejorando la visibilidad y el atractivo del producto, por lo que es conveniente para los consumidores a comprar, y aumentar las oportunidades de ventas.<\/li>\n\n\n\n<li>Cierre de cremallera: El cierre de cremallera incorporado no s\u00f3lo tiene un buen rendimiento de sellado, sino que tambi\u00e9n facilita la apertura y el sellado repetidos, lo que garantiza que los alimentos se mantengan frescos despu\u00e9s de cada uso y mejora la experiencia de los consumidores.<\/li>\n\n\n\n<li>Dise\u00f1o Easy Tear: Equipado con Easy Tear, los consumidores pueden abrir f\u00e1cilmente el envase sin herramientas, lo que mejora la comodidad de uso y satisface la r\u00e1pida demanda de los consumidores modernos.<\/li>\n\n\n\n<li>Dise\u00f1o Standing Pouch: La estructura Standing Pouch permite que la bolsa se mantenga firme en el estante o vitrina, lo que no s\u00f3lo ahorra espacio de exposici\u00f3n, sino que tambi\u00e9n hace que el producto se vea m\u00e1s ordenado y hermoso, atrayendo m\u00e1s la atenci\u00f3n.<\/li>\n<\/ul>\n<\/div>\n\n\n\n<div class=\"wp-block-column is-layout-flow wp-block-column-is-layout-flow\">\n<figure class=\"wp-block-image size-full\"><img fetchpriority=\"high\" decoding=\"async\" width=\"750\" height=\"750\" src=\"https:\/\/www.hyflexpack.com\/wp-content\/uploads\/2024\/06\/Custom-Pet-Food-Packaging-6.webp\" alt=\"Envasado personalizado de alimentos para mascotas\" class=\"wp-image-4500\" srcset=\"https:\/\/www.hyflexpack.com\/wp-content\/uploads\/2024\/06\/Custom-Pet-Food-Packaging-6.webp 750w, https:\/\/www.hyflexpack.com\/wp-content\/uploads\/2024\/06\/Custom-Pet-Food-Packaging-6-300x300.webp 300w, https:\/\/www.hyflexpack.com\/wp-content\/uploads\/2024\/06\/Custom-Pet-Food-Packaging-6-150x150.webp 150w, https:\/\/www.hyflexpack.com\/wp-content\/uploads\/2024\/06\/Custom-Pet-Food-Packaging-6-12x12.webp 12w, https:\/\/www.hyflexpack.com\/wp-content\/uploads\/2024\/06\/Custom-Pet-Food-Packaging-6-285x285.webp 285w, https:\/\/www.hyflexpack.com\/wp-content\/uploads\/2024\/06\/Custom-Pet-Food-Packaging-6-270x270.webp 270w, https:\/\/www.hyflexpack.com\/wp-content\/uploads\/2024\/06\/Custom-Pet-Food-Packaging-6-540x540.webp 540w, https:\/\/www.hyflexpack.com\/wp-content\/uploads\/2024\/06\/Custom-Pet-Food-Packaging-6-660x660.webp 660w\" sizes=\"(max-width: 750px) 100vw, 750px\" \/><\/figure>\n<\/div>\n<\/div>","protected":false},"excerpt":{"rendered":"<p>Nuestras soluciones personalizadas de envasado de comida para mascotas utilizan materiales alimentarios de alta barrera para garantizar la frescura y seguridad de su comida. Los orificios para colgar est\u00e1n dise\u00f1ados para facilitar la exposici\u00f3n, el cierre de cremallera integrado y el cierre de f\u00e1cil rasgado mejoran la comodidad del usuario, y la estructura de bolsa vertical garantiza una exposici\u00f3n estable. P\u00f3ngase en contacto con nosotros si desea muestras y dise\u00f1os gratuitos de nuestras soluciones de envasado.<\/p>\n<h3>Ventajas del proveedor de envases para alimentos para mascotas<\/h3>\n<ul>\n<li><strong>Dise\u00f1o personalizado<\/strong>: Ofrecemos material personalizado, tama\u00f1o y personalizaci\u00f3n del patr\u00f3n de impresi\u00f3n para satisfacer las necesidades de los clientes, y apoyamos OEM y ODM.<\/li>\n<li><strong>Fabricaci\u00f3n<\/strong>: Con equipos y tecnolog\u00eda avanzados, podemos completar la producci\u00f3n de pedidos con alta eficiencia y alta calidad, y entregar a tiempo.<\/li>\n<li><strong>Inspecci\u00f3n de calidad<\/strong>: Siga estrictamente las normas de calidad y los requisitos de seguridad alimentaria para garantizar que los productos cumplen las normas.<\/li>\n<li><strong>Equipo de asistencia t\u00e9cnica<\/strong>: Nuestro equipo cuenta con una gran experiencia en el sector y conocimientos profesionales, y puede proporcionar asistencia t\u00e9cnica y servicio de consultor\u00eda las 24 horas del d\u00eda a nuestros clientes.<\/li>\n<li><strong>Muestra gratuita<\/strong>: Proporcionamos muestras gratuitas para que pueda evaluar los productos.<\/li>\n<\/ul>\n<p>Huiyang Packaging se compromete a proporcionar a los clientes envases de alta calidad y personalizados para alimentos para mascotas, con el fin de ayudarles a mejorar la imagen de sus productos y aumentar su competitividad en el mercado.<\/p>","protected":false},"featured_media":4501,"comment_status":"open","ping_status":"closed","template":"","meta":[],"product_brand":[],"product_cat":[51],"product_tag":[],"class_list":{"0":"post-4495","1":"product","2":"type-product","3":"status-publish","4":"has-post-thumbnail","6":"product_cat-custom-food-packaging-bags","8":"first","9":"instock","10":"shipping-taxable","11":"product-type-simple"},"_links":{"self":[{"href":"https:\/\/www.hyflexpack.com\/es\/wp-json\/wp\/v2\/product\/4495","targetHints":{"allow":["GET"]}}],"collection":[{"href":"https:\/\/www.hyflexpack.com\/es\/wp-json\/wp\/v2\/product"}],"about":[{"href":"https:\/\/www.hyflexpack.com\/es\/wp-json\/wp\/v2\/types\/product"}],"replies":[{"embeddable":true,"href":"https:\/\/www.hyflexpack.com\/es\/wp-json\/wp\/v2\/comments?post=4495"}],"wp:featuredmedia":[{"embeddable":true,"href":"https:\/\/www.hyflexpack.com\/es\/wp-json\/wp\/v2\/media\/4501"}],"wp:attachment":[{"href":"https:\/\/www.hyflexpack.com\/es\/wp-json\/wp\/v2\/media?parent=4495"}],"wp:term":[{"taxonomy":"product_brand","embeddable":true,"href":"https:\/\/www.hyflexpack.com\/es\/wp-json\/wp\/v2\/product_brand?post=4495"},{"taxonomy":"product_cat","embeddable":true,"href":"https:\/\/www.hyflexpack.com\/es\/wp-json\/wp\/v2\/product_cat?post=4495"},{"taxonomy":"product_tag","embeddable":true,"href":"https:\/\/www.hyflexpack.com\/es\/wp-json\/wp\/v2\/product_tag?post=4495"}],"curies":[{"name":"wp","href":"https:\/\/api.w.org\/{rel}","templated":true}]}}