{"id":4478,"date":"2024-06-14T07:34:21","date_gmt":"2024-06-14T07:34:21","guid":{"rendered":"https:\/\/www.hyflexpack.com\/?post_type=product&#038;p=4478"},"modified":"2025-03-14T07:00:18","modified_gmt":"2025-03-14T07:00:18","slug":"custom-coffee-pouches","status":"publish","type":"product","link":"https:\/\/www.hyflexpack.com\/es\/product\/custom-coffee-pouches\/","title":{"rendered":"Bolsas de caf\u00e9 a medida Bolsa de fondo plano con v\u00e1lvula de cremallera Bolsas de f\u00e1brica"},"content":{"rendered":"<div class=\"wp-block-columns is-layout-flex wp-container-core-columns-is-layout-9d6595d7 wp-block-columns-is-layout-flex\">\n<div class=\"wp-block-column is-layout-flow wp-block-column-is-layout-flow\">\n<h3 class=\"wp-block-heading\">Features of High-Quality Coffee Pouches Wholesale<\/h3>\n\n\n\n<ul class=\"wp-block-list\">\n<li><strong>Premium Material<\/strong>: the coffee pouches are made of high-barrier materials, such as aluminum foil, polyethylene (PE), polyester (PET), etc., to ensure that the coffee is preserved for a long time. The multi-layer composite structure effectively protects against moisture, oxidation, and UV rays, protecting the coffee from the external environment.<\/li>\n<\/ul>\n\n\n\n<p><\/p>\n\n\n\n<ul class=\"wp-block-list\">\n<li><strong>Flat Bottom Pouch Design<\/strong>: The Flat Bottom design allows the bag to stand firmly, which is favorable for display and storage, and improves the shelf display effect, which is convenient for consumers to purchase.<\/li>\n<\/ul>\n\n\n\n<p><\/p>\n\n\n\n<ul class=\"wp-block-list\">\n<li><strong>One-way Air Vent<\/strong>: Equipped with a one-way air vent (Valve), it can effectively exhaust the gas released from the coffee beans, preventing the bag from bursting due to the increase of air pressure inside the bag, and preventing the entry of outside air to maintain the best freshness of the coffee.<\/li>\n<\/ul>\n\n\n\n<p><\/p>\n\n\n\n<ul class=\"wp-block-list\">\n<li><strong>Eco-friendly Material Options<\/strong>: Eco-friendly material options, such as biodegradable and recyclable materials, are available to meet the needs of environmental protection and sustainable development, in line with the green trend.<\/li>\n<\/ul>\n<\/div>\n\n\n\n<div class=\"wp-block-column is-layout-flow wp-block-column-is-layout-flow\">\n<figure class=\"wp-block-image size-full\"><img fetchpriority=\"high\" decoding=\"async\" width=\"750\" height=\"750\" src=\"https:\/\/www.hyflexpack.com\/wp-content\/uploads\/2024\/06\/Custom-Coffee-Pouches-Quad-Seal-Pouch-3-1.webp\" alt=\"Bolsas de caf\u00e9 personalizadas Quad Seal Pouch\" class=\"wp-image-4492\" srcset=\"https:\/\/www.hyflexpack.com\/wp-content\/uploads\/2024\/06\/Custom-Coffee-Pouches-Quad-Seal-Pouch-3-1.webp 750w, https:\/\/www.hyflexpack.com\/wp-content\/uploads\/2024\/06\/Custom-Coffee-Pouches-Quad-Seal-Pouch-3-1-300x300.webp 300w, https:\/\/www.hyflexpack.com\/wp-content\/uploads\/2024\/06\/Custom-Coffee-Pouches-Quad-Seal-Pouch-3-1-150x150.webp 150w, https:\/\/www.hyflexpack.com\/wp-content\/uploads\/2024\/06\/Custom-Coffee-Pouches-Quad-Seal-Pouch-3-1-12x12.webp 12w, https:\/\/www.hyflexpack.com\/wp-content\/uploads\/2024\/06\/Custom-Coffee-Pouches-Quad-Seal-Pouch-3-1-285x285.webp 285w, https:\/\/www.hyflexpack.com\/wp-content\/uploads\/2024\/06\/Custom-Coffee-Pouches-Quad-Seal-Pouch-3-1-270x270.webp 270w, https:\/\/www.hyflexpack.com\/wp-content\/uploads\/2024\/06\/Custom-Coffee-Pouches-Quad-Seal-Pouch-3-1-540x540.webp 540w, https:\/\/www.hyflexpack.com\/wp-content\/uploads\/2024\/06\/Custom-Coffee-Pouches-Quad-Seal-Pouch-3-1-660x660.webp 660w\" sizes=\"(max-width: 750px) 100vw, 750px\" \/><\/figure>\n<\/div>\n<\/div>\n\n\n\n<p><\/p>","protected":false},"excerpt":{"rendered":"<p>Our coffee pouches are made with high-barrier material to ensure long-lasting coffee freshness. The flat bottom design enhances the strength and presentation of the bags, and we offer eco-friendly material options and a variety of customization services to help enhance your brand. Choose our coffee bags to guarantee quality and competitiveness.<\/p>\n<h3>Advantages of Coffee Pouches Supplier<\/h3>\n<ul>\n<li><strong>Dise\u00f1o personalizado<\/strong>: We provide customized design coffee packaging bags service, including material, size, and printing pattern customization to meet customers\u2019 needs, and support OEM and ODM.<\/li>\n<li><strong>Fabricaci\u00f3n<\/strong>: Con equipos y tecnolog\u00eda avanzados, podemos completar la producci\u00f3n de pedidos con alta eficiencia y alta calidad, y entregar a tiempo.<\/li>\n<li><strong>Inspecci\u00f3n de calidad<\/strong>: Siga estrictamente las normas de calidad y los requisitos de seguridad alimentaria para garantizar que los productos cumplen las normas.<\/li>\n<li><strong>Equipo de asistencia t\u00e9cnica<\/strong>: Nuestro equipo cuenta con una gran experiencia en el sector y conocimientos profesionales, y puede proporcionar asistencia t\u00e9cnica y servicio de consultor\u00eda las 24 horas del d\u00eda a nuestros clientes.<\/li>\n<li><strong>Muestra gratuita<\/strong>: Proporcionamos muestras gratuitas para que pueda evaluar los productos.<\/li>\n<\/ul>\n<p><strong>Envasado Huiyang<\/strong> is committed to providing customers with high-quality and custom coffee pouches to help customers improve their product image and enhance market competitiveness.<\/p>","protected":false},"featured_media":4493,"comment_status":"open","ping_status":"closed","template":"","meta":[],"product_brand":[],"product_cat":[55],"product_tag":[],"class_list":{"0":"post-4478","1":"product","2":"type-product","3":"status-publish","4":"has-post-thumbnail","6":"product_cat-custom-coffee-packaging","8":"first","9":"instock","10":"shipping-taxable","11":"product-type-simple"},"_links":{"self":[{"href":"https:\/\/www.hyflexpack.com\/es\/wp-json\/wp\/v2\/product\/4478","targetHints":{"allow":["GET"]}}],"collection":[{"href":"https:\/\/www.hyflexpack.com\/es\/wp-json\/wp\/v2\/product"}],"about":[{"href":"https:\/\/www.hyflexpack.com\/es\/wp-json\/wp\/v2\/types\/product"}],"replies":[{"embeddable":true,"href":"https:\/\/www.hyflexpack.com\/es\/wp-json\/wp\/v2\/comments?post=4478"}],"wp:featuredmedia":[{"embeddable":true,"href":"https:\/\/www.hyflexpack.com\/es\/wp-json\/wp\/v2\/media\/4493"}],"wp:attachment":[{"href":"https:\/\/www.hyflexpack.com\/es\/wp-json\/wp\/v2\/media?parent=4478"}],"wp:term":[{"taxonomy":"product_brand","embeddable":true,"href":"https:\/\/www.hyflexpack.com\/es\/wp-json\/wp\/v2\/product_brand?post=4478"},{"taxonomy":"product_cat","embeddable":true,"href":"https:\/\/www.hyflexpack.com\/es\/wp-json\/wp\/v2\/product_cat?post=4478"},{"taxonomy":"product_tag","embeddable":true,"href":"https:\/\/www.hyflexpack.com\/es\/wp-json\/wp\/v2\/product_tag?post=4478"}],"curies":[{"name":"wp","href":"https:\/\/api.w.org\/{rel}","templated":true}]}}