{"id":4461,"date":"2024-06-07T02:55:42","date_gmt":"2024-06-07T02:55:42","guid":{"rendered":"https:\/\/www.hyflexpack.com\/?post_type=product&#038;p=4461"},"modified":"2024-11-10T17:05:05","modified_gmt":"2024-11-10T17:05:05","slug":"custom-cold-seal-film-aluminum-foil","status":"publish","type":"product","link":"https:\/\/www.hyflexpack.com\/es\/product\/custom-cold-seal-film-aluminum-foil\/","title":{"rendered":"Film de sellado en fr\u00edo a medida Envases de papel de aluminio para frutos secos Film metalizado en rollo para sellado en fr\u00edo"},"content":{"rendered":"<div class=\"wp-block-columns is-layout-flex wp-container-core-columns-is-layout-9d6595d7 wp-block-columns-is-layout-flex\">\n<div class=\"wp-block-column is-layout-flow wp-block-column-is-layout-flow\">\n<h3 class=\"wp-block-heading\">Features of High Quality Cold Seal Film Aluminum Foil<\/h3>\n\n\n\n<ul class=\"wp-block-list\">\n<li><strong>Excellent Cold Seal Performance<\/strong>: Cold seal refers to the fact that films for sealing do not need any heat but instead just need pressure to effectively seal various applications in packaging.<\/li>\n<\/ul>\n\n\n\n<p><\/p>\n\n\n\n<ul class=\"wp-block-list\">\n<li><strong>Premium Aluminum Foil Layer<\/strong>: The aluminum foil layer provides an excellent barrier against oxygen, moisture, and light, maintaining the freshness and taste of nuts.<\/li>\n<\/ul>\n\n\n\n<p><\/p>\n\n\n\n<ul class=\"wp-block-list\">\n<li>The metallic coating increases the package&#8217;s strength and rigidity. This enhances its appearance, making it more attractive and giving it a premium feel.<\/li>\n<\/ul>\n\n\n\n<p><\/p>\n\n\n\n<ul class=\"wp-block-list\">\n<li><strong>High Barrier Performance<\/strong>: Thanks to a multi-layer composite material design, excellent barrier performance protects the product against outside factors, therefore extending the product&#8217;s shelf life.<\/li>\n<\/ul>\n\n\n\n<p><\/p>\n\n\n\n<ul class=\"wp-block-list\">\n<li><strong>Green Building Material<\/strong>: Use internationally recognized environmentally friendly material, nonpoisonous and harmless, to achieve the purpose of sustainable development.<\/li>\n<\/ul>\n<\/div>\n\n\n\n<div class=\"wp-block-column is-layout-flow wp-block-column-is-layout-flow\">\n<figure class=\"wp-block-image size-full\"><img fetchpriority=\"high\" decoding=\"async\" width=\"750\" height=\"750\" src=\"https:\/\/www.hyflexpack.com\/wp-content\/uploads\/2024\/06\/Custom-Cold-Seal-Film-4.webp\" alt=\"Film de sellado en fr\u00edo a medida\" class=\"wp-image-4465\" srcset=\"https:\/\/www.hyflexpack.com\/wp-content\/uploads\/2024\/06\/Custom-Cold-Seal-Film-4.webp 750w, https:\/\/www.hyflexpack.com\/wp-content\/uploads\/2024\/06\/Custom-Cold-Seal-Film-4-300x300.webp 300w, https:\/\/www.hyflexpack.com\/wp-content\/uploads\/2024\/06\/Custom-Cold-Seal-Film-4-150x150.webp 150w, https:\/\/www.hyflexpack.com\/wp-content\/uploads\/2024\/06\/Custom-Cold-Seal-Film-4-12x12.webp 12w, https:\/\/www.hyflexpack.com\/wp-content\/uploads\/2024\/06\/Custom-Cold-Seal-Film-4-285x285.webp 285w, https:\/\/www.hyflexpack.com\/wp-content\/uploads\/2024\/06\/Custom-Cold-Seal-Film-4-270x270.webp 270w, https:\/\/www.hyflexpack.com\/wp-content\/uploads\/2024\/06\/Custom-Cold-Seal-Film-4-540x540.webp 540w, https:\/\/www.hyflexpack.com\/wp-content\/uploads\/2024\/06\/Custom-Cold-Seal-Film-4-660x660.webp 660w\" sizes=\"(max-width: 750px) 100vw, 750px\" \/><\/figure>\n<\/div>\n<\/div>","protected":false},"excerpt":{"rendered":"<p>Explore our customized cold seal film packages with superior cold seal performance and premium aluminum foil layer, providing excellent barrier properties to ensure the freshness and taste of nuts. It supports environmentally friendly materials and OEM\/ODM personalized customization services, which are ideal for high-quality packaging. Welcome to inquire anytime!<\/p>\n<h3>Ventajas de<span style=\"color: #00ccff;\"><a href=\"https:\/\/www.hyflexpack.com\/es\/cold-seal-film-the-silent-guardian-of-the-packaging-world\/\"> Film de sellado en fr\u00edo<\/a> <\/span>Proveedor<\/h3>\n<ul>\n<li><strong>Dise\u00f1o personalizado<\/strong>: We provide customized design coffee package service, including material, size, and printing pattern customization to meet customers\u2019 needs, and support OEM and ODM.<\/li>\n<li><strong>Fabricaci\u00f3n<\/strong>: Con equipos y tecnolog\u00eda avanzados, somos capaces de producir pedidos con alta eficiencia y calidad y entregar a tiempo.<\/li>\n<li><strong>Inspecci\u00f3n de calidad<\/strong>: Cumplimos estrictamente las normas de calidad y los requisitos de seguridad alimentaria para garantizar que nuestros productos cumplen las normas.<\/li>\n<li><strong>Equipo de asistencia t\u00e9cnica<\/strong>: Nuestro equipo cuenta con una amplia experiencia en el sector y conocimientos profesionales para ofrecer asistencia t\u00e9cnica y servicios de consultor\u00eda las 24 horas del d\u00eda a nuestros clientes.<\/li>\n<li><strong>Muestras gratuitas<\/strong>: Ofrecemos muestras gratuitas para que pueda evaluar nuestros productos.<\/li>\n<\/ul>\n<p><a href=\"https:\/\/www.hyflexpack.com\/es\/\"><strong>Envasado Huiyang<\/strong><\/a> is committed to providing customers with high-quality and custom cold seal film packages to help customers improve their product image and enhance market competitiveness.<\/p>","protected":false},"featured_media":4463,"comment_status":"open","ping_status":"closed","template":"","meta":[],"product_brand":[],"product_cat":[53],"product_tag":[],"class_list":{"0":"post-4461","1":"product","2":"type-product","3":"status-publish","4":"has-post-thumbnail","6":"product_cat-packaging-film-supplier","8":"first","9":"instock","10":"shipping-taxable","11":"product-type-simple"},"_links":{"self":[{"href":"https:\/\/www.hyflexpack.com\/es\/wp-json\/wp\/v2\/product\/4461","targetHints":{"allow":["GET"]}}],"collection":[{"href":"https:\/\/www.hyflexpack.com\/es\/wp-json\/wp\/v2\/product"}],"about":[{"href":"https:\/\/www.hyflexpack.com\/es\/wp-json\/wp\/v2\/types\/product"}],"replies":[{"embeddable":true,"href":"https:\/\/www.hyflexpack.com\/es\/wp-json\/wp\/v2\/comments?post=4461"}],"wp:featuredmedia":[{"embeddable":true,"href":"https:\/\/www.hyflexpack.com\/es\/wp-json\/wp\/v2\/media\/4463"}],"wp:attachment":[{"href":"https:\/\/www.hyflexpack.com\/es\/wp-json\/wp\/v2\/media?parent=4461"}],"wp:term":[{"taxonomy":"product_brand","embeddable":true,"href":"https:\/\/www.hyflexpack.com\/es\/wp-json\/wp\/v2\/product_brand?post=4461"},{"taxonomy":"product_cat","embeddable":true,"href":"https:\/\/www.hyflexpack.com\/es\/wp-json\/wp\/v2\/product_cat?post=4461"},{"taxonomy":"product_tag","embeddable":true,"href":"https:\/\/www.hyflexpack.com\/es\/wp-json\/wp\/v2\/product_tag?post=4461"}],"curies":[{"name":"wp","href":"https:\/\/api.w.org\/{rel}","templated":true}]}}