{"id":4437,"date":"2024-06-06T04:04:49","date_gmt":"2024-06-06T04:04:49","guid":{"rendered":"https:\/\/www.hyflexpack.com\/?post_type=product&#038;p=4437"},"modified":"2024-06-06T06:06:29","modified_gmt":"2024-06-06T06:06:29","slug":"custom-printed-roll-stock-film","status":"publish","type":"product","link":"https:\/\/www.hyflexpack.com\/es\/product\/custom-printed-roll-stock-film\/","title":{"rendered":"Films en bobina impresos a medida para el envasado de caramelos Bolsita para piruletas"},"content":{"rendered":"<div class=\"wp-block-columns is-layout-flex wp-container-core-columns-is-layout-9d6595d7 wp-block-columns-is-layout-flex\">\n<div class=\"wp-block-column is-layout-flow wp-block-column-is-layout-flow\">\n<h3 class=\"wp-block-heading\">Caracter\u00edsticas de las pel\u00edculas en rollo impresas de alta calidad<\/h3>\n\n\n\n<ul class=\"wp-block-list\">\n<li>Impresi\u00f3n de alta calidad: la pel\u00edcula en rollo impresa a medida adopta la tecnolog\u00eda de impresi\u00f3n m\u00e1s avanzada con colores brillantes y patrones claros para mejorar la imagen de marca.<\/li>\n<\/ul>\n\n\n\n<p><\/p>\n\n\n\n<ul class=\"wp-block-list\">\n<li>Excelente protecci\u00f3n: Los materiales laminados de alta calidad proporcionan una excelente protecci\u00f3n contra la humedad, el polvo y los rayos UV para garantizar que los caramelos se mantengan frescos durante el transporte y el almacenamiento.<\/li>\n<\/ul>\n\n\n\n<p><\/p>\n\n\n\n<ul class=\"wp-block-list\">\n<li>Automatizaci\u00f3n de alta eficacia: Dise\u00f1ado para adaptarse a una gran variedad de m\u00e1quinas de envasado autom\u00e1tico, mejora significativamente la eficiencia de la producci\u00f3n, reduce las operaciones manuales, ahorra costes de producci\u00f3n y mejora la eficiencia general de la producci\u00f3n.<\/li>\n<\/ul>\n\n\n\n<p><\/p>\n\n\n\n<ul class=\"wp-block-list\">\n<li>Materiales respetuosos con el medio ambiente: El uso de materiales respetuosos con el medio ambiente que cumplen las normas internacionales es seguro y no t\u00f3xico, lo que garantiza que el envase del producto es respetuoso con los consumidores y el medio ambiente, y contribuye al desarrollo sostenible.<\/li>\n<\/ul>\n<\/div>\n\n\n\n<div class=\"wp-block-column is-layout-flow wp-block-column-is-layout-flow\">\n<figure class=\"wp-block-image size-full\"><img fetchpriority=\"high\" decoding=\"async\" width=\"750\" height=\"750\" src=\"https:\/\/www.hyflexpack.com\/wp-content\/uploads\/2024\/06\/Custom-Printed-Roll-Stock-14.webp\" alt=\"Rollos impresos a medida \" class=\"wp-image-4446\" srcset=\"https:\/\/www.hyflexpack.com\/wp-content\/uploads\/2024\/06\/Custom-Printed-Roll-Stock-14.webp 750w, https:\/\/www.hyflexpack.com\/wp-content\/uploads\/2024\/06\/Custom-Printed-Roll-Stock-14-300x300.webp 300w, https:\/\/www.hyflexpack.com\/wp-content\/uploads\/2024\/06\/Custom-Printed-Roll-Stock-14-150x150.webp 150w, https:\/\/www.hyflexpack.com\/wp-content\/uploads\/2024\/06\/Custom-Printed-Roll-Stock-14-12x12.webp 12w, https:\/\/www.hyflexpack.com\/wp-content\/uploads\/2024\/06\/Custom-Printed-Roll-Stock-14-285x285.webp 285w, https:\/\/www.hyflexpack.com\/wp-content\/uploads\/2024\/06\/Custom-Printed-Roll-Stock-14-270x270.webp 270w, https:\/\/www.hyflexpack.com\/wp-content\/uploads\/2024\/06\/Custom-Printed-Roll-Stock-14-540x540.webp 540w, https:\/\/www.hyflexpack.com\/wp-content\/uploads\/2024\/06\/Custom-Printed-Roll-Stock-14-660x660.webp 660w\" sizes=\"(max-width: 750px) 100vw, 750px\" \/><\/figure>\n<\/div>\n<\/div>","protected":false},"excerpt":{"rendered":"<p>Conozca la pel\u00edcula en rollo impresa a medida dise\u00f1ada para el envasado de caramelos y bolsas para piruletas, con materiales de primera calidad que proporcionan una protecci\u00f3n superior y mantienen los caramelos frescos. Compatible con una gran variedad de m\u00e1quinas de envasado autom\u00e1tico, lo que permite una producci\u00f3n automatizada eficaz y un ahorro de costes. El\u00edjanos para su mejor soluci\u00f3n de envasado.<\/p>\n<h3>Ventajas del proveedor de pel\u00edculas en rollo impresas<\/h3>\n<ul>\n<li><strong>Dise\u00f1o personalizado<\/strong>: Proporcionar soluciones de dise\u00f1o personalizadas y envases a medida con diferentes especificaciones, tama\u00f1os y patrones de impresi\u00f3n seg\u00fan las necesidades del cliente.<\/li>\n<li><strong>Garant\u00eda de calidad<\/strong>: Controlamos estrictamente el proceso de producci\u00f3n y elegimos materiales de alta calidad y equipos avanzados para garantizar una calidad de producto estable y fiable.<\/li>\n<li><strong>Entrega puntual<\/strong>: Optimizar el proceso de producci\u00f3n, mejorar la eficacia de la producci\u00f3n, garantizar la entrega puntual de los pedidos de los clientes, satisfacer las necesidades urgentes de los clientes.<\/li>\n<li><strong>Asistencia t\u00e9cnica profesional<\/strong>: Experimentado equipo t\u00e9cnico para proporcionar apoyo t\u00e9cnico profesional y servicio post-venta para garantizar la respuesta oportuna y la soluci\u00f3n a la demanda.<\/li>\n<li><strong>Muestra gratuita<\/strong>: Proporcionamos muestras gratuitas para que pueda evaluar los productos.<\/li>\n<\/ul>\n<p>Huiyang Packaging se compromete a proporcionar a sus clientes pel\u00edculas en rollo de alta calidad con impresi\u00f3n personalizada para ayudarles a mejorar la imagen de sus productos y la competitividad en el mercado. demanda de sus productos.<\/p>","protected":false},"featured_media":4438,"comment_status":"open","ping_status":"closed","template":"","meta":[],"product_brand":[],"product_cat":[53],"product_tag":[],"class_list":{"0":"post-4437","1":"product","2":"type-product","3":"status-publish","4":"has-post-thumbnail","6":"product_cat-packaging-film-supplier","8":"first","9":"instock","10":"shipping-taxable","11":"product-type-simple"},"_links":{"self":[{"href":"https:\/\/www.hyflexpack.com\/es\/wp-json\/wp\/v2\/product\/4437","targetHints":{"allow":["GET"]}}],"collection":[{"href":"https:\/\/www.hyflexpack.com\/es\/wp-json\/wp\/v2\/product"}],"about":[{"href":"https:\/\/www.hyflexpack.com\/es\/wp-json\/wp\/v2\/types\/product"}],"replies":[{"embeddable":true,"href":"https:\/\/www.hyflexpack.com\/es\/wp-json\/wp\/v2\/comments?post=4437"}],"wp:featuredmedia":[{"embeddable":true,"href":"https:\/\/www.hyflexpack.com\/es\/wp-json\/wp\/v2\/media\/4438"}],"wp:attachment":[{"href":"https:\/\/www.hyflexpack.com\/es\/wp-json\/wp\/v2\/media?parent=4437"}],"wp:term":[{"taxonomy":"product_brand","embeddable":true,"href":"https:\/\/www.hyflexpack.com\/es\/wp-json\/wp\/v2\/product_brand?post=4437"},{"taxonomy":"product_cat","embeddable":true,"href":"https:\/\/www.hyflexpack.com\/es\/wp-json\/wp\/v2\/product_cat?post=4437"},{"taxonomy":"product_tag","embeddable":true,"href":"https:\/\/www.hyflexpack.com\/es\/wp-json\/wp\/v2\/product_tag?post=4437"}],"curies":[{"name":"wp","href":"https:\/\/api.w.org\/{rel}","templated":true}]}}