{"id":4426,"date":"2024-06-06T03:33:02","date_gmt":"2024-06-06T03:33:02","guid":{"rendered":"https:\/\/www.hyflexpack.com\/?post_type=product&#038;p=4426"},"modified":"2024-06-06T03:33:05","modified_gmt":"2024-06-06T03:33:05","slug":"wholesale-roll-stock-film","status":"publish","type":"product","link":"https:\/\/www.hyflexpack.com\/es\/product\/wholesale-roll-stock-film\/","title":{"rendered":"Mayorista Rollos De Film Para Envasado Automatico De Caramelos De Fruta"},"content":{"rendered":"<div class=\"wp-block-columns is-layout-flex wp-container-core-columns-is-layout-9d6595d7 wp-block-columns-is-layout-flex\">\n<div class=\"wp-block-column is-layout-flow wp-block-column-is-layout-flow\">\n<h3 class=\"wp-block-heading\">Caracter\u00edsticas de las pel\u00edculas en rollo de alta calidad<\/h3>\n\n\n\n<ul class=\"wp-block-list\">\n<li>Impresi\u00f3n de alta calidad: Las pel\u00edculas en rollo que adoptan la tecnolog\u00eda de impresi\u00f3n m\u00e1s avanzada garantizan colores brillantes y patrones claros, lo que mejora en gran medida la imagen de marca y hace que sus productos sean m\u00e1s atractivos en los estantes.<\/li>\n<\/ul>\n\n\n\n<p><\/p>\n\n\n\n<ul class=\"wp-block-list\">\n<li>Excelente protecci\u00f3n: El material laminado de alta calidad tiene un excelente rendimiento de resistencia a la humedad y al polvo, lo que garantiza que los caramelos se mantengan frescos durante el proceso de envasado y en los estantes, prolongando la vida \u00fatil del producto.<\/li>\n<\/ul>\n\n\n\n<p><\/p>\n\n\n\n<ul class=\"wp-block-list\">\n<li>Automatizaci\u00f3n eficiente: Adecuado para todo tipo de m\u00e1quinas de envasado autom\u00e1tico, mejora significativamente la eficiencia de la producci\u00f3n, reduce la operaci\u00f3n manual, ahorra costes de producci\u00f3n y mejora la eficiencia general de la producci\u00f3n.<\/li>\n<\/ul>\n\n\n\n<p><\/p>\n\n\n\n<ul class=\"wp-block-list\">\n<li>Materiales respetuosos con el medio ambiente: Adoptar materiales respetuosos con el medio ambiente de acuerdo con las normas internacionales, seguros y no t\u00f3xicos, garantizando que los envases de los productos sean respetuosos con los consumidores y el medio ambiente, y contribuyendo al desarrollo sostenible.<\/li>\n<\/ul>\n<\/div>\n\n\n\n<div class=\"wp-block-column is-layout-flow wp-block-column-is-layout-flow\">\n<figure class=\"wp-block-image size-full\"><img fetchpriority=\"high\" decoding=\"async\" width=\"750\" height=\"750\" src=\"https:\/\/www.hyflexpack.com\/wp-content\/uploads\/2024\/06\/Custom-Roll-Stock-Films-10.webp\" alt=\"Pel\u00edculas en rollo personalizadas\" class=\"wp-image-4436\" srcset=\"https:\/\/www.hyflexpack.com\/wp-content\/uploads\/2024\/06\/Custom-Roll-Stock-Films-10.webp 750w, https:\/\/www.hyflexpack.com\/wp-content\/uploads\/2024\/06\/Custom-Roll-Stock-Films-10-300x300.webp 300w, https:\/\/www.hyflexpack.com\/wp-content\/uploads\/2024\/06\/Custom-Roll-Stock-Films-10-150x150.webp 150w, https:\/\/www.hyflexpack.com\/wp-content\/uploads\/2024\/06\/Custom-Roll-Stock-Films-10-12x12.webp 12w, https:\/\/www.hyflexpack.com\/wp-content\/uploads\/2024\/06\/Custom-Roll-Stock-Films-10-285x285.webp 285w, https:\/\/www.hyflexpack.com\/wp-content\/uploads\/2024\/06\/Custom-Roll-Stock-Films-10-270x270.webp 270w, https:\/\/www.hyflexpack.com\/wp-content\/uploads\/2024\/06\/Custom-Roll-Stock-Films-10-540x540.webp 540w, https:\/\/www.hyflexpack.com\/wp-content\/uploads\/2024\/06\/Custom-Roll-Stock-Films-10-660x660.webp 660w\" sizes=\"(max-width: 750px) 100vw, 750px\" \/><\/figure>\n<\/div>\n<\/div>","protected":false},"excerpt":{"rendered":"<p>Descubra films en rollo personalizados que incorporan tecnolog\u00eda de impresi\u00f3n y laminaci\u00f3n de alta calidad para una protecci\u00f3n superior y un aspecto llamativo. Mejore el atractivo de su marca eligiendo nuestros films de embalaje para sus soluciones de envasado. Solicite muestras gratuitas.<\/p>\n<h3>Ventajas de las pel\u00edculas Candy Roll Stock<\/h3>\n<ul>\n<li><strong>Dise\u00f1o personalizado<\/strong>: Proporcionamos un servicio de dise\u00f1o personalizado de bolsas para envasado de bebidas, incluyendo el material, el tama\u00f1o y la personalizaci\u00f3n del patr\u00f3n de impresi\u00f3n para satisfacer las necesidades del cliente, y apoyamos OEM y ODM.<\/li>\n<li><strong>Fabricaci\u00f3n<\/strong>: Con equipos y tecnolog\u00eda avanzados, podemos completar la producci\u00f3n de la orden con alta eficiencia y alta calidad, y puede entregar a tiempo.<\/li>\n<li><strong>Inspecci\u00f3n de calidad<\/strong>: Seguir estrictamente las normas de calidad y los requisitos de seguridad alimentaria para la producci\u00f3n, a fin de garantizar que los productos cumplen las normas.<\/li>\n<li><strong>Atenci\u00f3n al cliente<\/strong>: 24 horas para ofrecer una respuesta r\u00e1pida y un esmerado servicio de atenci\u00f3n al cliente.<\/li>\n<li><strong>Muestra gratuita<\/strong>\uff1a Proporcionar servicio de muestra gratuita para que pueda evaluar los productos.<\/li>\n<\/ul>\n<p>Huiyang Packaging se compromete a proporcionar a sus clientes films en rollo personalizados de alta calidad para ayudarles a mejorar la imagen de sus productos y aumentar su competitividad en el mercado.<\/p>","protected":false},"featured_media":4427,"comment_status":"open","ping_status":"closed","template":"","meta":[],"product_brand":[],"product_cat":[53],"product_tag":[],"class_list":{"0":"post-4426","1":"product","2":"type-product","3":"status-publish","4":"has-post-thumbnail","6":"product_cat-packaging-film-supplier","8":"first","9":"instock","10":"shipping-taxable","11":"product-type-simple"},"_links":{"self":[{"href":"https:\/\/www.hyflexpack.com\/es\/wp-json\/wp\/v2\/product\/4426","targetHints":{"allow":["GET"]}}],"collection":[{"href":"https:\/\/www.hyflexpack.com\/es\/wp-json\/wp\/v2\/product"}],"about":[{"href":"https:\/\/www.hyflexpack.com\/es\/wp-json\/wp\/v2\/types\/product"}],"replies":[{"embeddable":true,"href":"https:\/\/www.hyflexpack.com\/es\/wp-json\/wp\/v2\/comments?post=4426"}],"wp:featuredmedia":[{"embeddable":true,"href":"https:\/\/www.hyflexpack.com\/es\/wp-json\/wp\/v2\/media\/4427"}],"wp:attachment":[{"href":"https:\/\/www.hyflexpack.com\/es\/wp-json\/wp\/v2\/media?parent=4426"}],"wp:term":[{"taxonomy":"product_brand","embeddable":true,"href":"https:\/\/www.hyflexpack.com\/es\/wp-json\/wp\/v2\/product_brand?post=4426"},{"taxonomy":"product_cat","embeddable":true,"href":"https:\/\/www.hyflexpack.com\/es\/wp-json\/wp\/v2\/product_cat?post=4426"},{"taxonomy":"product_tag","embeddable":true,"href":"https:\/\/www.hyflexpack.com\/es\/wp-json\/wp\/v2\/product_tag?post=4426"}],"curies":[{"name":"wp","href":"https:\/\/api.w.org\/{rel}","templated":true}]}}