{"id":3809,"date":"2024-05-25T06:44:47","date_gmt":"2024-05-25T06:44:47","guid":{"rendered":"https:\/\/hyflexpack.com\/?post_type=product&#038;p=3809"},"modified":"2024-05-25T06:44:51","modified_gmt":"2024-05-25T06:44:51","slug":"customize-cookie-packages","status":"publish","type":"product","link":"https:\/\/www.hyflexpack.com\/es\/product\/customize-cookie-packages\/","title":{"rendered":"Bolsas de alta barrera con film transparente para envasar galletas"},"content":{"rendered":"<div class=\"wp-block-columns is-layout-flex wp-container-core-columns-is-layout-9d6595d7 wp-block-columns-is-layout-flex\">\n<div class=\"wp-block-column is-layout-flow wp-block-column-is-layout-flow\">\n<h3 class=\"wp-block-heading\">Caracter\u00edsticas de los paquetes de galletas de alta calidad<\/h3>\n\n\n\n<ul class=\"wp-block-list\">\n<li>Material apto para uso alimentario: la l\u00e1mina de los paquetes de galletas est\u00e1 fabricada con material apto para uso alimentario, lo que garantiza que el paquete es seguro para el contacto con los alimentos e inocuo para la salud.<\/li>\n<\/ul>\n\n\n\n<p><\/p>\n\n\n\n<ul class=\"wp-block-list\">\n<li>Alta transparencia: Con propiedades de alta transparencia, permite a los consumidores ver claramente el alimento dentro del envase, aumentando el atractivo del producto.<\/li>\n<\/ul>\n\n\n\n<p><\/p>\n\n\n\n<ul class=\"wp-block-list\">\n<li>Alta propiedad de barrera: Posee excelentes propiedades de barrera al ox\u00edgeno y la humedad, prolongando eficazmente la frescura y calidad de los productos alimenticios.<\/li>\n<\/ul>\n\n\n\n<p><\/p>\n\n\n\n<ul class=\"wp-block-list\">\n<li>Posicionamiento de marca: El dise\u00f1o y la impresi\u00f3n personalizados pueden utilizarse para resaltar la imagen y el mensaje de la marca con el fin de atraer a m\u00e1s consumidores.<\/li>\n<\/ul>\n\n\n\n<p><\/p>\n\n\n\n<ul class=\"wp-block-list\">\n<li>Sostenibilidad: Utilizar materiales biodegradables o introducir bolsas reciclables para responder a la preferencia de los consumidores por los productos ecol\u00f3gicos.<\/li>\n<\/ul>\n<\/div>\n\n\n\n<div class=\"wp-block-column is-layout-flow wp-block-column-is-layout-flow\">\n<figure class=\"wp-block-image size-full\"><img fetchpriority=\"high\" decoding=\"async\" width=\"750\" height=\"750\" src=\"https:\/\/hyflexpack.com\/wp-content\/uploads\/2024\/05\/Customize-Cookie-Packages-Film-9.webp\" alt=\"Personalizar los paquetes de galletas Pel\u00edcula\" class=\"wp-image-3818\" srcset=\"https:\/\/www.hyflexpack.com\/wp-content\/uploads\/2024\/05\/Customize-Cookie-Packages-Film-9.webp 750w, https:\/\/www.hyflexpack.com\/wp-content\/uploads\/2024\/05\/Customize-Cookie-Packages-Film-9-300x300.webp 300w, https:\/\/www.hyflexpack.com\/wp-content\/uploads\/2024\/05\/Customize-Cookie-Packages-Film-9-150x150.webp 150w, https:\/\/www.hyflexpack.com\/wp-content\/uploads\/2024\/05\/Customize-Cookie-Packages-Film-9-285x285.webp 285w, https:\/\/www.hyflexpack.com\/wp-content\/uploads\/2024\/05\/Customize-Cookie-Packages-Film-9-270x270.webp 270w, https:\/\/www.hyflexpack.com\/wp-content\/uploads\/2024\/05\/Customize-Cookie-Packages-Film-9-540x540.webp 540w, https:\/\/www.hyflexpack.com\/wp-content\/uploads\/2024\/05\/Customize-Cookie-Packages-Film-9-660x660.webp 660w\" sizes=\"(max-width: 750px) 100vw, 750px\" \/><\/figure>\n<\/div>\n<\/div>","protected":false},"excerpt":{"rendered":"<p>Descubra c\u00f3mo nuestros films para envases de galletas ofrecen soluciones de envasado seguras y atractivas para sus productos gracias a sus materiales aptos para uso alimentario, su alta transparencia y sus excelentes propiedades barrera para prolongar la frescura de sus productos alimentarios. P\u00f3ngase en contacto con nosotros hoy mismo y perm\u00edtanos personalizar sus exclusivos envases alimentarios.<\/p>\n<h3>Ventajas de los paquetes de galletas<\/h3>\n<ul>\n<li><strong>Dise\u00f1o personalizado<\/strong>: Proporcionar soluciones de dise\u00f1o personalizado de acuerdo a las necesidades de los clientes para satisfacer los requisitos de diferentes especificaciones, tama\u00f1os y la impresi\u00f3n de hasta 10 colores, el apoyo a la personalizaci\u00f3n OEM y ODM.<\/li>\n<li><strong>Fabricaci\u00f3n<\/strong>: Con equipos y tecnolog\u00eda avanzados, somos capaces de completar la producci\u00f3n de pedidos de manera eficiente y con alta calidad, y entregar a tiempo.<\/li>\n<li><strong>Inspecci\u00f3n de calidad<\/strong>: Seguimos estrictamente las normas de calidad y los requisitos de seguridad alimentaria para garantizar que nuestros productos cumplen las normas.<\/li>\n<li><strong>Atenci\u00f3n al cliente<\/strong>: Proporcione una respuesta r\u00e1pida y un servicio de atenci\u00f3n al cliente considerado las 24 horas del d\u00eda.<br \/>Muestras gratuitas: Proporcionar servicio de muestra gratuita para que pueda evaluar los productos.<\/li>\n<\/ul>\n<p>Huiyang Packaging se compromete a proporcionar a sus clientes envases de pel\u00edcula para galletas personalizados y de alta calidad para ayudarles a mejorar la imagen de sus productos y su competitividad en el mercado. demanda de sus productos.<\/p>","protected":false},"featured_media":3819,"comment_status":"open","ping_status":"closed","template":"","meta":[],"product_brand":[],"product_cat":[53],"product_tag":[],"class_list":{"0":"post-3809","1":"product","2":"type-product","3":"status-publish","4":"has-post-thumbnail","6":"product_cat-packaging-film-supplier","8":"first","9":"instock","10":"shipping-taxable","11":"product-type-simple"},"_links":{"self":[{"href":"https:\/\/www.hyflexpack.com\/es\/wp-json\/wp\/v2\/product\/3809","targetHints":{"allow":["GET"]}}],"collection":[{"href":"https:\/\/www.hyflexpack.com\/es\/wp-json\/wp\/v2\/product"}],"about":[{"href":"https:\/\/www.hyflexpack.com\/es\/wp-json\/wp\/v2\/types\/product"}],"replies":[{"embeddable":true,"href":"https:\/\/www.hyflexpack.com\/es\/wp-json\/wp\/v2\/comments?post=3809"}],"wp:featuredmedia":[{"embeddable":true,"href":"https:\/\/www.hyflexpack.com\/es\/wp-json\/wp\/v2\/media\/3819"}],"wp:attachment":[{"href":"https:\/\/www.hyflexpack.com\/es\/wp-json\/wp\/v2\/media?parent=3809"}],"wp:term":[{"taxonomy":"product_brand","embeddable":true,"href":"https:\/\/www.hyflexpack.com\/es\/wp-json\/wp\/v2\/product_brand?post=3809"},{"taxonomy":"product_cat","embeddable":true,"href":"https:\/\/www.hyflexpack.com\/es\/wp-json\/wp\/v2\/product_cat?post=3809"},{"taxonomy":"product_tag","embeddable":true,"href":"https:\/\/www.hyflexpack.com\/es\/wp-json\/wp\/v2\/product_tag?post=3809"}],"curies":[{"name":"wp","href":"https:\/\/api.w.org\/{rel}","templated":true}]}}