{"id":3779,"date":"2024-05-25T02:22:25","date_gmt":"2024-05-25T02:22:25","guid":{"rendered":"https:\/\/hyflexpack.com\/?post_type=product&#038;p=3779"},"modified":"2024-05-25T03:04:58","modified_gmt":"2024-05-25T03:04:58","slug":"custom-roll-stock-film","status":"publish","type":"product","link":"https:\/\/www.hyflexpack.com\/es\/product\/custom-roll-stock-film\/","title":{"rendered":"Rollo de pel\u00edcula personalizado Bolsas para envasado de pasteles Bolsas laminadas impresas"},"content":{"rendered":"<div class=\"wp-block-columns is-layout-flex wp-container-core-columns-is-layout-9d6595d7 wp-block-columns-is-layout-flex\">\n<div class=\"wp-block-column is-layout-flow wp-block-column-is-layout-flow\">\n<h3 class=\"wp-block-heading\">Caracter\u00edsticas del rollo de pel\u00edcula de alta calidad<\/h3>\n\n\n\n<p><\/p>\n\n\n\n<ul class=\"wp-block-list\">\n<li>Envasado de rollos de pel\u00edcula: suministramos rollos de pel\u00edcula de alta calidad para el envasado flexible y c\u00f3modo de pasteles y otros productos de confiter\u00eda.<\/li>\n<\/ul>\n\n\n\n<p><\/p>\n\n\n\n<ul class=\"wp-block-list\">\n<li>Tecnolog\u00eda de impresi\u00f3n y laminaci\u00f3n: Adopci\u00f3n de tecnolog\u00eda avanzada de impresi\u00f3n y laminaci\u00f3n para dar ricos colores y efectos visuales al envase, realzando la imagen y el atractivo de los productos.<\/li>\n<\/ul>\n\n\n\n<p><\/p>\n\n\n\n<ul class=\"wp-block-list\">\n<li>Bolsas multifunci\u00f3n: Dise\u00f1e bolsas multifuncionales que puedan personalizarse para satisfacer las necesidades de envasado de diferentes especificaciones y formas.<\/li>\n<\/ul>\n\n\n\n<p><\/p>\n\n\n\n<ul class=\"wp-block-list\">\n<li>Posicionamiento de marca: El dise\u00f1o y la impresi\u00f3n personalizados pueden utilizarse para resaltar la imagen y el mensaje de la marca con el fin de atraer a m\u00e1s consumidores.<\/li>\n<\/ul>\n\n\n\n<p><\/p>\n\n\n\n<ul class=\"wp-block-list\">\n<li>Sostenibilidad: Considere la posibilidad de utilizar materiales biodegradables o de lanzar bolsas reciclables en consonancia con la preferencia de los consumidores por los productos ecol\u00f3gicos.<\/li>\n<\/ul>\n<\/div>\n\n\n\n<div class=\"wp-block-column is-layout-flow wp-block-column-is-layout-flow\">\n<figure class=\"wp-block-image size-full\"><img fetchpriority=\"high\" decoding=\"async\" width=\"750\" height=\"750\" src=\"https:\/\/hyflexpack.com\/wp-content\/uploads\/2024\/05\/Custom-Roll-Stock-9.webp\" alt=\"Rollos a medida\" class=\"wp-image-3788\" srcset=\"https:\/\/www.hyflexpack.com\/wp-content\/uploads\/2024\/05\/Custom-Roll-Stock-9.webp 750w, https:\/\/www.hyflexpack.com\/wp-content\/uploads\/2024\/05\/Custom-Roll-Stock-9-300x300.webp 300w, https:\/\/www.hyflexpack.com\/wp-content\/uploads\/2024\/05\/Custom-Roll-Stock-9-150x150.webp 150w, https:\/\/www.hyflexpack.com\/wp-content\/uploads\/2024\/05\/Custom-Roll-Stock-9-285x285.webp 285w, https:\/\/www.hyflexpack.com\/wp-content\/uploads\/2024\/05\/Custom-Roll-Stock-9-270x270.webp 270w, https:\/\/www.hyflexpack.com\/wp-content\/uploads\/2024\/05\/Custom-Roll-Stock-9-540x540.webp 540w, https:\/\/www.hyflexpack.com\/wp-content\/uploads\/2024\/05\/Custom-Roll-Stock-9-660x660.webp 660w\" sizes=\"(max-width: 750px) 100vw, 750px\" \/><\/figure>\n<\/div>\n<\/div>","protected":false},"excerpt":{"rendered":"<p>Conozca nuestros envases personalizados para pasteles en rollo con tecnolog\u00eda de laminaci\u00f3n impresa, que aporta colores vivos y efectos visuales al envase. Nos comprometemos a ofrecer a nuestros clientes soluciones de envasado personalizadas, vers\u00e1tiles y de alta calidad para satisfacer sus necesidades espec\u00edficas de envasado.<\/p>\n<h3>Ventajas de la pel\u00edcula en rollo<\/h3>\n<ul>\n<li><strong>Dise\u00f1o personalizado<\/strong>: Proporcionar soluciones de dise\u00f1o personalizadas y adaptar los envases con diferentes especificaciones, tama\u00f1os y patrones de impresi\u00f3n seg\u00fan las necesidades del cliente.<\/li>\n<li><strong>Garant\u00eda de calidad<\/strong>: Controlar estrictamente el proceso de producci\u00f3n, elegir materiales de alta calidad y equipos avanzados para garantizar una calidad de producto estable y fiable.<\/li>\n<li><strong>Entrega puntual<\/strong>: Optimizar el proceso de producci\u00f3n, mejorar la eficacia de la producci\u00f3n, garantizar la entrega puntual de los pedidos de los clientes, satisfacer las necesidades urgentes de los clientes.<\/li>\n<li><strong>Asistencia t\u00e9cnica profesional<\/strong>: Experimentado equipo t\u00e9cnico para proporcionar apoyo t\u00e9cnico profesional y servicio post-venta para garantizar la respuesta oportuna y la soluci\u00f3n a la demanda.<\/li>\n<li><strong>Muestra gratuita<\/strong>: Proporcionamos muestras gratuitas para que pueda evaluar los productos.<\/li>\n<\/ul>\n<p>Huiyang Packaging se compromete a proporcionar a sus clientes bolsas de film en rollo personalizadas y de alta calidad para ayudarles a mejorar la imagen de sus productos y la competitividad en el mercado. demanda de sus productos.<\/p>","protected":false},"featured_media":3782,"comment_status":"open","ping_status":"closed","template":"","meta":[],"product_brand":[],"product_cat":[53],"product_tag":[],"class_list":{"0":"post-3779","1":"product","2":"type-product","3":"status-publish","4":"has-post-thumbnail","6":"product_cat-packaging-film-supplier","8":"first","9":"instock","10":"shipping-taxable","11":"product-type-simple"},"_links":{"self":[{"href":"https:\/\/www.hyflexpack.com\/es\/wp-json\/wp\/v2\/product\/3779","targetHints":{"allow":["GET"]}}],"collection":[{"href":"https:\/\/www.hyflexpack.com\/es\/wp-json\/wp\/v2\/product"}],"about":[{"href":"https:\/\/www.hyflexpack.com\/es\/wp-json\/wp\/v2\/types\/product"}],"replies":[{"embeddable":true,"href":"https:\/\/www.hyflexpack.com\/es\/wp-json\/wp\/v2\/comments?post=3779"}],"wp:featuredmedia":[{"embeddable":true,"href":"https:\/\/www.hyflexpack.com\/es\/wp-json\/wp\/v2\/media\/3782"}],"wp:attachment":[{"href":"https:\/\/www.hyflexpack.com\/es\/wp-json\/wp\/v2\/media?parent=3779"}],"wp:term":[{"taxonomy":"product_brand","embeddable":true,"href":"https:\/\/www.hyflexpack.com\/es\/wp-json\/wp\/v2\/product_brand?post=3779"},{"taxonomy":"product_cat","embeddable":true,"href":"https:\/\/www.hyflexpack.com\/es\/wp-json\/wp\/v2\/product_cat?post=3779"},{"taxonomy":"product_tag","embeddable":true,"href":"https:\/\/www.hyflexpack.com\/es\/wp-json\/wp\/v2\/product_tag?post=3779"}],"curies":[{"name":"wp","href":"https:\/\/api.w.org\/{rel}","templated":true}]}}