{"id":3660,"date":"2024-05-24T10:27:10","date_gmt":"2024-05-24T10:27:10","guid":{"rendered":"https:\/\/hyflexpack.com\/?post_type=product&#038;p=3660"},"modified":"2024-05-24T10:27:11","modified_gmt":"2024-05-24T10:27:11","slug":"wholesale-automatic-roll-film-packaging","status":"publish","type":"product","link":"https:\/\/www.hyflexpack.com\/es\/product\/wholesale-automatic-roll-film-packaging\/","title":{"rendered":"Venta al por mayor Roll Film Embalaje Autom\u00e1tico Sachet Printed Laminated Sugar Cookie Packaging"},"content":{"rendered":"<div class=\"wp-block-columns is-layout-flex wp-container-core-columns-is-layout-9d6595d7 wp-block-columns-is-layout-flex\">\n<div class=\"wp-block-column is-layout-flow wp-block-column-is-layout-flow\">\n<h3 class=\"wp-block-heading\">Caracter\u00edsticas de los envases de film en rollo de alta calidad<\/h3>\n\n\n\n<ul class=\"wp-block-list\">\n<li>Fabricaci\u00f3n autom\u00e1tica de bolsas mediante enrollado de film: adopta tecnolog\u00eda avanzada de enrollado de film para realizar la fabricaci\u00f3n autom\u00e1tica de bolsas y mejorar la eficiencia del envasado y la velocidad de producci\u00f3n.<\/li>\n<\/ul>\n\n\n\n<p><\/p>\n\n\n\n<ul class=\"wp-block-list\">\n<li>Tecnolog\u00eda de impresi\u00f3n y laminaci\u00f3n: Adoptando una avanzada tecnolog\u00eda de impresi\u00f3n y laminaci\u00f3n, el envase es rico en color y efectos visuales, mejorando la imagen y el atractivo del producto.<\/li>\n<\/ul>\n\n\n\n<p><\/p>\n\n\n\n<ul class=\"wp-block-list\">\n<li>Envases personalizados para galletas de az\u00facar: Dise\u00f1ados para galletas de az\u00facar, proporcionamos envases con tama\u00f1o, forma y dise\u00f1o personalizados para mostrar perfectamente las caracter\u00edsticas del producto.<\/li>\n<\/ul>\n\n\n\n<p><\/p>\n\n\n\n<ul class=\"wp-block-list\">\n<li>Posicionamiento de marca: El dise\u00f1o y la impresi\u00f3n personalizados pueden utilizarse para resaltar la imagen y el mensaje de la marca con el fin de atraer a m\u00e1s consumidores.<\/li>\n\n\n\n<li><\/li>\n\n\n\n<li>Sostenibilidad: Considere la posibilidad de utilizar materiales biodegradables o de lanzar bolsas reciclables en consonancia con la preferencia de los consumidores por los productos ecol\u00f3gicos.<\/li>\n<\/ul>\n<\/div>\n\n\n\n<div class=\"wp-block-column is-layout-flow wp-block-column-is-layout-flow\">\n<figure class=\"wp-block-image size-full\"><img fetchpriority=\"high\" decoding=\"async\" width=\"750\" height=\"750\" src=\"https:\/\/hyflexpack.com\/wp-content\/uploads\/2024\/05\/Wholesale-Roll-Film-Packaging-7.webp\" alt=\"Venta al por mayor Embalaje en rollo\" class=\"wp-image-3682\" srcset=\"https:\/\/www.hyflexpack.com\/wp-content\/uploads\/2024\/05\/Wholesale-Roll-Film-Packaging-7.webp 750w, https:\/\/www.hyflexpack.com\/wp-content\/uploads\/2024\/05\/Wholesale-Roll-Film-Packaging-7-300x300.webp 300w, https:\/\/www.hyflexpack.com\/wp-content\/uploads\/2024\/05\/Wholesale-Roll-Film-Packaging-7-150x150.webp 150w, https:\/\/www.hyflexpack.com\/wp-content\/uploads\/2024\/05\/Wholesale-Roll-Film-Packaging-7-285x285.webp 285w, https:\/\/www.hyflexpack.com\/wp-content\/uploads\/2024\/05\/Wholesale-Roll-Film-Packaging-7-270x270.webp 270w, https:\/\/www.hyflexpack.com\/wp-content\/uploads\/2024\/05\/Wholesale-Roll-Film-Packaging-7-540x540.webp 540w, https:\/\/www.hyflexpack.com\/wp-content\/uploads\/2024\/05\/Wholesale-Roll-Film-Packaging-7-660x660.webp 660w\" sizes=\"(max-width: 750px) 100vw, 750px\" \/><\/figure>\n<\/div>\n<\/div>","protected":false},"excerpt":{"rendered":"<p>Con\u00f3zcanos Envasado en Rollo de Film, que ofrece Envasado de Galletas de Az\u00facar Laminadas Impresas con fabricaci\u00f3n autom\u00e1tica de bolsas en rollo de film, con las ventajas de la personalizaci\u00f3n personalizada, la garant\u00eda de calidad y los servicios corporativos de respuesta r\u00e1pida. Dedicados a proporcionar a los clientes soluciones de envasado personalizadas, atractivas y de alta calidad.<\/p>\n<h3>Ventajas del envasado en rollo<\/h3>\n<ul>\n<li><strong>Dise\u00f1o personalizado<\/strong>: Proporcionar soluciones de dise\u00f1o personalizadas para satisfacer diferentes especificaciones, tama\u00f1os y requisitos de impresi\u00f3n de hasta 10 colores seg\u00fan las necesidades del cliente, apoyar la personalizaci\u00f3n OEM y ODM.<\/li>\n<li><strong>Fabricaci\u00f3n<\/strong>:Con equipos y tecnolog\u00eda avanzados, podemos completar la producci\u00f3n del pedido con alta eficiencia y alta calidad, y podemos entregar a tiempo.<\/li>\n<li><strong>Inspecci\u00f3n de calidad<\/strong>: Seguir estrictamente las normas de calidad y los requisitos de seguridad alimentaria para la producci\u00f3n, a fin de garantizar que los productos cumplen las normas.<\/li>\n<li><strong>Atenci\u00f3n al cliente<\/strong>: 24 horas para ofrecer una respuesta r\u00e1pida y un esmerado servicio de atenci\u00f3n al cliente.<\/li>\n<li><strong>Muestra gratuita<\/strong>\uff1aProporcionamos un servicio gratuito de muestras para que pueda evaluar los productos.<\/li>\n<\/ul>\n<p>Huiyang Packaging se compromete a proporcionar a los clientes envases de rollo de pel\u00edcula personalizados y de alta calidad para ayudarles a mejorar la imagen de sus productos y aumentar su competitividad en el mercado.<\/p>","protected":false},"featured_media":3678,"comment_status":"open","ping_status":"closed","template":"","meta":[],"product_brand":[],"product_cat":[53],"product_tag":[],"class_list":{"0":"post-3660","1":"product","2":"type-product","3":"status-publish","4":"has-post-thumbnail","6":"product_cat-packaging-film-supplier","8":"first","9":"instock","10":"shipping-taxable","11":"product-type-simple"},"_links":{"self":[{"href":"https:\/\/www.hyflexpack.com\/es\/wp-json\/wp\/v2\/product\/3660","targetHints":{"allow":["GET"]}}],"collection":[{"href":"https:\/\/www.hyflexpack.com\/es\/wp-json\/wp\/v2\/product"}],"about":[{"href":"https:\/\/www.hyflexpack.com\/es\/wp-json\/wp\/v2\/types\/product"}],"replies":[{"embeddable":true,"href":"https:\/\/www.hyflexpack.com\/es\/wp-json\/wp\/v2\/comments?post=3660"}],"wp:featuredmedia":[{"embeddable":true,"href":"https:\/\/www.hyflexpack.com\/es\/wp-json\/wp\/v2\/media\/3678"}],"wp:attachment":[{"href":"https:\/\/www.hyflexpack.com\/es\/wp-json\/wp\/v2\/media?parent=3660"}],"wp:term":[{"taxonomy":"product_brand","embeddable":true,"href":"https:\/\/www.hyflexpack.com\/es\/wp-json\/wp\/v2\/product_brand?post=3660"},{"taxonomy":"product_cat","embeddable":true,"href":"https:\/\/www.hyflexpack.com\/es\/wp-json\/wp\/v2\/product_cat?post=3660"},{"taxonomy":"product_tag","embeddable":true,"href":"https:\/\/www.hyflexpack.com\/es\/wp-json\/wp\/v2\/product_tag?post=3660"}],"curies":[{"name":"wp","href":"https:\/\/api.w.org\/{rel}","templated":true}]}}