{"id":3634,"date":"2024-05-24T09:38:52","date_gmt":"2024-05-24T09:38:52","guid":{"rendered":"https:\/\/hyflexpack.com\/?post_type=product&#038;p=3634"},"modified":"2024-05-24T09:38:54","modified_gmt":"2024-05-24T09:38:54","slug":"custom-cookies-packaging-bag","status":"publish","type":"product","link":"https:\/\/www.hyflexpack.com\/es\/product\/custom-cookies-packaging-bag\/","title":{"rendered":"Bolsas de embalaje para galletas personalizadas Material de embalaje de papel de aluminio autom\u00e1tico Rollos de film laminado"},"content":{"rendered":"<div class=\"wp-block-columns is-layout-flex wp-container-core-columns-is-layout-9d6595d7 wp-block-columns-is-layout-flex\">\n<div class=\"wp-block-column is-layout-flow wp-block-column-is-layout-flow\">\n<h3 class=\"wp-block-heading\">Caracter\u00edsticas de la bolsa para envasado de galletas de alta calidad<\/h3>\n\n\n\n<ul class=\"wp-block-list\">\n<li>Tecnolog\u00eda de envasado automatizado: la bolsa de envasado de galletas adopta tecnolog\u00eda de automatizaci\u00f3n avanzada para garantizar un proceso de producci\u00f3n de envasado eficiente y r\u00e1pido, proporcionando soluciones de envasado convenientes para las galletas.<\/li>\n<\/ul>\n\n\n\n<p><\/p>\n\n\n\n<ul class=\"wp-block-list\">\n<li>Capa de papel de aluminio para mayor frescura: Con una excelente capa de papel de aluminio, a\u00edsla eficazmente el ox\u00edgeno, la humedad y la luz, manteniendo el sabor fresco y la calidad duradera de las galletas.<\/li>\n<\/ul>\n\n\n\n<p><\/p>\n\n\n\n<ul class=\"wp-block-list\">\n<li>Rendimiento superior del film laminado: Gracias a la tecnolog\u00eda de laminaci\u00f3n multicapa, que combina las propiedades de distintos materiales, proporciona una excelente resistencia a la humedad, la oxidaci\u00f3n y el desgarro, garantizando la integridad y seguridad del envase.<\/li>\n<\/ul>\n\n\n\n<p><\/p>\n\n\n\n<ul class=\"wp-block-list\">\n<li>Posicionamiento de marca: El dise\u00f1o y la impresi\u00f3n personalizados pueden utilizarse para resaltar la imagen y el mensaje de la marca con el fin de atraer a m\u00e1s consumidores.<\/li>\n<\/ul>\n\n\n\n<p><\/p>\n\n\n\n<ul class=\"wp-block-list\">\n<li>Sostenibilidad: Considere la posibilidad de utilizar materiales biodegradables o de lanzar bolsas reciclables en consonancia con la preferencia de los consumidores por los productos ecol\u00f3gicos.<\/li>\n<\/ul>\n<\/div>\n\n\n\n<div class=\"wp-block-column is-layout-flow wp-block-column-is-layout-flow\">\n<figure class=\"wp-block-image size-full\"><img fetchpriority=\"high\" decoding=\"async\" width=\"750\" height=\"750\" src=\"https:\/\/hyflexpack.com\/wp-content\/uploads\/2024\/05\/Custom-Cookies-Packaging-Bag14.webp\" alt=\"Bolsa personalizada para envasar galletas\" class=\"wp-image-3655\" srcset=\"https:\/\/www.hyflexpack.com\/wp-content\/uploads\/2024\/05\/Custom-Cookies-Packaging-Bag14.webp 750w, https:\/\/www.hyflexpack.com\/wp-content\/uploads\/2024\/05\/Custom-Cookies-Packaging-Bag14-300x300.webp 300w, https:\/\/www.hyflexpack.com\/wp-content\/uploads\/2024\/05\/Custom-Cookies-Packaging-Bag14-150x150.webp 150w, https:\/\/www.hyflexpack.com\/wp-content\/uploads\/2024\/05\/Custom-Cookies-Packaging-Bag14-285x285.webp 285w, https:\/\/www.hyflexpack.com\/wp-content\/uploads\/2024\/05\/Custom-Cookies-Packaging-Bag14-270x270.webp 270w, https:\/\/www.hyflexpack.com\/wp-content\/uploads\/2024\/05\/Custom-Cookies-Packaging-Bag14-540x540.webp 540w, https:\/\/www.hyflexpack.com\/wp-content\/uploads\/2024\/05\/Custom-Cookies-Packaging-Bag14-660x660.webp 660w\" sizes=\"(max-width: 750px) 100vw, 750px\" \/><\/figure>\n<\/div>\n<\/div>","protected":false},"excerpt":{"rendered":"<p>Explore nuestra pel\u00edcula en rollo para bolsas de envasado de galletas, que ofrece material de envasado de papel de aluminio automatizado con tecnolog\u00eda de pel\u00edcula laminada para salvaguardar el sabor fresco y la calidad de las galletas. Adem\u00e1s, ofrecemos dise\u00f1o personalizado, garant\u00eda de calidad y asistencia t\u00e9cnica profesional. Contacte ahora para m\u00e1s detalles.<\/p>\n<h3>Ventajas de la bolsa para envasado de galletas<\/h3>\n<ul>\n<li><strong>Dise\u00f1o personalizado<\/strong>: Proporcionar soluciones de dise\u00f1o personalizadas para satisfacer diferentes especificaciones, tama\u00f1os y requisitos de impresi\u00f3n de hasta 10 colores seg\u00fan las necesidades del cliente, apoyar la personalizaci\u00f3n OEM y ODM.<\/li>\n<li><strong>Garant\u00eda de calidad<\/strong>: Controlar estrictamente el proceso de producci\u00f3n, utilizando materias primas de alta calidad y equipos de producci\u00f3n avanzados para garantizar una calidad de producto estable y fiable.<\/li>\n<li><strong>Asistencia t\u00e9cnica profesional<\/strong>: Con un equipo t\u00e9cnico experimentado, proporcionamos soporte t\u00e9cnico profesional y servicio post-venta para asegurar que las necesidades de los clientes son r\u00e1pidamente respondidas y resueltas.<\/li>\n<li><strong>Muestra gratuita<\/strong>: Proporcionamos muestras gratuitas para que pueda evaluar los productos.<\/li>\n<\/ul>\n<p>Huiyang Packaging se compromete a proporcionar a los clientes bolsas de embalaje para galletas personalizadas y de alta calidad para ayudarles a mejorar la imagen de sus productos y aumentar su competitividad en el mercado.<\/p>","protected":false},"featured_media":3649,"comment_status":"open","ping_status":"closed","template":"","meta":[],"product_brand":[],"product_cat":[53],"product_tag":[],"class_list":{"0":"post-3634","1":"product","2":"type-product","3":"status-publish","4":"has-post-thumbnail","6":"product_cat-packaging-film-supplier","8":"first","9":"instock","10":"shipping-taxable","11":"product-type-simple"},"_links":{"self":[{"href":"https:\/\/www.hyflexpack.com\/es\/wp-json\/wp\/v2\/product\/3634","targetHints":{"allow":["GET"]}}],"collection":[{"href":"https:\/\/www.hyflexpack.com\/es\/wp-json\/wp\/v2\/product"}],"about":[{"href":"https:\/\/www.hyflexpack.com\/es\/wp-json\/wp\/v2\/types\/product"}],"replies":[{"embeddable":true,"href":"https:\/\/www.hyflexpack.com\/es\/wp-json\/wp\/v2\/comments?post=3634"}],"wp:featuredmedia":[{"embeddable":true,"href":"https:\/\/www.hyflexpack.com\/es\/wp-json\/wp\/v2\/media\/3649"}],"wp:attachment":[{"href":"https:\/\/www.hyflexpack.com\/es\/wp-json\/wp\/v2\/media?parent=3634"}],"wp:term":[{"taxonomy":"product_brand","embeddable":true,"href":"https:\/\/www.hyflexpack.com\/es\/wp-json\/wp\/v2\/product_brand?post=3634"},{"taxonomy":"product_cat","embeddable":true,"href":"https:\/\/www.hyflexpack.com\/es\/wp-json\/wp\/v2\/product_cat?post=3634"},{"taxonomy":"product_tag","embeddable":true,"href":"https:\/\/www.hyflexpack.com\/es\/wp-json\/wp\/v2\/product_tag?post=3634"}],"curies":[{"name":"wp","href":"https:\/\/api.w.org\/{rel}","templated":true}]}}