{"id":3293,"date":"2024-05-22T07:49:56","date_gmt":"2024-05-22T07:49:56","guid":{"rendered":"https:\/\/hyflexpack.com\/?post_type=product&#038;p=3293"},"modified":"2024-05-22T07:49:57","modified_gmt":"2024-05-22T07:49:57","slug":"china-supply-washing-powder-pouches","status":"publish","type":"product","link":"https:\/\/www.hyflexpack.com\/es\/product\/china-supply-washing-powder-pouches\/","title":{"rendered":"China Supply Bolsas para detergente en polvo Agujero para colgar Dise\u00f1o f\u00e1cil de rasgar Bolsas con cremallera"},"content":{"rendered":"<div class=\"wp-block-columns is-layout-flex wp-container-core-columns-is-layout-9d6595d7 wp-block-columns-is-layout-flex\">\n<div class=\"wp-block-column is-layout-flow wp-block-column-is-layout-flow\">\n<h3 class=\"wp-block-heading\">Caracter\u00edsticas de las bolsas de detergente en polvo de alta calidad<\/h3>\n\n\n\n<ul class=\"wp-block-list\">\n<li>Dise\u00f1o con orificios para colgar: nuestras bolsas para detergente est\u00e1n equipadas con orificios para colgar que facilitan su exposici\u00f3n en estanter\u00edas, mejorando la visibilidad y el atractivo del producto.<\/li>\n\n\n\n<li>C\u00f3moda leng\u00fceta rasgable: las bolsas de detergente en polvo est\u00e1n dise\u00f1adas con leng\u00fcetas rasgables, que permiten a los usuarios abrir f\u00e1cilmente el envase para acceder c\u00f3modamente al detergente sin necesidad de utilizar tijeras u otras herramientas.<\/li>\n\n\n\n<li>Cremallera autosellante: equipada con una cremallera autosellante para garantizar que la bolsa se pueda sellar varias veces para mantener el detergente fresco y a prueba de humedad.<\/li>\n\n\n\n<li>Material reciclable: El uso de material reciclable respetuoso con el medio ambiente reduce la carga sobre el medio ambiente y est\u00e1 en consonancia con el concepto ecol\u00f3gico.<\/li>\n\n\n\n<li>Impresi\u00f3n de alta calidad: se proporciona un servicio de impresi\u00f3n personalizada de alta definici\u00f3n, compatible con m\u00faltiples colores y dise\u00f1os, que ayuda a las marcas a destacar en el mercado.<\/li>\n\n\n\n<li>Variedad de opciones: ofrecemos servicios personalizados con distintos tama\u00f1os, formas y dise\u00f1os de impresi\u00f3n para satisfacer las necesidades de las distintas marcas y mercados.<\/li>\n<\/ul>\n<\/div>\n\n\n\n<div class=\"wp-block-column is-layout-flow wp-block-column-is-layout-flow\">\n<figure class=\"wp-block-image size-full\"><img fetchpriority=\"high\" decoding=\"async\" width=\"750\" height=\"750\" src=\"https:\/\/hyflexpack.com\/wp-content\/uploads\/2024\/05\/China-Supply-Washing-Powder-Pouches-1.webp\" alt=\"China Suministro Bolsas para detergente en polvo\" class=\"wp-image-3294\" srcset=\"https:\/\/www.hyflexpack.com\/wp-content\/uploads\/2024\/05\/China-Supply-Washing-Powder-Pouches-1.webp 750w, https:\/\/www.hyflexpack.com\/wp-content\/uploads\/2024\/05\/China-Supply-Washing-Powder-Pouches-1-300x300.webp 300w, https:\/\/www.hyflexpack.com\/wp-content\/uploads\/2024\/05\/China-Supply-Washing-Powder-Pouches-1-150x150.webp 150w, https:\/\/www.hyflexpack.com\/wp-content\/uploads\/2024\/05\/China-Supply-Washing-Powder-Pouches-1-285x285.webp 285w, https:\/\/www.hyflexpack.com\/wp-content\/uploads\/2024\/05\/China-Supply-Washing-Powder-Pouches-1-270x270.webp 270w, https:\/\/www.hyflexpack.com\/wp-content\/uploads\/2024\/05\/China-Supply-Washing-Powder-Pouches-1-540x540.webp 540w, https:\/\/www.hyflexpack.com\/wp-content\/uploads\/2024\/05\/China-Supply-Washing-Powder-Pouches-1-660x660.webp 660w\" sizes=\"(max-width: 750px) 100vw, 750px\" \/><\/figure>\n<\/div>\n<\/div>","protected":false},"excerpt":{"rendered":"<p>Obtenga m\u00e1s informaci\u00f3n sobre nuestras bolsas para detergente en polvo con orificios para colgar, c\u00f3modo dise\u00f1o de cremallera autosellante y rasgable, fabricadas con materiales reciclables respetuosos con el medio ambiente para garantizar que el detergente en polvo est\u00e9 fresco y a prueba de humedad. P\u00f3ngase en contacto con nosotros hoy mismo para obtener m\u00e1s informaci\u00f3n sobre las opciones de personalizaci\u00f3n.<\/p>\n<h3>Ventajas de las bolsas de detergente en polvo<\/h3>\n<ul>\n<li><strong>Personalizaci\u00f3n<\/strong>: Nuestro equipo de profesionales puede ofrecer soluciones de envasado a medida seg\u00fan las necesidades de su marca, garantizando un ajuste perfecto con su imagen de marca.<\/li>\n<li><strong>Respuesta r\u00e1pida<\/strong>: Un proceso de producci\u00f3n eficaz y un equipo de respuesta r\u00e1pida garantizan que cada paso, desde el dise\u00f1o hasta la entrega, pueda completarse r\u00e1pidamente.<\/li>\n<li><strong>Supervisi\u00f3n de todo el proceso<\/strong>: Se realizan estrictos controles de calidad en todas las etapas, desde la adquisici\u00f3n de materias primas hasta la entrega del producto acabado, para garantizar que la calidad del producto cumple las normas m\u00e1s estrictas.<\/li>\n<li><strong>Atenci\u00f3n al cliente de calidad<\/strong>:Proporcionar servicios profesionales de dise\u00f1o de envases y consultor\u00eda de marketing para ayudar a los clientes a elegir las soluciones de envasado m\u00e1s adecuadas para alcanzar sus objetivos de marca.<\/li>\n<li><strong>Muestra gratuita<\/strong>:Proporcionamos servicio de muestras gratuitas para que pueda evaluar sus productos.<\/li>\n<\/ul>\n<p>Huiyang Packaging se compromete a proporcionar a los clientes bolsas de detergente en polvo personalizadas y de alta calidad para ayudarles a mejorar la imagen de sus productos y aumentar su competitividad en el mercado.<\/p>","protected":false},"featured_media":3294,"comment_status":"open","ping_status":"closed","template":"","meta":[],"product_brand":[],"product_cat":[52],"product_tag":[],"class_list":{"0":"post-3293","1":"product","2":"type-product","3":"status-publish","4":"has-post-thumbnail","6":"product_cat-custom-daily-chemical-packaging","8":"first","9":"instock","10":"shipping-taxable","11":"product-type-simple"},"_links":{"self":[{"href":"https:\/\/www.hyflexpack.com\/es\/wp-json\/wp\/v2\/product\/3293","targetHints":{"allow":["GET"]}}],"collection":[{"href":"https:\/\/www.hyflexpack.com\/es\/wp-json\/wp\/v2\/product"}],"about":[{"href":"https:\/\/www.hyflexpack.com\/es\/wp-json\/wp\/v2\/types\/product"}],"replies":[{"embeddable":true,"href":"https:\/\/www.hyflexpack.com\/es\/wp-json\/wp\/v2\/comments?post=3293"}],"wp:featuredmedia":[{"embeddable":true,"href":"https:\/\/www.hyflexpack.com\/es\/wp-json\/wp\/v2\/media\/3294"}],"wp:attachment":[{"href":"https:\/\/www.hyflexpack.com\/es\/wp-json\/wp\/v2\/media?parent=3293"}],"wp:term":[{"taxonomy":"product_brand","embeddable":true,"href":"https:\/\/www.hyflexpack.com\/es\/wp-json\/wp\/v2\/product_brand?post=3293"},{"taxonomy":"product_cat","embeddable":true,"href":"https:\/\/www.hyflexpack.com\/es\/wp-json\/wp\/v2\/product_cat?post=3293"},{"taxonomy":"product_tag","embeddable":true,"href":"https:\/\/www.hyflexpack.com\/es\/wp-json\/wp\/v2\/product_tag?post=3293"}],"curies":[{"name":"wp","href":"https:\/\/api.w.org\/{rel}","templated":true}]}}