{"id":3288,"date":"2024-05-22T02:01:11","date_gmt":"2024-05-22T02:01:11","guid":{"rendered":"https:\/\/hyflexpack.com\/?post_type=product&#038;p=3288"},"modified":"2024-05-22T07:17:09","modified_gmt":"2024-05-22T07:17:09","slug":"bolsa-de-detergente-al-por-mayor","status":"publish","type":"product","link":"https:\/\/www.hyflexpack.com\/es\/product\/wholesale-washing-powder-bag\/","title":{"rendered":"Venta al por mayor Bolsa para detergente en polvo Bolsa con aletas\/sello de solapa Impresi\u00f3n Embalaje f\u00e1cil de rasgar"},"content":{"rendered":"<div class=\"wp-block-columns is-layout-flex wp-container-core-columns-is-layout-9d6595d7 wp-block-columns-is-layout-flex\">\n<div class=\"wp-block-column is-layout-flow wp-block-column-is-layout-flow\">\n<h3 class=\"wp-block-heading\">Caracter\u00edsticas de la bolsa de detergente de alta calidad<\/h3>\n\n\n\n<ul class=\"wp-block-list\">\n<li>Dise\u00f1o de bolsa con cierre de aleta\/solapa: nuestras bolsas para detergente en polvo est\u00e1n dise\u00f1adas con cierre de aleta\/solapa para garantizar un envasado resistente con un rendimiento de sellado superior, protegiendo el detergente en polvo de la humedad y la contaminaci\u00f3n.<\/li>\n<\/ul>\n\n\n\n<p><\/p>\n\n\n\n<ul class=\"wp-block-list\">\n<li>C\u00f3modo dise\u00f1o con leng\u00fcetas: Cada bolsa est\u00e1 dise\u00f1ada con pesta\u00f1as f\u00e1ciles de rasgar, lo que facilita a los usuarios abrir el paquete r\u00e1pida y f\u00e1cilmente sin necesidad de utilizar tijeras u otras herramientas.<\/li>\n<\/ul>\n\n\n\n<p><\/p>\n\n\n\n<ul class=\"wp-block-list\">\n<li>Material duradero y de alta calidad: Se utilizan materiales de alta resistencia, resistentes al desgarro y antiest\u00e1ticos para garantizar que las bolsas no se rompan f\u00e1cilmente durante el transporte y el uso.<\/li>\n<\/ul>\n\n\n\n<p><\/p>\n\n\n\n<ul class=\"wp-block-list\">\n<li>Respetuoso con el medio ambiente y sostenible: El uso de materiales reciclables respetuosos con el medio ambiente, as\u00ed como un dise\u00f1o ligero, reduce la carga sobre el medio ambiente, disminuye los costes de transporte y las emisiones de carbono, y apoya el concepto ecol\u00f3gico.<\/li>\n<\/ul>\n\n\n\n<p><\/p>\n\n\n\n<ul class=\"wp-block-list\">\n<li>Despliegue de marca: Mejore la imagen de marca y la competitividad del producto en el mercado mediante un exquisito dise\u00f1o de impresi\u00f3n.<\/li>\n<\/ul>\n<\/div>\n\n\n\n<div class=\"wp-block-column is-layout-flow wp-block-column-is-layout-flow\">\n<figure class=\"wp-block-image size-full\"><img fetchpriority=\"high\" decoding=\"async\" width=\"750\" height=\"750\" src=\"https:\/\/hyflexpack.com\/wp-content\/uploads\/2024\/05\/Wholesale-Washing-Powder-Bag-1.webp\" alt=\"Bolsa de detergente al por mayor\" class=\"wp-image-3289\" srcset=\"https:\/\/www.hyflexpack.com\/wp-content\/uploads\/2024\/05\/Wholesale-Washing-Powder-Bag-1.webp 750w, https:\/\/www.hyflexpack.com\/wp-content\/uploads\/2024\/05\/Wholesale-Washing-Powder-Bag-1-300x300.webp 300w, https:\/\/www.hyflexpack.com\/wp-content\/uploads\/2024\/05\/Wholesale-Washing-Powder-Bag-1-150x150.webp 150w, https:\/\/www.hyflexpack.com\/wp-content\/uploads\/2024\/05\/Wholesale-Washing-Powder-Bag-1-285x285.webp 285w, https:\/\/www.hyflexpack.com\/wp-content\/uploads\/2024\/05\/Wholesale-Washing-Powder-Bag-1-270x270.webp 270w, https:\/\/www.hyflexpack.com\/wp-content\/uploads\/2024\/05\/Wholesale-Washing-Powder-Bag-1-540x540.webp 540w, https:\/\/www.hyflexpack.com\/wp-content\/uploads\/2024\/05\/Wholesale-Washing-Powder-Bag-1-660x660.webp 660w\" sizes=\"(max-width: 750px) 100vw, 750px\" \/><\/figure>\n<\/div>\n<\/div>","protected":false},"excerpt":{"rendered":"<p>Las bolsas de detergente Explore est\u00e1n fabricadas con materiales reciclables respetuosos con el medio ambiente y dise\u00f1adas con una c\u00f3moda abertura para garantizar que el detergente se mantenga fresco y seguro. Elija una de nuestras soluciones de envasado para mejorar su imagen de marca y destacar en el mercado. P\u00f3ngase en contacto con nosotros hoy mismo para obtener m\u00e1s informaci\u00f3n sobre las opciones de personalizaci\u00f3n y unir fuerzas para el \u00e9xito.<\/p>\n<h3>Ventajas de la bolsa de detergente en polvo<\/h3>\n<ul>\n<li><strong>Dise\u00f1o personalizado<\/strong>Incluyendo el material, el tama\u00f1o y la impresi\u00f3n Dise\u00f1o personalizado: Proporcionamos un servicio de dise\u00f1o personalizado de bolsa de envasado de bebidas con patr\u00f3n personalizado para satisfacer las necesidades del cliente, el apoyo de OEM y ODM.<\/li>\n<li><strong>Fabricaci\u00f3n<\/strong>Con equipos y tecnolog\u00eda avanzados, somos capaces de completar la producci\u00f3n del pedido con alta eficiencia y alta calidad y podemos entregar a tiempo.<\/li>\n<li><strong>Inspecci\u00f3n de calidad<\/strong>:Siga estrictamente las normas de calidad y los requisitos de seguridad alimentaria para garantizar que los productos cumplen las normas.<\/li>\n<li><strong>Atenci\u00f3n al cliente<\/strong>:Ofrezca una respuesta r\u00e1pida y un servicio de atenci\u00f3n al cliente considerado las 24 horas del d\u00eda.<\/li>\n<li><strong>Muestra gratuita<\/strong>Proporcionamos muestras gratuitas para que pueda evaluar los productos.<\/li>\n<\/ul>\n<p>Huiyang Packaging se compromete a proporcionar a los clientes bolsas de detergente en polvo de alta calidad y personalizadas para ayudar a los clientes a mejorar la imagen de sus productos y mejorar la competitividad en el mercado.<\/p>","protected":false},"featured_media":3290,"comment_status":"closed","ping_status":"closed","template":"","meta":[],"product_brand":[],"product_cat":[52],"product_tag":[],"class_list":{"0":"post-3288","1":"product","2":"type-product","3":"status-publish","4":"has-post-thumbnail","6":"product_cat-custom-daily-chemical-packaging","8":"first","9":"instock","10":"shipping-taxable","11":"product-type-simple"},"_links":{"self":[{"href":"https:\/\/www.hyflexpack.com\/es\/wp-json\/wp\/v2\/product\/3288","targetHints":{"allow":["GET"]}}],"collection":[{"href":"https:\/\/www.hyflexpack.com\/es\/wp-json\/wp\/v2\/product"}],"about":[{"href":"https:\/\/www.hyflexpack.com\/es\/wp-json\/wp\/v2\/types\/product"}],"replies":[{"embeddable":true,"href":"https:\/\/www.hyflexpack.com\/es\/wp-json\/wp\/v2\/comments?post=3288"}],"wp:featuredmedia":[{"embeddable":true,"href":"https:\/\/www.hyflexpack.com\/es\/wp-json\/wp\/v2\/media\/3290"}],"wp:attachment":[{"href":"https:\/\/www.hyflexpack.com\/es\/wp-json\/wp\/v2\/media?parent=3288"}],"wp:term":[{"taxonomy":"product_brand","embeddable":true,"href":"https:\/\/www.hyflexpack.com\/es\/wp-json\/wp\/v2\/product_brand?post=3288"},{"taxonomy":"product_cat","embeddable":true,"href":"https:\/\/www.hyflexpack.com\/es\/wp-json\/wp\/v2\/product_cat?post=3288"},{"taxonomy":"product_tag","embeddable":true,"href":"https:\/\/www.hyflexpack.com\/es\/wp-json\/wp\/v2\/product_tag?post=3288"}],"curies":[{"name":"wp","href":"https:\/\/api.w.org\/{rel}","templated":true}]}}