{"id":3119,"date":"2024-05-22T01:29:17","date_gmt":"2024-05-22T01:29:17","guid":{"rendered":"https:\/\/hyflexpack.com\/?post_type=product&#038;p=3119"},"modified":"2024-05-22T01:29:18","modified_gmt":"2024-05-22T01:29:18","slug":"custom-washing-powder-bags","status":"publish","type":"product","link":"https:\/\/www.hyflexpack.com\/es\/product\/custom-washing-powder-bags\/","title":{"rendered":"Bolsas personalizadas para detergente Bolsas con cremallera Envases reciclables de pie"},"content":{"rendered":"<div class=\"wp-block-columns is-layout-flex wp-container-core-columns-is-layout-9d6595d7 wp-block-columns-is-layout-flex\">\n<div class=\"wp-block-column is-layout-flow wp-block-column-is-layout-flow\">\n<h3 class=\"wp-block-heading\">Caracter\u00edsticas de las bolsas de detergente de alta calidad<\/h3>\n\n\n\n<ul class=\"wp-block-list\">\n<li>Dise\u00f1o de pie: las bolsas de detergente en polvo est\u00e1n dise\u00f1adas con un dise\u00f1o de pie, que es conveniente para la exhibici\u00f3n y el almacenamiento, y asegura que los productos sean m\u00e1s hermosos y estables cuando se exhiben en los estantes.<\/li>\n<\/ul>\n\n\n\n<p><\/p>\n\n\n\n<ul class=\"wp-block-list\">\n<li>Cierre de la bolsa con cremallera: Equipada con un pr\u00e1ctico cierre de cremallera, es f\u00e1cil de usar y se puede abrir y cerrar muchas veces para garantizar el sellado y la frescura de la bolsa de detergente para ropa.<\/li>\n<\/ul>\n\n\n\n<p><\/p>\n\n\n\n<ul class=\"wp-block-list\">\n<li>Material duradero de alta calidad: Hecho de material de alta resistencia con caracter\u00edsticas resistentes a la rotura y resistentes a la humedad para proteger el contenido del ambiente externo.<\/li>\n<\/ul>\n\n\n\n<p><\/p>\n\n\n\n<ul class=\"wp-block-list\">\n<li>Sostenible desde el punto de vista medioambiental: Utilizando materiales reciclables respetuosos con el medio ambiente, cumple las normas medioambientales y responde al concepto de protecci\u00f3n ecol\u00f3gica del medio ambiente. Dise\u00f1o ligero, que reduce eficazmente los costes de transporte y las emisiones de carbono.<\/li>\n<\/ul>\n\n\n\n<p><\/p>\n\n\n\n<ul class=\"wp-block-list\">\n<li>Dise\u00f1o de gran capacidad:Hay disponibles varias opciones de capacidad para satisfacer las distintas necesidades de familias y empresas.<\/li>\n<\/ul>\n<\/div>\n\n\n\n<div class=\"wp-block-column is-layout-flow wp-block-column-is-layout-flow\">\n<h2 class=\"wp-block-heading\"><\/h2>\n\n\n\n<figure class=\"wp-block-image size-full\"><img fetchpriority=\"high\" decoding=\"async\" width=\"750\" height=\"750\" src=\"https:\/\/hyflexpack.com\/wp-content\/uploads\/2024\/05\/Custom-Washing-Powder-Bags-1.webp\" alt=\"Bolsas de detergente personalizadas\" class=\"wp-image-3280\" srcset=\"https:\/\/www.hyflexpack.com\/wp-content\/uploads\/2024\/05\/Custom-Washing-Powder-Bags-1.webp 750w, https:\/\/www.hyflexpack.com\/wp-content\/uploads\/2024\/05\/Custom-Washing-Powder-Bags-1-300x300.webp 300w, https:\/\/www.hyflexpack.com\/wp-content\/uploads\/2024\/05\/Custom-Washing-Powder-Bags-1-150x150.webp 150w, https:\/\/www.hyflexpack.com\/wp-content\/uploads\/2024\/05\/Custom-Washing-Powder-Bags-1-285x285.webp 285w, https:\/\/www.hyflexpack.com\/wp-content\/uploads\/2024\/05\/Custom-Washing-Powder-Bags-1-270x270.webp 270w, https:\/\/www.hyflexpack.com\/wp-content\/uploads\/2024\/05\/Custom-Washing-Powder-Bags-1-540x540.webp 540w, https:\/\/www.hyflexpack.com\/wp-content\/uploads\/2024\/05\/Custom-Washing-Powder-Bags-1-660x660.webp 660w\" sizes=\"(max-width: 750px) 100vw, 750px\" \/><\/figure>\n<\/div>\n<\/div>","protected":false},"excerpt":{"rendered":"<p>Obtenga m\u00e1s informaci\u00f3n sobre nuestras bolsas con cremallera para detergente en polvo con dise\u00f1o de pie, materiales reciclables respetuosos con el medio ambiente, equipadas con un c\u00f3modo cierre de cremallera para proteger el detergente fresco y duradero. Con servicio de personalizaci\u00f3n personalizado y estricto control de calidad, somos la opci\u00f3n ideal para que usted pueda combinar su marca con el concepto de protecci\u00f3n del medio ambiente.<\/p>\n<h3>Ventajas de las bolsas de detergente en polvo<\/h3>\n<ul>\n<li><strong>Personalizaci\u00f3n<\/strong>: Proporcionar servicios personalizados de varios tama\u00f1os, formas y patrones de impresi\u00f3n seg\u00fan las necesidades de los clientes para satisfacer la exposici\u00f3n personalizada de la marca.<\/li>\n<li><strong>Equipo profesional<\/strong>: Un equipo profesional responde r\u00e1pidamente a las necesidades del cliente y completa eficazmente el proceso, desde el dise\u00f1o hasta la producci\u00f3n, para garantizar una entrega puntual.<\/li>\n<li><strong>Control de calidad<\/strong>: Estricto control de calidad en cada etapa, todo en l\u00ednea con altos est\u00e1ndares, as\u00ed como productos a trav\u00e9s de una serie de certificaci\u00f3n internacional de calidad para garantizar una calidad fiable.<\/li>\n<li><strong>Atenci\u00f3n al cliente<\/strong>: Proporcionar servicios profesionales de consultor\u00eda sobre productos y mercados para ayudar a los clientes a elegir las mejores soluciones de envasado, y responder r\u00e1pidamente a los comentarios y preguntas de los clientes.<\/li>\n<li><strong>Muestra gratuita<\/strong>Proporcionamos un servicio gratuito de muestras para que pueda evaluar los productos.<\/li>\n<\/ul>\n<p>Huiyang Packaging se compromete a proporcionar a los clientes bolsas de detergente en polvo personalizadas y de alta calidad para ayudarles a mejorar la imagen de sus productos y aumentar su competitividad en el mercado.<\/p>","protected":false},"featured_media":3284,"comment_status":"open","ping_status":"closed","template":"","meta":[],"product_brand":[],"product_cat":[52],"product_tag":[],"class_list":{"0":"post-3119","1":"product","2":"type-product","3":"status-publish","4":"has-post-thumbnail","6":"product_cat-custom-daily-chemical-packaging","8":"first","9":"instock","10":"shipping-taxable","11":"product-type-simple"},"_links":{"self":[{"href":"https:\/\/www.hyflexpack.com\/es\/wp-json\/wp\/v2\/product\/3119","targetHints":{"allow":["GET"]}}],"collection":[{"href":"https:\/\/www.hyflexpack.com\/es\/wp-json\/wp\/v2\/product"}],"about":[{"href":"https:\/\/www.hyflexpack.com\/es\/wp-json\/wp\/v2\/types\/product"}],"replies":[{"embeddable":true,"href":"https:\/\/www.hyflexpack.com\/es\/wp-json\/wp\/v2\/comments?post=3119"}],"wp:featuredmedia":[{"embeddable":true,"href":"https:\/\/www.hyflexpack.com\/es\/wp-json\/wp\/v2\/media\/3284"}],"wp:attachment":[{"href":"https:\/\/www.hyflexpack.com\/es\/wp-json\/wp\/v2\/media?parent=3119"}],"wp:term":[{"taxonomy":"product_brand","embeddable":true,"href":"https:\/\/www.hyflexpack.com\/es\/wp-json\/wp\/v2\/product_brand?post=3119"},{"taxonomy":"product_cat","embeddable":true,"href":"https:\/\/www.hyflexpack.com\/es\/wp-json\/wp\/v2\/product_cat?post=3119"},{"taxonomy":"product_tag","embeddable":true,"href":"https:\/\/www.hyflexpack.com\/es\/wp-json\/wp\/v2\/product_tag?post=3119"}],"curies":[{"name":"wp","href":"https:\/\/api.w.org\/{rel}","templated":true}]}}