{"id":3058,"date":"2024-05-21T09:42:09","date_gmt":"2024-05-21T09:42:09","guid":{"rendered":"https:\/\/hyflexpack.com\/?post_type=product&#038;p=3058"},"modified":"2024-05-21T09:42:10","modified_gmt":"2024-05-21T09:42:10","slug":"custom-best-shampoo-packaging-bags","status":"publish","type":"product","link":"https:\/\/www.hyflexpack.com\/es\/product\/custom-best-shampoo-packaging-bags\/","title":{"rendered":"Bolsas personalizadas para champ\u00fa Bolsas de pie con boquilla Bolsas de recambio"},"content":{"rendered":"<div class=\"wp-block-columns is-layout-flex wp-container-core-columns-is-layout-9d6595d7 wp-block-columns-is-layout-flex\">\n<div class=\"wp-block-column is-layout-flow wp-block-column-is-layout-flow\">\n<h3 class=\"wp-block-heading\">Caracter\u00edsticas de los envases de champ\u00fa de alta calidad<\/h3>\n\n\n\n<ul class=\"wp-block-list\">\n<li>Respetuoso con el medio ambiente: el envase del champ\u00fa est\u00e1 fabricado con materiales respetuosos con el medio ambiente, lo que cumple las normas medioambientales y reduce el impacto de los residuos pl\u00e1sticos en el medio ambiente.<\/li>\n<\/ul>\n\n\n\n<p><\/p>\n\n\n\n<ul class=\"wp-block-list\">\n<li>Reutilizable: la bolsa de champ\u00fa est\u00e1 dise\u00f1ada para ser rellenable con el fin de prolongar la vida \u00fatil y reducir el desperdicio de recursos, en l\u00ednea con el concepto de desarrollo sostenible.<\/li>\n<\/ul>\n\n\n\n<p><\/p>\n\n\n\n<ul class=\"wp-block-list\">\n<li>Dise\u00f1o premium: el dise\u00f1o de bolsa vertical hace que la exposici\u00f3n del producto sea m\u00e1s atractiva, ahorra espacio y es f\u00e1cil de guardar y transportar. Equipada con una c\u00f3moda boquilla de f\u00e1cil uso, que reduce los derrames de l\u00edquido y los residuos.<\/li>\n<\/ul>\n\n\n\n<p><\/p>\n\n\n\n<ul class=\"wp-block-list\">\n<li>Material duradero: el envase del champ\u00fa est\u00e1 hecho de material de alta calidad con una excelente durabilidad, a prueba de fugas y desgarros para proteger la integridad del producto.<\/li>\n<\/ul>\n\n\n\n<p><\/p>\n\n\n\n<ul class=\"wp-block-list\">\n<li>Resistente a la humedad y al ox\u00edgeno: El dise\u00f1o compuesto multicapa proporciona una excelente resistencia a la humedad y al ox\u00edgeno para prolongar la vida \u00fatil del producto.<\/li>\n<\/ul>\n<\/div>\n\n\n\n<div class=\"wp-block-column is-layout-flow wp-block-column-is-layout-flow\">\n<h2 class=\"wp-block-heading\"><\/h2>\n\n\n\n<figure class=\"wp-block-image size-full\"><img fetchpriority=\"high\" decoding=\"async\" width=\"750\" height=\"750\" src=\"https:\/\/hyflexpack.com\/wp-content\/uploads\/2024\/05\/Custom-Shampoo-Packaging-1.jpg\" alt=\"Envasado de champ\u00fa personalizado\" class=\"wp-image-3059\" srcset=\"https:\/\/www.hyflexpack.com\/wp-content\/uploads\/2024\/05\/Custom-Shampoo-Packaging-1.jpg 750w, https:\/\/www.hyflexpack.com\/wp-content\/uploads\/2024\/05\/Custom-Shampoo-Packaging-1-300x300.jpg 300w, https:\/\/www.hyflexpack.com\/wp-content\/uploads\/2024\/05\/Custom-Shampoo-Packaging-1-150x150.jpg 150w, https:\/\/www.hyflexpack.com\/wp-content\/uploads\/2024\/05\/Custom-Shampoo-Packaging-1-285x285.jpg 285w, https:\/\/www.hyflexpack.com\/wp-content\/uploads\/2024\/05\/Custom-Shampoo-Packaging-1-270x270.jpg 270w, https:\/\/www.hyflexpack.com\/wp-content\/uploads\/2024\/05\/Custom-Shampoo-Packaging-1-540x540.jpg 540w, https:\/\/www.hyflexpack.com\/wp-content\/uploads\/2024\/05\/Custom-Shampoo-Packaging-1-660x660.jpg 660w\" sizes=\"(max-width: 750px) 100vw, 750px\" \/><\/figure>\n<\/div>\n<\/div>","protected":false},"excerpt":{"rendered":"<p>Nuestros envases de champ\u00fa personalizados para bolsas stand-up combinan alta calidad, protecci\u00f3n medioambiental y comodidad. Elegir nuestros productos no solo aumentar\u00e1 significativamente el valor de su marca, sino que tambi\u00e9n responder\u00e1 positivamente al concepto de protecci\u00f3n medioambiental, convirti\u00e9ndose en su mejor socio en el campo del envasado de champ\u00fa.<\/p>\n<h3>Ventajas de los envases de champ\u00fa<\/h3>\n<ul>\n<li><strong>Dise\u00f1o personalizado<\/strong>:Proporcionamos un servicio de dise\u00f1o personalizado de bolsas de envasado de bebidas, incluyendo el material, el tama\u00f1o y la personalizaci\u00f3n del patr\u00f3n de impresi\u00f3n para satisfacer las necesidades de marca del cliente, apoyamos OEM y ODM.<\/li>\n<li><strong>Fabricaci\u00f3n<\/strong>Con equipos y tecnolog\u00eda avanzados, somos capaces de completar la producci\u00f3n del pedido con alta eficiencia y alta calidad y podemos entregar a tiempo.<\/li>\n<li><strong>Inspecci\u00f3n de calidad<\/strong>: Seguir estrictamente las normas de calidad y los requisitos de seguridad alimentaria para la producci\u00f3n, a fin de garantizar que los productos cumplen las normas.<\/li>\n<li><strong>Atenci\u00f3n al cliente<\/strong>: 24 horas para ofrecer una respuesta r\u00e1pida y un esmerado servicio de atenci\u00f3n al cliente.<\/li>\n<li><strong>Muestra gratuita<\/strong>Proporcionamos muestras gratuitas para que pueda evaluar los productos.<\/li>\n<\/ul>\n<p>Huiyang Packaging se compromete a proporcionar a los clientes bolsas de envasado de champ\u00fa personalizadas y de alta calidad para ayudarles a mejorar la imagen de sus productos y su competitividad en el mercado.<\/p>\n<p>&nbsp;<\/p>","protected":false},"featured_media":3059,"comment_status":"open","ping_status":"closed","template":"","meta":[],"product_brand":[],"product_cat":[52],"product_tag":[],"class_list":{"0":"post-3058","1":"product","2":"type-product","3":"status-publish","4":"has-post-thumbnail","6":"product_cat-custom-daily-chemical-packaging","8":"first","9":"instock","10":"shipping-taxable","11":"product-type-simple"},"_links":{"self":[{"href":"https:\/\/www.hyflexpack.com\/es\/wp-json\/wp\/v2\/product\/3058","targetHints":{"allow":["GET"]}}],"collection":[{"href":"https:\/\/www.hyflexpack.com\/es\/wp-json\/wp\/v2\/product"}],"about":[{"href":"https:\/\/www.hyflexpack.com\/es\/wp-json\/wp\/v2\/types\/product"}],"replies":[{"embeddable":true,"href":"https:\/\/www.hyflexpack.com\/es\/wp-json\/wp\/v2\/comments?post=3058"}],"wp:featuredmedia":[{"embeddable":true,"href":"https:\/\/www.hyflexpack.com\/es\/wp-json\/wp\/v2\/media\/3059"}],"wp:attachment":[{"href":"https:\/\/www.hyflexpack.com\/es\/wp-json\/wp\/v2\/media?parent=3058"}],"wp:term":[{"taxonomy":"product_brand","embeddable":true,"href":"https:\/\/www.hyflexpack.com\/es\/wp-json\/wp\/v2\/product_brand?post=3058"},{"taxonomy":"product_cat","embeddable":true,"href":"https:\/\/www.hyflexpack.com\/es\/wp-json\/wp\/v2\/product_cat?post=3058"},{"taxonomy":"product_tag","embeddable":true,"href":"https:\/\/www.hyflexpack.com\/es\/wp-json\/wp\/v2\/product_tag?post=3058"}],"curies":[{"name":"wp","href":"https:\/\/api.w.org\/{rel}","templated":true}]}}