{"id":3052,"date":"2024-05-20T09:23:17","date_gmt":"2024-05-20T09:23:17","guid":{"rendered":"https:\/\/hyflexpack.com\/?post_type=product&#038;p=3052"},"modified":"2024-05-20T09:23:18","modified_gmt":"2024-05-20T09:23:18","slug":"stand-up-pouches-wholesale","status":"publish","type":"product","link":"https:\/\/www.hyflexpack.com\/es\/product\/stand-up-pouches-wholesale\/","title":{"rendered":"Bolsas biodegradables para champ\u00fa al por mayor Bolsas para l\u00edquidos con boquilla impresa Bolsas rellenables para champ\u00fa"},"content":{"rendered":"<div class=\"wp-block-columns is-layout-flex wp-container-core-columns-is-layout-9d6595d7 wp-block-columns-is-layout-flex\">\n<div class=\"wp-block-column is-layout-flow wp-block-column-is-layout-flow\">\n<h3 class=\"wp-block-heading\">Caracter\u00edsticas de las bolsas bipedestaci\u00f3n de alta calidad<\/h3>\n\n\n\n<ul class=\"wp-block-list\">\n<li>Certificaci\u00f3n medioambiental:Nuestras bolsas autoportantes est\u00e1n fabricadas con materiales biodegradables respetuosos con el medio ambiente para ayudar a reducir los residuos pl\u00e1sticos y promover la sostenibilidad. Todos los materiales han superado una estricta certificaci\u00f3n medioambiental para garantizar que son respetuosos con el medio ambiente.<\/li>\n<\/ul>\n\n\n\n<p><\/p>\n\n\n\n<ul class=\"wp-block-list\">\n<li>Dise\u00f1o superior:La adopci\u00f3n del dise\u00f1o de bolsa de champ\u00fa garantiza la estabilidad y la est\u00e9tica durante la exposici\u00f3n y el uso, al tiempo que ahorra espacio de almacenamiento.Cada bolsa est\u00e1 equipada con una boquilla para verter y extraer f\u00e1cilmente para minimizar los derrames y los residuos.<\/li>\n<\/ul>\n\n\n\n<p><\/p>\n\n\n\n<ul class=\"wp-block-list\">\n<li>Material de primera calidad: El uso de material pl\u00e1stico de alta calidad garantiza que las bolsas sean duraderas, a prueba de fugas y desgarros y protejan el contenido. El material compuesto multicapa proporciona una resistencia superior a la humedad y al ox\u00edgeno, lo que prolonga la vida \u00fatil del producto.<\/li>\n<\/ul>\n\n\n\n<p><\/p>\n\n\n\n<ul class=\"wp-block-list\">\n<li>Reutilizables: las bolsas stand up est\u00e1n dise\u00f1adas para ser rellenables, lo que prolonga la vida \u00fatil y reduce los costes para el usuario, al tiempo que minimiza el desperdicio de recursos.<\/li>\n<\/ul>\n<\/div>\n\n\n\n<div class=\"wp-block-column is-layout-flow wp-block-column-is-layout-flow\">\n<h2 class=\"wp-block-heading\"><\/h2>\n\n\n\n<figure class=\"wp-block-image size-full\"><img fetchpriority=\"high\" decoding=\"async\" width=\"750\" height=\"750\" src=\"https:\/\/hyflexpack.com\/wp-content\/uploads\/2024\/05\/Stand-Up-Pouches-Wholesale-3.webp\" alt=\"Bolsas de pie al por mayor\" class=\"wp-image-3055\" srcset=\"https:\/\/www.hyflexpack.com\/wp-content\/uploads\/2024\/05\/Stand-Up-Pouches-Wholesale-3.webp 750w, https:\/\/www.hyflexpack.com\/wp-content\/uploads\/2024\/05\/Stand-Up-Pouches-Wholesale-3-300x300.webp 300w, https:\/\/www.hyflexpack.com\/wp-content\/uploads\/2024\/05\/Stand-Up-Pouches-Wholesale-3-150x150.webp 150w, https:\/\/www.hyflexpack.com\/wp-content\/uploads\/2024\/05\/Stand-Up-Pouches-Wholesale-3-285x285.webp 285w, https:\/\/www.hyflexpack.com\/wp-content\/uploads\/2024\/05\/Stand-Up-Pouches-Wholesale-3-270x270.webp 270w, https:\/\/www.hyflexpack.com\/wp-content\/uploads\/2024\/05\/Stand-Up-Pouches-Wholesale-3-540x540.webp 540w, https:\/\/www.hyflexpack.com\/wp-content\/uploads\/2024\/05\/Stand-Up-Pouches-Wholesale-3-660x660.webp 660w\" sizes=\"(max-width: 750px) 100vw, 750px\" \/><\/figure>\n<\/div>\n<\/div>","protected":false},"excerpt":{"rendered":"<p>Conozca nuestras bolsas biodegradables para champ\u00fa fabricadas con materiales ecol\u00f3gicos, con boquillas y asas de dise\u00f1o elegante, f\u00e1ciles de usar y duraderas. Al ofrecer servicios de personalizaci\u00f3n y un estricto control de calidad, son una opci\u00f3n de suministro ideal para ayudar a que su marca sea m\u00e1s respetuosa con el medio ambiente y eficiente.<\/p>\n<h3>Ventajas de las bolsas autoportantes<\/h3>\n<ul>\n<li><strong>Dise\u00f1o personalizado<\/strong>:Proporcionamos un servicio de dise\u00f1o personalizado de bolsas de envasado de bebidas, incluyendo el material, el tama\u00f1o y la personalizaci\u00f3n del patr\u00f3n de impresi\u00f3n para satisfacer las necesidades de marca del cliente, apoyamos OEM y ODM.<\/li>\n<li><strong>Fabricaci\u00f3n<\/strong>Con equipos y tecnolog\u00eda avanzados, somos capaces de completar la producci\u00f3n del pedido con alta eficiencia y alta calidad y podemos entregar a tiempo.<\/li>\n<li><strong>Control de calidad<\/strong>Siga estrictamente las normas de calidad y los requisitos de seguridad alimentaria para la producci\u00f3n, a trav\u00e9s de una serie de certificaciones internacionales de calidad, para garantizar una calidad fiable, para que los clientes puedan estar seguros.<\/li>\n<li><strong>Servicios de consultor\u00eda de calidad<\/strong>:Proporcionar servicios profesionales de consultor\u00eda sobre productos y mercados para ayudar a los clientes a elegir las soluciones de envasado m\u00e1s adecuadas. Perfecto sistema de servicio postventa, resolver r\u00e1pidamente cualquier problema y preocupaci\u00f3n de los clientes.<\/li>\n<li><strong>Muestra gratuita<\/strong>Proporcionamos muestras gratuitas para que pueda evaluar los productos.<\/li>\n<\/ul>\n<p>Huiyang Packaging se compromete a proporcionar a los clientes bolsas y bolsas stand up personalizadas y de alta calidad para ayudarles a mejorar la imagen de sus productos y su competitividad en el mercado.<\/p>","protected":false},"featured_media":3056,"comment_status":"open","ping_status":"closed","template":"","meta":[],"product_brand":[],"product_cat":[52],"product_tag":[],"class_list":{"0":"post-3052","1":"product","2":"type-product","3":"status-publish","4":"has-post-thumbnail","6":"product_cat-custom-daily-chemical-packaging","8":"first","9":"instock","10":"shipping-taxable","11":"product-type-simple"},"_links":{"self":[{"href":"https:\/\/www.hyflexpack.com\/es\/wp-json\/wp\/v2\/product\/3052","targetHints":{"allow":["GET"]}}],"collection":[{"href":"https:\/\/www.hyflexpack.com\/es\/wp-json\/wp\/v2\/product"}],"about":[{"href":"https:\/\/www.hyflexpack.com\/es\/wp-json\/wp\/v2\/types\/product"}],"replies":[{"embeddable":true,"href":"https:\/\/www.hyflexpack.com\/es\/wp-json\/wp\/v2\/comments?post=3052"}],"wp:featuredmedia":[{"embeddable":true,"href":"https:\/\/www.hyflexpack.com\/es\/wp-json\/wp\/v2\/media\/3056"}],"wp:attachment":[{"href":"https:\/\/www.hyflexpack.com\/es\/wp-json\/wp\/v2\/media?parent=3052"}],"wp:term":[{"taxonomy":"product_brand","embeddable":true,"href":"https:\/\/www.hyflexpack.com\/es\/wp-json\/wp\/v2\/product_brand?post=3052"},{"taxonomy":"product_cat","embeddable":true,"href":"https:\/\/www.hyflexpack.com\/es\/wp-json\/wp\/v2\/product_cat?post=3052"},{"taxonomy":"product_tag","embeddable":true,"href":"https:\/\/www.hyflexpack.com\/es\/wp-json\/wp\/v2\/product_tag?post=3052"}],"curies":[{"name":"wp","href":"https:\/\/api.w.org\/{rel}","templated":true}]}}