{"id":3045,"date":"2024-05-20T08:06:25","date_gmt":"2024-05-20T08:06:25","guid":{"rendered":"https:\/\/hyflexpack.com\/?post_type=product&#038;p=3045"},"modified":"2024-05-20T08:06:27","modified_gmt":"2024-05-20T08:06:27","slug":"custom-stand-up-pouch-with-spout","status":"publish","type":"product","link":"https:\/\/www.hyflexpack.com\/es\/product\/custom-stand-up-pouch-with-spout\/","title":{"rendered":"Bolsa de pl\u00e1stico con asa para jab\u00f3n l\u00edquido lavamanos personalizada"},"content":{"rendered":"<div class=\"wp-block-columns is-layout-flex wp-container-core-columns-is-layout-9d6595d7 wp-block-columns-is-layout-flex\">\n<div class=\"wp-block-column is-layout-flow wp-block-column-is-layout-flow\">\n<h3 class=\"wp-block-heading\">Caracter\u00edsticas de la bolsa de pie de alta calidad con boquilla<\/h3>\n\n\n\n<ul class=\"wp-block-list\">\n<li>Dise\u00f1o de primera calidad: Nuestras bolsas desinfectantes para manos est\u00e1n dise\u00f1adas para mantenerse erguidas y garantizar la estabilidad durante su exposici\u00f3n y uso. Adem\u00e1s, est\u00e1n equipadas con un pico vertedor y asas para facilitar su uso y reducir los derrames y los residuos.<\/li>\n<\/ul>\n\n\n\n<p><\/p>\n\n\n\n<ul class=\"wp-block-list\">\n<li>Material duradero:Fabricados en material pl\u00e1stico de alta calidad con caracter\u00edsticas duraderas, a prueba de fugas y desgarros para garantizar que permanezcan intactos durante el transporte y el uso.<\/li>\n<\/ul>\n\n\n\n<p><\/p>\n\n\n\n<ul class=\"wp-block-list\">\n<li>Rendimiento de sellado superior:La avanzada tecnolog\u00eda de sellado asegura que los l\u00edquidos no se filtren, garantizando la seguridad del producto. El material compuesto multicapa protege eficazmente contra la humedad y el ox\u00edgeno, prolongando la vida \u00fatil del l\u00edquido lavamanos.<\/li>\n<\/ul>\n\n\n\n<p><\/p>\n\n\n\n<ul class=\"wp-block-list\">\n<li>Respetuoso con el medio ambiente y sostenible:Utilizamos materiales pl\u00e1sticos reciclables y respetuosos con el medio ambiente para minimizar el impacto en el entorno y promover el desarrollo sostenible.<\/li>\n<\/ul>\n\n\n\n<p><\/p>\n\n\n\n<ul class=\"wp-block-list\">\n<li>Baja huella de carbono: El dise\u00f1o ligero no solo reduce los costes de transporte, sino que tambi\u00e9n reduce las emisiones de carbono y mejora los beneficios medioambientales.<\/li>\n<\/ul>\n<\/div>\n\n\n\n<div class=\"wp-block-column is-layout-flow wp-block-column-is-layout-flow\">\n<h2 class=\"wp-block-heading\"><\/h2>\n\n\n\n<figure class=\"wp-block-image size-full\"><img fetchpriority=\"high\" decoding=\"async\" width=\"750\" height=\"750\" src=\"https:\/\/hyflexpack.com\/wp-content\/uploads\/2024\/05\/Custom-Stand-Up-Pouch-with-Spout-1.webp\" alt=\"Bolsa de pie personalizada con boquilla\" class=\"wp-image-3046\" srcset=\"https:\/\/www.hyflexpack.com\/wp-content\/uploads\/2024\/05\/Custom-Stand-Up-Pouch-with-Spout-1.webp 750w, https:\/\/www.hyflexpack.com\/wp-content\/uploads\/2024\/05\/Custom-Stand-Up-Pouch-with-Spout-1-300x300.webp 300w, https:\/\/www.hyflexpack.com\/wp-content\/uploads\/2024\/05\/Custom-Stand-Up-Pouch-with-Spout-1-150x150.webp 150w, https:\/\/www.hyflexpack.com\/wp-content\/uploads\/2024\/05\/Custom-Stand-Up-Pouch-with-Spout-1-285x285.webp 285w, https:\/\/www.hyflexpack.com\/wp-content\/uploads\/2024\/05\/Custom-Stand-Up-Pouch-with-Spout-1-270x270.webp 270w, https:\/\/www.hyflexpack.com\/wp-content\/uploads\/2024\/05\/Custom-Stand-Up-Pouch-with-Spout-1-540x540.webp 540w, https:\/\/www.hyflexpack.com\/wp-content\/uploads\/2024\/05\/Custom-Stand-Up-Pouch-with-Spout-1-660x660.webp 660w\" sizes=\"(max-width: 750px) 100vw, 750px\" \/><\/figure>\n<\/div>\n<\/div>","protected":false},"excerpt":{"rendered":"<p>La bolsa desinfectante de manos con boquilla Explore viene con asas para facilitar su uso, a prueba de fugas y resistente a la humedad. Ecol\u00f3gico y duradero, fabricado con materiales reciclables de alta calidad, en l\u00ednea con las necesidades del desarrollo sostenible. Proporcionamos un servicio de personalizaci\u00f3n personalizado y tenemos un estricto control de calidad para garantizar la calidad del producto, que es su opci\u00f3n de compra ideal.<\/p>\n<h3>Ventajas de la bolsa de pie con boquilla<\/h3>\n<ul>\n<li><strong>Servicio personalizado<\/strong>:Proporcionamos un servicio de dise\u00f1o personalizado de bolsas de envasado de bebidas, incluyendo el material, el tama\u00f1o y la personalizaci\u00f3n del patr\u00f3n de impresi\u00f3n para satisfacer las necesidades de marca del cliente, apoyando OEM y ODM.<\/li>\n<li><strong>Fabricaci\u00f3n<\/strong>Con equipos y tecnolog\u00eda avanzados, somos capaces de completar la producci\u00f3n del pedido con alta eficiencia y alta calidad y podemos entregar a tiempo.<\/li>\n<li><strong>Inspecci\u00f3n de calidad<\/strong>:Siguiendo estrictamente las normas de calidad y los requisitos de seguridad alimentaria, hemos superado una serie de certificaciones de calidad internacionales para garantizar una calidad fiable y tranquilizar a los clientes.<\/li>\n<li><strong>Consulta profesional de alta calidad<\/strong>:Proporcionar servicios profesionales de consultor\u00eda sobre productos y mercados para ayudar a los clientes a elegir las soluciones de envasado m\u00e1s adecuadas. Perfecto sistema de servicio postventa, resolver r\u00e1pidamente cualquier problema y preocupaci\u00f3n de los clientes.<\/li>\n<li><strong>Muestra gratuita<\/strong>Proporcionamos muestras gratuitas para que pueda evaluar los productos.<\/li>\n<\/ul>\n<p>Huiyang Packaging se compromete a proporcionar a los clientes bolsas de alta calidad y personalizadas con boquilla para ayudar a los clientes a mejorar la imagen de sus productos y mejorar la competitividad en el mercado.<\/p>","protected":false},"featured_media":3046,"comment_status":"open","ping_status":"closed","template":"","meta":[],"product_brand":[],"product_cat":[52],"product_tag":[],"class_list":{"0":"post-3045","1":"product","2":"type-product","3":"status-publish","4":"has-post-thumbnail","6":"product_cat-custom-daily-chemical-packaging","8":"first","9":"instock","10":"shipping-taxable","11":"product-type-simple"},"_links":{"self":[{"href":"https:\/\/www.hyflexpack.com\/es\/wp-json\/wp\/v2\/product\/3045","targetHints":{"allow":["GET"]}}],"collection":[{"href":"https:\/\/www.hyflexpack.com\/es\/wp-json\/wp\/v2\/product"}],"about":[{"href":"https:\/\/www.hyflexpack.com\/es\/wp-json\/wp\/v2\/types\/product"}],"replies":[{"embeddable":true,"href":"https:\/\/www.hyflexpack.com\/es\/wp-json\/wp\/v2\/comments?post=3045"}],"wp:featuredmedia":[{"embeddable":true,"href":"https:\/\/www.hyflexpack.com\/es\/wp-json\/wp\/v2\/media\/3046"}],"wp:attachment":[{"href":"https:\/\/www.hyflexpack.com\/es\/wp-json\/wp\/v2\/media?parent=3045"}],"wp:term":[{"taxonomy":"product_brand","embeddable":true,"href":"https:\/\/www.hyflexpack.com\/es\/wp-json\/wp\/v2\/product_brand?post=3045"},{"taxonomy":"product_cat","embeddable":true,"href":"https:\/\/www.hyflexpack.com\/es\/wp-json\/wp\/v2\/product_cat?post=3045"},{"taxonomy":"product_tag","embeddable":true,"href":"https:\/\/www.hyflexpack.com\/es\/wp-json\/wp\/v2\/product_tag?post=3045"}],"curies":[{"name":"wp","href":"https:\/\/api.w.org\/{rel}","templated":true}]}}