{"id":3009,"date":"2024-05-18T08:25:55","date_gmt":"2024-05-18T08:25:55","guid":{"rendered":"https:\/\/hyflexpack.com\/?post_type=product&#038;p=3009"},"modified":"2024-05-18T08:25:56","modified_gmt":"2024-05-18T08:25:56","slug":"customized-liquid-pouches","status":"publish","type":"product","link":"https:\/\/www.hyflexpack.com\/es\/product\/customized-liquid-pouches\/","title":{"rendered":"Bolsas personalizadas para l\u00edquidos Bolsas de pl\u00e1stico con boquilla impresa para l\u00edquido lavavajillas"},"content":{"rendered":"<p><\/p>\n\n\n\n<div class=\"wp-block-columns is-layout-flex wp-container-core-columns-is-layout-9d6595d7 wp-block-columns-is-layout-flex\">\n<div class=\"wp-block-column is-layout-flow wp-block-column-is-layout-flow\">\n<h3 class=\"wp-block-heading\">Caracter\u00edsticas de las bolsas para l\u00edquidos de alta calidad<\/h3>\n\n\n\n<ul class=\"wp-block-list\">\n<li>Portabilidad y ahorro de espacio: este dise\u00f1o de bolsas para l\u00edquidos es compacto y ligero, f\u00e1cil de guardar y transportar, adecuado para uso dom\u00e9stico y al aire libre.<\/li>\n\n\n\n<li>Dise\u00f1o autoportante: La estructura autoportante de la bolsa permite que se mantenga firme, lo que facilita su colocaci\u00f3n durante el uso y reduce las probabilidades de que vuelque.<\/li>\n\n\n\n<li>Dise\u00f1o de la boquilla: Dise\u00f1ado con una boquilla para controlar f\u00e1cilmente el volumen de vertido, evitando el desperdicio y reduciendo la posibilidad de fugas de l\u00edquido.<\/li>\n\n\n\n<li>Materiales ecol\u00f3gicos: A menudo se utilizan materiales pl\u00e1sticos reciclables para minimizar el impacto en el medio ambiente y, al mismo tiempo, apoyar un estilo de vida respetuoso con el medio ambiente.<\/li>\n\n\n\n<li>Construcci\u00f3n multicapa: La construcci\u00f3n multicapa de pl\u00e1stico proporciona una excelente resistencia a la humedad, el ox\u00edgeno y las fragancias, garantizando que el l\u00edquido lavavajillas se mantenga en \u00f3ptimas condiciones durante un largo periodo de tiempo.<\/li>\n\n\n\n<li>F\u00e1cil de usar y almacenar: El dise\u00f1o de la boquilla permite un vertido preciso, y se puede sellar f\u00e1cilmente despu\u00e9s de su uso para mantenerla limpia y el l\u00edquido higi\u00e9nico.<\/li>\n\n\n\n<li>Versatilidad: Adem\u00e1s del l\u00edquido lavavajillas, tambi\u00e9n puede utilizarse para envasar otros productos l\u00edquidos, como desinfectante para manos, detergente para ropa, etc., con una amplia gama de aplicabilidad.<\/li>\n<\/ul>\n<\/div>\n\n\n\n<div class=\"wp-block-column is-layout-flow wp-block-column-is-layout-flow\">\n<h2 class=\"wp-block-heading\"><\/h2>\n\n\n\n<figure class=\"wp-block-image size-full\"><img fetchpriority=\"high\" decoding=\"async\" width=\"750\" height=\"750\" src=\"https:\/\/hyflexpack.com\/wp-content\/uploads\/2024\/05\/Customized-Liquid-Pouches-7.webp\" alt=\"Bolsas para l\u00edquidos personalizadas (\" class=\"wp-image-3016\" srcset=\"https:\/\/www.hyflexpack.com\/wp-content\/uploads\/2024\/05\/Customized-Liquid-Pouches-7.webp 750w, https:\/\/www.hyflexpack.com\/wp-content\/uploads\/2024\/05\/Customized-Liquid-Pouches-7-300x300.webp 300w, https:\/\/www.hyflexpack.com\/wp-content\/uploads\/2024\/05\/Customized-Liquid-Pouches-7-150x150.webp 150w, https:\/\/www.hyflexpack.com\/wp-content\/uploads\/2024\/05\/Customized-Liquid-Pouches-7-285x285.webp 285w, https:\/\/www.hyflexpack.com\/wp-content\/uploads\/2024\/05\/Customized-Liquid-Pouches-7-270x270.webp 270w, https:\/\/www.hyflexpack.com\/wp-content\/uploads\/2024\/05\/Customized-Liquid-Pouches-7-540x540.webp 540w, https:\/\/www.hyflexpack.com\/wp-content\/uploads\/2024\/05\/Customized-Liquid-Pouches-7-660x660.webp 660w\" sizes=\"(max-width: 750px) 100vw, 750px\" \/><\/figure>\n<\/div>\n<\/div>","protected":false},"excerpt":{"rendered":"<p>Esta bolsa de pl\u00e1stico para l\u00edquidos es ideal para envasar detergente l\u00edquido para vajilla, est\u00e1 dise\u00f1ada con una boquilla para un vertido f\u00e1cil y preciso y es a prueba de fugas, material ecol\u00f3gico que puede reciclarse. La estructura multicapa garantiza la frescura del producto, la bonita impresi\u00f3n mejora la imagen de marca, es ligero y f\u00e1cil de almacenar, apto para uso dom\u00e9stico y al aire libre, econ\u00f3mico. P\u00f3ngase en contacto con nosotros hoy mismo para obtener soluciones personalizadas.<\/p>\n<h3>Ventajas de las bolsas para bebidas l\u00edquidas<\/h3>\n<ul>\n<li><strong>Dise\u00f1o personalizado<\/strong>:Ofrecemos un servicio de dise\u00f1o personalizado para bolsas de l\u00edquidos, apoyando OEM y ODM, mostrando el logotipo de la marca y la informaci\u00f3n del producto para mejorar el conocimiento de la marca y el atractivo del mercado.<\/li>\n<li><strong>Variedad de dise\u00f1os<\/strong>:Existe una gran variedad de dise\u00f1os y tama\u00f1os para satisfacer las necesidades de los distintos clientes, proporcionando soluciones de envasado adecuadas para una gran variedad de productos lavavajillas l\u00edquidos.<\/li>\n<li><strong>Atenci\u00f3n al cliente<\/strong>:Ofrezca una respuesta r\u00e1pida y un servicio de atenci\u00f3n al cliente considerado las 24 horas del d\u00eda.<\/li>\n<li><strong>Garant\u00eda de calidad<\/strong>:Estricto sistema de control de calidad para garantizar la alta calidad y consistencia de cada bolsa.<\/li>\n<li><strong>Rentable<\/strong>: En comparaci\u00f3n con las formas de envasado tradicionales, el dise\u00f1o de la bolsa es m\u00e1s rentable, lo que reduce los costes de envasado, transporte y almacenamiento y mejora la rentabilidad.<\/li>\n<li><strong>Muestra gratuita<\/strong>:Proporcionamos servicio de muestras gratuitas para que pueda evaluar su producto.<\/li>\n<\/ul>\n<p>Huiyang Packaging se compromete a proporcionar a los clientes bolsas para l\u00edquidos personalizadas de alta calidad para ayudarles a mejorar la imagen de sus productos y aumentar su competitividad en el mercado.<\/p>","protected":false},"featured_media":3011,"comment_status":"open","ping_status":"closed","template":"","meta":[],"product_brand":[],"product_cat":[52],"product_tag":[],"class_list":{"0":"post-3009","1":"product","2":"type-product","3":"status-publish","4":"has-post-thumbnail","6":"product_cat-custom-daily-chemical-packaging","8":"first","9":"instock","10":"shipping-taxable","11":"product-type-simple"},"_links":{"self":[{"href":"https:\/\/www.hyflexpack.com\/es\/wp-json\/wp\/v2\/product\/3009","targetHints":{"allow":["GET"]}}],"collection":[{"href":"https:\/\/www.hyflexpack.com\/es\/wp-json\/wp\/v2\/product"}],"about":[{"href":"https:\/\/www.hyflexpack.com\/es\/wp-json\/wp\/v2\/types\/product"}],"replies":[{"embeddable":true,"href":"https:\/\/www.hyflexpack.com\/es\/wp-json\/wp\/v2\/comments?post=3009"}],"wp:featuredmedia":[{"embeddable":true,"href":"https:\/\/www.hyflexpack.com\/es\/wp-json\/wp\/v2\/media\/3011"}],"wp:attachment":[{"href":"https:\/\/www.hyflexpack.com\/es\/wp-json\/wp\/v2\/media?parent=3009"}],"wp:term":[{"taxonomy":"product_brand","embeddable":true,"href":"https:\/\/www.hyflexpack.com\/es\/wp-json\/wp\/v2\/product_brand?post=3009"},{"taxonomy":"product_cat","embeddable":true,"href":"https:\/\/www.hyflexpack.com\/es\/wp-json\/wp\/v2\/product_cat?post=3009"},{"taxonomy":"product_tag","embeddable":true,"href":"https:\/\/www.hyflexpack.com\/es\/wp-json\/wp\/v2\/product_tag?post=3009"}],"curies":[{"name":"wp","href":"https:\/\/api.w.org\/{rel}","templated":true}]}}