{"id":3002,"date":"2024-05-17T08:52:29","date_gmt":"2024-05-17T08:52:29","guid":{"rendered":"https:\/\/hyflexpack.com\/?post_type=product&#038;p=3002"},"modified":"2025-03-14T06:48:59","modified_gmt":"2025-03-14T06:48:59","slug":"custom-tea-bag-packaging","status":"publish","type":"product","link":"https:\/\/www.hyflexpack.com\/es\/product\/custom-tea-bag-packaging\/","title":{"rendered":"Bolsa de t\u00e9 personalizada Bolsa con cremallera Easy Tear Stand Up Pouch"},"content":{"rendered":"<div class=\"wp-block-columns is-layout-flex wp-container-core-columns-is-layout-9d6595d7 wp-block-columns-is-layout-flex\">\n<div class=\"wp-block-column is-layout-flow wp-block-column-is-layout-flow\">\n<h3 class=\"wp-block-heading\">Caracter\u00edsticas del envasado de bolsitas de t\u00e9 de alta calidad<\/h3>\n\n\n\n<ul class=\"wp-block-list\">\n<li>Material de alta barrera: Los envases de bolsitas de t\u00e9 suelen estar hechos de materiales compuestos multicapa (por ejemplo, PET\/AL\/PE) que proporcionan excelentes propiedades de barrera, alta barrera, antiest\u00e1ticas y antipenetraci\u00f3n para evitar la entrada de ox\u00edgeno, humedad y luz, prolongando as\u00ed la vida \u00fatil del t\u00e9.<\/li>\n<\/ul>\n\n\n\n<p><\/p>\n\n\n\n<ul class=\"wp-block-list\">\n<li>Dise\u00f1o autoportante: El dise\u00f1o autoportante de la bolsa permite que las bolsitas de t\u00e9 se mantengan en pie por s\u00ed solas tras el llenado, lo que mejora la exposici\u00f3n en los estantes y facilita a los consumidores su almacenamiento.<\/li>\n<\/ul>\n\n\n\n<p><\/p>\n\n\n\n<ul class=\"wp-block-list\">\n<li>Cierre de cremallera: el paquete de bolsitas de t\u00e9 viene con un cierre de cremallera reutilizable, lo que facilita a los consumidores abrir y cerrar la bolsa varias veces para mantener la frescura del t\u00e9.<\/li>\n<\/ul>\n\n\n\n<p><\/p>\n\n\n\n<ul class=\"wp-block-list\">\n<li>Impresi\u00f3n de alta calidad: El material exterior tiene una buena adaptabilidad de impresi\u00f3n, que puede realizar la impresi\u00f3n de alta calidad de los patrones y la informaci\u00f3n de la marca para mejorar el atractivo visual del producto.<\/li>\n<\/ul>\n\n\n\n<p><\/p>\n\n\n\n<ul class=\"wp-block-list\">\n<li>Sostenibilidad: Considere el uso de materiales biodegradables o el lanzamiento de bolsas reciclables para satisfacer la preferencia de los consumidores por productos respetuosos con el medio ambiente.<\/li>\n<\/ul>\n<\/div>\n\n\n\n<div class=\"wp-block-column is-layout-flow wp-block-column-is-layout-flow\">\n<h2 class=\"wp-block-heading\"><\/h2>\n\n\n\n<figure class=\"wp-block-image size-full\"><img fetchpriority=\"high\" decoding=\"async\" width=\"750\" height=\"750\" src=\"https:\/\/hyflexpack.com\/wp-content\/uploads\/2024\/05\/Custom-Tea-Bag-Packaging-5.webp\" alt=\"Envasado personalizado de bolsitas de t\u00e9\" class=\"wp-image-3007\" srcset=\"https:\/\/www.hyflexpack.com\/wp-content\/uploads\/2024\/05\/Custom-Tea-Bag-Packaging-5.webp 750w, https:\/\/www.hyflexpack.com\/wp-content\/uploads\/2024\/05\/Custom-Tea-Bag-Packaging-5-300x300.webp 300w, https:\/\/www.hyflexpack.com\/wp-content\/uploads\/2024\/05\/Custom-Tea-Bag-Packaging-5-150x150.webp 150w, https:\/\/www.hyflexpack.com\/wp-content\/uploads\/2024\/05\/Custom-Tea-Bag-Packaging-5-285x285.webp 285w, https:\/\/www.hyflexpack.com\/wp-content\/uploads\/2024\/05\/Custom-Tea-Bag-Packaging-5-270x270.webp 270w, https:\/\/www.hyflexpack.com\/wp-content\/uploads\/2024\/05\/Custom-Tea-Bag-Packaging-5-540x540.webp 540w, https:\/\/www.hyflexpack.com\/wp-content\/uploads\/2024\/05\/Custom-Tea-Bag-Packaging-5-660x660.webp 660w\" sizes=\"(max-width: 750px) 100vw, 750px\" \/><\/figure>\n<\/div>\n<\/div>","protected":false},"excerpt":{"rendered":"<p>Con nuestros envases para bolsitas de t\u00e9 que combinan materiales de alta barrera, un c\u00f3modo cierre de cremallera y un dise\u00f1o f\u00e1cil de rasgar, como fabricante l\u00edder de envases flexibles personalizados, ayudamos a que su marca destaque con nuestra avanzada tecnolog\u00eda, un estricto control de calidad y un servicio de atenci\u00f3n al cliente profesional para ofrecerle soluciones de envasado de bolsitas de t\u00e9 de alta calidad.<\/p>\n<h3>Ventajas del envasado en bolsas de t\u00e9<\/h3>\n<ul>\n<li><strong>Dise\u00f1o personalizado<\/strong>: Proporcionar servicios integrales de personalizaci\u00f3n, incluida la selecci\u00f3n de materiales, el dise\u00f1o de impresi\u00f3n y la forma de envasado, para satisfacer las necesidades individuales de los clientes. Apoyar OEM y ODM.<\/li>\n<li><strong>Producci\u00f3n flexible<\/strong>: con equipos y tecnolog\u00eda avanzados, somos capaces de completar la producci\u00f3n de los pedidos con gran eficacia y alta calidad, y entregarlos a tiempo.<\/li>\n<li><strong>Estricto control de calidad<\/strong>: Estricto control de calidad desde la adquisici\u00f3n de materias primas hasta cada paso del proceso de producci\u00f3n para garantizar que los productos cumplen las normas internacionales.<\/li>\n<li><strong>Equipo profesional<\/strong>un equipo profesional de atenci\u00f3n al cliente, que ofrece a los clientes un servicio integral, desde la consulta y el dise\u00f1o hasta el servicio posventa.<\/li>\n<li><strong>Cobertura del mercado<\/strong>: Amplia capacidad de cobertura del mercado, los productos se venden a muchos mercados en el pa\u00eds y en el extranjero, y han ganado una buena reputaci\u00f3n.<\/li>\n<li><strong>Muestra gratuita<\/strong>: Proporcionamos muestras gratuitas para que pueda evaluar los productos.<\/li>\n<\/ul>\n<p>Huiyang Packaging se compromete a proporcionar a los clientes envases de bolsitas de t\u00e9 personalizados y de alta calidad para ayudarles a mejorar la imagen de sus productos y sus necesidades de protecci\u00f3n medioambiental, as\u00ed como a aumentar su competitividad en el mercado.<\/p>","protected":false},"featured_media":3007,"comment_status":"open","ping_status":"closed","template":"","meta":[],"product_brand":[],"product_cat":[58],"product_tag":[],"class_list":{"0":"post-3002","1":"product","2":"type-product","3":"status-publish","4":"has-post-thumbnail","6":"product_cat-tea-bag-packaging","8":"first","9":"instock","10":"shipping-taxable","11":"product-type-simple"},"_links":{"self":[{"href":"https:\/\/www.hyflexpack.com\/es\/wp-json\/wp\/v2\/product\/3002","targetHints":{"allow":["GET"]}}],"collection":[{"href":"https:\/\/www.hyflexpack.com\/es\/wp-json\/wp\/v2\/product"}],"about":[{"href":"https:\/\/www.hyflexpack.com\/es\/wp-json\/wp\/v2\/types\/product"}],"replies":[{"embeddable":true,"href":"https:\/\/www.hyflexpack.com\/es\/wp-json\/wp\/v2\/comments?post=3002"}],"wp:featuredmedia":[{"embeddable":true,"href":"https:\/\/www.hyflexpack.com\/es\/wp-json\/wp\/v2\/media\/3007"}],"wp:attachment":[{"href":"https:\/\/www.hyflexpack.com\/es\/wp-json\/wp\/v2\/media?parent=3002"}],"wp:term":[{"taxonomy":"product_brand","embeddable":true,"href":"https:\/\/www.hyflexpack.com\/es\/wp-json\/wp\/v2\/product_brand?post=3002"},{"taxonomy":"product_cat","embeddable":true,"href":"https:\/\/www.hyflexpack.com\/es\/wp-json\/wp\/v2\/product_cat?post=3002"},{"taxonomy":"product_tag","embeddable":true,"href":"https:\/\/www.hyflexpack.com\/es\/wp-json\/wp\/v2\/product_tag?post=3002"}],"curies":[{"name":"wp","href":"https:\/\/api.w.org\/{rel}","templated":true}]}}