{"id":2994,"date":"2024-05-17T08:11:22","date_gmt":"2024-05-17T08:11:22","guid":{"rendered":"https:\/\/hyflexpack.com\/?post_type=product&#038;p=2994"},"modified":"2025-03-14T06:49:07","modified_gmt":"2025-03-14T06:49:07","slug":"custom-tea-pouch","status":"publish","type":"product","link":"https:\/\/www.hyflexpack.com\/es\/product\/custom-tea-pouch\/","title":{"rendered":"Bolsas de t\u00e9 personalizadas Impresi\u00f3n de rollos de alambre Bolsas autosellantes Bolsa de fondo plano"},"content":{"rendered":"<div class=\"wp-block-columns is-layout-flex wp-container-core-columns-is-layout-9d6595d7 wp-block-columns-is-layout-flex\">\n<div class=\"wp-block-column is-layout-flow wp-block-column-is-layout-flow\">\n<h3 class=\"wp-block-heading\">Caracter\u00edsticas de la bolsita de t\u00e9 de alta calidad<\/h3>\n\n\n\n<ul class=\"wp-block-list\">\n<li>Material laminado: Estas bolsitas de t\u00e9 suelen estar fabricadas con materiales compuestos de varias capas (por ejemplo, PET\/AL\/PE o PET\/PE). Estos materiales ofrecen excelentes propiedades de barrera contra el ox\u00edgeno, la humedad y la luz, lo que prolonga la vida \u00fatil del t\u00e9.<\/li>\n<\/ul>\n\n\n\n<p><\/p>\n\n\n\n<ul class=\"wp-block-list\">\n<li>Dise\u00f1o de fondo plano: El dise\u00f1o de fondo plano permite que las bolsas se mantengan en pie por s\u00ed solas tras el llenado, mejorando la exposici\u00f3n en los estantes y facilitando su almacenamiento a los consumidores.<\/li>\n<\/ul>\n\n\n\n<p><\/p>\n\n\n\n<ul class=\"wp-block-list\">\n<li>Funci\u00f3n de autosellado: El dise\u00f1o de autosellado permite abrir y cerrar la bolsa varias veces, manteniendo el t\u00e9 fresco y c\u00f3modo para los consumidores.<\/li>\n<\/ul>\n\n\n\n<p><\/p>\n\n\n\n<ul class=\"wp-block-list\">\n<li>Impresi\u00f3n de alta calidad: El material exterior de la bolsa de t\u00e9 suele tener una buena adaptabilidad de impresi\u00f3n, lo que permite una impresi\u00f3n de alta calidad de gr\u00e1ficos e informaci\u00f3n de marca.<\/li>\n<\/ul>\n\n\n\n<p><\/p>\n\n\n\n<ul class=\"wp-block-list\">\n<li>Variedad de dise\u00f1os: La impresi\u00f3n personalizada permite una gran variedad de dise\u00f1os seg\u00fan las necesidades del cliente, incluidos logotipos de marca, informaci\u00f3n sobre el producto y patrones creativos.<\/li>\n<\/ul>\n<\/div>\n\n\n\n<div class=\"wp-block-column is-layout-flow wp-block-column-is-layout-flow\">\n<h2 class=\"wp-block-heading\"><\/h2>\n\n\n\n<figure class=\"wp-block-image size-full\"><img decoding=\"async\" src=\"https:\/\/hyflexpack.com\/wp-content\/uploads\/2024\/05\/Custom-Tea-Pouch-5.webp\" alt=\"Bolsa de t\u00e9 personalizada\" class=\"wp-image-2999\" \/><\/figure>\n<\/div>\n<\/div>","protected":false},"excerpt":{"rendered":"<p>Obtenga m\u00e1s informaci\u00f3n sobre esta bolsa cuadrada de fondo plano para t\u00e9 que combina funcionalidad, atractivo visual y ventajas medioambientales para una soluci\u00f3n de envasado competitiva en el mercado moderno del t\u00e9. Solicite m\u00e1s informaci\u00f3n.<\/p>\n<h3>Ventajas de la bolsita de t\u00e9<\/h3>\n<ul>\n<li><strong>Dise\u00f1o personalizado<\/strong>: Ofrecemos bolsas de t\u00e9 de dise\u00f1o personalizado, incluyendo el material, el tama\u00f1o y el patr\u00f3n de impresi\u00f3n de personalizaci\u00f3n para satisfacer las necesidades de los clientes, el apoyo a OEM y ODM.<\/li>\n<li><strong>Ventaja competitiva<\/strong>: Estas bolsitas de t\u00e9 pueden mejorar significativamente la competitividad de los productos en el mercado gracias a su dise\u00f1o multifuncional (como el autocierre y el cierre de alambre met\u00e1lico) y a su impresi\u00f3n de alta calidad.<\/li>\n<li><strong>Materiales respetuosos con el medio ambiente<\/strong>: El uso de materiales respetuosos con el medio ambiente, como materiales compuestos biodegradables o reciclables. Esto satisface las necesidades medioambientales de los consumidores y ayuda a las empresas a construir una imagen de marca ecol\u00f3gica.<\/li>\n<li><strong>Eficacia de la producci\u00f3n<\/strong>: Los equipos y t\u00e9cnicas de producci\u00f3n modernos pueden aumentar la eficacia de la producci\u00f3n, reducir los costes unitarios y garantizar un suministro constante de productos de alta calidad.<\/li>\n<li><strong>Muestra gratuita<\/strong>: Le ofrecemos un servicio gratuito de muestras para que pueda evaluar los productos.<\/li>\n<\/ul>\n<p>Huiyang Packaging se compromete a proporcionar a los clientes bolsas de t\u00e9 personalizadas de alta calidad para ayudarles a mejorar la imagen de sus productos y sus necesidades de protecci\u00f3n medioambiental, as\u00ed como a mejorar su competitividad en el mercado.<\/p>\n<p>&nbsp;<\/p>","protected":false},"featured_media":2995,"comment_status":"open","ping_status":"closed","template":"","meta":[],"product_brand":[],"product_cat":[58],"product_tag":[],"class_list":{"0":"post-2994","1":"product","2":"type-product","3":"status-publish","4":"has-post-thumbnail","6":"product_cat-tea-bag-packaging","8":"first","9":"instock","10":"shipping-taxable","11":"product-type-simple"},"_links":{"self":[{"href":"https:\/\/www.hyflexpack.com\/es\/wp-json\/wp\/v2\/product\/2994","targetHints":{"allow":["GET"]}}],"collection":[{"href":"https:\/\/www.hyflexpack.com\/es\/wp-json\/wp\/v2\/product"}],"about":[{"href":"https:\/\/www.hyflexpack.com\/es\/wp-json\/wp\/v2\/types\/product"}],"replies":[{"embeddable":true,"href":"https:\/\/www.hyflexpack.com\/es\/wp-json\/wp\/v2\/comments?post=2994"}],"wp:featuredmedia":[{"embeddable":true,"href":"https:\/\/www.hyflexpack.com\/es\/wp-json\/wp\/v2\/media\/2995"}],"wp:attachment":[{"href":"https:\/\/www.hyflexpack.com\/es\/wp-json\/wp\/v2\/media?parent=2994"}],"wp:term":[{"taxonomy":"product_brand","embeddable":true,"href":"https:\/\/www.hyflexpack.com\/es\/wp-json\/wp\/v2\/product_brand?post=2994"},{"taxonomy":"product_cat","embeddable":true,"href":"https:\/\/www.hyflexpack.com\/es\/wp-json\/wp\/v2\/product_cat?post=2994"},{"taxonomy":"product_tag","embeddable":true,"href":"https:\/\/www.hyflexpack.com\/es\/wp-json\/wp\/v2\/product_tag?post=2994"}],"curies":[{"name":"wp","href":"https:\/\/api.w.org\/{rel}","templated":true}]}}