{"id":2971,"date":"2024-05-16T10:01:07","date_gmt":"2024-05-16T10:01:07","guid":{"rendered":"https:\/\/hyflexpack.com\/?post_type=product&#038;p=2971"},"modified":"2025-03-14T06:49:44","modified_gmt":"2025-03-14T06:49:44","slug":"customized-coffee-packages-zipper-bag","status":"publish","type":"product","link":"https:\/\/www.hyflexpack.com\/es\/product\/customized-coffee-packages-zipper-bag\/","title":{"rendered":"Paquetes de caf\u00e9 personalizados Bolsa con cremallera Bolsas de pie con v\u00e1lvula de retenci\u00f3n Envasado de alimentos"},"content":{"rendered":"<div class=\"wp-block-columns is-layout-flex wp-container-core-columns-is-layout-9d6595d7 wp-block-columns-is-layout-flex\">\n<div class=\"wp-block-column is-layout-flow wp-block-column-is-layout-flow\">\n<h3 class=\"wp-block-heading\">Features of High Quality Coffee Packages<\/h3>\n\n\n\n<ul class=\"wp-block-list\">\n<li>Zipper Bag Design: The coffee packages features a convenient zipper and easy-tear design, making it easy for users to open and close the bag to keep the coffee fresh and flavorful.<\/li>\n<\/ul>\n\n\n\n<p><\/p>\n\n\n\n<ul class=\"wp-block-list\">\n<li>Stand-Up Pouch Design: Unlike traditional flat bags, these bags feature a stand-up pouch design, which allows the bag to remain stable when filled and helps to display the product on the shelf.<\/li>\n<\/ul>\n\n\n\n<p><\/p>\n\n\n\n<ul class=\"wp-block-list\">\n<li>Check Valve Technology: Built-in check valve technology vents gas inside the package to maintain the freshness and quality of the coffee, preventing oxygen and moisture from entering the package.<\/li>\n<\/ul>\n\n\n\n<p><\/p>\n\n\n\n<ul class=\"wp-block-list\">\n<li>Food-grade Material: Produced with food-grade material to ensure the product meets health and safety standards and can be safely used to package food.<\/li>\n<\/ul>\n\n\n\n<p><\/p>\n\n\n\n<ul class=\"wp-block-list\">\n<li>Printing Customization: Customized printing can be done according to customer&#8217;s needs, including brand logo, product information and design to attract consumers, enhancing brand image and market competitiveness.<\/li>\n<\/ul>\n\n\n\n<p><\/p>\n\n\n\n<ul class=\"wp-block-list\">\n<li>Multi-functionality: Besides coffee, these bags are also suitable for packaging other food and non-food products, such as snacks, nuts, candies and so on.<\/li>\n<\/ul>\n<\/div>\n\n\n\n<div class=\"wp-block-column is-layout-flow wp-block-column-is-layout-flow\">\n<h3 class=\"wp-block-heading\"><\/h3>\n\n\n\n<figure class=\"wp-block-image size-full\"><img fetchpriority=\"high\" decoding=\"async\" width=\"750\" height=\"750\" src=\"https:\/\/hyflexpack.com\/wp-content\/uploads\/2024\/05\/Customized-Coffee-Packages-4.webp\" alt=\"Paquetes de caf\u00e9 personalizados (1)\" class=\"wp-image-2975\" srcset=\"https:\/\/www.hyflexpack.com\/wp-content\/uploads\/2024\/05\/Customized-Coffee-Packages-4.webp 750w, https:\/\/www.hyflexpack.com\/wp-content\/uploads\/2024\/05\/Customized-Coffee-Packages-4-300x300.webp 300w, https:\/\/www.hyflexpack.com\/wp-content\/uploads\/2024\/05\/Customized-Coffee-Packages-4-150x150.webp 150w, https:\/\/www.hyflexpack.com\/wp-content\/uploads\/2024\/05\/Customized-Coffee-Packages-4-285x285.webp 285w, https:\/\/www.hyflexpack.com\/wp-content\/uploads\/2024\/05\/Customized-Coffee-Packages-4-270x270.webp 270w, https:\/\/www.hyflexpack.com\/wp-content\/uploads\/2024\/05\/Customized-Coffee-Packages-4-540x540.webp 540w, https:\/\/www.hyflexpack.com\/wp-content\/uploads\/2024\/05\/Customized-Coffee-Packages-4-660x660.webp 660w\" sizes=\"(max-width: 750px) 100vw, 750px\" \/><\/figure>\n<\/div>\n<\/div>","protected":false},"excerpt":{"rendered":"<p>Explore coffee packages zipper pouches stand-up pouches, equipped with check valve for food packaging, perfectly combines convenience and functionality. Made of high quality materials to maintain the freshness and taste of coffee. Contact us now and let&#8217;s create outstanding coffee packaging solutions together!<\/p>\n<h3>Advantages of Coffee Packages<\/h3>\n<ul>\n<li><strong>Dise\u00f1o personalizado<\/strong>: We provide customized design coffee packages service, including material, size and printing pattern customization to meet customer&#8217;s needs, support OEM and ODM.<\/li>\n<li><strong>Fabricaci\u00f3n<\/strong>: Con equipos y tecnolog\u00eda avanzados, somos capaces de producir pedidos con alta eficiencia y calidad y entregar a tiempo.<\/li>\n<li><strong>Inspecci\u00f3n de calidad<\/strong>: Cumplimos estrictamente las normas de calidad y los requisitos de seguridad alimentaria para garantizar que nuestros productos cumplen las normas.<\/li>\n<li><strong>Equipo de asistencia t\u00e9cnica<\/strong>: Nuestro equipo cuenta con una amplia experiencia en el sector y conocimientos profesionales para ofrecer asistencia t\u00e9cnica y servicios de consultor\u00eda las 24 horas del d\u00eda a nuestros clientes.<\/li>\n<li><strong>Muestras gratuitas<\/strong>: Ofrecemos muestras gratuitas para que pueda evaluar nuestros productos.<\/li>\n<\/ul>\n<p>Huiyang Packaging is committed to providing customers with high quality and customized coffee packages to help customers improve their product image and enhance market competitiveness.<\/p>","protected":false},"featured_media":2972,"comment_status":"open","ping_status":"closed","template":"","meta":[],"product_brand":[],"product_cat":[55],"product_tag":[],"class_list":{"0":"post-2971","1":"product","2":"type-product","3":"status-publish","4":"has-post-thumbnail","6":"product_cat-custom-coffee-packaging","8":"first","9":"instock","10":"shipping-taxable","11":"product-type-simple"},"_links":{"self":[{"href":"https:\/\/www.hyflexpack.com\/es\/wp-json\/wp\/v2\/product\/2971","targetHints":{"allow":["GET"]}}],"collection":[{"href":"https:\/\/www.hyflexpack.com\/es\/wp-json\/wp\/v2\/product"}],"about":[{"href":"https:\/\/www.hyflexpack.com\/es\/wp-json\/wp\/v2\/types\/product"}],"replies":[{"embeddable":true,"href":"https:\/\/www.hyflexpack.com\/es\/wp-json\/wp\/v2\/comments?post=2971"}],"wp:featuredmedia":[{"embeddable":true,"href":"https:\/\/www.hyflexpack.com\/es\/wp-json\/wp\/v2\/media\/2972"}],"wp:attachment":[{"href":"https:\/\/www.hyflexpack.com\/es\/wp-json\/wp\/v2\/media?parent=2971"}],"wp:term":[{"taxonomy":"product_brand","embeddable":true,"href":"https:\/\/www.hyflexpack.com\/es\/wp-json\/wp\/v2\/product_brand?post=2971"},{"taxonomy":"product_cat","embeddable":true,"href":"https:\/\/www.hyflexpack.com\/es\/wp-json\/wp\/v2\/product_cat?post=2971"},{"taxonomy":"product_tag","embeddable":true,"href":"https:\/\/www.hyflexpack.com\/es\/wp-json\/wp\/v2\/product_tag?post=2971"}],"curies":[{"name":"wp","href":"https:\/\/api.w.org\/{rel}","templated":true}]}}