{"id":2960,"date":"2024-05-15T10:11:41","date_gmt":"2024-05-15T10:11:41","guid":{"rendered":"https:\/\/hyflexpack.com\/?post_type=product&#038;p=2960"},"modified":"2025-03-14T06:49:54","modified_gmt":"2025-03-14T06:49:54","slug":"custom-coffee-packaging-bags","status":"publish","type":"product","link":"https:\/\/www.hyflexpack.com\/es\/product\/custom-coffee-packaging-bags\/","title":{"rendered":"Bolsas personalizadas de fondo plano para envasado de caf\u00e9 V\u00e1lvulas unidireccionales de f\u00e1cil apertura"},"content":{"rendered":"<div class=\"wp-block-columns is-layout-flex wp-container-core-columns-is-layout-9d6595d7 wp-block-columns-is-layout-flex\">\n<div class=\"wp-block-column is-layout-flow wp-block-column-is-layout-flow\">\n<h3 class=\"wp-block-heading\">Caracter\u00edsticas de las bolsas para envasado de caf\u00e9 de alta calidad<\/h3>\n\n\n\n<p><\/p>\n\n\n\n<ul class=\"wp-block-list\">\n<li>Dise\u00f1o de f\u00e1cil desgarro: las bolsas de caf\u00e9 est\u00e1n dise\u00f1adas con un dise\u00f1o de f\u00e1cil desgarro, que facilita el acceso a los granos de caf\u00e9 o al polvo, mejora la experiencia del usuario y reduce las roturas o la contaminaci\u00f3n.<\/li>\n<\/ul>\n\n\n\n<p><\/p>\n\n\n\n<ul class=\"wp-block-list\">\n<li>Funci\u00f3n de v\u00e1lvula unidireccional: Equipado con una v\u00e1lvula unidireccional para mantener el caf\u00e9 fresco y prolongar la vida \u00fatil.<\/li>\n<\/ul>\n\n\n\n<p><\/p>\n\n\n\n<ul class=\"wp-block-list\">\n<li>Dise\u00f1o de fondo plano: Estabiliza la exposici\u00f3n de los productos, mejora el efecto de exposici\u00f3n y proporciona una mayor capacidad.<\/li>\n<\/ul>\n\n\n\n<p><\/p>\n\n\n\n<ul class=\"wp-block-list\">\n<li>Materiales alimentarios de alta calidad: Hecho de materiales de alta calidad para garantizar a prueba de humedad, a prueba de oxidaci\u00f3n, de alta barrera, antiest\u00e1tico y anti-penetraci\u00f3n, en l\u00ednea con las normas de seguridad alimentaria, manteniendo el caf\u00e9 mantenido en las mejores condiciones.<\/li>\n<\/ul>\n\n\n\n<p><\/p>\n\n\n\n<ul class=\"wp-block-list\">\n<li>Posicionamiento de marca: Resalte la imagen y el mensaje de la marca mediante un dise\u00f1o y una impresi\u00f3n personalizados para atraer a m\u00e1s consumidores.<\/li>\n<\/ul>\n\n\n\n<p><\/p>\n\n\n\n<ul class=\"wp-block-list\">\n<li>Sostenibilidad: Estudiar la posibilidad de utilizar materiales biodegradables o lanzar bolsas reciclables, en l\u00ednea con la preferencia de los consumidores por los productos ecol\u00f3gicos.<\/li>\n<\/ul>\n<\/div>\n\n\n\n<div class=\"wp-block-column is-layout-flow wp-block-column-is-layout-flow\">\n<figure class=\"wp-block-image size-full\"><img fetchpriority=\"high\" decoding=\"async\" width=\"750\" height=\"750\" src=\"https:\/\/hyflexpack.com\/wp-content\/uploads\/2024\/05\/Custom-Coffee-Packaging-Bags-5.webp\" alt=\"Bolsas personalizadas para envasar caf\u00e9\" class=\"wp-image-2964\" srcset=\"https:\/\/www.hyflexpack.com\/wp-content\/uploads\/2024\/05\/Custom-Coffee-Packaging-Bags-5.webp 750w, https:\/\/www.hyflexpack.com\/wp-content\/uploads\/2024\/05\/Custom-Coffee-Packaging-Bags-5-300x300.webp 300w, https:\/\/www.hyflexpack.com\/wp-content\/uploads\/2024\/05\/Custom-Coffee-Packaging-Bags-5-150x150.webp 150w, https:\/\/www.hyflexpack.com\/wp-content\/uploads\/2024\/05\/Custom-Coffee-Packaging-Bags-5-285x285.webp 285w, https:\/\/www.hyflexpack.com\/wp-content\/uploads\/2024\/05\/Custom-Coffee-Packaging-Bags-5-270x270.webp 270w, https:\/\/www.hyflexpack.com\/wp-content\/uploads\/2024\/05\/Custom-Coffee-Packaging-Bags-5-540x540.webp 540w, https:\/\/www.hyflexpack.com\/wp-content\/uploads\/2024\/05\/Custom-Coffee-Packaging-Bags-5-660x660.webp 660w\" sizes=\"(max-width: 750px) 100vw, 750px\" \/><\/figure>\n<\/div>\n<\/div>\n\n\n\n<div class=\"wp-block-columns is-layout-flex wp-container-core-columns-is-layout-9d6595d7 wp-block-columns-is-layout-flex\">\n<div class=\"wp-block-column is-layout-flow wp-block-column-is-layout-flow\">\n<figure class=\"wp-block-embed is-type-video is-provider-youtube wp-block-embed-youtube wp-embed-aspect-16-9 wp-has-aspect-ratio\"><div class=\"wp-block-embed__wrapper\">\n<iframe title=\"envases de caf\u00e9 personalizados\" width=\"940\" height=\"529\" src=\"https:\/\/www.youtube.com\/embed\/mcO7TezjD_0?feature=oembed\" frameborder=\"0\" allow=\"accelerometer; autoplay; clipboard-write; encrypted-media; gyroscope; picture-in-picture; web-share\" referrerpolicy=\"strict-origin-when-cross-origin\" allowfullscreen><\/iframe>\n<\/div><\/figure>\n<\/div>\n\n\n\n<div class=\"wp-block-column is-layout-flow wp-block-column-is-layout-flow\">\n<h2 class=\"wp-block-heading\">La soluci\u00f3n de bolsa de envasado de caf\u00e9 perfecta para su marca<\/h2>\n\n\n\n<p><\/p>\n\n\n\n<p>Al igual que existen muchos tipos diferentes de granos de caf\u00e9, estilos de tostado y formas en las que se vende el caf\u00e9, existen muchas opciones diferentes de envasado para el caf\u00e9 en el mundo en constante evoluci\u00f3n de la industria de la venta de caf\u00e9. Las opciones de envasado del caf\u00e9 incluyen:<\/p>\n\n\n\n<p><strong>Elecci\u00f3n de materiales<\/strong>desde la prolongaci\u00f3n de la vida \u00fatil hasta el envasado ecol\u00f3gico del caf\u00e9.<br><strong>Configuraciones<\/strong>fondo cuadrado, bolsas autoportantes, bolsas con fuelle.<br><strong>Caracter\u00edsticas<\/strong>: ventilaci\u00f3n de aire, f\u00e1cil de rasgar, con cremallera que se puede volver a cerrar, barrera laminada.<\/p>\n<\/div>\n<\/div>","protected":false},"excerpt":{"rendered":"<p>Descubra nuestras bolsas personalizadas para envasado de caf\u00e9 con dise\u00f1o f\u00e1cil de rasgar, funci\u00f3n de v\u00e1lvula unidireccional y forma de bolsa de fondo plano. Mantenga el sabor fresco del caf\u00e9, mejore la experiencia del usuario y exhiba su marca. Personalice su servicio para crear un producto \u00fanico, p\u00f3ngase en contacto con nosotros para que sus envases de caf\u00e9 destaquen.<\/p>\n<h3>Ventajas del proveedor de bolsas para envasado de caf\u00e9<\/h3>\n<ul>\n<li><strong>Dise\u00f1o personalizado<\/strong>: Proporcionamos bolsas de caf\u00e9 de dise\u00f1o personalizado, incluyendo el material, el tama\u00f1o y el patr\u00f3n de impresi\u00f3n de personalizaci\u00f3n para satisfacer las necesidades de los clientes, y el apoyo de OEM y ODM.<\/li>\n<li><strong>Fabricaci\u00f3n<\/strong>: Con equipos y tecnolog\u00eda avanzados, somos capaces de completar la producci\u00f3n de pedidos con alta eficiencia y alta calidad, y entregar a tiempo.<\/li>\n<li><strong>Inspecci\u00f3n de calidad<\/strong>: Siga estrictamente las normas de calidad y los requisitos de seguridad alimentaria para garantizar que los productos cumplen las normas.<\/li>\n<li><strong>Equipo de asistencia t\u00e9cnica<\/strong>: Nuestro equipo cuenta con una gran experiencia en el sector y conocimientos profesionales, y puede proporcionar asistencia t\u00e9cnica y servicio de consultor\u00eda las 24 horas del d\u00eda a nuestros clientes.<\/li>\n<li><strong>Certificaci\u00f3n\uff1a<\/strong>\u00a0FDA\/BRC\/ISO 9001\/RoHS<\/li>\n<li><strong>Muestra gratuita<\/strong>: Proporcionamos muestras gratuitas para que pueda evaluar los productos.<\/li>\n<\/ul>\n<p>Huiyang Packaging se compromete a proporcionar a los clientes bolsas de envasado de caf\u00e9 personalizadas y de alta calidad para ayudarles a mejorar la imagen de sus productos y aumentar su competitividad en el mercado.<\/p>","protected":false},"featured_media":2966,"comment_status":"open","ping_status":"closed","template":"","meta":[],"product_brand":[],"product_cat":[55],"product_tag":[],"class_list":{"0":"post-2960","1":"product","2":"type-product","3":"status-publish","4":"has-post-thumbnail","6":"product_cat-custom-coffee-packaging","8":"first","9":"instock","10":"shipping-taxable","11":"product-type-simple"},"_links":{"self":[{"href":"https:\/\/www.hyflexpack.com\/es\/wp-json\/wp\/v2\/product\/2960","targetHints":{"allow":["GET"]}}],"collection":[{"href":"https:\/\/www.hyflexpack.com\/es\/wp-json\/wp\/v2\/product"}],"about":[{"href":"https:\/\/www.hyflexpack.com\/es\/wp-json\/wp\/v2\/types\/product"}],"replies":[{"embeddable":true,"href":"https:\/\/www.hyflexpack.com\/es\/wp-json\/wp\/v2\/comments?post=2960"}],"wp:featuredmedia":[{"embeddable":true,"href":"https:\/\/www.hyflexpack.com\/es\/wp-json\/wp\/v2\/media\/2966"}],"wp:attachment":[{"href":"https:\/\/www.hyflexpack.com\/es\/wp-json\/wp\/v2\/media?parent=2960"}],"wp:term":[{"taxonomy":"product_brand","embeddable":true,"href":"https:\/\/www.hyflexpack.com\/es\/wp-json\/wp\/v2\/product_brand?post=2960"},{"taxonomy":"product_cat","embeddable":true,"href":"https:\/\/www.hyflexpack.com\/es\/wp-json\/wp\/v2\/product_cat?post=2960"},{"taxonomy":"product_tag","embeddable":true,"href":"https:\/\/www.hyflexpack.com\/es\/wp-json\/wp\/v2\/product_tag?post=2960"}],"curies":[{"name":"wp","href":"https:\/\/api.w.org\/{rel}","templated":true}]}}