{"id":2947,"date":"2024-05-15T09:00:31","date_gmt":"2024-05-15T09:00:31","guid":{"rendered":"https:\/\/hyflexpack.com\/?post_type=product&#038;p=2947"},"modified":"2025-11-04T09:11:31","modified_gmt":"2025-11-04T09:11:31","slug":"factory-price-juice-packaging-bags","status":"publish","type":"product","link":"https:\/\/www.hyflexpack.com\/es\/product\/factory-price-juice-packaging-bags\/","title":{"rendered":"Precio de f\u00e1brica Bolsas para zumos OEM Stand Up Spout Pouches para bebidas l\u00edquidas"},"content":{"rendered":"<div class=\"wp-block-columns is-layout-flex wp-container-core-columns-is-layout-9d6595d7 wp-block-columns-is-layout-flex\">\n<div class=\"wp-block-column is-layout-flow wp-block-column-is-layout-flow\">\n<h3 class=\"wp-block-heading\">  Bolsas personalizadas para zumos Caracter\u00edsticas<\/h3>\n\n\n\n<ul class=\"wp-block-list\">\n<li><strong>Caracter\u00edsticas de dise\u00f1o:<\/strong> Nuestras bolsas personalizadas para envasado de zumos no s\u00f3lo est\u00e1n dise\u00f1adas con aberturas para pajitas para que los usuarios puedan beber directamente, sino tambi\u00e9n con asas de agarre irregular, lo que les confiere un aspecto \u00fanico y las hace m\u00e1s competitivas en el mercado.<\/li>\n<\/ul>\n\n\n\n<p><\/p>\n\n\n\n<ul class=\"wp-block-list\">\n<li><strong>Material de alta calidad: <\/strong>Seleccione material apto para uso alimentario, herm\u00e9tico, transpirable y resistente a \u00e1cidos y \u00e1lcalis para garantizar la frescura y calidad de la bebida.<\/li>\n<\/ul>\n\n\n\n<p><\/p>\n\n\n\n<ul class=\"wp-block-list\">\n<li><strong>\u00c1mbito de aplicaci\u00f3n:<\/strong> Adecuado para todo tipo de bebidas l\u00edquidas, como zumo de frutas, t\u00e9, bebidas funcionales, etc. Puede utilizarse c\u00f3modamente en diversas ocasiones.<\/li>\n<\/ul>\n\n\n\n<p><\/p>\n\n\n\n<ul class=\"wp-block-list\">\n<li><strong>Posicionamiento de la marca: <\/strong>Resalte la imagen y el mensaje de la marca mediante un dise\u00f1o y una impresi\u00f3n personalizados para atraer a m\u00e1s consumidores.<\/li>\n<\/ul>\n\n\n\n<p><\/p>\n\n\n\n<ul class=\"wp-block-list\">\n<li><strong>Sostenibilidad: <\/strong>Considere la posibilidad de utilizar materiales biodegradables o de lanzar bolsas reciclables, en consonancia con la preferencia de los consumidores por los productos ecol\u00f3gicos.<\/li>\n<\/ul>\n<\/div>\n\n\n\n<div class=\"wp-block-column is-layout-flow wp-block-column-is-layout-flow\">\n<figure class=\"wp-block-image size-full\"><img fetchpriority=\"high\" decoding=\"async\" width=\"750\" height=\"750\" src=\"https:\/\/www.hyflexpack.com\/wp-content\/uploads\/2024\/05\/Juice-Packaging-Bags-Factory-Price.webp\" alt=\"Bolsas para envasar zumos-F\u00e1brica-Precio\" class=\"wp-image-8006\" srcset=\"https:\/\/www.hyflexpack.com\/wp-content\/uploads\/2024\/05\/Juice-Packaging-Bags-Factory-Price.webp 750w, https:\/\/www.hyflexpack.com\/wp-content\/uploads\/2024\/05\/Juice-Packaging-Bags-Factory-Price-300x300.webp 300w, https:\/\/www.hyflexpack.com\/wp-content\/uploads\/2024\/05\/Juice-Packaging-Bags-Factory-Price-150x150.webp 150w, https:\/\/www.hyflexpack.com\/wp-content\/uploads\/2024\/05\/Juice-Packaging-Bags-Factory-Price-12x12.webp 12w, https:\/\/www.hyflexpack.com\/wp-content\/uploads\/2024\/05\/Juice-Packaging-Bags-Factory-Price-285x285.webp 285w, https:\/\/www.hyflexpack.com\/wp-content\/uploads\/2024\/05\/Juice-Packaging-Bags-Factory-Price-270x270.webp 270w, https:\/\/www.hyflexpack.com\/wp-content\/uploads\/2024\/05\/Juice-Packaging-Bags-Factory-Price-540x540.webp 540w, https:\/\/www.hyflexpack.com\/wp-content\/uploads\/2024\/05\/Juice-Packaging-Bags-Factory-Price-660x660.webp 660w\" sizes=\"(max-width: 750px) 100vw, 750px\" \/><\/figure>\n<\/div>\n<\/div>\n\n\n\n<div class=\"wp-block-columns is-layout-flex wp-container-core-columns-is-layout-9d6595d7 wp-block-columns-is-layout-flex\">\n<div class=\"wp-block-column is-layout-flow wp-block-column-is-layout-flow\">\n<figure class=\"wp-block-image size-full\"><img decoding=\"async\" width=\"750\" height=\"750\" src=\"https:\/\/www.hyflexpack.com\/wp-content\/uploads\/2024\/05\/OEM-Juice-Packaging-Bags-Factory-Price.webp\" alt=\"OEM-Bolsas para zumos-Precio de f\u00e1brica\" class=\"wp-image-8008\" srcset=\"https:\/\/www.hyflexpack.com\/wp-content\/uploads\/2024\/05\/OEM-Juice-Packaging-Bags-Factory-Price.webp 750w, https:\/\/www.hyflexpack.com\/wp-content\/uploads\/2024\/05\/OEM-Juice-Packaging-Bags-Factory-Price-300x300.webp 300w, https:\/\/www.hyflexpack.com\/wp-content\/uploads\/2024\/05\/OEM-Juice-Packaging-Bags-Factory-Price-150x150.webp 150w, https:\/\/www.hyflexpack.com\/wp-content\/uploads\/2024\/05\/OEM-Juice-Packaging-Bags-Factory-Price-12x12.webp 12w, https:\/\/www.hyflexpack.com\/wp-content\/uploads\/2024\/05\/OEM-Juice-Packaging-Bags-Factory-Price-285x285.webp 285w, https:\/\/www.hyflexpack.com\/wp-content\/uploads\/2024\/05\/OEM-Juice-Packaging-Bags-Factory-Price-270x270.webp 270w, https:\/\/www.hyflexpack.com\/wp-content\/uploads\/2024\/05\/OEM-Juice-Packaging-Bags-Factory-Price-540x540.webp 540w, https:\/\/www.hyflexpack.com\/wp-content\/uploads\/2024\/05\/OEM-Juice-Packaging-Bags-Factory-Price-660x660.webp 660w\" sizes=\"(max-width: 750px) 100vw, 750px\" \/><\/figure>\n<\/div>\n\n\n\n<div class=\"wp-block-column is-layout-flow wp-block-column-is-layout-flow\">\n<figure class=\"wp-block-image size-full\"><img decoding=\"async\" width=\"750\" height=\"750\" src=\"https:\/\/www.hyflexpack.com\/wp-content\/uploads\/2024\/05\/OEM-Juice-Packaging-Bags-Factory-Price-2.webp\" alt=\"OEM-Bolsas para zumos-Precios de f\u00e1brica (2)\" class=\"wp-image-8007\" srcset=\"https:\/\/www.hyflexpack.com\/wp-content\/uploads\/2024\/05\/OEM-Juice-Packaging-Bags-Factory-Price-2.webp 750w, https:\/\/www.hyflexpack.com\/wp-content\/uploads\/2024\/05\/OEM-Juice-Packaging-Bags-Factory-Price-2-300x300.webp 300w, https:\/\/www.hyflexpack.com\/wp-content\/uploads\/2024\/05\/OEM-Juice-Packaging-Bags-Factory-Price-2-150x150.webp 150w, https:\/\/www.hyflexpack.com\/wp-content\/uploads\/2024\/05\/OEM-Juice-Packaging-Bags-Factory-Price-2-12x12.webp 12w, https:\/\/www.hyflexpack.com\/wp-content\/uploads\/2024\/05\/OEM-Juice-Packaging-Bags-Factory-Price-2-285x285.webp 285w, https:\/\/www.hyflexpack.com\/wp-content\/uploads\/2024\/05\/OEM-Juice-Packaging-Bags-Factory-Price-2-270x270.webp 270w, https:\/\/www.hyflexpack.com\/wp-content\/uploads\/2024\/05\/OEM-Juice-Packaging-Bags-Factory-Price-2-540x540.webp 540w, https:\/\/www.hyflexpack.com\/wp-content\/uploads\/2024\/05\/OEM-Juice-Packaging-Bags-Factory-Price-2-660x660.webp 660w\" sizes=\"(max-width: 750px) 100vw, 750px\" \/><\/figure>\n<\/div>\n<\/div>\n\n\n\n<figure class=\"wp-block-embed is-type-video is-provider-youtube wp-block-embed-youtube wp-embed-aspect-16-9 wp-has-aspect-ratio\"><div class=\"wp-block-embed__wrapper\">\n<iframe title=\"EXPOSICI\u00d3N DE PRODUCTOS\" width=\"940\" height=\"529\" src=\"https:\/\/www.youtube.com\/embed\/cyyJZsfrEBs?feature=oembed\" frameborder=\"0\" allow=\"accelerometer; autoplay; clipboard-write; encrypted-media; gyroscope; picture-in-picture; web-share\" referrerpolicy=\"strict-origin-when-cross-origin\" allowfullscreen><\/iframe>\n<\/div><\/figure>","protected":false},"excerpt":{"rendered":"<p>Desaf\u00ede a la tradici\u00f3n y apueste por la innovaci\u00f3n Explore nuestras bolsas OEM para envasado de zumo, que combinan un dise\u00f1o de pie con c\u00f3modas boquillas para facilitar a\u00fan m\u00e1s el flujo del zumo. La forma irregular del asa es a\u00fan m\u00e1s singular, a\u00f1adiendo un aspecto \u00fanico a su marca. Para innovar, \u00a1el\u00edjanos para inyectar nueva vida a su marca!<\/p>\n<h3>Ventajas del proveedor de bolsas para envasado de zumos<\/h3>\n<p><!-- wp:list --><\/p>\n<ul><!-- wp:list-item --><\/p>\n<li><strong>Dise\u00f1o personalizado<\/strong>: Proporcionamos bolsas de dise\u00f1o personalizado para el envasado de zumos, incluyendo el material, el tama\u00f1o y la personalizaci\u00f3n del patr\u00f3n de impresi\u00f3n para satisfacer las necesidades de los clientes, apoyando OEM y ODM.<\/li>\n<p><!-- \/wp:list-item --><\/p>\n<p><!-- wp:list-item --><\/p>\n<li><strong>Entrega r\u00e1pida<\/strong>: Un proceso de producci\u00f3n y un sistema de gesti\u00f3n de la cadena de suministro eficientes pueden responder r\u00e1pidamente a los pedidos de los clientes y garantizar la puntualidad de las entregas.<\/li>\n<p><!-- \/wp:list-item --><\/p>\n<p><!-- wp:list-item --><\/p>\n<li><strong>Inspecci\u00f3n de calidad<\/strong>: Siga estrictamente las normas de calidad y los requisitos de seguridad alimentaria para garantizar que los productos cumplen las normas.<\/li>\n<p><!-- \/wp:list-item --><\/p>\n<p><!-- wp:list-item --><\/p>\n<li><strong>Equipo de asistencia t\u00e9cnica<\/strong>: Nuestro equipo cuenta con una gran experiencia en el sector y conocimientos profesionales, y puede proporcionar asistencia t\u00e9cnica y servicios de consultor\u00eda a los clientes las 24 horas del d\u00eda.<\/li>\n<p><!-- \/wp:list-item --><\/p>\n<p><!-- wp:list-item --><\/p>\n<li><strong>Muestra gratuita<\/strong>: Proporcionamos muestras gratuitas para que pueda evaluar los productos.<\/li>\n<p><!-- \/wp:list-item --><\/ul>\n<p><a href=\"https:\/\/www.hyflexpack.com\/es\/\"><strong>Envasado Huiyang<\/strong> <\/a>se compromete a proporcionar a los clientes bolsas de envasado de zumos OEM personalizadas de alta calidad para ayudarles a mejorar la imagen de sus productos y aumentar su competitividad en el mercado.<\/p>\n<p><!-- \/wp:list --><\/p>","protected":false},"featured_media":2952,"comment_status":"open","ping_status":"closed","template":"","meta":[],"product_brand":[],"product_cat":[51,103],"product_tag":[],"class_list":{"0":"post-2947","1":"product","2":"type-product","3":"status-publish","4":"has-post-thumbnail","6":"product_cat-custom-food-packaging-bags","7":"product_cat-beverage-packaging-bags-supplier","9":"first","10":"instock","11":"shipping-taxable","12":"product-type-simple"},"_links":{"self":[{"href":"https:\/\/www.hyflexpack.com\/es\/wp-json\/wp\/v2\/product\/2947","targetHints":{"allow":["GET"]}}],"collection":[{"href":"https:\/\/www.hyflexpack.com\/es\/wp-json\/wp\/v2\/product"}],"about":[{"href":"https:\/\/www.hyflexpack.com\/es\/wp-json\/wp\/v2\/types\/product"}],"replies":[{"embeddable":true,"href":"https:\/\/www.hyflexpack.com\/es\/wp-json\/wp\/v2\/comments?post=2947"}],"wp:featuredmedia":[{"embeddable":true,"href":"https:\/\/www.hyflexpack.com\/es\/wp-json\/wp\/v2\/media\/2952"}],"wp:attachment":[{"href":"https:\/\/www.hyflexpack.com\/es\/wp-json\/wp\/v2\/media?parent=2947"}],"wp:term":[{"taxonomy":"product_brand","embeddable":true,"href":"https:\/\/www.hyflexpack.com\/es\/wp-json\/wp\/v2\/product_brand?post=2947"},{"taxonomy":"product_cat","embeddable":true,"href":"https:\/\/www.hyflexpack.com\/es\/wp-json\/wp\/v2\/product_cat?post=2947"},{"taxonomy":"product_tag","embeddable":true,"href":"https:\/\/www.hyflexpack.com\/es\/wp-json\/wp\/v2\/product_tag?post=2947"}],"curies":[{"name":"wp","href":"https:\/\/api.w.org\/{rel}","templated":true}]}}