{"id":9945,"date":"2026-04-25T07:09:13","date_gmt":"2026-04-25T07:09:13","guid":{"rendered":"https:\/\/www.hyflexpack.com\/?post_type=product&#038;p=9945"},"modified":"2026-04-25T07:13:54","modified_gmt":"2026-04-25T07:13:54","slug":"oem-milk-powder-packaging-film-roll","status":"publish","type":"product","link":"https:\/\/www.hyflexpack.com\/de\/product\/oem-milk-powder-packaging-film-roll\/","title":{"rendered":"Milk Powder Packaging Film Roll Wholesale Multi-Layer Oxygen Barrier Stick Pack for Freshness"},"content":{"rendered":"<div class=\"wp-block-columns is-layout-flex wp-container-core-columns-is-layout-9d6595d7 wp-block-columns-is-layout-flex\">\n<div class=\"wp-block-column is-layout-flow wp-block-column-is-layout-flow\">\n<h2 class=\"wp-block-heading\">Milk Powder Packaging Film Roll Wholesale Features <\/h2>\n\n\n\n<p><\/p>\n\n\n\n<ul class=\"wp-block-list\">\n<li><strong>High-Barrier Protection for Sensitive Milk Powder Products<\/strong><br>This custom milk powder packaging film roll wholesale solution is designed with multi-layer aluminum structure, effectively blocking moisture, oxygen, and light. It protects milk powder and dairy powders from oxidation, clumping, and quality degradation during storage.<\/li>\n\n\n\n<li><strong>Stable Performance for Automatic Packaging Lines<\/strong><br>Engineered for industrial use, this custom milk powder packaging film roll wholesale runs smoothly on both vertical (VFFS) and horizontal (HFFS) packaging machines, ensuring stable feeding, accurate sealing, and efficient mass production.<\/li>\n\n\n\n<li><strong>Strong Heat Seal for Airtight Packaging<\/strong><br>The laminated plastic aluminum structure provides excellent heat seal performance, ensuring airtight closure, preventing leakage, and reducing product loss throughout transportation and distribution.<\/li>\n\n\n\n<li><strong>Fully Customizable Industrial Packaging Solution<\/strong><br>We offer flexible customization including thickness, material structure, roll width, sealing strength, and printing design, tailored to different milk powder and nutritional powder packaging requirements.<\/li>\n\n\n\n<li><strong>High Efficiency for Large-Scale Production<\/strong><br>Designed for continuous operation, this roll film ensures smooth unwinding, consistent sealing quality, and reduced machine downtime, improving overall production efficiency for manufacturers.<\/li>\n\n\n\n<li><strong>Food-Grade Safety for Global Markets<\/strong><br>Manufactured with certified food-grade materials, suitable for milk powder, infant formula, whey protein, and nutritional supplements, meeting international packaging safety standards.<\/li>\n<\/ul>\n<\/div>\n\n\n\n<div class=\"wp-block-column is-layout-flow wp-block-column-is-layout-flow\">\n<figure class=\"wp-block-image size-full\"><img fetchpriority=\"high\" decoding=\"async\" width=\"1000\" height=\"1000\" src=\"https:\/\/www.hyflexpack.com\/wp-content\/uploads\/2026\/04\/Custom-Milk-Powder-Packaging-Film-Roll-Wholesale.webp\" alt=\"Custom Milk Powder Packaging Film Roll Wholesale\" class=\"wp-image-10066\" srcset=\"https:\/\/www.hyflexpack.com\/wp-content\/uploads\/2026\/04\/Custom-Milk-Powder-Packaging-Film-Roll-Wholesale.webp 1000w, https:\/\/www.hyflexpack.com\/wp-content\/uploads\/2026\/04\/Custom-Milk-Powder-Packaging-Film-Roll-Wholesale-300x300.webp 300w, https:\/\/www.hyflexpack.com\/wp-content\/uploads\/2026\/04\/Custom-Milk-Powder-Packaging-Film-Roll-Wholesale-150x150.webp 150w, https:\/\/www.hyflexpack.com\/wp-content\/uploads\/2026\/04\/Custom-Milk-Powder-Packaging-Film-Roll-Wholesale-768x768.webp 768w, https:\/\/www.hyflexpack.com\/wp-content\/uploads\/2026\/04\/Custom-Milk-Powder-Packaging-Film-Roll-Wholesale-12x12.webp 12w, https:\/\/www.hyflexpack.com\/wp-content\/uploads\/2026\/04\/Custom-Milk-Powder-Packaging-Film-Roll-Wholesale-285x285.webp 285w, https:\/\/www.hyflexpack.com\/wp-content\/uploads\/2026\/04\/Custom-Milk-Powder-Packaging-Film-Roll-Wholesale-270x270.webp 270w, https:\/\/www.hyflexpack.com\/wp-content\/uploads\/2026\/04\/Custom-Milk-Powder-Packaging-Film-Roll-Wholesale-540x540.webp 540w, https:\/\/www.hyflexpack.com\/wp-content\/uploads\/2026\/04\/Custom-Milk-Powder-Packaging-Film-Roll-Wholesale-660x660.webp 660w\" sizes=\"(max-width: 1000px) 100vw, 1000px\" \/><\/figure>\n<\/div>\n<\/div>\n\n\n\n<div class=\"wp-block-columns is-layout-flex wp-container-core-columns-is-layout-9d6595d7 wp-block-columns-is-layout-flex\">\n<div class=\"wp-block-column is-layout-flow wp-block-column-is-layout-flow\">\n<figure class=\"wp-block-image size-full\"><img decoding=\"async\" width=\"1000\" height=\"1000\" src=\"https:\/\/www.hyflexpack.com\/wp-content\/uploads\/2026\/04\/Custom-Aluminum-Milk-Powder-Packaging-Roll-Film-7-1.webp\" alt=\"Custom Aluminum Milk Powder Packaging Roll Film\" class=\"wp-image-9952\" srcset=\"https:\/\/www.hyflexpack.com\/wp-content\/uploads\/2026\/04\/Custom-Aluminum-Milk-Powder-Packaging-Roll-Film-7-1.webp 1000w, https:\/\/www.hyflexpack.com\/wp-content\/uploads\/2026\/04\/Custom-Aluminum-Milk-Powder-Packaging-Roll-Film-7-1-300x300.webp 300w, https:\/\/www.hyflexpack.com\/wp-content\/uploads\/2026\/04\/Custom-Aluminum-Milk-Powder-Packaging-Roll-Film-7-1-150x150.webp 150w, https:\/\/www.hyflexpack.com\/wp-content\/uploads\/2026\/04\/Custom-Aluminum-Milk-Powder-Packaging-Roll-Film-7-1-768x768.webp 768w, https:\/\/www.hyflexpack.com\/wp-content\/uploads\/2026\/04\/Custom-Aluminum-Milk-Powder-Packaging-Roll-Film-7-1-12x12.webp 12w, https:\/\/www.hyflexpack.com\/wp-content\/uploads\/2026\/04\/Custom-Aluminum-Milk-Powder-Packaging-Roll-Film-7-1-285x285.webp 285w, https:\/\/www.hyflexpack.com\/wp-content\/uploads\/2026\/04\/Custom-Aluminum-Milk-Powder-Packaging-Roll-Film-7-1-270x270.webp 270w, https:\/\/www.hyflexpack.com\/wp-content\/uploads\/2026\/04\/Custom-Aluminum-Milk-Powder-Packaging-Roll-Film-7-1-540x540.webp 540w, https:\/\/www.hyflexpack.com\/wp-content\/uploads\/2026\/04\/Custom-Aluminum-Milk-Powder-Packaging-Roll-Film-7-1-660x660.webp 660w\" sizes=\"(max-width: 1000px) 100vw, 1000px\" \/><\/figure>\n<\/div>\n\n\n\n<div class=\"wp-block-column is-layout-flow wp-block-column-is-layout-flow\">\n<figure class=\"wp-block-image size-full\"><img decoding=\"async\" width=\"1000\" height=\"1000\" src=\"https:\/\/www.hyflexpack.com\/wp-content\/uploads\/2026\/04\/Custom-Aluminum-Milk-Powder-Packaging-Roll-Film-6-1.webp\" alt=\"Custom Aluminum Milk Powder Packaging Roll Film\" class=\"wp-image-9951\" srcset=\"https:\/\/www.hyflexpack.com\/wp-content\/uploads\/2026\/04\/Custom-Aluminum-Milk-Powder-Packaging-Roll-Film-6-1.webp 1000w, https:\/\/www.hyflexpack.com\/wp-content\/uploads\/2026\/04\/Custom-Aluminum-Milk-Powder-Packaging-Roll-Film-6-1-300x300.webp 300w, https:\/\/www.hyflexpack.com\/wp-content\/uploads\/2026\/04\/Custom-Aluminum-Milk-Powder-Packaging-Roll-Film-6-1-150x150.webp 150w, https:\/\/www.hyflexpack.com\/wp-content\/uploads\/2026\/04\/Custom-Aluminum-Milk-Powder-Packaging-Roll-Film-6-1-768x768.webp 768w, https:\/\/www.hyflexpack.com\/wp-content\/uploads\/2026\/04\/Custom-Aluminum-Milk-Powder-Packaging-Roll-Film-6-1-12x12.webp 12w, https:\/\/www.hyflexpack.com\/wp-content\/uploads\/2026\/04\/Custom-Aluminum-Milk-Powder-Packaging-Roll-Film-6-1-285x285.webp 285w, https:\/\/www.hyflexpack.com\/wp-content\/uploads\/2026\/04\/Custom-Aluminum-Milk-Powder-Packaging-Roll-Film-6-1-270x270.webp 270w, https:\/\/www.hyflexpack.com\/wp-content\/uploads\/2026\/04\/Custom-Aluminum-Milk-Powder-Packaging-Roll-Film-6-1-540x540.webp 540w, https:\/\/www.hyflexpack.com\/wp-content\/uploads\/2026\/04\/Custom-Aluminum-Milk-Powder-Packaging-Roll-Film-6-1-660x660.webp 660w\" sizes=\"(max-width: 1000px) 100vw, 1000px\" \/><\/figure>\n<\/div>\n<\/div>","protected":false},"excerpt":{"rendered":"<p data-start=\"1861\" data-end=\"2302\">Welcome to cooperate with a professional supplier of custom milk powder packaging film roll wholesale. Our multi-layer aluminum barrier roll film is designed for automatic packaging machines, ensuring excellent freshness protection and stable production performance. Ideal for milk powder, infant formula, and nutrition brands seeking durable and customizable packaging solutions. Contact us today for factory pricing and fast quotation.<\/p>\n<h3>Advantages of Milk Powder Packaging Film Roll Supplier<\/h3>\n<ul>\n<li><strong>Individuelles Design:<\/strong>\u00a0Wir bieten kundenspezifische Dienstleistungen, einschlie\u00dflich der Anpassung von Material, Gr\u00f6\u00dfe und Druckmustern an die Bed\u00fcrfnisse des Kunden, und unterst\u00fctzen OEM und ODM.<\/li>\n<li><strong>Herstellung:<\/strong>\u00a0Dank fortschrittlicher Ausr\u00fcstung und Technologie sind wir in der Lage, Auftr\u00e4ge effizient und in hoher Qualit\u00e4t zu produzieren und p\u00fcnktlich zu liefern.<\/li>\n<li><strong>Qualit\u00e4tsinspektion:<\/strong>\u00a0Die Produktion erfolgt unter strikter Einhaltung der Qualit\u00e4tsstandards und der Anforderungen an die Lebensmittelsicherheit, um sicherzustellen, dass die Produkte den Standards entsprechen.<\/li>\n<li><strong>Zertifizierung\uff1a<\/strong>\u00a0FDA\/BRC\/ISO 9001\/RoHS<\/li>\n<li><strong>Kundenservice:<\/strong>\u00a024 Stunden, um eine schnelle Antwort und einen aufmerksamen Kundendienst zu bieten.<\/li>\n<li><strong>Kostenlose Probe:<\/strong>\u00a0Provide a free sample service for you to evaluate the product.<\/li>\n<\/ul>\n<p><a href=\"https:\/\/www.hyflexpack.com\/de\/\"><strong>Huiyang Verpackung<\/strong><\/a> is committed to providing customers with\u00a0food-grade ustom milk powder packaging film to help customers improve their product image and enhance their market competitiveness.<\/p>","protected":false},"featured_media":10066,"comment_status":"closed","ping_status":"closed","template":"","meta":[],"product_brand":[],"product_cat":[53,126],"product_tag":[],"class_list":{"0":"post-9945","1":"product","2":"type-product","3":"status-publish","4":"has-post-thumbnail","6":"product_cat-packaging-film-supplier","7":"product_cat-automatic-packaging-film-custom","9":"first","10":"instock","11":"shipping-taxable","12":"product-type-simple"},"_links":{"self":[{"href":"https:\/\/www.hyflexpack.com\/de\/wp-json\/wp\/v2\/product\/9945","targetHints":{"allow":["GET"]}}],"collection":[{"href":"https:\/\/www.hyflexpack.com\/de\/wp-json\/wp\/v2\/product"}],"about":[{"href":"https:\/\/www.hyflexpack.com\/de\/wp-json\/wp\/v2\/types\/product"}],"replies":[{"embeddable":true,"href":"https:\/\/www.hyflexpack.com\/de\/wp-json\/wp\/v2\/comments?post=9945"}],"wp:featuredmedia":[{"embeddable":true,"href":"https:\/\/www.hyflexpack.com\/de\/wp-json\/wp\/v2\/media\/10066"}],"wp:attachment":[{"href":"https:\/\/www.hyflexpack.com\/de\/wp-json\/wp\/v2\/media?parent=9945"}],"wp:term":[{"taxonomy":"product_brand","embeddable":true,"href":"https:\/\/www.hyflexpack.com\/de\/wp-json\/wp\/v2\/product_brand?post=9945"},{"taxonomy":"product_cat","embeddable":true,"href":"https:\/\/www.hyflexpack.com\/de\/wp-json\/wp\/v2\/product_cat?post=9945"},{"taxonomy":"product_tag","embeddable":true,"href":"https:\/\/www.hyflexpack.com\/de\/wp-json\/wp\/v2\/product_tag?post=9945"}],"curies":[{"name":"wp","href":"https:\/\/api.w.org\/{rel}","templated":true}]}}