{"id":9338,"date":"2026-02-26T02:22:40","date_gmt":"2026-02-26T02:22:40","guid":{"rendered":"https:\/\/www.hyflexpack.com\/?post_type=product&#038;p=9338"},"modified":"2026-02-26T02:22:45","modified_gmt":"2026-02-26T02:22:45","slug":"custom-pressure-sensitive-bottle-label","status":"publish","type":"product","link":"https:\/\/www.hyflexpack.com\/de\/product\/custom-pressure-sensitive-bottle-label\/","title":{"rendered":"Kundenspezifische druckempfindliche Flaschenetiketten f\u00fcr Getr\u00e4nke OEM &amp; Gro\u00dfhandel Lieferung"},"content":{"rendered":"<div class=\"wp-block-columns is-layout-flex wp-container-core-columns-is-layout-9d6595d7 wp-block-columns-is-layout-flex\">\n<div class=\"wp-block-column is-layout-flow wp-block-column-is-layout-flow\">\n<h2 class=\"wp-block-heading\">Individuelle druckempfindliche Flaschenetiketten Merkmale<\/h2>\n\n\n\n<ul class=\"wp-block-list\">\n<li>Unsere kundenspezifischen druckempfindlichen Flaschenetiketten sind auf die Etikettengr\u00f6\u00dfe, die Form, den Klebstofftyp und das Material zugeschnitten, um den unterschiedlichen Anforderungen an die Verpackung von Getr\u00e4nkeflaschen gerecht zu werden.<br><\/li>\n\n\n\n<li>Selbstklebende Etiketten f\u00fcr Glas-, PET- und HDPE-Flaschen, die auch unter kalten, nassen und gek\u00fchlten Bedingungen funktionieren.<br><\/li>\n\n\n\n<li>Optimierte Fertigung f\u00fcr gro\u00dfvolumige Auftr\u00e4ge, ideal f\u00fcr B2B-Eink\u00e4ufer, Vertriebsunternehmen und Abf\u00fcllbetriebe.<br><\/li>\n\n\n\n<li>Entwickelt f\u00fcr reibungsloses Spenden und genaues Platzieren auf automatischen Hochgeschwindigkeits-Etikettiermaschinen.<\/li>\n<\/ul>\n<\/div>\n\n\n\n<div class=\"wp-block-column is-layout-flow wp-block-column-is-layout-flow\">\n<figure class=\"wp-block-image size-full\"><img fetchpriority=\"high\" decoding=\"async\" width=\"1000\" height=\"1000\" src=\"https:\/\/www.hyflexpack.com\/wp-content\/uploads\/2026\/02\/Custom-Pressure-Sensitive-Bottle-Labels-1.webp\" alt=\"Individuelle druckempfindliche Flaschenetiketten\" class=\"wp-image-9290\" srcset=\"https:\/\/www.hyflexpack.com\/wp-content\/uploads\/2026\/02\/Custom-Pressure-Sensitive-Bottle-Labels-1.webp 1000w, https:\/\/www.hyflexpack.com\/wp-content\/uploads\/2026\/02\/Custom-Pressure-Sensitive-Bottle-Labels-1-300x300.webp 300w, https:\/\/www.hyflexpack.com\/wp-content\/uploads\/2026\/02\/Custom-Pressure-Sensitive-Bottle-Labels-1-150x150.webp 150w, https:\/\/www.hyflexpack.com\/wp-content\/uploads\/2026\/02\/Custom-Pressure-Sensitive-Bottle-Labels-1-768x768.webp 768w, https:\/\/www.hyflexpack.com\/wp-content\/uploads\/2026\/02\/Custom-Pressure-Sensitive-Bottle-Labels-1-12x12.webp 12w, https:\/\/www.hyflexpack.com\/wp-content\/uploads\/2026\/02\/Custom-Pressure-Sensitive-Bottle-Labels-1-285x285.webp 285w, https:\/\/www.hyflexpack.com\/wp-content\/uploads\/2026\/02\/Custom-Pressure-Sensitive-Bottle-Labels-1-270x270.webp 270w, https:\/\/www.hyflexpack.com\/wp-content\/uploads\/2026\/02\/Custom-Pressure-Sensitive-Bottle-Labels-1-540x540.webp 540w, https:\/\/www.hyflexpack.com\/wp-content\/uploads\/2026\/02\/Custom-Pressure-Sensitive-Bottle-Labels-1-660x660.webp 660w\" sizes=\"(max-width: 1000px) 100vw, 1000px\" \/><\/figure>\n<\/div>\n<\/div>","protected":false},"excerpt":{"rendered":"<p>Kundenspezifische druckempfindliche Flaschenetiketten f\u00fcr alle Gr\u00f6\u00dfen von Getr\u00e4nkeflaschen im Gro\u00dfhandel. Die Etiketten sind klar bedruckt, lassen sich nicht leicht abl\u00f6sen, sind wasserfest und langlebig. Unsere drucksensitiven Flaschenetiketten werden aus hochwertigen Materialien hergestellt, damit sie in jeder Umgebung klar und sch\u00f6n bleiben. OEM\/ODM unterst\u00fctzt. Kontaktieren Sie uns jetzt!<\/p>\n<h2>Vorteile des Lieferanten von Flaschenetiketten<\/h2>\n<ul>\n<li><strong>Kundenspezifisches Design<\/strong>: Wir bieten personalisierte Designl\u00f6sungen f\u00fcr verschiedene Spezifikationen, Gr\u00f6\u00dfen und Druckanforderungen mit bis zu 10 Farben je nach Kundenwunsch und unterst\u00fctzen OEM- und ODM-Anpassungen.<\/li>\n<li><strong>Qualit\u00e4tssicherung<\/strong>: Strenge Kontrolle des Produktionsprozesses, Verwendung hochwertiger Rohstoffe und moderner Produktionsanlagen, um eine stabile und zuverl\u00e4ssige Produktqualit\u00e4t und Produktion zu gew\u00e4hrleisten.<\/li>\n<li><strong>Professionelle technische Unterst\u00fctzung<\/strong>: Mit einem erfahrenen technischen Team bieten wir professionellen technischen Support und Kundendienst, um sicherzustellen, dass die Bed\u00fcrfnisse der Kunden umgehend erf\u00fcllt und gel\u00f6st werden.<\/li>\n<li><strong>Kostenlose Probe<\/strong>: Wir bieten Ihnen einen kostenlosen Musterservice, damit Sie die Produkte bewerten k\u00f6nnen.<\/li>\n<\/ul>\n<p>Huiyang Packaging hat es sich zur Aufgabe gemacht, hochwertige, ma\u00dfgeschneiderte Flaschenetiketten anzubieten, die das Produktimage verbessern und die Wettbewerbsf\u00e4higkeit unserer Kunden steigern.<\/p>","protected":false},"featured_media":9290,"comment_status":"closed","ping_status":"closed","template":"","meta":[],"product_brand":[],"product_cat":[90,53],"product_tag":[],"class_list":{"0":"post-9338","1":"product","2":"type-product","3":"status-publish","4":"has-post-thumbnail","6":"product_cat-custom-bottle-label","7":"product_cat-packaging-film-supplier","9":"first","10":"instock","11":"shipping-taxable","12":"product-type-simple"},"_links":{"self":[{"href":"https:\/\/www.hyflexpack.com\/de\/wp-json\/wp\/v2\/product\/9338","targetHints":{"allow":["GET"]}}],"collection":[{"href":"https:\/\/www.hyflexpack.com\/de\/wp-json\/wp\/v2\/product"}],"about":[{"href":"https:\/\/www.hyflexpack.com\/de\/wp-json\/wp\/v2\/types\/product"}],"replies":[{"embeddable":true,"href":"https:\/\/www.hyflexpack.com\/de\/wp-json\/wp\/v2\/comments?post=9338"}],"wp:featuredmedia":[{"embeddable":true,"href":"https:\/\/www.hyflexpack.com\/de\/wp-json\/wp\/v2\/media\/9290"}],"wp:attachment":[{"href":"https:\/\/www.hyflexpack.com\/de\/wp-json\/wp\/v2\/media?parent=9338"}],"wp:term":[{"taxonomy":"product_brand","embeddable":true,"href":"https:\/\/www.hyflexpack.com\/de\/wp-json\/wp\/v2\/product_brand?post=9338"},{"taxonomy":"product_cat","embeddable":true,"href":"https:\/\/www.hyflexpack.com\/de\/wp-json\/wp\/v2\/product_cat?post=9338"},{"taxonomy":"product_tag","embeddable":true,"href":"https:\/\/www.hyflexpack.com\/de\/wp-json\/wp\/v2\/product_tag?post=9338"}],"curies":[{"name":"wp","href":"https:\/\/api.w.org\/{rel}","templated":true}]}}