{"id":9334,"date":"2026-02-26T03:03:41","date_gmt":"2026-02-26T03:03:41","guid":{"rendered":"https:\/\/www.hyflexpack.com\/?post_type=product&#038;p=9334"},"modified":"2026-02-26T03:03:56","modified_gmt":"2026-02-26T03:03:56","slug":"custom-printed-mpet-twist-film-bulk","status":"publish","type":"product","link":"https:\/\/www.hyflexpack.com\/de\/product\/custom-printed-mpet-twist-film-bulk\/","title":{"rendered":"Kundenspezifische MPET-Twist-Folie als Bulk, einlagige Verpackungsfolie als Lieferant"},"content":{"rendered":"<div class=\"wp-block-columns is-layout-flex wp-container-core-columns-is-layout-9d6595d7 wp-block-columns-is-layout-flex\">\n<div class=\"wp-block-column is-layout-flow wp-block-column-is-layout-flow\">\n<h2 class=\"wp-block-heading\">Hochwertige, individuell bedruckte MPET-Twistfolie Merkmale<\/h2>\n\n\n\n<ul class=\"wp-block-list\">\n<li>Unsere individuell bedruckte MPET-Drallfolie wird aus einlagigem metallisiertem PET hergestellt. Diese Twist-Folie bietet zuverl\u00e4ssigen Halt f\u00fcr den Twist und eine reibungslose Umh\u00fcllung f\u00fcr S\u00fc\u00dfigkeiten und S\u00fc\u00dfwarenverpackungen.<\/li>\n<\/ul>\n\n\n\n<ul class=\"wp-block-list\">\n<li>Unterst\u00fctzt individuell bedruckte MPET-Twistfolien mit klaren Grafiken und stabiler Farbwiedergabe, ideal f\u00fcr Markenverpackungen von S\u00fc\u00dfigkeiten und Werbedesigns.<\/li>\n<\/ul>\n\n\n\n<ul class=\"wp-block-list\">\n<li>Entwickelt f\u00fcr Drehverpackungsanwendungen, die Feuchtigkeitsbest\u00e4ndigkeit, Haltbarkeit und gleichbleibende Leistung bei S\u00fc\u00dfwarenverpackungen bieten.<\/li>\n<\/ul>\n<\/div>\n\n\n\n<div class=\"wp-block-column is-layout-flow wp-block-column-is-layout-flow\">\n<figure class=\"wp-block-image size-full\"><img fetchpriority=\"high\" decoding=\"async\" width=\"750\" height=\"750\" src=\"https:\/\/www.hyflexpack.com\/wp-content\/uploads\/2026\/02\/Custom-Printed-MPET-Twist-Film-Single-Layer-2.webp\" alt=\"Individuell bedruckte MPET-Twistfolie (einlagig)\" class=\"wp-image-9302\" srcset=\"https:\/\/www.hyflexpack.com\/wp-content\/uploads\/2026\/02\/Custom-Printed-MPET-Twist-Film-Single-Layer-2.webp 750w, https:\/\/www.hyflexpack.com\/wp-content\/uploads\/2026\/02\/Custom-Printed-MPET-Twist-Film-Single-Layer-2-300x300.webp 300w, https:\/\/www.hyflexpack.com\/wp-content\/uploads\/2026\/02\/Custom-Printed-MPET-Twist-Film-Single-Layer-2-150x150.webp 150w, https:\/\/www.hyflexpack.com\/wp-content\/uploads\/2026\/02\/Custom-Printed-MPET-Twist-Film-Single-Layer-2-12x12.webp 12w, https:\/\/www.hyflexpack.com\/wp-content\/uploads\/2026\/02\/Custom-Printed-MPET-Twist-Film-Single-Layer-2-285x285.webp 285w, https:\/\/www.hyflexpack.com\/wp-content\/uploads\/2026\/02\/Custom-Printed-MPET-Twist-Film-Single-Layer-2-270x270.webp 270w, https:\/\/www.hyflexpack.com\/wp-content\/uploads\/2026\/02\/Custom-Printed-MPET-Twist-Film-Single-Layer-2-540x540.webp 540w, https:\/\/www.hyflexpack.com\/wp-content\/uploads\/2026\/02\/Custom-Printed-MPET-Twist-Film-Single-Layer-2-660x660.webp 660w\" sizes=\"(max-width: 750px) 100vw, 750px\" \/><\/figure>\n<\/div>\n<\/div>","protected":false},"excerpt":{"rendered":"<p>Unsere individuell bedruckte MPET-Drallfolie ist eine hochleistungsf\u00e4hige, metallisierte PET-Verpackungsfolie, die f\u00fcr die Verpackung von S\u00fc\u00dfigkeiten und Konfekt mit Drall entwickelt wurde. Diese einschichtige MPET-Drallfolie bietet eine hervorragende Drehfestigkeit, ein hochgl\u00e4nzendes, metallisches Aussehen und effektive Feuchtigkeitsbarriereeigenschaften. Unsere kundenspezifischen Druckoptionen k\u00f6nnen Marken helfen, die Identit\u00e4t und die Attraktivit\u00e4t von Twist-Verpackungen zu verbessern. Setzen Sie sich noch heute mit uns in Verbindung und lassen Sie uns Ihre exklusive Lebensmittelverpackung individuell gestalten!<\/p>\n<h2>Vorteile des MPET-Twistfolienherstellers<\/h2>\n<ul>\n<li><strong>Individuelles Design:<\/strong> Wir bieten kundenspezifische Dienstleistungen, einschlie\u00dflich der Anpassung von Material, Gr\u00f6\u00dfe und Druckmustern an die Bed\u00fcrfnisse des Kunden, und unterst\u00fctzen OEM und ODM.<\/li>\n<li><strong>Herstellung:<\/strong> Dank fortschrittlicher Ausr\u00fcstung und Technologie sind wir in der Lage, Auftr\u00e4ge effizient und in hoher Qualit\u00e4t zu produzieren und p\u00fcnktlich zu liefern.<\/li>\n<li><strong>Qualit\u00e4tskontrolle:<\/strong> Die Produktion erfolgt unter strikter Einhaltung der Qualit\u00e4tsstandards und der Anforderungen an die Lebensmittelsicherheit, um sicherzustellen, dass die Produkte den Standards entsprechen.<\/li>\n<li><strong>Kundenservice:<\/strong> 24 Stunden, um eine schnelle Antwort und einen aufmerksamen Kundendienst zu bieten.<\/li>\n<li><strong>Kostenlose Probe:<\/strong> Wir bieten Ihnen einen kostenlosen Musterservice, damit Sie das Produkt bewerten k\u00f6nnen.<\/li>\n<\/ul>\n<p>Huiyang Packaging ist bestrebt, seinen Kunden qualitativ hochwertige, individuell bedruckte MPET-Twistfolien zu liefern, die ihnen helfen, ihr Produktimage zu verbessern und ihre Wettbewerbsf\u00e4higkeit auf dem Markt zu steigern.<\/p>","protected":false},"featured_media":9302,"comment_status":"closed","ping_status":"closed","template":"","meta":[],"product_brand":[],"product_cat":[89],"product_tag":[],"class_list":{"0":"post-9334","1":"product","2":"type-product","3":"status-publish","4":"has-post-thumbnail","6":"product_cat-custom-twist-film","8":"first","9":"instock","10":"shipping-taxable","11":"product-type-simple"},"_links":{"self":[{"href":"https:\/\/www.hyflexpack.com\/de\/wp-json\/wp\/v2\/product\/9334","targetHints":{"allow":["GET"]}}],"collection":[{"href":"https:\/\/www.hyflexpack.com\/de\/wp-json\/wp\/v2\/product"}],"about":[{"href":"https:\/\/www.hyflexpack.com\/de\/wp-json\/wp\/v2\/types\/product"}],"replies":[{"embeddable":true,"href":"https:\/\/www.hyflexpack.com\/de\/wp-json\/wp\/v2\/comments?post=9334"}],"wp:featuredmedia":[{"embeddable":true,"href":"https:\/\/www.hyflexpack.com\/de\/wp-json\/wp\/v2\/media\/9302"}],"wp:attachment":[{"href":"https:\/\/www.hyflexpack.com\/de\/wp-json\/wp\/v2\/media?parent=9334"}],"wp:term":[{"taxonomy":"product_brand","embeddable":true,"href":"https:\/\/www.hyflexpack.com\/de\/wp-json\/wp\/v2\/product_brand?post=9334"},{"taxonomy":"product_cat","embeddable":true,"href":"https:\/\/www.hyflexpack.com\/de\/wp-json\/wp\/v2\/product_cat?post=9334"},{"taxonomy":"product_tag","embeddable":true,"href":"https:\/\/www.hyflexpack.com\/de\/wp-json\/wp\/v2\/product_tag?post=9334"}],"curies":[{"name":"wp","href":"https:\/\/api.w.org\/{rel}","templated":true}]}}