{"id":9218,"date":"2026-02-05T08:56:02","date_gmt":"2026-02-05T08:56:02","guid":{"rendered":"https:\/\/www.hyflexpack.com\/?post_type=product&#038;p=9218"},"modified":"2026-02-05T09:12:05","modified_gmt":"2026-02-05T09:12:05","slug":"wholesale-vegetable-packaging-bag","status":"publish","type":"product","link":"https:\/\/www.hyflexpack.com\/de\/product\/wholesale-vegetable-packaging-bag\/","title":{"rendered":"Benutzerdefinierte Gro\u00dfhandel Gem\u00fcse Verpackung Taschen, Stand-up-Rei\u00dfverschluss Beutel mit perforierten L\u00fcftungs\u00f6ffnungen"},"content":{"rendered":"<div class=\"wp-block-columns is-layout-flex wp-container-core-columns-is-layout-9d6595d7 wp-block-columns-is-layout-flex\">\n<div class=\"wp-block-column is-layout-flow wp-block-column-is-layout-flow\">\n<h2 class=\"wp-block-heading\">Gro\u00dfhandel Gem\u00fcse Verpackung Taschen Merkmale<\/h2>\n\n\n\n<ul class=\"wp-block-list\">\n<li>Diese kundenspezifischen Gem\u00fcse- und Obstverpackungen k\u00f6nnen in Gr\u00f6\u00dfe, Material, Dicke und Logodruck flexibel angepasst werden, um den verschiedenen Anforderungen an Frischwarenverpackungen gerecht zu werden.<\/li>\n\n\n\n<li>Die Struktur der Stehbeutel mit Rei\u00dfverschluss gew\u00e4hrleistet eine hervorragende Pr\u00e4sentation im Regal, w\u00e4hrend der wiederverschlie\u00dfbare Rei\u00dfverschluss ein bequemes \u00d6ffnen und Schlie\u00dfen bei wiederholtem Gebrauch erm\u00f6glicht.<\/li>\n\n\n\n<li>Diese mit perforierten Bel\u00fcftungsl\u00f6chern versehenen Gem\u00fcse- und Obstverpackungsbeutel erm\u00f6glichen eine kontrollierte Luftzirkulation, um die Kondensation zu reduzieren und die Frische zu erhalten.<\/li>\n\n\n\n<li>Diese Standbodenbeutel mit Rei\u00dfverschluss sind ideal f\u00fcr die Verpackung von frischem Obst und Gem\u00fcse und verl\u00e4ngern die Haltbarkeit w\u00e4hrend des Transports, der Lagerung und der Auslage im Einzelhandel.<\/li>\n\n\n\n<li>Diese kundenspezifischen Gem\u00fcse- und Obstverpackungen aus robusten, lebensmittelechten Materialien gew\u00e4hrleisten Haltbarkeit, Sicherheit und optionale umweltfreundliche Verpackungsl\u00f6sungen.<\/li>\n<\/ul>\n<\/div>\n\n\n\n<div class=\"wp-block-column is-layout-flow wp-block-column-is-layout-flow\">\n<figure class=\"wp-block-image size-full\"><img fetchpriority=\"high\" decoding=\"async\" width=\"1024\" height=\"1024\" src=\"https:\/\/www.hyflexpack.com\/wp-content\/uploads\/2026\/02\/Custom-Fresh-Fruit-Vegetable-Bags-1-3.webp\" alt=\"Individuelle Taschen f\u00fcr frisches Obst und Gem\u00fcse\" class=\"wp-image-9187\" srcset=\"https:\/\/www.hyflexpack.com\/wp-content\/uploads\/2026\/02\/Custom-Fresh-Fruit-Vegetable-Bags-1-3.webp 1024w, https:\/\/www.hyflexpack.com\/wp-content\/uploads\/2026\/02\/Custom-Fresh-Fruit-Vegetable-Bags-1-3-300x300.webp 300w, https:\/\/www.hyflexpack.com\/wp-content\/uploads\/2026\/02\/Custom-Fresh-Fruit-Vegetable-Bags-1-3-150x150.webp 150w, https:\/\/www.hyflexpack.com\/wp-content\/uploads\/2026\/02\/Custom-Fresh-Fruit-Vegetable-Bags-1-3-768x768.webp 768w, https:\/\/www.hyflexpack.com\/wp-content\/uploads\/2026\/02\/Custom-Fresh-Fruit-Vegetable-Bags-1-3-12x12.webp 12w, https:\/\/www.hyflexpack.com\/wp-content\/uploads\/2026\/02\/Custom-Fresh-Fruit-Vegetable-Bags-1-3-285x285.webp 285w, https:\/\/www.hyflexpack.com\/wp-content\/uploads\/2026\/02\/Custom-Fresh-Fruit-Vegetable-Bags-1-3-270x270.webp 270w, https:\/\/www.hyflexpack.com\/wp-content\/uploads\/2026\/02\/Custom-Fresh-Fruit-Vegetable-Bags-1-3-540x540.webp 540w, https:\/\/www.hyflexpack.com\/wp-content\/uploads\/2026\/02\/Custom-Fresh-Fruit-Vegetable-Bags-1-3-660x660.webp 660w\" sizes=\"(max-width: 1024px) 100vw, 1024px\" \/><\/figure>\n<\/div>\n<\/div>","protected":false},"excerpt":{"rendered":"<p>Unsere ma\u00dfgefertigten Gem\u00fcseverpackungsbeutel sind als Standbodenbeutel mit Rei\u00dfverschluss und perforierten Bel\u00fcftungsl\u00f6chern konzipiert, um Frischwaren atmungsaktiv, sicher und einfach zu verwenden zu halten. Durch die Kombination von wiederverschlie\u00dfbarem Rei\u00dfverschluss, stabiler Standstruktur und kontrollierter Bel\u00fcftung bieten diese Beutel eine praktische und anpassbare L\u00f6sung f\u00fcr die Verpackung von Obst und Gem\u00fcse. Kontaktieren Sie uns noch heute f\u00fcr ein Angebot. Wir verpflichten uns, umweltfreundliche und qualitativ hochwertige Verpackungsl\u00f6sungen aus einer Hand zu liefern.<\/p>\n<h2>Vorteile von Verpackungsbeuteln f\u00fcr Gem\u00fcse im Gro\u00dfhandel<\/h2>\n<ul>\n<li><strong>Individuelles Design<\/strong>: Wir bieten kundenspezifische Verpackungsdienstleistungen an, einschlie\u00dflich der Anpassung von Material, Gr\u00f6\u00dfe und Druckmuster an die Bed\u00fcrfnisse des Kunden, und unterst\u00fctzen OEM und ODM.<\/li>\n<li><strong>Herstellung:<\/strong>\u00a0Dank fortschrittlicher Ausr\u00fcstung und Technologie sind wir in der Lage, Auftr\u00e4ge effizient und in hoher Qualit\u00e4t zu produzieren und p\u00fcnktlich zu liefern.<\/li>\n<li><strong>Qualit\u00e4tskontrolle:<\/strong> Die Produktion erfolgt unter strikter Einhaltung von Qualit\u00e4tsstandards und Anforderungen an die Lebensmittelsicherheit, um sicherzustellen, dass die Produkte diesen Standards entsprechen.<\/li>\n<li><strong>Kundenservice:<\/strong> Schnelle Antworten und durchdachte Unterst\u00fctzung 24 Stunden am Tag.<\/li>\n<li><strong>Kostenlose Probe<\/strong>: Wir bieten Ihnen einen kostenlosen Musterservice, damit Sie das Produkt bewerten k\u00f6nnen.<\/li>\n<\/ul>\n<p><a href=\"https:\/\/www.hyflexpack.com\/de\/\"><strong>Huiyang Verpackung<\/strong><\/a> hat es sich zur Aufgabe gemacht, seinen Kunden hochwertige Gro\u00dfhandelsverpackungen f\u00fcr Gem\u00fcse zu liefern, um ihnen zu helfen, ihr Produktimage zu verbessern und ihre Wettbewerbsf\u00e4higkeit auf dem Markt zu steigern.<\/p>","protected":false},"featured_media":9187,"comment_status":"closed","ping_status":"closed","template":"","meta":[],"product_brand":[],"product_cat":[106],"product_tag":[116,124],"class_list":{"0":"post-9218","1":"product","2":"type-product","3":"status-publish","4":"has-post-thumbnail","6":"product_cat-vegetable-packaging-bags-wholesale","7":"product_tag-stand-up-pouch-manufacturer","8":"product_tag-zipper-pouch-manufacturer","10":"first","11":"instock","12":"shipping-taxable","13":"product-type-simple"},"_links":{"self":[{"href":"https:\/\/www.hyflexpack.com\/de\/wp-json\/wp\/v2\/product\/9218","targetHints":{"allow":["GET"]}}],"collection":[{"href":"https:\/\/www.hyflexpack.com\/de\/wp-json\/wp\/v2\/product"}],"about":[{"href":"https:\/\/www.hyflexpack.com\/de\/wp-json\/wp\/v2\/types\/product"}],"replies":[{"embeddable":true,"href":"https:\/\/www.hyflexpack.com\/de\/wp-json\/wp\/v2\/comments?post=9218"}],"wp:featuredmedia":[{"embeddable":true,"href":"https:\/\/www.hyflexpack.com\/de\/wp-json\/wp\/v2\/media\/9187"}],"wp:attachment":[{"href":"https:\/\/www.hyflexpack.com\/de\/wp-json\/wp\/v2\/media?parent=9218"}],"wp:term":[{"taxonomy":"product_brand","embeddable":true,"href":"https:\/\/www.hyflexpack.com\/de\/wp-json\/wp\/v2\/product_brand?post=9218"},{"taxonomy":"product_cat","embeddable":true,"href":"https:\/\/www.hyflexpack.com\/de\/wp-json\/wp\/v2\/product_cat?post=9218"},{"taxonomy":"product_tag","embeddable":true,"href":"https:\/\/www.hyflexpack.com\/de\/wp-json\/wp\/v2\/product_tag?post=9218"}],"curies":[{"name":"wp","href":"https:\/\/api.w.org\/{rel}","templated":true}]}}