{"id":9065,"date":"2026-02-26T07:20:44","date_gmt":"2026-02-26T07:20:44","guid":{"rendered":"https:\/\/www.hyflexpack.com\/?post_type=product&#038;p=9065"},"modified":"2026-02-26T07:20:55","modified_gmt":"2026-02-26T07:20:55","slug":"oem-laundry-pod-packaging-bag","status":"publish","type":"product","link":"https:\/\/www.hyflexpack.com\/de\/product\/oem-laundry-pod-packaging-bag\/","title":{"rendered":"OEM W\u00e4sche Pod Verpackung Tasche Beutel Gro\u00dfhandel Stand Up Zipper Tasche Fabrik"},"content":{"rendered":"<div class=\"wp-block-columns is-layout-flex wp-container-core-columns-is-layout-9d6595d7 wp-block-columns-is-layout-flex\">\n<div class=\"wp-block-column is-layout-flow wp-block-column-is-layout-flow\">\n<h2 class=\"wp-block-heading\">Warum sollten Sie sich f\u00fcr unsere OEM-W\u00e4schepod-Verpackungstasche entscheiden Merkmale<\/h2>\n\n\n\n<ul class=\"wp-block-list\">\n<li>Speziell f\u00fcr W\u00e4schepads entwickelt, die eine sichere, stabile Verpackung f\u00fcr Transport und Lagerung bieten.<\/li>\n\n\n\n<li>Hergestellt aus Verbundwerkstoffen, die einen lebensmittelechten \/ alltagstauglichen Chemikalienschutz und eine hervorragende Barriereleistung gew\u00e4hrleisten.<\/li>\n\n\n\n<li>Stehende Ziplock-Beutel lassen sich leicht \u00f6ffnen und wieder verschlie\u00dfen, so dass die Frische erhalten bleibt und ein versehentliches Versch\u00fctten verhindert wird.<\/li>\n\n\n\n<li>Unterst\u00fctzt kundenspezifische Gr\u00f6\u00dfen, Aufdrucke, Verschlusstypen und Beutelformen und hilft Marken, unverwechselbare Verpackungsl\u00f6sungen zu entwickeln.<\/li>\n\n\n\n<li>Fabrikdirektlieferung mit niedrigem MOQ, schneller Produktion und stabiler Qualit\u00e4t, ideal f\u00fcr Gro\u00dfauftr\u00e4ge und Markenerweiterung.<\/li>\n<\/ul>\n<\/div>\n\n\n\n<div class=\"wp-block-column is-layout-flow wp-block-column-is-layout-flow\">\n<figure class=\"wp-block-image size-full\"><img fetchpriority=\"high\" decoding=\"async\" width=\"1000\" height=\"1000\" src=\"https:\/\/www.hyflexpack.com\/wp-content\/uploads\/2026\/01\/Laundry-Detergent-Pod-Packaging-Solutions-1.webp\" alt=\"Waschmittel-Pod-Verpackungsl\u00f6sungen \" class=\"wp-image-9057\" srcset=\"https:\/\/www.hyflexpack.com\/wp-content\/uploads\/2026\/01\/Laundry-Detergent-Pod-Packaging-Solutions-1.webp 1000w, https:\/\/www.hyflexpack.com\/wp-content\/uploads\/2026\/01\/Laundry-Detergent-Pod-Packaging-Solutions-1-300x300.webp 300w, https:\/\/www.hyflexpack.com\/wp-content\/uploads\/2026\/01\/Laundry-Detergent-Pod-Packaging-Solutions-1-150x150.webp 150w, https:\/\/www.hyflexpack.com\/wp-content\/uploads\/2026\/01\/Laundry-Detergent-Pod-Packaging-Solutions-1-768x768.webp 768w, https:\/\/www.hyflexpack.com\/wp-content\/uploads\/2026\/01\/Laundry-Detergent-Pod-Packaging-Solutions-1-12x12.webp 12w, https:\/\/www.hyflexpack.com\/wp-content\/uploads\/2026\/01\/Laundry-Detergent-Pod-Packaging-Solutions-1-285x285.webp 285w, https:\/\/www.hyflexpack.com\/wp-content\/uploads\/2026\/01\/Laundry-Detergent-Pod-Packaging-Solutions-1-270x270.webp 270w, https:\/\/www.hyflexpack.com\/wp-content\/uploads\/2026\/01\/Laundry-Detergent-Pod-Packaging-Solutions-1-540x540.webp 540w, https:\/\/www.hyflexpack.com\/wp-content\/uploads\/2026\/01\/Laundry-Detergent-Pod-Packaging-Solutions-1-660x660.webp 660w\" sizes=\"(max-width: 1000px) 100vw, 1000px\" \/><\/figure>\n<\/div>\n<\/div>\n\n\n\n<div class=\"wp-block-columns is-layout-flex wp-container-core-columns-is-layout-9d6595d7 wp-block-columns-is-layout-flex\">\n<div class=\"wp-block-column is-layout-flow wp-block-column-is-layout-flow\">\n<figure class=\"wp-block-image size-full\"><img decoding=\"async\" width=\"1000\" height=\"1000\" src=\"https:\/\/www.hyflexpack.com\/wp-content\/uploads\/2026\/01\/Laundry-Detergent-Pod-Packaging-Solutions-3.webp\" alt=\"Waschmittel-Pod-Verpackungsl\u00f6sungen\" class=\"wp-image-9059\" srcset=\"https:\/\/www.hyflexpack.com\/wp-content\/uploads\/2026\/01\/Laundry-Detergent-Pod-Packaging-Solutions-3.webp 1000w, https:\/\/www.hyflexpack.com\/wp-content\/uploads\/2026\/01\/Laundry-Detergent-Pod-Packaging-Solutions-3-300x300.webp 300w, https:\/\/www.hyflexpack.com\/wp-content\/uploads\/2026\/01\/Laundry-Detergent-Pod-Packaging-Solutions-3-150x150.webp 150w, https:\/\/www.hyflexpack.com\/wp-content\/uploads\/2026\/01\/Laundry-Detergent-Pod-Packaging-Solutions-3-768x768.webp 768w, https:\/\/www.hyflexpack.com\/wp-content\/uploads\/2026\/01\/Laundry-Detergent-Pod-Packaging-Solutions-3-12x12.webp 12w, https:\/\/www.hyflexpack.com\/wp-content\/uploads\/2026\/01\/Laundry-Detergent-Pod-Packaging-Solutions-3-285x285.webp 285w, https:\/\/www.hyflexpack.com\/wp-content\/uploads\/2026\/01\/Laundry-Detergent-Pod-Packaging-Solutions-3-270x270.webp 270w, https:\/\/www.hyflexpack.com\/wp-content\/uploads\/2026\/01\/Laundry-Detergent-Pod-Packaging-Solutions-3-540x540.webp 540w, https:\/\/www.hyflexpack.com\/wp-content\/uploads\/2026\/01\/Laundry-Detergent-Pod-Packaging-Solutions-3-660x660.webp 660w\" sizes=\"(max-width: 1000px) 100vw, 1000px\" \/><\/figure>\n<\/div>\n\n\n\n<div class=\"wp-block-column is-layout-flow wp-block-column-is-layout-flow\">\n<figure class=\"wp-block-image size-full\"><img decoding=\"async\" width=\"1000\" height=\"1000\" src=\"https:\/\/www.hyflexpack.com\/wp-content\/uploads\/2026\/01\/Laundry-Detergent-Pod-Packaging-Solutions-4.webp\" alt=\"Waschmittel-Pod-Verpackungsl\u00f6sungen\" class=\"wp-image-9060\" srcset=\"https:\/\/www.hyflexpack.com\/wp-content\/uploads\/2026\/01\/Laundry-Detergent-Pod-Packaging-Solutions-4.webp 1000w, https:\/\/www.hyflexpack.com\/wp-content\/uploads\/2026\/01\/Laundry-Detergent-Pod-Packaging-Solutions-4-300x300.webp 300w, https:\/\/www.hyflexpack.com\/wp-content\/uploads\/2026\/01\/Laundry-Detergent-Pod-Packaging-Solutions-4-150x150.webp 150w, https:\/\/www.hyflexpack.com\/wp-content\/uploads\/2026\/01\/Laundry-Detergent-Pod-Packaging-Solutions-4-768x768.webp 768w, https:\/\/www.hyflexpack.com\/wp-content\/uploads\/2026\/01\/Laundry-Detergent-Pod-Packaging-Solutions-4-12x12.webp 12w, https:\/\/www.hyflexpack.com\/wp-content\/uploads\/2026\/01\/Laundry-Detergent-Pod-Packaging-Solutions-4-285x285.webp 285w, https:\/\/www.hyflexpack.com\/wp-content\/uploads\/2026\/01\/Laundry-Detergent-Pod-Packaging-Solutions-4-270x270.webp 270w, https:\/\/www.hyflexpack.com\/wp-content\/uploads\/2026\/01\/Laundry-Detergent-Pod-Packaging-Solutions-4-540x540.webp 540w, https:\/\/www.hyflexpack.com\/wp-content\/uploads\/2026\/01\/Laundry-Detergent-Pod-Packaging-Solutions-4-660x660.webp 660w\" sizes=\"(max-width: 1000px) 100vw, 1000px\" \/><\/figure>\n<\/div>\n<\/div>","protected":false},"excerpt":{"rendered":"<p>Als professioneller Hersteller von OEM-Waschmittelverpackungsbeuteln liefern wir Gro\u00dfhandels-Rei\u00dfverschlussbeutel mit starker Versiegelung, Feuchtigkeitsbest\u00e4ndigkeit und individuellen Druckoptionen. Factory Direct Pricing, niedrige MOQ, kostenlose Proben und volle OEM \/ ODM-Unterst\u00fctzung f\u00fcr globale Waschmittelmarken.<\/p>\n<h2>Vorteile von OEM W\u00e4schepod Verpackung Tasche Lieferant<\/h2>\n<ul>\n<li><strong>Individuelles Design:<\/strong>\u00a0Wir bieten kundenspezifische Dienstleistungen, einschlie\u00dflich der Anpassung von Material, Gr\u00f6\u00dfe und Druckmustern an die Bed\u00fcrfnisse des Kunden, und unterst\u00fctzen OEM und ODM.<\/li>\n<li><strong>Herstellung:<\/strong>\u00a0Dank fortschrittlicher Ausr\u00fcstung und Technologie sind wir in der Lage, Auftr\u00e4ge effizient und in hoher Qualit\u00e4t zu produzieren und p\u00fcnktlich zu liefern.<\/li>\n<li><strong>Qualit\u00e4tsinspektion:<\/strong>\u00a0Die Produktion erfolgt unter strikter Einhaltung der Qualit\u00e4tsstandards und der Anforderungen an die Lebensmittelsicherheit, um sicherzustellen, dass die Produkte den Standards entsprechen.<\/li>\n<li><strong>Zertifizierung\uff1a<\/strong>\u00a0FDA\/BRC\/ISO 9001\/RoHS<\/li>\n<li><strong>Kundenservice:<\/strong>\u00a024 Stunden, um eine schnelle Antwort und einen aufmerksamen Kundendienst zu bieten.<\/li>\n<li><strong>Kostenlose Probe:<\/strong>\u00a0Wir bieten einen kostenlosen Musterservice an, um Ihnen die Beurteilung des Produkts zu erleichtern.<\/li>\n<li><strong class=\"skrollable skrollable-between\" data-start=\"895\" data-end=\"917\">Konkurrenzf\u00e4higer Preis:<\/strong>\u00a0Dank unserer gro\u00dfen Produktionskapazit\u00e4ten und unseres kosteneffizienten Managements k\u00f6nnen wir wettbewerbsf\u00e4hige Preise anbieten, ohne Kompromisse bei der Produktqualit\u00e4t einzugehen.<\/li>\n<\/ul>\n<p><a href=\"https:\/\/www.hyflexpack.com\/de\/\"><strong>Huiyang Verpackung<\/strong><\/a> ist bestrebt, seinen Kunden OEM-Verpackungsbeutel und -taschen f\u00fcr W\u00e4scheh\u00fclsen anzubieten, um ihnen zu helfen, ihr Produktimage zu verbessern und ihre Wettbewerbsf\u00e4higkeit auf dem Markt zu steigern.<\/p>","protected":false},"featured_media":9057,"comment_status":"closed","ping_status":"closed","template":"","meta":[],"product_brand":[],"product_cat":[52],"product_tag":[116,124],"class_list":{"0":"post-9065","1":"product","2":"type-product","3":"status-publish","4":"has-post-thumbnail","6":"product_cat-custom-daily-chemical-packaging","7":"product_tag-stand-up-pouch-manufacturer","8":"product_tag-zipper-pouch-manufacturer","10":"first","11":"instock","12":"shipping-taxable","13":"product-type-simple"},"_links":{"self":[{"href":"https:\/\/www.hyflexpack.com\/de\/wp-json\/wp\/v2\/product\/9065","targetHints":{"allow":["GET"]}}],"collection":[{"href":"https:\/\/www.hyflexpack.com\/de\/wp-json\/wp\/v2\/product"}],"about":[{"href":"https:\/\/www.hyflexpack.com\/de\/wp-json\/wp\/v2\/types\/product"}],"replies":[{"embeddable":true,"href":"https:\/\/www.hyflexpack.com\/de\/wp-json\/wp\/v2\/comments?post=9065"}],"wp:featuredmedia":[{"embeddable":true,"href":"https:\/\/www.hyflexpack.com\/de\/wp-json\/wp\/v2\/media\/9057"}],"wp:attachment":[{"href":"https:\/\/www.hyflexpack.com\/de\/wp-json\/wp\/v2\/media?parent=9065"}],"wp:term":[{"taxonomy":"product_brand","embeddable":true,"href":"https:\/\/www.hyflexpack.com\/de\/wp-json\/wp\/v2\/product_brand?post=9065"},{"taxonomy":"product_cat","embeddable":true,"href":"https:\/\/www.hyflexpack.com\/de\/wp-json\/wp\/v2\/product_cat?post=9065"},{"taxonomy":"product_tag","embeddable":true,"href":"https:\/\/www.hyflexpack.com\/de\/wp-json\/wp\/v2\/product_tag?post=9065"}],"curies":[{"name":"wp","href":"https:\/\/api.w.org\/{rel}","templated":true}]}}