{"id":9064,"date":"2026-02-26T03:55:04","date_gmt":"2026-02-26T03:55:04","guid":{"rendered":"https:\/\/www.hyflexpack.com\/?post_type=product&#038;p=9064"},"modified":"2026-02-26T03:55:09","modified_gmt":"2026-02-26T03:55:09","slug":"laundry-detergent-pod-packaging-bag-oem","status":"publish","type":"product","link":"https:\/\/www.hyflexpack.com\/de\/product\/laundry-detergent-pod-packaging-bag-oem\/","title":{"rendered":"Custom Laundry Detergent Pod Packaging Bag, Composite Stand Up Ziplock Pouches"},"content":{"rendered":"<div class=\"wp-block-columns is-layout-flex wp-container-core-columns-is-layout-9d6595d7 wp-block-columns-is-layout-flex\">\n<div class=\"wp-block-column is-layout-flow wp-block-column-is-layout-flow\">\n<h2 class=\"wp-block-heading\">Custom Laundry Detergent Pod Packaging Bag Features<\/h2>\n\n\n\n<ul class=\"wp-block-list\">\n<li>Engineered for laundry detergent pods, ensuring secure handling, easy dispensing, and product integrity during storage and transportation.<\/li>\n\n\n\n<li>Made with composite stand up ziplock pouches, offering excellent moisture, odor, and chemical resistance for long-lasting shelf life.<\/li>\n\n\n\n<li>Stand up ziplock closures allow repeated opening and resealing, keeping laundry pods protected from humidity and accidental spills.<\/li>\n\n\n\n<li>Supports custom sizes, materials, printing, and closure designs, helping brands create unique custom laundry detergent pod packaging bag.<\/li>\n\n\n\n<li>High-quality, factory-direct production with low MOQ options and fast turnaround, ideal for OEM and bulk orders.<\/li>\n<\/ul>\n<\/div>\n\n\n\n<div class=\"wp-block-column is-layout-flow wp-block-column-is-layout-flow\">\n<figure class=\"wp-block-image size-full\"><img fetchpriority=\"high\" decoding=\"async\" width=\"1000\" height=\"1000\" src=\"https:\/\/www.hyflexpack.com\/wp-content\/uploads\/2026\/01\/Custom-Laundry-Detergent-Pod-Packaging-1.webp\" alt=\"Custom Laundry Detergent Pod Packaging \" class=\"wp-image-9043\" srcset=\"https:\/\/www.hyflexpack.com\/wp-content\/uploads\/2026\/01\/Custom-Laundry-Detergent-Pod-Packaging-1.webp 1000w, https:\/\/www.hyflexpack.com\/wp-content\/uploads\/2026\/01\/Custom-Laundry-Detergent-Pod-Packaging-1-300x300.webp 300w, https:\/\/www.hyflexpack.com\/wp-content\/uploads\/2026\/01\/Custom-Laundry-Detergent-Pod-Packaging-1-150x150.webp 150w, https:\/\/www.hyflexpack.com\/wp-content\/uploads\/2026\/01\/Custom-Laundry-Detergent-Pod-Packaging-1-768x768.webp 768w, https:\/\/www.hyflexpack.com\/wp-content\/uploads\/2026\/01\/Custom-Laundry-Detergent-Pod-Packaging-1-12x12.webp 12w, https:\/\/www.hyflexpack.com\/wp-content\/uploads\/2026\/01\/Custom-Laundry-Detergent-Pod-Packaging-1-285x285.webp 285w, https:\/\/www.hyflexpack.com\/wp-content\/uploads\/2026\/01\/Custom-Laundry-Detergent-Pod-Packaging-1-270x270.webp 270w, https:\/\/www.hyflexpack.com\/wp-content\/uploads\/2026\/01\/Custom-Laundry-Detergent-Pod-Packaging-1-540x540.webp 540w, https:\/\/www.hyflexpack.com\/wp-content\/uploads\/2026\/01\/Custom-Laundry-Detergent-Pod-Packaging-1-660x660.webp 660w\" sizes=\"(max-width: 1000px) 100vw, 1000px\" \/><\/figure>\n<\/div>\n<\/div>","protected":false},"excerpt":{"rendered":"<p>Custom laundry detergent pod packaging bag using composite stand up ziplock pouches is designed for laundry pods and concentrated detergent products needing safe, moisture-resistant, and durable packaging. These stand up ziplock pouches for laundry detergent pods provide secure sealing, easy dispensing, and customizable printing and sizing, ideal for OEM, wholesale, and retail applications. Contact us today for a quote. We are committed to providing a one-stop, environmentally friendly, high-quality disinfectant packaging solution.<\/p>\n<h2>Advantages of Laundry Pod Packaging Bag Supplier<\/h2>\n<ul>\n<li><strong>Individuelles Design:<\/strong>\u00a0Wir bieten kundenspezifische Dienstleistungen, einschlie\u00dflich der Anpassung von Material, Gr\u00f6\u00dfe und Druckmustern an die Bed\u00fcrfnisse des Kunden, und unterst\u00fctzen OEM und ODM.<\/li>\n<li><strong>Herstellung:<\/strong>\u00a0Dank fortschrittlicher Ausr\u00fcstung und Technologie sind wir in der Lage, Auftr\u00e4ge effizient und in hoher Qualit\u00e4t zu produzieren und p\u00fcnktlich zu liefern.<\/li>\n<li><strong>Qualit\u00e4tsinspektion:<\/strong>\u00a0Die Produktion erfolgt unter strikter Einhaltung der Qualit\u00e4tsstandards und der Anforderungen an die Lebensmittelsicherheit, um sicherzustellen, dass die Produkte den Standards entsprechen.<\/li>\n<li><strong>Zertifizierung\uff1a<\/strong>\u00a0FDA\/BRC\/ISO 9001\/RoHS<\/li>\n<li><strong>Kundenservice:<\/strong>\u00a024 Stunden, um eine schnelle Antwort und einen aufmerksamen Kundendienst zu bieten.<\/li>\n<li><strong>Kostenlose Probe:<\/strong>\u00a0Wir bieten einen kostenlosen Musterservice an, um Ihnen die Beurteilung des Produkts zu erleichtern.<\/li>\n<li><strong class=\"skrollable skrollable-between\" data-start=\"895\" data-end=\"917\">Konkurrenzf\u00e4higer Preis:<\/strong>\u00a0Dank unserer gro\u00dfen Produktionskapazit\u00e4ten und unseres kosteneffizienten Managements k\u00f6nnen wir wettbewerbsf\u00e4hige Preise anbieten, ohne Kompromisse bei der Produktqualit\u00e4t einzugehen.<\/li>\n<\/ul>\n<p><a href=\"https:\/\/www.hyflexpack.com\/de\/\"><strong>Huiyang Verpackung<\/strong><\/a> is committed to providing customers with laundry detergent pod packaging bag &amp; pouch to help customers improve their product image and enhance their market competitiveness.<\/p>","protected":false},"featured_media":9043,"comment_status":"closed","ping_status":"closed","template":"","meta":[],"product_brand":[],"product_cat":[52],"product_tag":[116,124],"class_list":{"0":"post-9064","1":"product","2":"type-product","3":"status-publish","4":"has-post-thumbnail","6":"product_cat-custom-daily-chemical-packaging","7":"product_tag-stand-up-pouch-manufacturer","8":"product_tag-zipper-pouch-manufacturer","10":"first","11":"instock","12":"shipping-taxable","13":"product-type-simple"},"_links":{"self":[{"href":"https:\/\/www.hyflexpack.com\/de\/wp-json\/wp\/v2\/product\/9064","targetHints":{"allow":["GET"]}}],"collection":[{"href":"https:\/\/www.hyflexpack.com\/de\/wp-json\/wp\/v2\/product"}],"about":[{"href":"https:\/\/www.hyflexpack.com\/de\/wp-json\/wp\/v2\/types\/product"}],"replies":[{"embeddable":true,"href":"https:\/\/www.hyflexpack.com\/de\/wp-json\/wp\/v2\/comments?post=9064"}],"wp:featuredmedia":[{"embeddable":true,"href":"https:\/\/www.hyflexpack.com\/de\/wp-json\/wp\/v2\/media\/9043"}],"wp:attachment":[{"href":"https:\/\/www.hyflexpack.com\/de\/wp-json\/wp\/v2\/media?parent=9064"}],"wp:term":[{"taxonomy":"product_brand","embeddable":true,"href":"https:\/\/www.hyflexpack.com\/de\/wp-json\/wp\/v2\/product_brand?post=9064"},{"taxonomy":"product_cat","embeddable":true,"href":"https:\/\/www.hyflexpack.com\/de\/wp-json\/wp\/v2\/product_cat?post=9064"},{"taxonomy":"product_tag","embeddable":true,"href":"https:\/\/www.hyflexpack.com\/de\/wp-json\/wp\/v2\/product_tag?post=9064"}],"curies":[{"name":"wp","href":"https:\/\/api.w.org\/{rel}","templated":true}]}}